{"id":1975,"date":"2024-04-03T23:42:16","date_gmt":"2024-04-03T20:42:16","guid":{"rendered":"https:\/\/sisu.ut.ee\/ewod\/stories-et-230\/"},"modified":"2024-04-04T00:05:45","modified_gmt":"2024-04-03T21:05:45","slug":"stories","status":"publish","type":"page","link":"https:\/\/sisu.ut.ee\/ewod\/p\/pukk\/stories\/","title":{"rendered":"Holger Pukk &#8211; short stories"},"content":{"rendered":"<p><span style=\"font-size: medium\"><strong><span style=\"font-family: verdana, geneva\">Books<\/span><\/strong><\/span><\/p>\n<p><em><strong><span style=\"font-family: verdana, geneva\">Hungarian<\/span><\/strong><\/em><br><span style=\"font-family: verdana, geneva\">Rein es Riina. [Translation: Fehervari Gy\u00f6z\u00f6]. Budapest: M\u00f3ra Kiad\u00f3; Uzsgorod: K\u00e1rp\u00e1ti Kiad\u00f3, 1984, 149 pp. [Young adult story \u2018Rein ja Riina\u2019.]<\/span><\/p>\n<p><\/p>\n<p><span style=\"font-size: medium\"><strong><span style=\"font-family: verdana, geneva\">In anthologies and magazines<\/span><\/strong><\/span><\/p>\n<p><span style=\"font-family: verdana, geneva\"><strong><em>Mari (Meadow Mari)<br><\/em><\/strong>\u041f\u0443\u043a\u043a \u0425\u043e\u043b\u0433\u0435\u0440, <strong>\u0421\u0443\u0440\u0442\u0432\u043e\u0434\u044b\u0448<\/strong>. \u041b\u0430\u0439\u0434 \u0428\u0435\u043c\u044c\u0435\u0440 \u0441\u00e4\u0440\u0435\u043d. \u2013 \u0421\u0430\u043c\u0430\u043d, 5, 1992.<strong><em><br><\/em><\/strong><\/span><\/p>\n<p><span style=\"font-family: verdana, geneva\"><strong><em>Russian<\/em><\/strong><br>\u0425\u043e\u043b\u044c\u0433\u0435\u0440 \u041f\u0443\u043a\u043a, <strong>\u041f\u0430\u043b\u0430\u0442\u043a\u0430; \u041e\u0442\u0432\u0435\u0442; \u0422\u0438\u0439\u043d\u0430<\/strong>. \u2013 \u0412\u043e \u0438\u043c\u044f \u0434\u0440\u0443\u0436\u0431\u044b: A\u043d\u0442\u043e\u043b\u043e\u0433\u0438\u044f \u0441\u043e\u0432\u0440\u0435\u043c\u0435\u043d\u043d\u043e\u0439 \u0434\u0435\u0442\u0441\u043a\u043e\u0439 \u043f\u0440\u043e\u0437\u044b. \u0422\u043e\u043c 1-2. \u0421\u043e\u0441\u0442\u0430\u0432\u0438\u0442\u0435\u043b\u044c \u0410. \u042f\u0430\u043a\u0441\u043e\u043e. \u0422\u0430\u043b\u043b\u0438\u043d\u043d: \u042d\u044d\u0441\u0442\u0438 \u0440\u0430\u0430\u043c\u0430\u0442, 1975, 402+424 pp. [\u2018Telk\u2019, \u2018Vastus\u2019, \u2018Tiina\u2019. See <strong><a href=\"https:\/\/sisu.ut.ee\/ewod\/anthologies\/detskajaproza\">contents<\/a><\/strong> of the anthology.]<br><\/span><\/p>\n","protected":false},"excerpt":{"rendered":"<p>Books HungarianRein es Riina. [Translation: Fehervari Gy\u00f6z\u00f6]. Budapest: M\u00f3ra Kiad\u00f3; Uzsgorod: K\u00e1rp\u00e1ti Kiad\u00f3, 1984, 149 pp. [Young adult story \u2018Rein ja Riina\u2019.] In anthologies and magazines Mari (Meadow Mari)\u041f\u0443\u043a\u043a \u0425\u043e\u043b\u0433\u0435\u0440, \u0421\u0443\u0440\u0442\u0432\u043e\u0434\u044b\u0448. \u041b\u0430\u0439\u0434 \u0428\u0435\u043c\u044c\u0435\u0440 \u0441\u00e4\u0440\u0435\u043d. \u2013 \u0421\u0430\u043c\u0430\u043d, 5, 1992. Russian\u0425\u043e\u043b\u044c\u0433\u0435\u0440 \u041f\u0443\u043a\u043a, &#8230;<\/p>\n","protected":false},"author":43,"featured_media":0,"parent":1966,"menu_order":0,"comment_status":"closed","ping_status":"closed","template":"","meta":{"_acf_changed":false,"inline_featured_image":false,"footnotes":""},"class_list":["post-1975","page","type-page","status-publish","hentry"],"acf":[],"_links":{"self":[{"href":"https:\/\/sisu.ut.ee\/ewod\/wp-json\/wp\/v2\/pages\/1975","targetHints":{"allow":["GET"]}}],"collection":[{"href":"https:\/\/sisu.ut.ee\/ewod\/wp-json\/wp\/v2\/pages"}],"about":[{"href":"https:\/\/sisu.ut.ee\/ewod\/wp-json\/wp\/v2\/types\/page"}],"author":[{"embeddable":true,"href":"https:\/\/sisu.ut.ee\/ewod\/wp-json\/wp\/v2\/users\/43"}],"replies":[{"embeddable":true,"href":"https:\/\/sisu.ut.ee\/ewod\/wp-json\/wp\/v2\/comments?post=1975"}],"version-history":[{"count":1,"href":"https:\/\/sisu.ut.ee\/ewod\/wp-json\/wp\/v2\/pages\/1975\/revisions"}],"predecessor-version":[{"id":3108,"href":"https:\/\/sisu.ut.ee\/ewod\/wp-json\/wp\/v2\/pages\/1975\/revisions\/3108"}],"up":[{"embeddable":true,"href":"https:\/\/sisu.ut.ee\/ewod\/wp-json\/wp\/v2\/pages\/1966"}],"wp:attachment":[{"href":"https:\/\/sisu.ut.ee\/ewod\/wp-json\/wp\/v2\/media?parent=1975"}],"curies":[{"name":"wp","href":"https:\/\/api.w.org\/{rel}","templated":true}]}}