{"id":1969,"date":"2024-04-03T23:42:16","date_gmt":"2024-04-03T20:42:16","guid":{"rendered":"https:\/\/sisu.ut.ee\/ewod\/stories-et-229\/"},"modified":"2024-04-04T00:05:44","modified_gmt":"2024-04-03T21:05:44","slug":"stories","status":"publish","type":"page","link":"https:\/\/sisu.ut.ee\/ewod\/s\/schaper\/stories\/","title":{"rendered":"Edzard Schaper &#8211; short stories"},"content":{"rendered":"<p><strong><span style=\"font-family: verdana,geneva;font-size: medium\">Books<\/span><\/strong><\/p>\n<p><strong><em><span style=\"font-family: verdana,geneva\">German<\/span><\/em><\/strong><br><span style=\"font-family: verdana,geneva\"><strong>Die Arche, die Schiffbruch erlitt<\/strong>. Leipzig: Insel Verlag, 1935.<\/span><br><span style=\"font-family: verdana,geneva\"><strong>Das Lied der V\u00e4ter<\/strong>. Leipzig: Insel Verlag, 1937.<\/span><br><span style=\"font-family: verdana,geneva\"><strong>Die Heiligen Drei K\u00f6nige<\/strong>. Z\u00fcrich: Arche, 1945.<\/span><br><span style=\"font-family: verdana,geneva\"><strong>Semjon, der ausging, das Licht zu holen. Eine Weihnachtserz\u00e4hlung aus dem alten Estland<\/strong>. Basel: Reinhardt, 1947. (2nd ed: \u2018Stern \u00fcber der Grenze\u2019, K\u00f6ln: Hegner, 1950.<\/span><br><span style=\"font-family: verdana,geneva\"><strong>Der gro\u00dfe offenbare Tag. Die Erz\u00e4hlung eines Freundes<\/strong>. Olten: Summa, 1949. [2nd ed: Stuttgart: Reclam, 1972.]<\/span><br><span style=\"font-family: verdana,geneva\"><strong>Norwegische Reise<\/strong>. Z\u00fcrich: Arche, 1951.<\/span><br><span style=\"font-family: verdana,geneva\"><strong>Das Christkind aus den gro\u00dfen W\u00e4ldern. Mit 10 Zeichnungen von Richard Seewald<\/strong>. K\u00f6ln: Hegner, 1954. [2nd ed: Z\u00fcrich: Artemis &amp; Winkler, 1998.]<\/span><br><span style=\"font-family: verdana,geneva\"><strong>Nikodemus<\/strong>. Z\u00fcrich: Arche, 1952.<\/span><br><span style=\"font-family: verdana,geneva\"><strong>Hinter den Linien<\/strong>. Erz\u00e4hlungen. K\u00f6ln: Hegner, 1952.<\/span><br><span style=\"font-family: verdana,geneva\"><strong>Der Mantel der Barmherzigkeit<\/strong>. K\u00f6ln: Hegner, 1953.<\/span><br><span style=\"font-family: verdana,geneva\"><strong>Um die neunte Stunde oder Nikodemus und Simon<\/strong>. K\u00f6ln: Hegner, 1953.<\/span><br><span style=\"font-family: verdana,geneva\"><strong>Das Wiedersehen und Der gekreuzigte Diakon<\/strong>. K\u00f6ln: Hegner, 1957.<\/span><br><span style=\"font-family: verdana,geneva\"><strong>Unschuld der S\u00fcnde<\/strong>. Frankfurt am Main: Fischer, 1957.<\/span><br><span style=\"font-family: verdana,geneva\"><strong>Die Eidgenossen des Sommers. Die Nachfahren Petri. Zwei Erz\u00e4hlungen<\/strong>. K\u00f6ln: Hegner, 1958.<\/span><br><span style=\"font-family: verdana,geneva\"><strong>Die Geisterbahn<\/strong>. K\u00f6ln: Hegner, 1959. [2nd ed: M\u00fcnchen: Taschenbuch, 1968.]<\/span><br><span style=\"font-family: verdana,geneva\"><strong>Die S\u00f6hne Hiobs<\/strong>. K\u00f6ln: Hegner, 1962.<\/span><br><span style=\"font-family: verdana,geneva\"><strong>Dragonergeschichte<\/strong>. Novelle. K\u00f6ln: Hegner, 1963.<br><strong>Gesammelte Erz\u00e4hlungen<\/strong>. <span style=\"font-family: verdana,geneva\">K\u00f6ln<\/span>: Hegner, 1965. [2nd ed: <span class=\"remove-if-empty\">Luzern: Schweizer Volks-Buchgemeinde, 1968; 3rd, expanded ed: \u2018Geschichten aus vielen Leben. S\u00e4mtliche Erz\u00e4hlungen\u2019, <span style=\"font-family: verdana,geneva\"><span class=\"remove-if-empty\">Z\u00fcrich<\/span><\/span>: Artemis, 1977.]<\/span><\/span><br><span style=\"font-family: verdana,geneva\"><strong>Schattengericht<\/strong>. Vier neue Erz\u00e4hlungen. K\u00f6ln: Hegner, 1967.<\/span><br><span style=\"font-family: verdana,geneva\"><strong>Schicksale und Abenteuer. Geschichten aus vielen Leben. Zehn neue Erz\u00e4hlungen<\/strong>. K\u00f6ln, Hegner, 1968.<\/span><br><span style=\"font-family: verdana,geneva\"><strong>Die Heimat der Verbannten<\/strong>. K\u00f6ln: Hegner, 1968.<\/span><\/p>\n","protected":false},"excerpt":{"rendered":"<p>Books GermanDie Arche, die Schiffbruch erlitt. Leipzig: Insel Verlag, 1935.Das Lied der V\u00e4ter. Leipzig: Insel Verlag, 1937.Die Heiligen Drei K\u00f6nige. Z\u00fcrich: Arche, 1945.Semjon, der ausging, das Licht zu holen. Eine Weihnachtserz\u00e4hlung aus dem alten Estland. Basel: Reinhardt, 1947. (2nd ed: &#8230;<\/p>\n","protected":false},"author":43,"featured_media":0,"parent":1943,"menu_order":0,"comment_status":"closed","ping_status":"closed","template":"","meta":{"_acf_changed":false,"inline_featured_image":false,"footnotes":""},"class_list":["post-1969","page","type-page","status-publish","hentry"],"acf":[],"_links":{"self":[{"href":"https:\/\/sisu.ut.ee\/ewod\/wp-json\/wp\/v2\/pages\/1969","targetHints":{"allow":["GET"]}}],"collection":[{"href":"https:\/\/sisu.ut.ee\/ewod\/wp-json\/wp\/v2\/pages"}],"about":[{"href":"https:\/\/sisu.ut.ee\/ewod\/wp-json\/wp\/v2\/types\/page"}],"author":[{"embeddable":true,"href":"https:\/\/sisu.ut.ee\/ewod\/wp-json\/wp\/v2\/users\/43"}],"replies":[{"embeddable":true,"href":"https:\/\/sisu.ut.ee\/ewod\/wp-json\/wp\/v2\/comments?post=1969"}],"version-history":[{"count":1,"href":"https:\/\/sisu.ut.ee\/ewod\/wp-json\/wp\/v2\/pages\/1969\/revisions"}],"predecessor-version":[{"id":3102,"href":"https:\/\/sisu.ut.ee\/ewod\/wp-json\/wp\/v2\/pages\/1969\/revisions\/3102"}],"up":[{"embeddable":true,"href":"https:\/\/sisu.ut.ee\/ewod\/wp-json\/wp\/v2\/pages\/1943"}],"wp:attachment":[{"href":"https:\/\/sisu.ut.ee\/ewod\/wp-json\/wp\/v2\/media?parent=1969"}],"curies":[{"name":"wp","href":"https:\/\/api.w.org\/{rel}","templated":true}]}}