{"id":1967,"date":"2024-04-03T23:42:15","date_gmt":"2024-04-03T20:42:15","guid":{"rendered":"https:\/\/sisu.ut.ee\/ewod\/sergo\/"},"modified":"2024-04-04T00:05:47","modified_gmt":"2024-04-03T21:05:47","slug":"sergo","status":"publish","type":"page","link":"https:\/\/sisu.ut.ee\/ewod\/s\/sergo\/","title":{"rendered":"Herman Sergo"},"content":{"rendered":"<p>\n\t<a href=\"https:\/\/sisu.ut.ee\/ewod\/s\/sergo\/novels\"><strong><span style=\"font-size: medium;font-family: verdana, geneva\">Novels <\/span><\/strong><\/a><a href=\"https:\/\/sisu.ut.ee\/wp-content\/uploads\/sites\/108\/herman_sergo.jpg\" target=\"_self\" rel=\"noopener\"><img decoding=\"async\" alt=\"Herman Sergo\" src=\"https:\/\/sisu.ut.ee\/wp-content\/uploads\/sites\/108\/herman_sergo.jpg\" style=\"float: right;width: 200px;height: 309px\"><\/a>\n<\/p>\n<p>\n\t<a href=\"https:\/\/sisu.ut.ee\/ewod\/s\/sergo\/stories\"><strong><span style=\"font-size: medium;font-family: verdana, geneva\">Short stories<\/span><\/strong><\/a>\n<\/p>\n<p>\n\t<a href=\"https:\/\/sisu.ut.ee\/ewod\/s\/sergo\/about\"><strong><span style=\"font-size: medium;font-family: verdana, geneva\">About Herman Sergo<\/span><\/strong><\/a>\n<\/p>\n<p><span style=\"font-size:13px\"><span style=\"font-family:Verdana,Geneva,sans-serif\">Herman Sergo (1. X 1911 \u2013 28. IX 1989) was a prose-writer who described the life of seafarers and coastal dwellers.<\/span><\/span>\n<\/p>\n<p>\n\t<span style=\"font-size:13px\"><span style=\"font-family:Verdana,Geneva,sans-serif\">Sergo was born in the village of Jausa in K\u00e4ina parish on Hiiumaa, the son of a seaman. He acquired is primary education on Hiiumaa. During his school holidays he worked as a cabin-boy, and later, until 1932 served as a sailor on Finnish and Swedish long-distance vessels. From 1933 to 1941 he studied at Tallinn maritime college, where he graduated with the rank of sea-captain. He worked as a first mate and captain. In 1940 Soviet warships seized a merchant ship captained by Sergo on its way from Tallinn to Stockholm. For this reason Sergo remained in Estonia when it was annexed by the Soviet Union. During the Second World War he took part in the evacuation of the Red Army fleet; later he was a military interpreter on the Karelian front. Sergo worked in maritime positions until 1955, and thereafter was a professional writer. He lived in Tallinn and Viljandi. From 1961 he was a member of the Writers\u2019 Union.<\/span><\/span>\n<\/p>\n<p>\n\t<span style=\"font-size:13px\"><span style=\"font-family:Verdana,Geneva,sans-serif\">Sergo made his debut with humorous stories in the seamen\u2019s journal <em>Merendus ja Laevandus<\/em> in 1940. In the nineteen-fifties he won prizes in the journal <em>Looming<\/em>\u2019s short story competitions. He has said that since he could no longer go to sea while living in the Soviet Union, he started to live out his seaman\u2019s profession by writing. In addition to the life of seamen, the main theme of his works was the Hiiumaa of olden times. Autobiographical and historical material predominates in Sergo\u2019s novels and short story collections. His narrative style is fluent and gripping.<\/span><\/span>\n<\/p>\n<p>\n\t<span style=\"font-size:13px\"><span style=\"font-family:Verdana,Geneva,sans-serif\">Regarded as Sergo\u2019s major work is the historical trilogy of novels <em>N\u00e4kimadalad<\/em> (\u2018Mermaid Shallows\u2019, 1984) about the life of the Swedes of Reigi on Hiiumaa in the 18th century. The novel <em>R\u00e4ndr\u00f6\u00f6vel<\/em> (\u2018The Pirate\u2019, 1988) follows some of the narrative of this trilogy. A 4-part mini-series of <em>N\u00e4kimadalad<\/em> was made by Estonian Television in 1978-1988 (directed by Olav Neuland).<\/span><\/span>\n<\/p>\n<p>\n\t<span style=\"font-size:13px\"><span style=\"font-family:Verdana,Geneva,sans-serif\"><em>L. P. (Translated by C. M.)<\/em><\/span><\/span>\n<\/p>\n<p><strong><span style=\"font-size:16px\"><span style=\"font-family:Verdana,Geneva,sans-serif\">Books in Estonian<\/span><\/span><\/strong>\n<\/p>\n<p>\n\t<span style=\"font-size:13px\"><span style=\"font-family:Verdana,Geneva,sans-serif\"><strong><em>Novels<\/em><\/strong><br><strong>P\u00f5genike laev<\/strong>. Tallinn: Eesti Raamat, 1966. 328 lk.<br><strong>Vihavald<\/strong>. Tallinn: Eesti Raamat, 1970. 436 lk.<br><strong>Kodusadam<\/strong>. Tallinn: Eesti Raamat, 1982. 128 lk.<br><strong>N\u00e4kimadalad. 1. raamat<\/strong>. Tallinn: Eesti Raamat, 1984. 256 lk.<br><strong>N\u00e4kimadalad. 2. raamat<\/strong>. Tallinn: Eesti Raamat, 1984. 240 lk.<br><strong>N\u00e4kimadalad. 3. raamat<\/strong>. Tallinn: Eesti Raamat, 1984. 303 lk.<br><strong>Randr\u00f6\u00f6vel<\/strong>. Tallinn: Eesti Raamat, 1988. 377 lk.<br><strong>Rukkirahu<\/strong>. Tallinn: Eesti Raamat, 1990. 123 lk.<br><strong>Viis aastat v\u00f5\u00f5ra nime all<\/strong>. Tallinn: Eesti Raamat, 1992. 156 lk.<\/span><\/span>\n<\/p>\n<p>\n\t<span style=\"font-size:13px\"><span style=\"font-family:Verdana,Geneva,sans-serif\"><strong><em>Stories<\/em><\/strong><br><strong>Meri kutsub<\/strong>. Tallinn: Eesti Riiklik Kirjastus, 1960. 596 lk.<br><strong>Ahvatlev leetseljak<\/strong>. Tallinn: Eesti Riiklik Kirjastus, 1962. 64 lk.<br><strong>\u201cKajakalaid\u201d<\/strong>. Tallinn: Eesti Riiklik Kirjastus, 1963. 224 lk.<br><strong>Mehed mere taustal<\/strong>. Tallinn: Eesti Riiklik Kirjastus, 1963. 144 lk.<br><strong>Kauge tule kuma<\/strong>. Tallinn: Eesti Raamat, 1975. 142 lk.<\/span><\/span>\n<\/p>\n<p>\n\t<span style=\"font-size:13px\"><span style=\"font-family:Verdana,Geneva,sans-serif\"><strong><em>Short prose<\/em><\/strong><br><strong>Pinnavirvendus ja p\u00f5hjalained<\/strong>: jutustusi ja olukirjeldusi. Tallinn: Eesti Riiklik Kirjastus, 1962. 248 lk.<br><strong>Lootsitoa jutud<\/strong>. Tallinn: Eesti Raamat, 1967. 244 lk.<br><strong>Kui ma alles noor veel olin<\/strong>: jutustused. Tallinn: Eesti Raamat, 1980. 245 lk.<\/span><\/span><\/p>\n","protected":false},"excerpt":{"rendered":"<p>Novels Short stories About Herman Sergo Herman Sergo (1. X 1911 \u2013 28. IX 1989) was a prose-writer who described the life of seafarers and coastal dwellers. Sergo was born in the village of Jausa in K\u00e4ina parish on Hiiumaa, &#8230;<\/p>\n","protected":false},"author":43,"featured_media":0,"parent":697,"menu_order":0,"comment_status":"closed","ping_status":"closed","template":"","meta":{"_acf_changed":false,"inline_featured_image":false,"footnotes":""},"class_list":["post-1967","page","type-page","status-publish","hentry"],"acf":[],"_links":{"self":[{"href":"https:\/\/sisu.ut.ee\/ewod\/wp-json\/wp\/v2\/pages\/1967","targetHints":{"allow":["GET"]}}],"collection":[{"href":"https:\/\/sisu.ut.ee\/ewod\/wp-json\/wp\/v2\/pages"}],"about":[{"href":"https:\/\/sisu.ut.ee\/ewod\/wp-json\/wp\/v2\/types\/page"}],"author":[{"embeddable":true,"href":"https:\/\/sisu.ut.ee\/ewod\/wp-json\/wp\/v2\/users\/43"}],"replies":[{"embeddable":true,"href":"https:\/\/sisu.ut.ee\/ewod\/wp-json\/wp\/v2\/comments?post=1967"}],"version-history":[{"count":1,"href":"https:\/\/sisu.ut.ee\/ewod\/wp-json\/wp\/v2\/pages\/1967\/revisions"}],"predecessor-version":[{"id":3118,"href":"https:\/\/sisu.ut.ee\/ewod\/wp-json\/wp\/v2\/pages\/1967\/revisions\/3118"}],"up":[{"embeddable":true,"href":"https:\/\/sisu.ut.ee\/ewod\/wp-json\/wp\/v2\/pages\/697"}],"wp:attachment":[{"href":"https:\/\/sisu.ut.ee\/ewod\/wp-json\/wp\/v2\/media?parent=1967"}],"curies":[{"name":"wp","href":"https:\/\/api.w.org\/{rel}","templated":true}]}}