{"id":1965,"date":"2024-04-03T23:42:15","date_gmt":"2024-04-03T20:42:15","guid":{"rendered":"https:\/\/sisu.ut.ee\/ewod\/poems-et-280\/"},"modified":"2024-04-04T00:05:46","modified_gmt":"2024-04-03T21:05:46","slug":"poems","status":"publish","type":"page","link":"https:\/\/sisu.ut.ee\/ewod\/v\/viirlaid\/poems\/","title":{"rendered":"Arved Viirlaid &#8211; poems"},"content":{"rendered":"<p><strong><span style=\"font-family: verdana, geneva;font-size: medium\">Books<\/span><\/strong><\/p>\n<p><span style=\"font-family: verdana, geneva\"><strong><em>English<\/em><br>Selected Poems<\/strong>. Translated by\u00a0<span style=\"font-size: small\">T.E. Moks and R.W. Stedingh. <span>Vancouver:\u00a0<\/span>Lyre Press, 2001. 194 pp.<\/span><\/span><\/p>\n<p><\/p>\n<p><span style=\"font-size: medium\"><strong><span style=\"font-family: verdana, geneva\">In\u00a0compilations, anthologies, magazines<\/span><\/strong><\/span><\/p>\n<p><span style=\"font-family: verdana, geneva\"><span style=\"font-family: verdana, geneva\"><strong><strong><em>English<\/em><\/strong><br><strong><strong>Poetry by Arved Viirlaid. <span>\u00a0<\/span><\/strong><\/strong><\/strong>Translated by T.E. Moks and R.W. Stedingh. \u2013\u00a0Estonian Literary Magazine, no 14, 2002.<strong><strong><strong><br>Anthology of Modern Estonian Poetry<\/strong><\/strong><\/strong>. Compiled and translated by W. K. Matthews. Gainesville: University of Florida Press, 1953, 161 pp. [Poems by Juhan Liiv, A. Haava, H. Visnapuu, H. Adamson, M. Under, H. Talvik, B. Alver, U. Masing, J. L\u00f5o, H. Esko, K. Ahven, R. Kolk, R. Veer, P. Krusten, K. Ristikivi, K. Lepik, I. Gr\u00fcnthal, E. Enno, G. Suits, K. Merilaas, J. Oks, V. Ridala, A. Adson, J. S\u00fctiste, B. Kangro, A. Sang, A. Viirlaid.]<strong><strong><br>Estonian poetry I<\/strong><\/strong>. Translated by E. Howard Harris; edited by Karl Eerme; preface by August Torma.\u00a0London: Estonian National Fond in Great Britain, 1950, 37 pp. [Poems by\u00a0Lydia Koidula, Karl Eduard S\u00f6\u00f6t, Juhan Liiv, Anna Haava, Ernst Enno, Gustav Suits, Marie Under, Henrik Visnapuu, Heiti Talvik, Betti Alver, Bernard Kangro, August Sang, Arved Viirlaid.]<\/span><\/span><\/p>\n","protected":false},"excerpt":{"rendered":"<p>Books EnglishSelected Poems. Translated by\u00a0T.E. Moks and R.W. Stedingh. Vancouver:\u00a0Lyre Press, 2001. 194 pp. In\u00a0compilations, anthologies, magazines EnglishPoetry by Arved Viirlaid. \u00a0Translated by T.E. Moks and R.W. Stedingh. \u2013\u00a0Estonian Literary Magazine, no 14, 2002.Anthology of Modern Estonian Poetry. Compiled and &#8230;<\/p>\n","protected":false},"author":43,"featured_media":0,"parent":1947,"menu_order":0,"comment_status":"closed","ping_status":"closed","template":"","meta":{"_acf_changed":false,"inline_featured_image":false,"footnotes":""},"class_list":["post-1965","page","type-page","status-publish","hentry"],"acf":[],"_links":{"self":[{"href":"https:\/\/sisu.ut.ee\/ewod\/wp-json\/wp\/v2\/pages\/1965","targetHints":{"allow":["GET"]}}],"collection":[{"href":"https:\/\/sisu.ut.ee\/ewod\/wp-json\/wp\/v2\/pages"}],"about":[{"href":"https:\/\/sisu.ut.ee\/ewod\/wp-json\/wp\/v2\/types\/page"}],"author":[{"embeddable":true,"href":"https:\/\/sisu.ut.ee\/ewod\/wp-json\/wp\/v2\/users\/43"}],"replies":[{"embeddable":true,"href":"https:\/\/sisu.ut.ee\/ewod\/wp-json\/wp\/v2\/comments?post=1965"}],"version-history":[{"count":1,"href":"https:\/\/sisu.ut.ee\/ewod\/wp-json\/wp\/v2\/pages\/1965\/revisions"}],"predecessor-version":[{"id":3116,"href":"https:\/\/sisu.ut.ee\/ewod\/wp-json\/wp\/v2\/pages\/1965\/revisions\/3116"}],"up":[{"embeddable":true,"href":"https:\/\/sisu.ut.ee\/ewod\/wp-json\/wp\/v2\/pages\/1947"}],"wp:attachment":[{"href":"https:\/\/sisu.ut.ee\/ewod\/wp-json\/wp\/v2\/media?parent=1965"}],"curies":[{"name":"wp","href":"https:\/\/api.w.org\/{rel}","templated":true}]}}