{"id":1959,"date":"2024-04-03T23:42:14","date_gmt":"2024-04-03T20:42:14","guid":{"rendered":"https:\/\/sisu.ut.ee\/ewod\/stories-et-227\/"},"modified":"2024-04-04T00:05:48","modified_gmt":"2024-04-03T21:05:48","slug":"stories","status":"publish","type":"page","link":"https:\/\/sisu.ut.ee\/ewod\/s\/saaber\/stories\/","title":{"rendered":"Kalju Saaber &#8211; short stories"},"content":{"rendered":"<p><span style=\"font-family: verdana, geneva\"><strong><span style=\"font-size: medium\">In anthologies and magazines<\/span><\/strong><\/span><\/p>\n<p><span style=\"font-family: verdana, geneva\"><span style=\"font-size: small\"><strong><em><span style=\"font-size: small\">Hungarian<\/span><\/em><\/strong><span style=\"font-size: small\"><br><\/span><\/span><span style=\"font-size: small\"><span style=\"font-size: small\"><span style=\"font-size: small\"><strong>A plafonig \u00e9r\u0151 ikrek<\/strong>. Ford. Sz\u00e9pe Borb\u00e1la.<\/span>\u00a0\u2013\u00a0A sz\u00e9l\u0151rl\u0151: \u00e9szt elbesz\u00e9l\u0151k. V\u00e1logatta \u00e9s az \u00e9letrajzi jegyzeteket \u00edrta Feh\u00e9rv\u00e1ri Gy\u0151z\u0151; ford\u00edtotta \u00c1rvay J\u00e1nos et al. Budapest: Eur\u00f3pa, 1981, 613 pp.\u00a0[<span style=\"font-size: small\">\u00a0\u2018Kaksikud lae all\u2019.<\/span>\u00a0See\u00a0<strong><a href=\"https:\/\/sisu.ut.ee\/ewod\/anthologies\/aszelorlocontents\">contents\u00a0of the anthology<\/a><\/strong>.]<\/span><\/span><strong><span style=\"font-size: small\"><br><\/span><\/strong><\/span><\/p>\n<p><span style=\"font-family: verdana, geneva\"><span style=\"font-size: small\"><span style=\"font-size: small\"><strong><em>Russian<\/em><\/strong><br>\u041a\u0430\u043b\u044c\u044e \u0421\u0430\u0430\u0431\u0435\u0440, <strong>\u041f\u0435\u0440\u0435\u043b\u043e\u043c\u043d\u044b\u0439 \u0432\u043e\u0437\u0440\u0430\u0441\u0442\u044c<\/strong>. \u2013 \u042d\u0441\u0442\u043e\u043d\u0441\u043a\u0430\u044f \u043c\u043e\u043b\u043e\u0434\u0430\u044f \u043f\u0440\u043e\u0437\u0430. \u0421\u043e\u0441\u0442\u0430\u0432\u0438\u0442\u0435\u043b\u0438 \u042d. \u041c\u0430\u043b\u043b\u0435\u043d\u0435 \u0438 \u0420. \u0421\u0430\u043b\u0443\u0440\u0438. \u0422\u0430\u043b\u043b\u0438\u043d\u043d: \u042d\u044d\u0441\u0442\u0438 \u0440\u0430\u0430\u043c\u0430\u0442, 1978, 349 pp. [\u2019Murdeiga\u2019. See <strong><a href=\"https:\/\/sisu.ut.ee\/ewod\/anthologies\/molodajaproza\">contents<\/a><\/strong> of the anthology.]<br>\u041a. \u0421\u0430\u0430\u0431\u0435\u0440, <strong>\u0411\u043b\u0438\u0437\u043d\u0435\u0446\u044b-\u043f\u043e\u0434-\u043f\u043e\u0442\u043e\u043b\u043a\u043e\u043c<\/strong>. \u2013 \u042d\u0441\u0442\u043e\u043d\u0441\u043a\u0430\u044f \u0441\u043e\u0432\u0435\u0442\u0441\u043a\u0430\u044f \u043d\u043e\u0432\u0435\u043b\u043b\u0430. \u0421\u043e\u0441\u0442\u0430\u0432\u0438\u0442\u0435\u043b\u044c \u0425. \u041f\u0443\u0445\u0432\u0435\u043b\u044c; [\u0440\u0435\u0434\u043a\u043e\u043b\u043b\u0435\u0433\u0438\u044f: \u0412. \u0413\u0440\u043e\u0441\u0441 \u2026 \u0438 \u0434\u0440.]. \u0422\u0430\u043b\u043b\u0438\u043d\u043d: \u042d\u044d\u0441\u0442\u0438 \u0440\u0430\u0430\u043c\u0430\u0442, 1977, 599 pp. [\u2019Kaksikud lae all\u2019. See <strong><a href=\"https:\/\/sisu.ut.ee\/ewod\/anthologies\/puhvelrussian\">contents<\/a><\/strong> of the anthology.]<br>\u041a\u0430\u043b\u044c\u044e \u0421\u0430\u0430\u0431\u0435\u0440, <strong>\u0423\u0442\u044e\u0433<\/strong>. \u2013 \u0412\u043e \u0438\u043c\u044f \u0434\u0440\u0443\u0436\u0431\u044b: A\u043d\u0442\u043e\u043b\u043e\u0433\u0438\u044f \u0441\u043e\u0432\u0440\u0435\u043c\u0435\u043d\u043d\u043e\u0439 \u0434\u0435\u0442\u0441\u043a\u043e\u0439 \u043f\u0440\u043e\u0437\u044b. \u0422\u043e\u043c 1-2. \u0421\u043e\u0441\u0442\u0430\u0432\u0438\u0442\u0435\u043b\u044c \u0410. \u042f\u0430\u043a\u0441\u043e\u043e. \u0422\u0430\u043b\u043b\u0438\u043d\u043d: \u042d\u044d\u0441\u0442\u0438 \u0440\u0430\u0430\u043c\u0430\u0442, 1975, 402+424 pp. [See <strong><a href=\"https:\/\/sisu.ut.ee\/ewod\/anthologies\/detskajaproza\">contents<\/a><\/strong> of the anthology.]<br><\/span><\/span><\/span><\/p>\n","protected":false},"excerpt":{"rendered":"<p>In anthologies and magazines HungarianA plafonig \u00e9r\u0151 ikrek. Ford. Sz\u00e9pe Borb\u00e1la.\u00a0\u2013\u00a0A sz\u00e9l\u0151rl\u0151: \u00e9szt elbesz\u00e9l\u0151k. V\u00e1logatta \u00e9s az \u00e9letrajzi jegyzeteket \u00edrta Feh\u00e9rv\u00e1ri Gy\u0151z\u0151; ford\u00edtotta \u00c1rvay J\u00e1nos et al. Budapest: Eur\u00f3pa, 1981, 613 pp.\u00a0[\u00a0\u2018Kaksikud lae all\u2019.\u00a0See\u00a0contents\u00a0of the anthology.] Russian\u041a\u0430\u043b\u044c\u044e \u0421\u0430\u0430\u0431\u0435\u0440, \u041f\u0435\u0440\u0435\u043b\u043e\u043c\u043d\u044b\u0439 \u0432\u043e\u0437\u0440\u0430\u0441\u0442\u044c. &#8230;<\/p>\n","protected":false},"author":43,"featured_media":0,"parent":1949,"menu_order":0,"comment_status":"closed","ping_status":"closed","template":"","meta":{"_acf_changed":false,"inline_featured_image":false,"footnotes":""},"class_list":["post-1959","page","type-page","status-publish","hentry"],"acf":[],"_links":{"self":[{"href":"https:\/\/sisu.ut.ee\/ewod\/wp-json\/wp\/v2\/pages\/1959","targetHints":{"allow":["GET"]}}],"collection":[{"href":"https:\/\/sisu.ut.ee\/ewod\/wp-json\/wp\/v2\/pages"}],"about":[{"href":"https:\/\/sisu.ut.ee\/ewod\/wp-json\/wp\/v2\/types\/page"}],"author":[{"embeddable":true,"href":"https:\/\/sisu.ut.ee\/ewod\/wp-json\/wp\/v2\/users\/43"}],"replies":[{"embeddable":true,"href":"https:\/\/sisu.ut.ee\/ewod\/wp-json\/wp\/v2\/comments?post=1959"}],"version-history":[{"count":1,"href":"https:\/\/sisu.ut.ee\/ewod\/wp-json\/wp\/v2\/pages\/1959\/revisions"}],"predecessor-version":[{"id":3128,"href":"https:\/\/sisu.ut.ee\/ewod\/wp-json\/wp\/v2\/pages\/1959\/revisions\/3128"}],"up":[{"embeddable":true,"href":"https:\/\/sisu.ut.ee\/ewod\/wp-json\/wp\/v2\/pages\/1949"}],"wp:attachment":[{"href":"https:\/\/sisu.ut.ee\/ewod\/wp-json\/wp\/v2\/media?parent=1959"}],"curies":[{"name":"wp","href":"https:\/\/api.w.org\/{rel}","templated":true}]}}