{"id":1954,"date":"2024-04-03T23:42:14","date_gmt":"2024-04-03T20:42:14","guid":{"rendered":"https:\/\/sisu.ut.ee\/ewod\/veskimees\/"},"modified":"2024-04-04T00:05:48","modified_gmt":"2024-04-03T21:05:48","slug":"veskimees","status":"publish","type":"page","link":"https:\/\/sisu.ut.ee\/ewod\/v\/veskimees\/","title":{"rendered":"Siim Veskimees"},"content":{"rendered":"<p style=\"margin-bottom:0.11in\">\n\t<span style=\"font-size:13px\"><span style=\"font-family:Verdana,Geneva,sans-serif\"><span style=\"color:#000000\"><span style=\"line-height:108%\"><span style=\"font-weight:normal\">Siim Veskimees <\/span>(given name Ants Miller, also known as Ats Miller, b. 5. IV 1962) is an Estonian science-fiction writer, translator and editor.<\/span><\/span><\/span><\/span>\n<\/p>\n<p style=\"margin-bottom:0.11in\">\n\t<span style=\"font-size:13px\"><span style=\"font-family:Verdana,Geneva,sans-serif\"><span style=\"color:#000000\"><span style=\"line-height:108%\">From 1980 to 1988 he studied industrial electronics at the Tallinn Institute of Technology. From 1982 to 1984 he performed his military service. He has worked in jobs associated with information technology at the Institute of Cybernetics, the company Eesti Telekom, the Estonian Business School, the State Forestry Centre, and the Ministry of Internal Affairs. He is the managing director of the company Digituum, and the owner and director of the T\u00e4heveski publishing house. Under the name of Ats Miller he is the editor of the Fantaasia publishers; previously he was the chief editor of the on-line science fiction journal <i>Algernon. <\/i>Siim Veskimees has been a member of the Estonian Writers\u2019 Union since 2008. <\/span><\/span><\/span><\/span>\n<\/p>\n<p style=\"margin-bottom:0.11in\">\n\t<span style=\"font-size:13px\"><span style=\"font-family:Verdana,Geneva,sans-serif\"><span style=\"color:#000000\"><span style=\"line-height:108%\">Siim Veskimees is the pseudonym under which he started writing in 1999 for the science fiction journal <i>Algernon<\/i>, and since then he has published novels, short works and stories. Veskimees is a prolific author. Since 1999 he has published, in addition to his 13 novels, more than thirty stories and two collections of stories. The style of his science fiction is lively, but often satirical and cutting. Characteristic is the author\u2019s concern for humanity and for the course Estonia is taking. Regardless of their serious themes, there is a sprightly humour in his works. In terms of genre Siim Veskimees classifies himself under hard science fiction.<\/span><\/span><\/span><\/span>\n<\/p>\n<p style=\"margin-bottom:0.11in\">\n\t<span style=\"font-size:13px\"><span style=\"font-family:Verdana,Geneva,sans-serif\"><span style=\"color:#000000\"><span style=\"line-height:108%\">In 2008 Siim Veskimees established a collaboration with the T\u00e4heveski and Fantaasia publishing companies by publishing the \u2018S\u00fcndmuste horisont\u2019 (Horizon of Events) series, concentrating on science fiction.<\/span><\/span><\/span><\/span>\n<\/p>\n<p style=\"margin-bottom:0.11in\">\n\t<span style=\"font-size:13px\"><span style=\"font-family:Verdana,Geneva,sans-serif\"><span style=\"color:#000000\"><span style=\"line-height:108%\">Under the name of Ats Miller he has translated science fiction from English, including John Scalzi\u2019s novel <i>Old Man\u2019s War <\/i>(2010) and Isaac Asimov\u2019s novel <i>Robots and Empire <\/i>(2013). <\/span><\/span><\/span><\/span>\n<\/p>\n<p style=\"margin-bottom:0.11in\">\n\t<span style=\"font-size:13px\"><span style=\"font-family:Verdana,Geneva,sans-serif\"><span style=\"color:#000000\"><span style=\"line-height:108%\">Veskimees has won the annual Stalker award of the Estonian Science Fiction Association three times. In 2008 he won it for the short novel <i>Keskp\u00e4evapimedus <\/i>(\u2018Darkness at Noon\u2019), in 2011 for the short novel <i>Kuldhordi teine tulek <\/i>(\u2018The Second Coming of the Golden Horde\u2019) and for the short story <i>Kaugete p\u00e4evade valgus <\/i>(\u2018The Light of Other Days\u2019).<\/span><\/span><\/span><\/span>\n<\/p>\n<p style=\"margin-bottom:0.11in\">\n\t<span style=\"font-size:13px\"><span style=\"font-family:Verdana,Geneva,sans-serif\"><span style=\"color:#000000\"><span style=\"line-height:108%\"><i>L. P. (Translated by C. M.)<\/i><\/span><\/span><\/span><\/span>\n<\/p>\n<p><span style=\"font-size:16px\"><span style=\"font-family:Verdana,Geneva,sans-serif\"><span style=\"color:#000000\"><strong>Books in Estonian<\/strong><\/span><\/span><\/span>\n<\/p>\n<p>\n\t<span style=\"font-size:13px\"><span style=\"font-family:Verdana,Geneva,sans-serif\"><span style=\"color:#000000\"><strong><em>Novels<\/em><\/strong><br><strong>Operatsioon \u201cOgaline P\u00e4ike\u201d<\/strong>. Tartu: Fantaasia, 2001, 173 lk. [E-raamat: 2011.]<br><strong>K\u00f5ver mets<\/strong>. Tallinn: Salas\u00f5na, 2002, 158 lk.\u00a0<br><strong>Kuu Ordu<\/strong>. Tartu: Fantaasia, 2003, 487 lk.<br><strong>Pilvelinnuste ajastu langus<\/strong>. Tartu: Fantaasia, 2004, 455 lk. [E-raamat: 2011.]<br><strong>Poolel teel<\/strong>. Tallinn: Varrak, 2007, 278 lk.<br><strong>Taevatagune suurem ilm. Z\u00e4tereiti lood: Tau s\u00f5rmuse operatsioon<\/strong>. Tartu: Fantaasia, 2008, 200 lk.<br><strong>S\u00fcmfoonia katkenud keelele<\/strong>. Tartu: Fantaasia, 2010, 159 lk. [E-raamat: 2011.]<br><strong>Ennes\u00f5jaaegne kullakarva. Kuu Ordu 2061. aasta s\u00f5ja esimene raamat<\/strong>. Tartu: Fantaasia, 2011, 376 lk. [E-raamat: 2011.]<br><strong>Lahkul\u00f6\u00f6mislahingud. Kuu Ordu 2061. aasta s\u00f5ja teine raamat<\/strong>. Tartu: Fantaasia, 2012, 275 lk.<br><strong>L\u00f5putu juuni<\/strong>. Tallinn: Fantaasia, 2013, 189 lk. [E-raamat: 2012.]<br><strong>Haldjaradade ahvatlus<\/strong>. Tartu: Fantaasia, 2014, 220 lk.<br><strong>Asunduste \u00f6\u00f6<\/strong>. Tartu: Fantaasia, 2016, 317 lk.<br><strong>Kolmas t\u00e4hev\u00e4rav<\/strong>. Tartu: Fantaasia, 2018, 239 lk.<\/span><\/span><\/span>\n<\/p>\n<p>\n\t<span style=\"font-size:13px\"><span style=\"font-family:Verdana,Geneva,sans-serif\"><span style=\"color:#000000\"><strong><em>Stories<\/em><\/strong><br><strong>Keskp\u00e4evapimedus<\/strong>. Tartu: Fantaasia, 2007, 100 lk. [E-raamat: 2011.]<br><strong>Kaugete p\u00e4evade naeratus<\/strong>. Jutukogu. Tartu: Fantaasia, 2014, 351 lk.<\/span><\/span><\/span>\n<\/p>\n<p>\n\t\u00a0<\/p>\n","protected":false},"excerpt":{"rendered":"<p>Siim Veskimees (given name Ants Miller, also known as Ats Miller, b. 5. IV 1962) is an Estonian science-fiction writer, translator and editor. From 1980 to 1988 he studied industrial electronics at the Tallinn Institute of Technology. From 1982 to &#8230;<\/p>\n","protected":false},"author":43,"featured_media":0,"parent":733,"menu_order":0,"comment_status":"closed","ping_status":"closed","template":"","meta":{"_acf_changed":false,"inline_featured_image":false,"footnotes":""},"class_list":["post-1954","page","type-page","status-publish","hentry"],"acf":[],"_links":{"self":[{"href":"https:\/\/sisu.ut.ee\/ewod\/wp-json\/wp\/v2\/pages\/1954","targetHints":{"allow":["GET"]}}],"collection":[{"href":"https:\/\/sisu.ut.ee\/ewod\/wp-json\/wp\/v2\/pages"}],"about":[{"href":"https:\/\/sisu.ut.ee\/ewod\/wp-json\/wp\/v2\/types\/page"}],"author":[{"embeddable":true,"href":"https:\/\/sisu.ut.ee\/ewod\/wp-json\/wp\/v2\/users\/43"}],"replies":[{"embeddable":true,"href":"https:\/\/sisu.ut.ee\/ewod\/wp-json\/wp\/v2\/comments?post=1954"}],"version-history":[{"count":1,"href":"https:\/\/sisu.ut.ee\/ewod\/wp-json\/wp\/v2\/pages\/1954\/revisions"}],"predecessor-version":[{"id":3123,"href":"https:\/\/sisu.ut.ee\/ewod\/wp-json\/wp\/v2\/pages\/1954\/revisions\/3123"}],"up":[{"embeddable":true,"href":"https:\/\/sisu.ut.ee\/ewod\/wp-json\/wp\/v2\/pages\/733"}],"wp:attachment":[{"href":"https:\/\/sisu.ut.ee\/ewod\/wp-json\/wp\/v2\/media?parent=1954"}],"curies":[{"name":"wp","href":"https:\/\/api.w.org\/{rel}","templated":true}]}}