{"id":1953,"date":"2024-04-03T23:42:14","date_gmt":"2024-04-03T20:42:14","guid":{"rendered":"https:\/\/sisu.ut.ee\/ewod\/novels-et-103\/"},"modified":"2024-04-04T00:05:47","modified_gmt":"2024-04-03T21:05:47","slug":"novels","status":"publish","type":"page","link":"https:\/\/sisu.ut.ee\/ewod\/s\/schaper\/novels\/","title":{"rendered":"Edzard Schaper &#8211; novels"},"content":{"rendered":"<p><strong><span style=\"font-family: verdana,geneva;font-size: medium\">Books<\/span><\/strong><\/p>\n<p><strong><em><span style=\"font-family: verdana,geneva\">German<\/span><\/em><\/strong><br><span style=\"font-family: verdana,geneva\"><strong>Der letzte Gast<\/strong>. Stuttgart: Bonz, 1927.<br><strong>Die Bekenntnisse des F\u00f6rsters Patrik Doyle<\/strong>. Stuttgart: Bonz, 1928.<br><strong>Die Insel T\u00fctarsaar<\/strong>. Leipzig: Insel, 1933.<br><strong>Erde \u00fcber dem Meer. Roman einer k\u00e4mpfenden Jugend<\/strong>. Berlin: Die Buchgemeinde, 1934.<br><strong>Die sterbende Kirche<\/strong>. Leipzig: Insel 1935.<br><strong>Der Henker<\/strong>. Leipzig: Insel, 1940. [2nd, revised edition: Z\u00fcrich: Artemis, 1978.]<br><strong>Der letzte Advent<\/strong>. Freiburg: Atlantis, 1949.<br><strong>Die Freiheit des Gefangenen<\/strong>. K\u00f6ln: Hegner, 1950. [2nd ed: \u2018Macht und Freiheit\u2019, K\u00f6ln: Hegner, 1961; 3rd ed: <span style=\"font-family: verdana,geneva\">\u2018Macht und Freiheit\u2019,<\/span> <span style=\"font-family: verdana,geneva\">Freiburg<\/span>: Kerle, 1983.]<br><strong>Die Macht der Ohnm\u00e4chtigen<\/strong>. K\u00f6ln: Hegner, 1952. <span style=\"font-family: verdana,geneva\">[2nd ed: \u2018Macht und Freiheit\u2019, K\u00f6ln: Hegner, 1961<span style=\"font-family: verdana,geneva\">; 3rd ed: <span style=\"font-family: verdana,geneva\">\u2018Macht und Freiheit\u2019,<\/span> <span style=\"font-family: verdana,geneva\">Freiburg<\/span>: Kerle, 1983<\/span>.]<\/span><br><strong>Der Gouverneur oder Der gl\u00fcckselige Schuldner<\/strong>. K\u00f6ln: Hegner, 1954.<br><strong>Die letzte Welt<\/strong>. K\u00f6ln: Hegner, 1956. <span style=\"font-family: verdana,geneva\">[2nd ed: \u2018Aufstand und Ergebung. Drei Romane\u2019, K\u00f6ln: Hegner, 1973.]<\/span><br><strong>Attentat auf den M\u00e4chtigen<\/strong>. Frankfurt am Main: Fischer, 1957. [2nd ed: \u2018Aufstand und Ergebung. Drei Romane\u2019, K\u00f6ln: Hegner, 1973.]<br><strong>Das Tier oder Die Geschichte eines B\u00e4ren, der Oskar hie\u00df<\/strong>. Frankfurt am Main: Fischer, 1958.<br><strong>Der vierte K\u00f6nig<\/strong>. K\u00f6ln: Hegner, 1961. [2nd ed: Z\u00fcrich: Artemis, 1977.]<br><strong>Der Aufruhr des Gerechten. Eine Chronik<\/strong>. K\u00f6ln: Hegner, 1963. <span style=\"font-family: verdana,geneva\">[2nd ed: \u2018Aufstand und Ergebung. Drei Romane\u2019, K\u00f6ln: Hegner, 1973.]<\/span><br><strong>Daraus als Einzelausgabe: Die Legende vom vierten K\u00f6nig. Mit Zeichnungen von Celestino Piatti<\/strong>. K\u00f6ln: Hegner, 1964. [2nd ed: D\u00fcsseldorf: Artemis &amp; Winkler, 2008.]<br><strong>Am Abend der Zeit<\/strong>. K\u00f6ln: Hegner, 1970.<br><strong>Taurische Spiele<\/strong>. K\u00f6ln: Hegner, 1971.<br><strong>Sperlingsschlacht<\/strong>. K\u00f6ln: Hegner, 1972.<br><strong>Degenhall<\/strong>. Z\u00fcrich: Artemis, 1975.<br><strong>Die Reise unter den Abendstern<\/strong>. Z\u00fcrich: Artemis, 1976.<\/span><\/p>\n<p><\/p>\n","protected":false},"excerpt":{"rendered":"<p>Books GermanDer letzte Gast. Stuttgart: Bonz, 1927.Die Bekenntnisse des F\u00f6rsters Patrik Doyle. Stuttgart: Bonz, 1928.Die Insel T\u00fctarsaar. Leipzig: Insel, 1933.Erde \u00fcber dem Meer. Roman einer k\u00e4mpfenden Jugend. Berlin: Die Buchgemeinde, 1934.Die sterbende Kirche. Leipzig: Insel 1935.Der Henker. Leipzig: Insel, 1940. &#8230;<\/p>\n","protected":false},"author":43,"featured_media":0,"parent":1943,"menu_order":0,"comment_status":"closed","ping_status":"closed","template":"","meta":{"_acf_changed":false,"inline_featured_image":false,"footnotes":""},"class_list":["post-1953","page","type-page","status-publish","hentry"],"acf":[],"_links":{"self":[{"href":"https:\/\/sisu.ut.ee\/ewod\/wp-json\/wp\/v2\/pages\/1953","targetHints":{"allow":["GET"]}}],"collection":[{"href":"https:\/\/sisu.ut.ee\/ewod\/wp-json\/wp\/v2\/pages"}],"about":[{"href":"https:\/\/sisu.ut.ee\/ewod\/wp-json\/wp\/v2\/types\/page"}],"author":[{"embeddable":true,"href":"https:\/\/sisu.ut.ee\/ewod\/wp-json\/wp\/v2\/users\/43"}],"replies":[{"embeddable":true,"href":"https:\/\/sisu.ut.ee\/ewod\/wp-json\/wp\/v2\/comments?post=1953"}],"version-history":[{"count":1,"href":"https:\/\/sisu.ut.ee\/ewod\/wp-json\/wp\/v2\/pages\/1953\/revisions"}],"predecessor-version":[{"id":3122,"href":"https:\/\/sisu.ut.ee\/ewod\/wp-json\/wp\/v2\/pages\/1953\/revisions\/3122"}],"up":[{"embeddable":true,"href":"https:\/\/sisu.ut.ee\/ewod\/wp-json\/wp\/v2\/pages\/1943"}],"wp:attachment":[{"href":"https:\/\/sisu.ut.ee\/ewod\/wp-json\/wp\/v2\/media?parent=1953"}],"curies":[{"name":"wp","href":"https:\/\/api.w.org\/{rel}","templated":true}]}}