{"id":1950,"date":"2024-04-03T23:42:14","date_gmt":"2024-04-03T20:42:14","guid":{"rendered":"https:\/\/sisu.ut.ee\/ewod\/leidatigane\/"},"modified":"2024-04-04T00:05:47","modified_gmt":"2024-04-03T21:05:47","slug":"leidatigane","status":"publish","type":"page","link":"https:\/\/sisu.ut.ee\/ewod\/t\/leidatigane\/","title":{"rendered":"Leida Tigane"},"content":{"rendered":"<p>\n\t<span style=\"font-size:16px\"><span style=\"font-family:Verdana,Geneva,sans-serif\"><a href=\"https:\/\/sisu.ut.ee\/ewod\/t\/leidatigane\/stories\"><strong>Short stories<\/strong><\/a><strong> <\/strong><a href=\"https:\/\/sisu.ut.ee\/wp-content\/uploads\/sites\/108\/leida_tigane_heinrich_riedel.jpg\" target=\"_self\" rel=\"noopener\"><img decoding=\"async\" alt=\"Leida Tigane\" src=\"https:\/\/sisu.ut.ee\/wp-content\/uploads\/sites\/108\/leida_tigane_heinrich_riedel.jpg\" style=\"float: right;width: 200px;height: 296px\" title=\"Photo: Heinrich Riedel\"><\/a><\/span><\/span>\n<\/p>\n<p>\u00a0\n<\/p>\n<p style=\"margin-bottom:0.28cm\" align=\"left\">\n\t<span style=\"color:#000000\"><span style=\"font-size:13px\"><span style=\"font-family:Verdana,Geneva,sans-serif\"><span style=\"line-height:108%\"><span style=\"font-weight:normal\">Leida Tigane <\/span>(21.\/8. V 1908 \u2013 13. II 1983) was a prose writer and children\u2019s author.<\/span><\/span><\/span><\/span>\n<\/p>\n<p style=\"margin-bottom:0.28cm\" align=\"left\">\n\t<span style=\"color:#000000\"><span style=\"font-size:13px\"><span style=\"font-family:Verdana,Geneva,sans-serif\"><span style=\"line-height:108%\">She was born and educated in Tartu, and graduated from the Girls\u2019 Gymnasium of the Estonian Youth Education Society (1927). She worked as a compositor, editor of the children\u2019s magazine <i>P\u00e4ike<\/i>, for the scientific publisher Teaduslik Kirjandus, the newspaper <i>Postimees <\/i>and the cultural paper <i>Sirp ja Vasar<\/i>. She was a member of the Writers\u2019 Union (from 1945) and the CPSU (from 1949). She died in Tallinn, and was buried at the Metsakalmistu (\u2018Forest Cemetery\u2019) of Tallinn. Her sister was the children\u2019s author Aino Tigane (1912 \u2013 1991).<\/span><\/span><\/span><\/span>\n<\/p>\n<p style=\"margin-bottom:0.28cm\" align=\"left\">\n\t<span style=\"color:#000000\"><span style=\"font-size:13px\"><span style=\"font-family:Verdana,Geneva,sans-serif\"><span style=\"line-height:108%\">She came to literature with some children\u2019s stories published in periodicals in 1927; <i>Lugu kahest laisast varesest <\/i>(\u2018The Story of the Two Lazy Crows\u2019, 1936) and <i>Metsatalu vahvad loomad <\/i>(\u2018The Great Animals of Forest Farm\u2019, 1938) appeared separately in book form. However, what is predominant in her works of the thirties are her novels of entertainment for adults: the first of them was <i>Palun seda h\u00e4rrat <\/i>(\u2018That Gentleman, Please\u2019, 1935), which was followed by the novels <i>Marga m\u00fc\u00fcb mehi <\/i>(\u2018Marga Sells Men\u2019, 1937), <i>Seitse pastlapaari <\/i>(\u2018Seven Pairs of Moccasins\u2019, 1938) and <i>S\u00f5ber merir\u00f6\u00f6vel <\/i>(\u2018Friend Pirate\u2019, 1939). The protagonist in the novels is usually a young lady who wishes to marry, and the realisation of this aim occasions various comical circumstances. Humour and comedy are among Tigane\u2019s characteristic traits. She gives lively descriptions of the slum environment and describes colourful types and domestic conditions. These last are artfully displayed in the events in Tigane\u2019s nicely balanced <i>Seitse pastlapaari, <\/i>in which the views of a young urban high-school girl and the more conservatively inclined residents of a farmhouse come into collision.<\/span><\/span><\/span><\/span>\n<\/p>\n<p style=\"margin-bottom:0.28cm\" align=\"left\">\n\t<span style=\"color:#000000\"><span style=\"font-size:13px\"><span style=\"font-family:Verdana,Geneva,sans-serif\"><span style=\"line-height:108%\">After the Second World War Tigane concentrated on children\u2019s literature, publishing, for example, <i>Vanaema maja <\/i>(\u2018Grandma\u2019s House\u2019, 1946), <i>Kelleks ma tahan saada <\/i>(\u2018Who I Want to Be\u2019, 1948), <i>Mina oskan paremini <\/i>(\u2018I Can do it Better\u2019, 1952), <i>Jutte lastele <\/i>(\u2018Stories for Children\u2019, 1955). Great popularity came with <i>Peremees ja sulane <\/i>(\u2018The Master and the Farmhand\u2019, 1958), based on motifs from Estonian folklore. A survey of her work is available in the selections <i>Tera siit ja teine sealt <\/i>(\u2018One Grain from Here and Another from There\u2019, 1968) and <i>Vikerkaar <\/i>(\u2018Rainbow\u2019, 1978). There are animal stories as well as stories of contemporary life for children in her work. Characteristic of Tigane is gripping subject-matter and a humorous and optimistic world-view, in which there is a place for instruction too.<\/span><\/span><\/span><\/span>\n<\/p>\n<p style=\"margin-bottom:0.28cm\" align=\"left\">\n\t<span style=\"color:#000000\"><span style=\"font-size:13px\"><span style=\"font-family:Verdana,Geneva,sans-serif\"><span style=\"line-height:108%\">In 1932 Tigane won third prize in the <i>Vaba Maa <\/i>literature competition for her humorous piece <i>J\u00e4nesejaht <\/i>(\u2018Hunting Hares\u2019), second prize in the <span style=\"font-style:normal\">Loodus publishing house\u2019s <\/span>novel competition for the novel <i>Seitse pastlapaari <\/i>(1938) and second prize for the novel <i>S\u00f5ber merer\u00f6\u00f6vel <\/i>(1939) in the newspaper <i>P\u00e4evaleht <\/i>competition for serial novels. The story <i>Hunt ja kutsikas<\/i> (\u2018The Wolf and the Puppy\u2019) won second prize in the 1940 competition for children\u2019s books. <\/span><\/span><\/span><\/span>\n<\/p>\n<p style=\"margin-bottom:0.28cm\" align=\"left\">\n\t<span style=\"color:#000000\"><span style=\"font-size:13px\"><span style=\"font-family:Verdana,Geneva,sans-serif\"><span style=\"line-height:108%\"><i>A. K. (Translated by C. M.)<\/i><\/span><\/span><\/span><\/span>\n<\/p>\n<p style=\"margin-bottom:0.21cm\" align=\"left\">\n<\/p><p><span style=\"color:#000000\"><span style=\"font-size:16px\"><span style=\"font-family:Verdana,Geneva,sans-serif\"><span style=\"line-height:150%\"><b>Books in Estonian<\/b><\/span><\/span><\/span><\/span>\n<\/p>\n<p style=\"margin-bottom:0.21cm\" align=\"left\">\n\t<span style=\"color:#000000\"><span style=\"font-size:13px\"><span style=\"font-family:Verdana,Geneva,sans-serif\"><span style=\"line-height:150%\"><i><b>Novels<\/b><\/i><br><b>Palun seda h\u00e4rrat\u2026<\/b>. Tartu: Noor-Eesti, 1935, 163 lk. [2. tr\u00fckk: 2015.]<br><b>Marga m\u00fc\u00fcb mehi<\/b>. Tallinn: Kuldkiri, 1937, 152 lk.<br><b>Seitse pastlapaari<\/b>. Tallinn, Tartu: Loodus, 1938, 320 lk. [2. tr\u00fckk: 1974.]<br><b>S\u00f5ber merir\u00f6\u00f6vel<\/b>. Tallinn: Tallinna Eesti Kirjastus-\u00dchisus, 1939, 160 lk. [2. tr\u00fckk: 2012.]<\/span><\/span><\/span><\/span>\n<\/p>\n<p style=\"margin-bottom:0.21cm\" align=\"left\">\n\t<span style=\"color:#000000\"><span style=\"font-size:13px\"><span style=\"font-family:Verdana,Geneva,sans-serif\"><span style=\"line-height:150%\"><i><b>Children\u2019s literature<\/b><\/i><br><b>Lugu lahest laisast varesest<\/b>. Tartu: Loodus, 1936, 48 lk. [J\u00e4rgmised tr\u00fckid: 1959, 2003.]<br><b>Metsatalu vahvad loomad<\/b>. Tartu, Tallinn: Loodus, 1938, 40 lk. [2. tr\u00fckk: 1946.]<br><b>Hunt ja kutsikas<\/b>. Tallinn: Eesti Kirjastus, 1943, 31 lk. [2. tr\u00fckk: 1948.]<br><b>Vanaema maja<\/b>. Tallinn: Ilukirjandus ja Kunst, 1946, 44 lk. [2. tr\u00fckk: 1980.]<br><b>Kelleks ma tahan saada<\/b>. Tallinn: Ilukirjandus ja Kunst, 1948, 36 lk.<br><b>Mina oskan paremini<\/b>. Tallinn: Eesti Riiklik Kirjastus, 1952, 39 lk.<br><b>Jutte lastele<\/b>. Tallinn: Eesti Riiklik Kirjastus, 1955, 32 lk.<br><b>Peremees ja sulane<\/b>: jutte rahvajuttude aineil. Tallinn: Eesti Riiklik Kirjastus, 1958, 24 lk. [J\u00e4rgmised tr\u00fckid: 1960, 1989, 2011.]<br><b>Tera siit ja teine sealt<\/b>. Tallinn: Eesti Raamat, 1968, 168 lk.<br><b>Vares keedab hernesuppi<\/b>. Tallinn: TEA Kirjastus, 2009, 37 lk.<br><b>Orav Pikkhamba s\u00f6\u00f6kla<\/b>. Tallinn: TEA Kirjastus, 2010, 31 lk.<\/span><\/span><\/span><\/span><\/p>\n","protected":false},"excerpt":{"rendered":"<p>Short stories \u00a0 Leida Tigane (21.\/8. V 1908 \u2013 13. II 1983) was a prose writer and children\u2019s author. She was born and educated in Tartu, and graduated from the Girls\u2019 Gymnasium of the Estonian Youth Education Society (1927). She &#8230;<\/p>\n","protected":false},"author":43,"featured_media":0,"parent":709,"menu_order":0,"comment_status":"closed","ping_status":"closed","template":"","meta":{"_acf_changed":false,"inline_featured_image":false,"footnotes":""},"class_list":["post-1950","page","type-page","status-publish","hentry"],"acf":[],"_links":{"self":[{"href":"https:\/\/sisu.ut.ee\/ewod\/wp-json\/wp\/v2\/pages\/1950","targetHints":{"allow":["GET"]}}],"collection":[{"href":"https:\/\/sisu.ut.ee\/ewod\/wp-json\/wp\/v2\/pages"}],"about":[{"href":"https:\/\/sisu.ut.ee\/ewod\/wp-json\/wp\/v2\/types\/page"}],"author":[{"embeddable":true,"href":"https:\/\/sisu.ut.ee\/ewod\/wp-json\/wp\/v2\/users\/43"}],"replies":[{"embeddable":true,"href":"https:\/\/sisu.ut.ee\/ewod\/wp-json\/wp\/v2\/comments?post=1950"}],"version-history":[{"count":1,"href":"https:\/\/sisu.ut.ee\/ewod\/wp-json\/wp\/v2\/pages\/1950\/revisions"}],"predecessor-version":[{"id":3119,"href":"https:\/\/sisu.ut.ee\/ewod\/wp-json\/wp\/v2\/pages\/1950\/revisions\/3119"}],"up":[{"embeddable":true,"href":"https:\/\/sisu.ut.ee\/ewod\/wp-json\/wp\/v2\/pages\/709"}],"wp:attachment":[{"href":"https:\/\/sisu.ut.ee\/ewod\/wp-json\/wp\/v2\/media?parent=1950"}],"curies":[{"name":"wp","href":"https:\/\/api.w.org\/{rel}","templated":true}]}}