{"id":1946,"date":"2024-04-03T23:42:13","date_gmt":"2024-04-03T20:42:13","guid":{"rendered":"https:\/\/sisu.ut.ee\/ewod\/about-et-254\/"},"modified":"2024-04-04T00:05:49","modified_gmt":"2024-04-03T21:05:49","slug":"about","status":"publish","type":"page","link":"https:\/\/sisu.ut.ee\/ewod\/t\/traat\/about\/","title":{"rendered":"Mats Traat &#8211; about"},"content":{"rendered":"<p>\n\t<span style=\"font-family: verdana, geneva;font-size: medium\"><strong>Articles<\/strong><\/span>\n<\/p>\n<p>\n\t<span style=\"font-family: verdana, geneva\"><strong><em>English<\/em><\/strong><br>Livia Viitol,<strong>\u00a0<a href=\"http:\/\/elm.estinst.ee\/issue\/24\/views-freedom-mats-traat\/\">Views of Freedom. Mats Traat<\/a>. <\/strong>\u2013 Estonian Literary Magazine, no 24, 2007.<br>Tiina Kirss,\u00a0<a href=\"http:\/\/elm.estinst.ee\/issue\/30\/estonian-landscapes-and-mindscapes\/\"><strong>Estonian Landscapes and Mindscapes<\/strong><\/a>. \u2013 Estonian Literary Magazine, no 30, 2010. [About landscapes in \u2018Minge \u00fcles m\u00e4gedele I\u2019, A. H. Tammsaare\u2019s \u2018T\u00f5de ja \u00f5igus\u2019 (\u2018Truth and Justice\u2019), and T\u00f5nu \u00d5nnepalu\u2019s \u2018Paradiis\u2019.]<\/span><br>\u00a0\n<\/p>\n<p>\n\t<span style=\"font-family: verdana, geneva;font-size: medium\"><strong>Reviews<\/strong><\/span>\n<\/p>\n<p>\n\t<span style=\"font-family: verdana, geneva\"><strong><em>English<\/em><\/strong><\/span><br><span style=\"font-family: verdana, geneva\">Janika Kronberg, <a href=\"http:\/\/elm.estinst.ee\/issue\/13\/short-outlines-books-estonian-authors\/\"><strong>Short Outlines of Books by Estonian Authors<\/strong><\/a>. \u2013 Estonian Literary Magazine, no 13, 2001. [About the novel \u2018Valge lind\u2019 (\u2018A White Bird\u2019) \u2013 the ninth volume from the series \u2018Mingem \u00fcles m\u00e4gedele\u2019 (\u2018Let\u2019s Go Up to the Mountains\u2019) \u2013 and the poetry collection \u2018Harala elulood\u2019 (\u2018Biographies from Harala\u2019).]<br>Ilmar Mikiver,\u00a0<strong><cite>Kodu on ilus<\/cite><\/strong><span style=\"font-family: verdana, geneva\"><strong>\u00a0by Mats Traat<\/strong>. \u2013 World Literature Today, v<span style=\"font-family: verdana, geneva\">ol 70, no 1, 1996, p 210.<\/span><\/span><br>Ilmar Mikiver,\u00a0<strong><cite>Minge \u00fcles m\u00e4gedele<\/cite><\/strong><span style=\"font-family: verdana, geneva\"><strong>\u00a0by Mats Traat<\/strong>. \u2013 World Literature Today, v<span style=\"font-family: verdana, geneva\">ol 69, no 3, 1995, p 615.<\/span><\/span><br>Ilmar Mikiver,\u00a0<strong><cite>Hirm ja iha<\/cite><\/strong><span style=\"font-family: verdana, geneva\"><strong>\u00a0by Mats Traat<\/strong>. \u2013 World Literature Today, v<span style=\"font-family: verdana, geneva\">ol 68, no 3, 1994, p 605.<\/span><\/span><br>George Kurman,\u00a0<strong><cite>Ajalaulud: Luulet 1986-1989<\/cite><\/strong><span style=\"font-family: verdana, geneva\"><strong>\u00a0by Mats Traat<\/strong>. \u2013 World Literature Today, v<span style=\"font-family: verdana, geneva\">ol 65, no 4, 1991, pp 738-739.<\/span><\/span><br>George Kurman,\u00a0<strong><cite>Umbs\u00f5lm; Armuv\u00e4gi<\/cite><\/strong><span style=\"font-family: verdana, geneva\"><strong>\u00a0by Mats Traat<\/strong>. \u2013 World Literature Today, v<span style=\"font-family: verdana, geneva\">ol 64, no 3, 1990, p 496.<\/span><\/span><br>George Kurman,\u00a0<strong><cite>J\u00e4\u00e4lilled: Luulet 1961-1987<\/cite><\/strong><span style=\"font-family: verdana, geneva\"><strong>\u00a0by Mats Traat<\/strong>. \u2013 World Literature Today, v<span style=\"font-family: verdana, geneva\">ol 64, no 3, 1990, pp 495-496.<\/span><\/span><br>George Kurman,\u00a0<strong><cite>Minge \u00fcles m\u00e4gedele<\/cite><\/strong><span style=\"font-family: verdana, geneva\"><strong>\u00a0by Mats Traat<\/strong>. \u2013 World Literature Today, v<span style=\"font-family: verdana, geneva\">ol 63, no 4, 1989, p 712.<\/span><\/span><\/span><br><span style=\"font-family: verdana, geneva\">George Kurman,\u00a0<strong><cite>S\u00fcgislootus: Luulet 1975-1985<\/cite><\/strong><strong>\u00a0by Mats Traat<\/strong>. \u2013 World Literature, vol 61, no 2, 1987, pp 318-319.<\/span><br><span style=\"font-family: verdana, geneva\">Juta K\u00f5vamees Kitching,\u00a0<strong><cite>\u00dcksi r\u00e4ndan<\/cite>\u00a0by Mats Traat<\/strong>. \u2013 World Literature Today, vol 61, no 1, 1987, pp 130-131.<\/span><br><span style=\"font-family: verdana, geneva\">George Kurman,\u00a0<strong style=\"line-height: 1.6em\"><cite>Valitud teosed<\/cite><\/strong><strong style=\"line-height: 1.6em\">\u00a0by Mats Traat<\/strong>. \u2013 World Literature Today, vol 60, no 4, 1986, p 659.<\/span><br><span style=\"font-family: verdana, geneva\">George Kurman,\u00a0<strong style=\"line-height: 1.6em\"><cite>Karukell, kurvameelsuse rohi<\/cite><\/strong><strong style=\"line-height: 1.6em\">\u00a0by Mats Traat<\/strong>. \u2013 World Literature Today, vol 58, no 2, 1984, p 299.<\/span><br><span style=\"font-family: verdana, geneva\">Ilmar Mikiver,\u00a0<strong style=\"line-height: 1.6em\"><cite>Septembrifuuga: Luuletusi 1976-1979<\/cite><\/strong><strong style=\"line-height: 1.6em\">\u00a0by Mats Traat<\/strong>. \u2013 World Literature Today, vol 56, no 1, 1982, p 146.<\/span><br><span style=\"font-family: verdana, geneva\">Ilmar Mikiver,\u00a0<strong style=\"line-height: 1.6em\"><cite>Puud olid, puud olid hellad velled<\/cite><\/strong><strong style=\"line-height: 1.6em\">\u00a0by Mats Traat<\/strong>. \u2013 World Literature Today, vol 55, no 1, 1981, p 145.<\/span><br><span style=\"font-family: verdana, geneva\">Ilse Lehiste,\u00a0<strong style=\"line-height: 1.6em\"><cite>Valitud luuletused<\/cite><\/strong><strong style=\"line-height: 1.6em\">\u00a0by Mats Traat<\/strong>. \u2013 World Literature Today, vol 55, no 1, 1981, p 152.<\/span><br><span style=\"font-family: verdana, geneva\">Hellar Grabbi,\u00a0<strong style=\"line-height: 1.6em\"><cite>M\u00e4nguveski<\/cite><\/strong><strong style=\"line-height: 1.6em\">\u00a0by Mats Traat<\/strong>. \u2013 Books Abroad, vol 47, no 2, 1973, p 395.<\/span><br><span style=\"font-family: verdana, geneva\">George Kurman,\u00a0<strong style=\"line-height: 1.6em\"><cite>Irdinimene<\/cite><\/strong><strong style=\"line-height: 1.6em\">\u00a0by Mats Traat<\/strong>. \u2013 Books Abroad, vol 42, no 4, 1968, p 621.<\/span>\n<\/p>\n<p>\n\t<span style=\"font-family: verdana, geneva\"><strong><em>German<\/em><\/strong><\/span><br><span style=\"font-family: verdana, geneva\">Cornelius Hasselblatt,\u00a0<strong>Mats Traat:\u00a0<\/strong><strong>Tants aurukatla \u00fcmber<\/strong>. \u2013 Kindlers Literatur Lexikon 3, bd 16.\u00a0Stuttgart, Weimar: Verlag\u00a0J.B. Metzler, 2009, pp\u00a0399f.<br>Marianne Vogel, <strong>Estnisches Alltagsleben \u00e0 la Traat<\/strong>. \u2013 Estonia, no 2, 1994, pp 38-40. [About \u2018Harala elulood\u2019.]<\/span><br><span style=\"font-family: verdana, geneva\">Cornelius Hasselblatt, <strong>Mats Traat: \u00dcksi r\u00e4ndan<\/strong>. \u2013 Kindlers Neues Literatur Lexikon, bd 16. M\u00fcnchen: Kindler, 1991, pp 745-746.<br>Thea Karin, <strong>Die f\u00fcnfziger Jahre<\/strong>. \u2013 Estonia, no 2, 1986, pp 37-38. [About \u2018\u00dcksi r\u00e4ndan\u2019.]<br>Georg W. Pijet, <strong>Ein estnischer Liebesroman<\/strong>. \u2013 Volksstimme (Magdeburg), 10.5.1978. [About \u2018Inger oder Das Jahr auf der Insel\u2019 (\u2018Inger\u2019).]<br>J\u00fcrgen Schulz, <strong>Bew\u00e4hrung einer Lehrerin<\/strong>. \u2013 Bauern-Echo (Berlin), 20.2.1977. [About \u2018Inger oder Das Jahr auf der Insel\u2019 (\u2018Inger\u2019).]<br>Helga Conrad, <strong>Vom Lebensanspruch der Lehrerin Inger<\/strong>. \u2013 Leipziger Volkszeitung, 16.\/17.4.1977. [About \u2018Inger oder Das Jahr auf der Insel\u2019 (\u2018Inger\u2019).]<br>Wolfgang H\u00e4ssner, <strong>Das Erlebnis eines gro\u00dfen Gef\u00fchls<\/strong>. \u2013 Schweriner Volkszeitung, 13.8.1977. [About \u2018Inger oder Das Jahr auf der Insel\u2019 (\u2018Inger\u2019).]<\/span><\/p>\n","protected":false},"excerpt":{"rendered":"<p>Articles EnglishLivia Viitol,\u00a0Views of Freedom. Mats Traat. \u2013 Estonian Literary Magazine, no 24, 2007.Tiina Kirss,\u00a0Estonian Landscapes and Mindscapes. \u2013 Estonian Literary Magazine, no 30, 2010. [About landscapes in \u2018Minge \u00fcles m\u00e4gedele I\u2019, A. H. Tammsaare\u2019s \u2018T\u00f5de ja \u00f5igus\u2019 (\u2018Truth and &#8230;<\/p>\n","protected":false},"author":43,"featured_media":0,"parent":222,"menu_order":0,"comment_status":"closed","ping_status":"closed","template":"","meta":{"_acf_changed":false,"inline_featured_image":false,"footnotes":""},"class_list":["post-1946","page","type-page","status-publish","hentry"],"acf":[],"_links":{"self":[{"href":"https:\/\/sisu.ut.ee\/ewod\/wp-json\/wp\/v2\/pages\/1946","targetHints":{"allow":["GET"]}}],"collection":[{"href":"https:\/\/sisu.ut.ee\/ewod\/wp-json\/wp\/v2\/pages"}],"about":[{"href":"https:\/\/sisu.ut.ee\/ewod\/wp-json\/wp\/v2\/types\/page"}],"author":[{"embeddable":true,"href":"https:\/\/sisu.ut.ee\/ewod\/wp-json\/wp\/v2\/users\/43"}],"replies":[{"embeddable":true,"href":"https:\/\/sisu.ut.ee\/ewod\/wp-json\/wp\/v2\/comments?post=1946"}],"version-history":[{"count":1,"href":"https:\/\/sisu.ut.ee\/ewod\/wp-json\/wp\/v2\/pages\/1946\/revisions"}],"predecessor-version":[{"id":3133,"href":"https:\/\/sisu.ut.ee\/ewod\/wp-json\/wp\/v2\/pages\/1946\/revisions\/3133"}],"up":[{"embeddable":true,"href":"https:\/\/sisu.ut.ee\/ewod\/wp-json\/wp\/v2\/pages\/222"}],"wp:attachment":[{"href":"https:\/\/sisu.ut.ee\/ewod\/wp-json\/wp\/v2\/media?parent=1946"}],"curies":[{"name":"wp","href":"https:\/\/api.w.org\/{rel}","templated":true}]}}