{"id":1938,"date":"2024-04-03T23:42:12","date_gmt":"2024-04-03T20:42:12","guid":{"rendered":"https:\/\/sisu.ut.ee\/ewod\/stories-et-223\/"},"modified":"2024-04-04T00:05:51","modified_gmt":"2024-04-03T21:05:51","slug":"stories","status":"publish","type":"page","link":"https:\/\/sisu.ut.ee\/ewod\/m\/maasik\/stories\/","title":{"rendered":"Einar Maasik &#8211; short stories"},"content":{"rendered":"<p>\n\t<span style=\"font-size:16px\"><strong><span style=\"font-family: verdana, geneva\">In anthologies and magazines<\/span><\/strong><\/span>\n<\/p>\n<p>\n\t<span style=\"font-size:13px\"><span style=\"font-family: verdana, geneva\"><strong><em>English<\/em><br>Summer rhapsody<\/strong>. \u2013 From Baltic shores: short stories. Edited by Christopher Moseley. Norwick: Norvik Press, 1994, 264 pp. [\u2019Suverapsoodia\u2019. Includes Einar Maasik, \u2019Summer rhapsody\u2019 (\u2019Suverapsoodia\u2019), Mati Unt, \u2019Saturday in the sauna\u2019 (\u2019Saunakuuldem\u00e4ng\u2019), Arvo Valton, \u2019The man with the green rucksack\u2019 (\u2019Rohelise seljakotiga mees\u2019).]<br><strong>Our Mother<\/strong>. \u2013\u00a0The Love that Was\u2026 Stories of Estonian Writers. Compiled by Elvina Moroz. Translations by Angus Roxburgh, Holly Smith, Jack Robinson, Robert Daglish, Dudley Hagen, Raissa Bobrova. Moscow: Progress Publishers, 1982, 420 pp. [\u2018Mede memm\u2019. See\u00a0<strong><a href=\"https:\/\/sisu.ut.ee\/ewod\/anthologies\/lovethatwas\">contents<\/a><\/strong>\u00a0of the anthology.]<\/span><br><span style=\"font-family:Verdana,Geneva,sans-serif\"><strong>Maarja of Peetsi<\/strong>. \u2013 The glade with life-giving water. Stories from the Soviet Baltic Republics. Composition and biographical notes by Vera Ruber, Laima Vinonen, Bella Zalesskaya. Moscow: Progress, 1981, 430 pp. [\u2018Peetsi Maarja\u2019. Stories by Estonian writers: Erni Krusten, \u2018The new baby\u2019, Juhan Smuul, \u2018The wreck of the P\u00fchadekari\u2019, Einar Maasik, \u2018Maarja of Peetsi\u2019, Mart Raud, \u2018A lecture of fishing hooks\u2019, Lilli Promet, \u2018A summer\u2019s painting\u2019, Aadu Hint, \u2018The last pirate\u2019, Mati Unt, \u2018Interest in another person\u2019s happiness\u2019, Paul Kuusberg, \u2018The rusty watering can\u2019, J\u00fcri Tuulik, \u2018Abruka stories\u2019, Toomas Vint, \u2018The stolen swan\u2019, Arvo Valton, \u2018A dangerous invention\u2019.]<\/span><\/span>\n<\/p>\n<p>\n\t<span style=\"font-size:13px\"><span style=\"font-family: verdana, geneva\"><strong><em>German<\/em><\/strong><br><strong>Windstille; Sommer in Koorukeste<\/strong>. \u00dcbersetzung: Harry Schnittke. \u2013 Sowjetliteratur, no 7, 1974, pp 105-130. [\u2018Tuulevaikuses\u2019 (= \u2018Tuisu Taavi seitse p\u00e4eva, I\u2019), \u2018Koorukeste suvi\u2019.]<\/span><\/span>\n<\/p>\n<p>\n\t<span style=\"font-size:13px\"><span style=\"font-family: verdana, geneva\"><strong><em>Hungarian<\/em><\/strong><br><strong>Linask \u00e9s a t\u00f6bbiek<\/strong>. Ford. \u00c1rvay J\u00e1nos. \u2013\u00a0A sz\u00e9l\u0151rl\u0151: \u00e9szt elbesz\u00e9l\u0151k. V\u00e1logatta \u00e9s az \u00e9letrajzi jegyzeteket \u00edrta Feh\u00e9rv\u00e1ri Gy\u0151z\u0151; ford\u00edtotta \u00c1rvay J\u00e1nos et al. Budapest: Eur\u00f3pa, 1981, 613 pp.\u00a0[\u2018Linask ja teised\u2019. See\u00a0<a href=\"https:\/\/sisu.ut.ee\/ewod\/anthologies\/aszelorlocontents\"><strong>contents\u00a0of the anthology<\/strong><\/a>.]<\/span><\/span>\n<\/p>\n<p>\n\t<span style=\"font-size:13px\"><span style=\"font-family: verdana, geneva\"><span style=\"font-family: verdana, geneva\"><strong><em>Mari (Hill Mari)<\/em><\/strong><br>\u041c\u0430\u0430\u0441\u0438\u043a \u0415\u0439\u043d\u0430\u0440, <strong>\u041c\u00e4\u043c\u043d\u00e4\u043d \u043f\u0430\u043f\u0438\u043d\u00e4<\/strong>. [\u0410\u043b\u044b\u043a \u043c\u0430\u0440\u043b\u0430\u0430\u0442 \u0441\u00e4\u0440\u04f9\u043c\u04f9.] \u2013 \u041c\u0430\u0440\u0438 \u043b\u0438\u0442\u0435\u0440\u0430\u0442\u0443\u0440\u0430 1995.<\/span><\/span><\/span>\n<\/p>\n<p>\n\t<span style=\"font-size:13px\"><span style=\"font-family: verdana, geneva\"><strong><em>Russian<\/em><\/strong><br>\u042d\u0439\u043d\u0430\u0440 \u041c\u0430\u0430\u0441\u0438\u043a, <strong>\u0410\u0440\u0442\u0443\u0440 \u0441 \u0445\u0443\u0442\u043e\u0440\u0430 \u041d\u0430 \u0433\u0440\u0435\u0431\u043d\u0435 \u043a\u0438\u0442\u0430<\/strong>. \u041f\u0435\u0440\u0435\u0432\u043e\u0434 \u041d. \u041c\u0438\u0445\u0430\u0439\u043b\u043e\u0432\u043e\u0439. \u2013 \u0412\u044b\u0448\u0433\u043e\u0440\u043e\u0434-\u0422\u043e\u043e\u043c\u043f\u0435\u0430: \u0441\u0431\u043e\u0440\u043d\u0438\u043a \u043f\u0440\u043e\u0438\u0437\u0432\u0435\u0434\u0435\u043d\u0438\u0439 \u0441\u043e\u0432\u0440\u0435\u043c\u0435\u043d\u043d\u044b\u0445 \u044d\u0441\u0442\u043e\u043d\u0441\u043a\u0438\u0439 \u0441\u043e\u0432\u0435\u0442\u0441\u043a\u0438\u0445 \u043f\u0438\u0441\u0430\u0442\u0435\u043b\u0435\u0439. \u041f\u0440\u0435\u0434\u0438\u0441\u043b\u043e\u0432\u0438\u0435 \u042e. \u0420\u044b\u0442\u0445\u044d\u0443. \u041b\u0435\u043d\u0438\u043d\u0433\u0440\u0430\u0434: \u041b\u0435\u043d\u0438\u0437\u0434\u0430\u0442, 1986, 448 pp. [\u2018Vaalaselja Artur\u2019. See <strong><a href=\"https:\/\/sisu.ut.ee\/ewod\/anthologies\/vyshgorod\">contents<\/a><\/strong> of the anthology.]<br>\u042d\u0439\u043d\u0430\u0440 \u041c\u0430\u0430\u0437\u0438\u043a, <strong>\u0417\u0435\u043c\u043b\u044f \u0434\u044b\u0448\u0438\u0442<\/strong>. \u2013 \u042d\u0441\u0442\u043e\u043d\u0441\u043a\u0438\u0435 \u043f\u043e\u0432\u0435\u0441\u0442\u0438. \u041c\u043e\u0441\u043a\u0432\u0430: \u0418\u0437\u0432\u0435\u0441\u0442\u0438\u044f, 1983, 416 pp. [\u2019Maa hingab\u2019. Contents: \u042d\u0440\u043d\u0438 \u041a\u0440\u0443\u0441\u0442\u0435\u043d, \u2019\u041e\u043a\u043a\u0443\u043f\u0430\u0446\u0438\u044f\u2019 (\u2019Okupatsioon\u2019). \u041f\u0430\u0443\u043b\u044c \u041a\u0443\u0443\u0441\u0431\u0435\u0440\u0433, \u2019\u0427\u0443\u0434\u043d\u043e\u0439\u2019; \u042f\u0430\u043d \u041a\u0440\u043e\u0441\u0441, \u2019\u0422\u0440\u0435\u0442\u044c\u0438 \u0433\u043e\u0440\u044b\u2019 (\u2019Kolmandad m\u00e4ed\u2019); \u042d\u0439\u043d\u0430\u0440 \u041c\u0430\u0430\u0437\u0438\u043a, \u2019\u0417\u0435\u043c\u043b\u044f \u0434\u044b\u0448\u0438\u0442\u2019 (\u2019Maa hingab\u2019); \u0420\u0435\u0439\u043d \u0421\u0430\u043b\u0443\u0440\u0438, \u2019\u041b\u0438\u0441\u0430 \u043f\u043e\u0434 \u0441\u0442\u0440\u0435\u0445\u043e\u0439\u2019 (\u2019Rebane r\u00e4\u00e4sta all\u2019); \u042e\u0440\u0438 \u0422\u0443\u0443\u043b\u0438\u043a, \u2019\u0412\u043e\u0437\u0432\u0440\u0430\u0449\u0435\u043d\u0438\u0435 \u0434\u043e\u043c\u043e\u0439\u2019 (\u2019Kojus\u00f5it\u2019).]<br>\u042d. \u041c\u0430\u0430\u0437\u0438\u043a, <strong>\u041b\u0438\u043d\u0430\u0441\u043a \u0438 \u0434\u0440\u0443\u0433\u0438\u0435<\/strong>. \u2013 \u042d\u0441\u0442\u043e\u043d\u0441\u043a\u0430\u044f \u0441\u043e\u0432\u0435\u0442\u0441\u043a\u0430\u044f \u043d\u043e\u0432\u0435\u043b\u043b\u0430. \u0421\u043e\u0441\u0442\u0430\u0432\u0438\u0442\u0435\u043b\u044c \u0425. \u041f\u0443\u0445\u0432\u0435\u043b\u044c; [\u0440\u0435\u0434\u043a\u043e\u043b\u043b\u0435\u0433\u0438\u044f: \u0412. \u0413\u0440\u043e\u0441\u0441 \u2026 \u0438 \u0434\u0440.]. \u0422\u0430\u043b\u043b\u0438\u043d\u043d: \u042d\u044d\u0441\u0442\u0438 \u0440\u0430\u0430\u043c\u0430\u0442, 1977, 599 pp. [\u2019Linask ja teised\u2019. See <strong><a href=\"https:\/\/sisu.ut.ee\/ewod\/anthologies\/puhvelrussian\">contents<\/a><\/strong> of the anthology.]<br>\u042d\u0439\u043d\u0430\u0440 \u041c\u0430\u0430\u0437\u0438\u043a, <strong>\u041d\u0430\u0448\u0430 \u043c\u0430\u0442\u0443\u0448\u043a\u0430<\/strong>. \u2013 \u042d\u0441\u0442\u043e\u043d\u0441\u043a\u0430\u044f \u043d\u043e\u0432\u0435\u043b\u043b\u0430 XIX-XX \u0432\u0435\u043a\u043e\u0432. \u0421\u043e\u0441\u0442\u0430\u0432\u0438\u0442\u0435\u043b\u0438: \u041d. \u042f\u0432\u043e\u0440\u0441\u043a\u0430\u044f, \u0420. \u041c\u0438\u043d\u043d\u0430; \u043f\u0440\u0435\u0434\u0438\u0441\u043b\u043e\u0432\u0438\u0435: \u0421. \u0418\u0441\u0430\u043a\u043e\u0432. \u041b\u0435\u043d\u0438\u043d\u0433\u0440\u0430\u0434: \u0425\u0443\u0434\u043e\u0436\u0435\u0441\u0442\u0432\u0435\u043d\u043d\u0430\u044f \u043b\u0438\u0442\u0435\u0440\u0430\u0442\u0443\u0440\u0430, 1975, 432 pp. [\u2019Mede memm\u2019. See <strong><a href=\"https:\/\/sisu.ut.ee\/ewod\/anthologies\/novella1975\">contents<\/a><\/strong> of the anthology.]<br>\u042d\u0439\u043d\u0430\u0440 \u041c\u0430\u0430\u0437\u0438\u043a, <strong>\u041f\u0435\u044d\u0434\u0443\u0441\u043a\u0430\u044f \u041c\u0430\u0430\u0440\u044c\u044f, \u041d\u0435\u043e\u043d\u043e\u0432<\/strong>. \u2013 \u0425\u0440\u0430\u043d\u0438\u0442\u0435\u043b\u0438 \u043a\u043b\u044e\u0447\u0435\u0439: \u0440\u0430\u0441\u0441\u043a\u0430\u0437\u044b \u044d\u0441\u0442\u043e\u043d\u0441\u043a\u0438\u0445 \u043f\u0438\u0441\u0430\u0442\u0435\u043b\u0435\u0439. \u0421\u043e\u0441\u0442\u0430\u0432\u0438\u0442\u0435\u043b\u044c \u041b. \u0420\u0435\u043c\u043c\u0435\u043b\u044c\u0433\u0430\u0441; \u043f\u0435\u0440\u0435\u0432\u043e\u0434 \u041b. \u0422\u043e\u043e\u043c, \u0413. \u041c\u0443\u0440\u0430\u0432\u0438\u043d \u0438 \u0434\u0440. \u041c\u043e\u0441\u043a\u0432\u0430: \u0421\u043e\u0432\u0435\u0442\u0441\u043a\u0438\u0439 \u043f\u0438\u0441\u0430\u0442\u0435\u043b\u044c, 1967, 408 pp. [\u2019Peetsi Maarja\u2019, \u2019Neonov\u2019. See <strong><a href=\"https:\/\/sisu.ut.ee\/ewod\/anthologies\/hraniteli\">contents<\/a><\/strong> of the anthology.]<\/span><\/span>\n<\/p>\n<p>\n\t<span style=\"font-size:13px\"><span style=\"font-family: verdana, geneva\"><span style=\"font-family: verdana, geneva\"><strong><em>Tajik<\/em><\/strong><br>\u042d\u0439\u043d\u0430\u0440 \u041c\u0430\u0430\u0437\u0438\u043a, <strong>\u041c\u0430\u0430\u0440\u044c\u044f\u0438 \u041f\u0435\u044d\u0434\u0430; \u041d\u0435\u043e\u043d\u043e\u0432<\/strong>. \u2013 \u041a\u0430\u043b\u0438\u0434\u0431\u0430\u0434\u0430\u0441\u0442\u043e\u043d. (\u041c\u0430\u0447\u043c\u0443\u0430\u0438 \u0445\u0438\u043a\u043e\u044f\u0445\u043e). T\u0430\u0440\u0447 \u0430\u0437 \u0440\u0443\u0441\u0438. \u0414\u0443\u0448\u0430\u043d\u0431\u0435: \u0418\u0444\u0440\u043e\u043d, 1978, 272 pp. [\u2019Peetsi Maarja\u2019, \u2019Neonov\u2019. See <strong><a href=\"https:\/\/sisu.ut.ee\/ewod\/anthologies\/tajik\/kalidbadaston\">contents<\/a><\/strong> of the anthology.]<\/span><\/span><\/span><\/p>\n","protected":false},"excerpt":{"rendered":"<p>In anthologies and magazines EnglishSummer rhapsody. \u2013 From Baltic shores: short stories. Edited by Christopher Moseley. Norwick: Norvik Press, 1994, 264 pp. [\u2019Suverapsoodia\u2019. Includes Einar Maasik, \u2019Summer rhapsody\u2019 (\u2019Suverapsoodia\u2019), Mati Unt, \u2019Saturday in the sauna\u2019 (\u2019Saunakuuldem\u00e4ng\u2019), Arvo Valton, \u2019The man &#8230;<\/p>\n","protected":false},"author":43,"featured_media":0,"parent":1929,"menu_order":0,"comment_status":"closed","ping_status":"closed","template":"","meta":{"_acf_changed":false,"inline_featured_image":false,"footnotes":""},"class_list":["post-1938","page","type-page","status-publish","hentry"],"acf":[],"_links":{"self":[{"href":"https:\/\/sisu.ut.ee\/ewod\/wp-json\/wp\/v2\/pages\/1938","targetHints":{"allow":["GET"]}}],"collection":[{"href":"https:\/\/sisu.ut.ee\/ewod\/wp-json\/wp\/v2\/pages"}],"about":[{"href":"https:\/\/sisu.ut.ee\/ewod\/wp-json\/wp\/v2\/types\/page"}],"author":[{"embeddable":true,"href":"https:\/\/sisu.ut.ee\/ewod\/wp-json\/wp\/v2\/users\/43"}],"replies":[{"embeddable":true,"href":"https:\/\/sisu.ut.ee\/ewod\/wp-json\/wp\/v2\/comments?post=1938"}],"version-history":[{"count":1,"href":"https:\/\/sisu.ut.ee\/ewod\/wp-json\/wp\/v2\/pages\/1938\/revisions"}],"predecessor-version":[{"id":3142,"href":"https:\/\/sisu.ut.ee\/ewod\/wp-json\/wp\/v2\/pages\/1938\/revisions\/3142"}],"up":[{"embeddable":true,"href":"https:\/\/sisu.ut.ee\/ewod\/wp-json\/wp\/v2\/pages\/1929"}],"wp:attachment":[{"href":"https:\/\/sisu.ut.ee\/ewod\/wp-json\/wp\/v2\/media?parent=1938"}],"curies":[{"name":"wp","href":"https:\/\/api.w.org\/{rel}","templated":true}]}}