{"id":1935,"date":"2024-04-03T23:42:12","date_gmt":"2024-04-03T20:42:12","guid":{"rendered":"https:\/\/sisu.ut.ee\/ewod\/prose-et-6\/"},"modified":"2024-04-04T00:05:50","modified_gmt":"2024-04-03T21:05:50","slug":"prose","status":"publish","type":"page","link":"https:\/\/sisu.ut.ee\/ewod\/h\/karlaugusthindrey\/prose\/","title":{"rendered":"Karl August Hindrey &#8211; short stories"},"content":{"rendered":"<p><span style=\"font-family: verdana, geneva;font-size: medium\"><strong><strong>In anthologies and magazines<\/strong><\/strong><\/span><\/p>\n<p><span style=\"font-family: verdana, geneva\"><strong><em><strong><em>Bulgarian<br><\/em><\/strong><\/em><\/strong><span style=\"font-family: verdana, geneva\">\u041a\u0430\u0440\u043b \u0410. \u0425\u0438\u043d\u0434\u0440\u0435\u0439,\u00a0<\/span><strong>\u041d\u0435\u0440\u043e\u043d<\/strong>. \u2013\u00a0\u0415\u0441\u0442\u043e\u043d\u0441\u043a\u0438 \u0440\u0430\u0437\u043a\u0430\u0437\u0438: \u0441\u0431\u043e\u0440\u043d\u0438\u043a. \u0421\u044a\u0441\u0442\u0430\u0432\u0438\u0442\u0435\u043b \u0413\u0435\u043e\u0440\u0433\u0438 \u0412\u044a\u043b\u0447\u0435\u0432. \u0421\u043e\u0444\u0438\u044f: \u041d\u0430\u0440\u043e\u0434\u043d\u0430 \u043a\u0443\u043b\u0442\u0443\u0440\u0430, 1978, 288 pp.\u00a0[<span>\u2019Nero\u2019<\/span>. See\u00a0<strong><a href=\"https:\/\/sisu.ut.ee\/ewod\/anthologies\/estonskirazkazi\">contents<\/a><\/strong>\u00a0of the anthology.]<\/span><\/p>\n<p><span style=\"font-family: verdana, geneva\"><strong><em>English<\/em><br>Flash Photography<\/strong>. \u2013 Jan Kaus (ed), The Dedalus Book of Estonian Literature.\u00a0<span>Translated by Eric Dickens.\u00a0<\/span>Sawtry: Dedalus, 2011, 303 pp. [Translation of \u2018V\u00e4lkvalgus\u2019. Contents of the anthology:\u00a0Upheavals in the Borderlands \/ Jan Kaus; Maiden of the North \/ August Gailit; Flash Photography \/ Karl August Hindrey; Bread \/ Eduard Vilde; On Lake Peipsi \/ Juhan Liiv; Bird Cherry Petals \/ Friedebert Tuglas; Grandfather\u2019s Death \/ Anton Hansen Tammsaare; Night of Souls \/ Karl Ristikivi; Eight Japanese Ladies \/ Arvo Valton; Uncle \/ Jaan Kross; An Empty Beach \/ Mati Unt; The Collector \/ Rein Saluri; The Rococo Lady \/ Maimu Berg; Chance Encounter \/ Eeva Park; Stomach Ache \/ Peeter Sauter; Nuuma Aljla \/ Madis K\u00f5iv; Aspendal the Rainmaker \/ Mehis Heinsaar.]<\/span><\/p>\n<p><em><strong><span style=\"font-family: verdana, geneva\">German<br><\/span><\/strong><\/em><span style=\"font-family: verdana, geneva\"><strong>Feigheit<\/strong>. \u2013 Der letzte Strandr\u00e4uber. Estnische Erz\u00e4hlungen aus sieben Jahrzehnten<\/span><span style=\"font-family: verdana, geneva\">. Ausgew. von Alexander Baer, Welta Ehlert, Nikolai Sillat. Mit einem Nachw. und biograph. Notizen von Endel Mallene. Ill. von Einar Schleef. Berlin: Volk und Welt, 1975, 472 pp. [Translation of \u2018Argus\u2019. See <strong><a href=\"https:\/\/sisu.ut.ee\/ewod\/anthologies\/strandraubercontents\">contents of the anthology<\/a><\/strong><\/span><span style=\"font-family: verdana, geneva\">.]<\/span><strong><span style=\"font-family: verdana, geneva\"><\/span><\/strong><em><strong><span style=\"font-family: verdana, geneva\"><br><\/span><\/strong><\/em><\/p>\n<p><span style=\"font-family: verdana, geneva\"><em><strong>Hungarian<\/strong><\/em><br><span style=\"font-family: verdana, geneva\"><strong>Gy\u00e1vas\u00e1g<\/strong>. \u2013\u00a0<\/span>Az \u00e9szt irodalom kist\u00fckre. V\u00e1l. a bevez. \u00e9s az ismertet\u00f6 sz\u00f6vegeket \u00edrta Jaan Kross. A k\u00f6tet ford. B\u00e1n Alad\u00e1r, Bereczki G\u00e1bor, Feh\u00e9rv\u00e1ri Gy\u00f6z\u00f6, K\u00e1lm\u00e1n B\u00e9la, K\u00e9pes G\u00e9za, Vir\u00e1nyi Elem\u00e9r, Zaicz G\u00e1bor. Az ill. v\u00e1l. Kiisk Mai \u00e9s Radv\u00e1nyi Ervin. Budapest: Eur\u00f3pa, 1969, 478 pp. [Translation of \u2018Argus\u2019. Contents: B. Russow \u2019Liv\u00f3nia tartom\u00e1ny\u00e1nak kr\u00f3nik\u00e1ja\u2019 (excerpt); O. W. Masing \u2019Egy megalapozatlan \u00e9s igazs\u00e1gtalan \u00e1ll\u00edt\u00e1s visszautas\u00edt\u00e1sa\u2019; P. von Mannteuffel \u2019Id\u00f6t\u00f6lt\u00e9s\u00fcl, f\u00e1klyaf\u00e9ny mellett\u2019 (excerpt); F. R. Faehlmann; Fr. R. Kreutzwald; J. W. Jannsen \u2019Tr\u00e9f\u00e1k, karcolatok a P\u00e4rnui Post\u00e1s c\u00edm\u00fc lapb\u00f3l\u2019; C. R. Jakobson \u2019Els\u00f6 hazafias besz\u00e9d\u2019; A. Kitzberg \u2019Szelek forgatag\u00e1ban\u2019 (excerpt); E. Bornh\u00f6he \u2019A bossz\u00fa\u00e1ll\u00f3\u2019 (excerpt); Juhan Liiv \u2019A Pejpusztavon\u2019; E. S\u00e4rgava \u2019Egy bika \u00e9lett\u00f6rt\u00e9nete\u2019; E. Vilde \u2019A Mahtrai h\u00e1bor\u00fa\u2019 (excerpt), \u2019Aki eladta a feles\u00e9g\u00e9t\u2019 (excerpt); A. H. Tammsaare \u2019A szerelem\u2019, \u2019A nagy nap\u2019, \u2019A temet\u00e9s\u2019; K. A. Hindrey \u2019Gy\u00e1vas\u00e1g\u2019; M. Metsanurk \u2019T\u00fcz\u00f6n \u00e1t\u2019; F. Tuglas \u2019A vil\u00e1g v\u00e9g\u00e9n\u2019, \u2019Bobi \u00e9s Huhuu\u2019; O. Luts \u2019A \u201eKentuki oroszl\u00e1n\u201c\u2019 (excerpt); A. Gailit \u2019Toomas Nipernaadi\u2019 (excerpt); P. Vallak \u2019Az \u00fcres f\u00e9szer\u2019; A. Jakob\u00adson \u2019Az utols\u00f3 \u00e1ll\u00f3mas\u2019. Poems by R. Brocmann, K\u00e4su Hans, P. von Mannteuffel, K. J. Peterson, M. Veske, L. Koidula, Juhan Liiv, M. Under, A. Haava, G. Suits, J. S\u00fctiste, J. Barbarus, H. Talvik, H. Visnapuu.]<br><\/span><\/p>\n<p><span style=\"font-family: verdana, geneva\"><strong><em>Latvian<\/em><\/strong><br>Karls A. Hindreijs, <strong>Nero<\/strong>. \u2013 Igau\u0146u noveles. Tulkojis Leo \u0160varcs; Anta Orasa ievads. R\u012bg\u0101: Akc. Sab. \u201eZemnieka Domas\u201c, 1939. [\u2019Nero\u2019. Contents: Ants Orass, \u2019Igau\u0146u noveles Att\u012bst\u012bba\u2019; Frideberts Tuglass, \u2019Cilv\u0113ka \u0113na\u2019 (\u2019Inimese vari\u2019); A. H. Tams\u0101re, \u2019Svar\u012bga diena\u2019 (\u2019T\u00e4htis p\u00e4ev\u2019); Maits Metsanurks, \u2019Kr\u0113bss\u2019 (\u2019Kreeps\u2019); Alberts Kivikass, \u2019Tilulilul\u012b\u2019 (\u2019Tilulilulii\u2019); P\u0113tss Vallaks, \u2019Pieci veci zirgi\u2019 (\u2019Viis vana ruuna\u2019); Mihkels Jirna, \u2019Pirmie kritu\u0161ie\u2019 (\u2019Esimesed langenud\u2019); Augusts Melks, \u2019V\u012bri\u2019 (\u2019Meeste vahel\u2019); Karls A. Hindreijs, \u2019Nero\u2019 (\u2019Nero\u2019).]<br><\/span><\/p>\n<p><span style=\"font-family: verdana, geneva\"><strong><em>Russian<\/em><\/strong><br>\u041a\u0430\u0440\u043b \u0410\u0443\u0433\u0443\u0441\u0442 \u0425\u0438\u043d\u0434\u0440\u0435\u0439, <strong>\u041d\u044d\u044d\u0440\u043e<\/strong>. \u2013 \u042d\u0441\u0442\u043e\u043d\u0441\u043a\u0430\u044f \u043d\u043e\u0432\u0435\u043b\u043b\u0430 XIX-XX \u0432\u0435\u043a\u043e\u0432. \u0421\u043e\u0441\u0442\u0430\u0432\u0438\u0442\u0435\u043b\u0438: \u041d. \u042f\u0432\u043e\u0440\u0441\u043a\u0430\u044f, \u0420. \u041c\u0438\u043d\u043d\u0430; \u043f\u0440\u0435\u0434\u0438\u0441\u043b\u043e\u0432\u0438\u0435: \u0421. \u0418\u0441\u0430\u043a\u043e\u0432. \u041b\u0435\u043d\u0438\u043d\u0433\u0440\u0430\u0434: \u0425\u0443\u0434\u043e\u0436\u0435\u0441\u0442\u0432\u0435\u043d\u043d\u0430\u044f \u043b\u0438\u0442\u0435\u0440\u0430\u0442\u0443\u0440\u0430, 1975, 432 pp. [\u2019Nero\u2019. See <strong><a href=\"https:\/\/sisu.ut.ee\/ewod\/anthologies\/novella1975\">contents<\/a><\/strong> of the anthology.]<br><\/span><\/p>\n","protected":false},"excerpt":{"rendered":"<p>In anthologies and magazines Bulgarian\u041a\u0430\u0440\u043b \u0410. \u0425\u0438\u043d\u0434\u0440\u0435\u0439,\u00a0\u041d\u0435\u0440\u043e\u043d. \u2013\u00a0\u0415\u0441\u0442\u043e\u043d\u0441\u043a\u0438 \u0440\u0430\u0437\u043a\u0430\u0437\u0438: \u0441\u0431\u043e\u0440\u043d\u0438\u043a. \u0421\u044a\u0441\u0442\u0430\u0432\u0438\u0442\u0435\u043b \u0413\u0435\u043e\u0440\u0433\u0438 \u0412\u044a\u043b\u0447\u0435\u0432. \u0421\u043e\u0444\u0438\u044f: \u041d\u0430\u0440\u043e\u0434\u043d\u0430 \u043a\u0443\u043b\u0442\u0443\u0440\u0430, 1978, 288 pp.\u00a0[\u2019Nero\u2019. See\u00a0contents\u00a0of the anthology.] EnglishFlash Photography. \u2013 Jan Kaus (ed), The Dedalus Book of Estonian Literature.\u00a0Translated by Eric Dickens.\u00a0Sawtry: Dedalus, 2011, 303 &#8230;<\/p>\n","protected":false},"author":43,"featured_media":0,"parent":1926,"menu_order":0,"comment_status":"closed","ping_status":"closed","template":"","meta":{"_acf_changed":false,"inline_featured_image":false,"footnotes":""},"class_list":["post-1935","page","type-page","status-publish","hentry"],"acf":[],"_links":{"self":[{"href":"https:\/\/sisu.ut.ee\/ewod\/wp-json\/wp\/v2\/pages\/1935","targetHints":{"allow":["GET"]}}],"collection":[{"href":"https:\/\/sisu.ut.ee\/ewod\/wp-json\/wp\/v2\/pages"}],"about":[{"href":"https:\/\/sisu.ut.ee\/ewod\/wp-json\/wp\/v2\/types\/page"}],"author":[{"embeddable":true,"href":"https:\/\/sisu.ut.ee\/ewod\/wp-json\/wp\/v2\/users\/43"}],"replies":[{"embeddable":true,"href":"https:\/\/sisu.ut.ee\/ewod\/wp-json\/wp\/v2\/comments?post=1935"}],"version-history":[{"count":1,"href":"https:\/\/sisu.ut.ee\/ewod\/wp-json\/wp\/v2\/pages\/1935\/revisions"}],"predecessor-version":[{"id":3139,"href":"https:\/\/sisu.ut.ee\/ewod\/wp-json\/wp\/v2\/pages\/1935\/revisions\/3139"}],"up":[{"embeddable":true,"href":"https:\/\/sisu.ut.ee\/ewod\/wp-json\/wp\/v2\/pages\/1926"}],"wp:attachment":[{"href":"https:\/\/sisu.ut.ee\/ewod\/wp-json\/wp\/v2\/media?parent=1935"}],"curies":[{"name":"wp","href":"https:\/\/api.w.org\/{rel}","templated":true}]}}