{"id":193,"date":"2024-04-03T23:39:29","date_gmt":"2024-04-03T20:39:29","guid":{"rendered":"https:\/\/sisu.ut.ee\/ewod\/visnapuu\/"},"modified":"2025-03-26T09:59:17","modified_gmt":"2025-03-26T07:59:17","slug":"visnapuu","status":"publish","type":"page","link":"https:\/\/sisu.ut.ee\/ewod\/v\/visnapuu\/","title":{"rendered":"Henrik Visnapuu"},"content":{"rendered":"<p><span style=\"font-family: verdana, geneva; font-size: medium;\"><a href=\"https:\/\/sisu.ut.ee\/ewod\/v\/visnapuu\/poems\"><strong><span style=\"font-family: verdana, geneva;\">Poems<\/span><\/strong><\/a><a href=\"\/wp-content\/uploads\/sites\/108\/visnapuu_henrik.jpg\"><span style=\"font-family: verdana, geneva;\"><img loading=\"lazy\" decoding=\"async\" style=\"float: right; margin-left: 20px; margin-right: 20px;\" title=\"Photo by J. &amp; P. Parikas\" src=\"\/wp-content\/uploads\/sites\/108\/visnapuu_henrik_2.jpg\" alt=\"Henrik Visnapuu. Photo by J. &amp; P. Parikas\" width=\"200\" height=\"307\"><\/span><\/a><\/span><\/p>\n\n\n\n<p><strong><span style=\"font-size: 16px;\"><span style=\"font-family: Verdana,Geneva,sans-serif;\"><a title=\"\" href=\"https:\/\/sisu.ut.ee\/ewod\/v\/visnapuu\/about\" data-url=\"https:\/\/sisu.ut.ee\/ewod\/v\/visnapuu\/about\">About Henrik Visnapuu<\/a><\/span><\/span><\/strong><\/p>\n\n\n\n<p><span style=\"font-family: verdana, geneva;\">Henrik Visnapuu (2. I 1890 \/ 21. XII 1889 \u2013 3. IV 1951) was an Estonian poet and playwright. He was born at the Maardina farm, Helme Parish in Viljandi County (later Valga County) as the son of a farm worker. He lived in nearly a dozen different places throughout his childhood, including Vana-Konguta, Meeri, Reola, T\u00f5\u00f5raste, Tammistu, Vasula, Sarakuste, Helme.<\/span><span style=\"font-family: verdana, geneva;\">\u00a0<\/span><\/p>\n\n\n\n<p><span style=\"font-family: verdana, geneva;\">He began his education at Reola parish school (1899\u20131902), continued at Ropka (1902\u20131903) and Sipe (1903\u20131905) Ministry Schools and Tartu City School (1905\u20131906). In 1907, he passed the professional exam at Narva High School, receiving his certification to teach primary school students, and began working as a teacher at a parish school in Kastre-Peravald, then held the same office also in Koeru and Kavastu. In 1912, he began teaching Estonian language and literature at Tartu Gymnasium for Girls.<\/span><\/p>\n\n\n\n<p><span style=\"font-family: verdana, geneva;\">In 1916, Visnapuu graduated as an external student of Aleksander Gymnasium in Tartu and in 1917, he entered the University of Tartu as a student of historical linguistics and joined the student corporation Sakala, but then took other work as an editor of the newspaper <em>Tallinna Teataja<\/em>. A year later, he returned to Tartu but held a position as a teacher, from which he was removed during the German occupation. He did not begin his university studies until 1920. During the days of the Independence War (1918\u20121920), he worked as a correspondent for the <em>Vaba Maa<\/em> newspaper.<\/span><\/p>\n\n\n\n<p><span style=\"font-family: verdana, geneva;\">In 1921, Visnapuu traveled in Russia and Moscow. In 1922, he went to study at the University of Berlin, where he became interested in ancient languages. Then, from 1923, he lived and worked as a professional writer in Tartu. In 1935, he moved to Tallinn, where he began working as a cultural advisor in the state propaganda department. In 1937, he became the head of the department of culture for the newspaper <em>Uus Eesti<\/em> and founded the culture magazine <em>Varamu<\/em>, which he edited until 1940 when Estonia was occupied and the magazine was shut down. From 1941\u20131944, he worked at the Estonian Drama Theatre as a dramaturge and edited the literary almanac <em>Ammukaar<\/em>.<\/span><\/p>\n\n\n\n<p><span style=\"font-family: verdana, geneva;\">Visnapuu fled the war in 1944, first to Germany, where he resided in several refugee camps, then to Austria, and finally to the United States in 1949. He died April 3, 1951 on Long Island, New York. His remains were interred at Fresh Pond crematorium and in 2018 reinterred at Metsakalmistu cemetery in Tallinn.<\/span><\/p>\n\n\n\n<p><span style=\"font-family: verdana, geneva;\">Visnapuu\u2019s first poem was published in 1908. He earned recognition with his work in the literary almanacs <em>Moment esimene<\/em> (1913), <em>Roheline moment<\/em> (1914), and <em>Looming<\/em>, no. 1 (1920), which were considered futuristic and expressionistic for his time. His body of work also included expansive and diverse love lyrics, which found a powerful outlet in the Siuru literary group, where he was one of the central figures (alongside Marie Under with whom his poems are compared from time to time).<\/span><\/p>\n\n\n\n<p><span style=\"font-family: verdana, geneva;\">Some of his first poetry was dedicated to his classmate Maria, but later to his wife Ingi. He used dialect language (Tartu dialect) and word play as well as nature lyrics and patriotic verses in his poetry (which is called \u2018<em>poesia<\/em>\u2019 because of its distinct poeticness). Visnapuu\u2019s work also consists of a couple narrative poems and some plays, the last of which are considered mediocre. He was strongly influenced by the work of Gustav Suits and Ernst Enno, as well as twentieth century Russian neo-romanticists and symbolists.<\/span><\/p>\n\n\n\n<p><span style=\"font-family: verdana, geneva;\">While Visnapuu was in exile, his poetry became more melancholic and painful as he mourned the tragic loss of his homeland but nevertheless maintained hope in the triumph of justice and the belief in national resistance. This idea spread to many of the works of the younger generation of exiled poets. His posthumously published book of memoirs <em>P\u00e4ike ja j\u00f5gi<\/em> (\u2018The Sun and the River\u2019, Lund: 1951) contains memories up until his time with Siuru. It was the first publication of the Estonian Writers\u2019 Cooperative and also the first memoir of its kind published by an Estonian writer in exile. \u00a0<\/span><\/p>\n\n\n\n<p><span style=\"font-family: verdana, geneva;\">Visnapuu was a founding member of the Estonian Writers\u2019 Union (1922) and the Estonian Playwrights\u2019 Union (1936) and belonged to the board of both groups. After going into exile he laid the foundation for the Global Estonian Literary Society and served as its chairman. The student corporation Sakala gives a prize named after Visnapuu, which has been awarded to several exiled writers. Additionally, there is a literary foundation named after Visnapuu.<\/span><\/p>\n\n\n\n<p><span style=\"font-family: verdana, geneva;\">The biographies of Henrik Visnapuu have been published by literary scholars Pedro Krusten (<em>Kaugelviibija k\u00e4ek\u00f5rval<\/em>, published by the Estonian Writers\u2019 Cooperative, 1958), Harald Peep (<em>Henrik Visnapuu<\/em>, Eesti Raamat, 1989), and Piret \u00d5unapuu (<em>Henrik Visnapuu<\/em>, ERM, 2009). Artur Adson, Oskar Kruus, Paul Rummo, Ene Mihkelson, and others have also researched Visnapuu\u2019s life and work.<\/span><\/p>\n\n\n\n<p><span style=\"font-family: verdana, geneva;\"><span style=\"font-family: verdana, geneva;\">Visnapuu\u2019s poems have been published in s<\/span>everal selections and anthologies. His other writings have appeared in various collections, for example in <em>K\u00fcmme aastat. Noor-Eesti 1905-1915<\/em> (\u201910 Years. Young Estonia Movement 1905-1915\u2032, 1918), <em>Kirjanikult lugejale<\/em> (\u2018From the Writer to the Reader\u2019, 1952), <em>Minu varamu<\/em>\u00a0(\u2018My Repository\u2019, 1957).<\/span><\/p>\n\n\n\n<p><span style=\"font-family: verdana, geneva;\">Visnapuu translated into Estonian Oscar Wilde\u2019s \u2018Salome\u2019, Honor\u00e9 de Balzac\u2019s <em>La Peau de chagrin<\/em>, and Ivan Turgenev\u2019s \u2018Home of the Gentry\u2019. He also compiled the anthology <em>Vanad ja vastsed poeedid<\/em>\u00a0(\u2018Old and New Poets\u2019, 1921). His own poetry has been translated into Russian by Igor Severyanin.<\/span><\/p>\n\n\n\n<p><em><span style=\"font-family: verdana, geneva;\">M. K. (Translated by M. M.)<\/span><\/em><\/p>\n\n\n\n<p><span style=\"font-family: verdana, geneva;\"><strong><span style=\"font-family: verdana, geneva;\"><span style=\"font-size: medium;\">Books in Estonian<\/span><\/span><\/strong><\/span><\/p>\n\n\n\n<p><span style=\"font-family: verdana, geneva;\"><span style=\"font-family: verdana, geneva;\"><span style=\"font-family: verdana, geneva;\"><strong><em>Poems<\/em><\/strong><\/span><br><span style=\"font-family: verdana, geneva;\"><strong>Amores<\/strong>. Tallinn: Siuru, 1917, 78 lk. [2. tr\u00fckk: Tartu: Odamees, 1919, 78 lk; 3. tr\u00fckk: Tallinn, 1990, 78 lk <span style=\"font-family: verdana, geneva;\">(1917. a v\u00e4ljaanne, faksiimile).<\/span>]<br><strong>Jumalaga, Ene!<\/strong>. Tartu: Odamees, 1918, 79 lk.<br><strong>Talihari<\/strong>. Tartu: Odamees, 1920, 102 lk.<br><strong>H\u00f5bedased kuljused<\/strong>. Tallinn: Varrak, 1920, 78 lk.<br><strong>K\u00e4oorvik<\/strong>. Tartu: Noor-Eesti, 1920, 78 lk.<br><strong>Valit v\u00e4rsid<\/strong>. Tallinn: Tallinna Eesti Kirjastus-\u00dchisus, 1924, 182 lk.<br><strong>R\u00e4nikivi<\/strong>. Tartu: Loodus, 1925, 78 lk.<br><strong>Maarjamaa laulud<\/strong>. Tartu: Eesti Kirjanikkude Liit, 1927, 79 lk.<br><strong>Parsilai<\/strong>. Tartu: Loodus, 1927, 25 lk.<br><strong>Jehoova surm<\/strong>. Tartu, 1927, 351 lk.<br><strong>Puuslikud<\/strong>. Tartu: Eesti Kirjanikkude Liit, 1929, 93 lk.<br><strong>Tuules\u00f5el<\/strong>. Tartu: Eesti Kirjanikkude Liit, 1931, 76 lk.<br><strong>P\u00e4ike ja j\u00f5gi: k\u00fcmnes kogu luuletisi<\/strong>. Tartu: Eesti Kirjanikkude Liit, 1932.<br><strong>\u00dcle kodum\u00e4e<\/strong>. Tartu: Noor-Eesti, 1934, 153 lk.<br><strong>Saatana vari<\/strong>. Tartu: Noor-Eesti, 1937, 264 lk.<br><strong>P\u00f5hjavalgus<\/strong>. Tartu: Noor-Eesti, 1938, 78 lk.<br><strong>Kaks algust<\/strong>. Tallinn: Kultuurkoondis, 1940, 324 lk.<br><strong>Tuule ema<\/strong>. Tallinn: Eesti Kirjastus, 1942, 99 lk.<br><strong>Esivanemate hauad<\/strong>. Stockholm: Eesti Teataja, 1946, 88 lk. [2. tr\u00fckk: Luunja: Tartumaa, 1991, 78 lk.]<br><strong>Tuuline teekond<\/strong>. Augsburg: USA-ala Eestlaste Kirjastus, 1946, 238 lk.<br><strong>Ad Astra<\/strong>. Geislingen (Saksamaa): 1947, 46 lk.<br><strong>Periheel<\/strong>. Geislingen: Kauge kodu, 1947, 62 lk.<br><strong>Mare Balticum<\/strong>. Geislingen, 1948, 77 lk.<br><strong>Linnutee<\/strong>. New York: \u00dclemaailmne Eesti Kirjanduse Selts, 1950, 77 lk.<br><strong>Kogutud luuletused. 1. osa<\/strong>. Koostanud Arvo M\u00e4gi. Stockholm: Vaba Eesti, 1964, 504 lk.<br><strong>Kogutud luuletused. 2. osa<\/strong>. Koostanud Arvo M\u00e4gi. Stockholm: Vaba Eesti, 1965, 560 lk.<br><strong>Henrik Visnapuu<\/strong>. Koostanud Paul Rummo. Tallinn: Eesti Raamat, 1966, 159 lk. [Sari \u2018V\u00e4ike luuleraamat\u2019.]<\/span><br><strong>Mu ahastus ja armastus<\/strong>. Koostanud Georg Gr\u00fcnberg. Tallinn: Eesti Raamat, 1993, 512 lk.<br><strong>Visnapuu armastusest<\/strong>. Koostanud Jaanus Vaiksoo. Tallinn: T\u00e4nap\u00e4ev, 2003, 110 lk.<\/span><\/span><br><strong>Kirg ja kodumaa<\/strong>. Koostanud Vallo Kepp. Tallinn: T\u00e4nap\u00e4ev, 2017, 287 lk.<br><strong>Noorusluulet<\/strong>. Tartu: Ilmamaa, 2021, 271 lk.<\/p>\n\n\n\n<p><span style=\"font-family: verdana, geneva;\"><span style=\"font-family: verdana, geneva;\"><strong><em>Plays<\/em><\/strong><br><strong>Meie k\u00fcla poisid<\/strong>. Tallinn, 1932, 351 lk.<br><strong>Maa vabaduse eest<\/strong>. Tallinn: Kultuurkoondis, 1938, 57 lk.<\/span><\/span><\/p>\n\n\n\n<p><span style=\"font-family: verdana, geneva;\"><span style=\"font-family: verdana, geneva;\"><span style=\"font-family: verdana, geneva;\"><strong><em><span style=\"font-family: verdana, geneva;\">Non-fiction<\/span><\/em><\/strong><\/span><br><span style=\"font-family: verdana, geneva;\">Henrik Visnapuu, Jaan Ainelo,<strong> Poeetika p\u00f5hijooni<\/strong>. Tartu: Noor-Eesti, 1932, 184 lk. [2. tr\u00fckk: Tallinn: Eesti Keele Sihtasutus, 2008, 184 lk].<br><strong>P\u00e4ike ja j\u00f5gi: m\u00e4lestusi noorusmaalt<\/strong>. Lund: Eesti Kirjanike Kooperatiiv, 1951, 351 lk. [2. tr\u00fckk: Tallinn: Eesti Raamat, 1995, 272 lk; 3. tr\u00fckk: Tallinn: Eesti P\u00e4evaleht, 2010, 352 lk.]<\/span><\/span><\/span><br><strong>Millal s\u00fcnnib inimene<\/strong>. Koostanud Hando Runnel. Tartu: Ilmamaa, 2018, 461 lk. [Sari \u2018Eesti m\u00f5ttelugu\u2019.]<br><strong>M\u00f5ni nendest, mu kaasaeglastest<\/strong>. Koostanud Hando Runnel. Tartu: Ilmamaa, 2021, 510 lk. [Arvustused ja artiklid.]<\/p>\n\n\n\n<p><em><strong>About Henrik Visnapuu<\/strong><\/em><br>Pedro Krusten. <strong>Kaugelviibija k\u00e4ek\u00f5rval: m\u00e4lestusi Henrik Visnapuust paguluses<\/strong>. Lund: Eesti Kirjanike Kooperatiiv, 1957, 253 lk.<br>Harald Peep. <strong>Henrik Visnapuu. \u00dche elu- ja loometee piirjooni<\/strong>. Eesti Raamat, Tallinn, 1989, 229 lk.<br>Piret \u00d5unapuu, <strong>Henrik Visnapuu<\/strong>. Tartu: Eesti Rahva Muuseum, 2009, 63 lk.<\/p>\n","protected":false},"excerpt":{"rendered":"<p>Poems About Henrik Visnapuu Henrik Visnapuu (2. I 1890 \/ 21. XII 1889 \u2013 3. IV 1951) was an Estonian poet and playwright. He was born at the Maardina farm, Helme Parish in Viljandi County (later Valga County) as the &#8230;<\/p>\n","protected":false},"author":43,"featured_media":0,"parent":733,"menu_order":0,"comment_status":"closed","ping_status":"closed","template":"","meta":{"_acf_changed":false,"inline_featured_image":false,"footnotes":""},"class_list":["post-193","page","type-page","status-publish","hentry"],"acf":[],"_links":{"self":[{"href":"https:\/\/sisu.ut.ee\/ewod\/wp-json\/wp\/v2\/pages\/193","targetHints":{"allow":["GET"]}}],"collection":[{"href":"https:\/\/sisu.ut.ee\/ewod\/wp-json\/wp\/v2\/pages"}],"about":[{"href":"https:\/\/sisu.ut.ee\/ewod\/wp-json\/wp\/v2\/types\/page"}],"author":[{"embeddable":true,"href":"https:\/\/sisu.ut.ee\/ewod\/wp-json\/wp\/v2\/users\/43"}],"replies":[{"embeddable":true,"href":"https:\/\/sisu.ut.ee\/ewod\/wp-json\/wp\/v2\/comments?post=193"}],"version-history":[{"count":3,"href":"https:\/\/sisu.ut.ee\/ewod\/wp-json\/wp\/v2\/pages\/193\/revisions"}],"predecessor-version":[{"id":6876,"href":"https:\/\/sisu.ut.ee\/ewod\/wp-json\/wp\/v2\/pages\/193\/revisions\/6876"}],"up":[{"embeddable":true,"href":"https:\/\/sisu.ut.ee\/ewod\/wp-json\/wp\/v2\/pages\/733"}],"wp:attachment":[{"href":"https:\/\/sisu.ut.ee\/ewod\/wp-json\/wp\/v2\/media?parent=193"}],"curies":[{"name":"wp","href":"https:\/\/api.w.org\/{rel}","templated":true}]}}