{"id":1920,"date":"2024-04-03T23:42:10","date_gmt":"2024-04-03T20:42:10","guid":{"rendered":"https:\/\/sisu.ut.ee\/ewod\/stories-et-218\/"},"modified":"2024-04-04T00:05:54","modified_gmt":"2024-04-03T21:05:54","slug":"stories","status":"publish","type":"page","link":"https:\/\/sisu.ut.ee\/ewod\/m\/mand\/stories\/","title":{"rendered":"Heljo M\u00e4nd &#8211; short stories"},"content":{"rendered":"<p>\n\t<span data-mce-mark=\"1\" style=\"font-size: medium;font-family: verdana, geneva\"><strong><span data-mce-mark=\"1\">Books<\/span><\/strong><\/span>\n<\/p>\n<p>\n\t<span style=\"font-family: verdana, geneva\"><strong><em>Armenian<\/em><br><strong>\u0412\u0435\u0442\u0435\u0440 \u0432 \u0433\u043e\u043b\u043e\u0432\u0435<\/strong><\/strong>. \u0415\u0440\u0435\u0432\u0430\u043d:\u00a0\u0410\u0439\u0430\u0441\u0442\u0430\u043d, 1971, 83 pp. [Children\u2019s literature. \u2019Tuul peas\u2019.]<\/span>\n<\/p>\n<p>\n\t<span style=\"font-family: verdana, geneva\"><strong><em>German<\/em><\/strong><br><strong>Struppi<\/strong>. \u00dcbersetzung: Hannelore Wichmann. Tallinn: Perioodika, 1988. 32 pp. [\u2018Koer taskus\u2019.]<\/span>\n<\/p>\n<p>\n\t<span style=\"font-family: verdana, geneva\"><strong><em>Hungarian<\/em><br>Toomas Linnupoeg<\/strong>. [Hungarian translation: Balassa Anna]. Budapest: M\u00f3ra Kiad\u00f3; Uzsgorod: K\u00e1rp\u00e1ti Kiad\u00f3, 1989, 197 pp. [Young adult story \u2018Toomas Linnupoeg\u2019.]<\/span><br><span style=\"font-family: verdana, geneva\"><strong style=\"font-family: verdana, geneva;line-height: 1.6em\">Nyasszu, a kiskutya<\/strong>. Ford\u00edtotta S\u00e1ndor <span style=\"font-size: small\">Judit. Moszkva: Raduga K\u00f6nyvkiad\u00f3, 1979, 27 pp. [Children\u2019s story \u2018Koer taskus\u2019.]<\/span><\/span><br>\u00a0\n<\/p>\n<p>\n\t<span style=\"font-size: medium\"><strong><span style=\"font-family: verdana, geneva\">In compilations, anthologies, magazines<\/span><\/strong><\/span>\n<\/p>\n<p>\n\t<span style=\"font-family:Verdana,Geneva,sans-serif\"><strong><em>German<\/em><\/strong><br><strong>Tanz<\/strong>. \u00dcbersetzung: Irja Gr\u00f6nholm. \u2013 Arche Kinderkalender, 2015. [\u2018Tants\u2019.]<\/span>\n<\/p>\n<p>\n\t<span style=\"font-family: verdana, geneva\"><em><strong><span style=\"font-size: small\">Hungarian<\/span><\/strong><\/em><br><strong>Napsug\u00e1r<\/strong>. M\u00e9sz\u00e1ros Ilona ford. \u2013 Alf\u00f6ld, no 11, 1976.<\/span>\n<\/p>\n<p>\n\t<span style=\"font-family: verdana, geneva\"><strong><em>Russian<\/em><\/strong><br>\u0425\u0435\u043b\u044c\u043e \u041c\u044f\u043d\u0434, <strong>\u041f\u043e\u0447\u0435\u043c\u0443 \u0442\u044b \u043c\u043e\u043b\u0447\u0438\u0448\u044c?<\/strong>. \u2013 \u0412\u043e \u0438\u043c\u044f \u0434\u0440\u0443\u0436\u0431\u044b: A\u043d\u0442\u043e\u043b\u043e\u0433\u0438\u044f \u0441\u043e\u0432\u0440\u0435\u043c\u0435\u043d\u043d\u043e\u0439 \u0434\u0435\u0442\u0441\u043a\u043e\u0439 \u043f\u0440\u043e\u0437\u044b. \u0422\u043e\u043c 1-2. \u0421\u043e\u0441\u0442\u0430\u0432\u0438\u0442\u0435\u043b\u044c \u0410. \u042f\u0430\u043a\u0441\u043e\u043e. \u0422\u0430\u043b\u043b\u0438\u043d\u043d: \u042d\u044d\u0441\u0442\u0438 \u0440\u0430\u0430\u043c\u0430\u0442, 1975, 402+424 pp. [\u2019Miks sa vaikid?\u2019, excerpt. See <strong><a href=\"https:\/\/sisu.ut.ee\/ewod\/anthologies\/detskajaproza\">contents<\/a><\/strong> of the anthology.]<\/span><\/p>\n","protected":false},"excerpt":{"rendered":"<p>Books Armenian\u0412\u0435\u0442\u0435\u0440 \u0432 \u0433\u043e\u043b\u043e\u0432\u0435. \u0415\u0440\u0435\u0432\u0430\u043d:\u00a0\u0410\u0439\u0430\u0441\u0442\u0430\u043d, 1971, 83 pp. [Children\u2019s literature. \u2019Tuul peas\u2019.] GermanStruppi. \u00dcbersetzung: Hannelore Wichmann. Tallinn: Perioodika, 1988. 32 pp. [\u2018Koer taskus\u2019.] HungarianToomas Linnupoeg. [Hungarian translation: Balassa Anna]. Budapest: M\u00f3ra Kiad\u00f3; Uzsgorod: K\u00e1rp\u00e1ti Kiad\u00f3, 1989, 197 pp. [Young adult &#8230;<\/p>\n","protected":false},"author":43,"featured_media":0,"parent":1913,"menu_order":0,"comment_status":"closed","ping_status":"closed","template":"","meta":{"_acf_changed":false,"inline_featured_image":false,"footnotes":""},"class_list":["post-1920","page","type-page","status-publish","hentry"],"acf":[],"_links":{"self":[{"href":"https:\/\/sisu.ut.ee\/ewod\/wp-json\/wp\/v2\/pages\/1920","targetHints":{"allow":["GET"]}}],"collection":[{"href":"https:\/\/sisu.ut.ee\/ewod\/wp-json\/wp\/v2\/pages"}],"about":[{"href":"https:\/\/sisu.ut.ee\/ewod\/wp-json\/wp\/v2\/types\/page"}],"author":[{"embeddable":true,"href":"https:\/\/sisu.ut.ee\/ewod\/wp-json\/wp\/v2\/users\/43"}],"replies":[{"embeddable":true,"href":"https:\/\/sisu.ut.ee\/ewod\/wp-json\/wp\/v2\/comments?post=1920"}],"version-history":[{"count":1,"href":"https:\/\/sisu.ut.ee\/ewod\/wp-json\/wp\/v2\/pages\/1920\/revisions"}],"predecessor-version":[{"id":3161,"href":"https:\/\/sisu.ut.ee\/ewod\/wp-json\/wp\/v2\/pages\/1920\/revisions\/3161"}],"up":[{"embeddable":true,"href":"https:\/\/sisu.ut.ee\/ewod\/wp-json\/wp\/v2\/pages\/1913"}],"wp:attachment":[{"href":"https:\/\/sisu.ut.ee\/ewod\/wp-json\/wp\/v2\/media?parent=1920"}],"curies":[{"name":"wp","href":"https:\/\/api.w.org\/{rel}","templated":true}]}}