{"id":1918,"date":"2024-04-03T23:42:10","date_gmt":"2024-04-03T20:42:10","guid":{"rendered":"https:\/\/sisu.ut.ee\/ewod\/prose-et-5\/"},"modified":"2024-04-04T00:05:54","modified_gmt":"2024-04-03T21:05:54","slug":"prose","status":"publish","type":"page","link":"https:\/\/sisu.ut.ee\/ewod\/g\/augustgailit\/prose\/","title":{"rendered":"August Gailit &#8211; short stories and novellas"},"content":{"rendered":"<p>\n\t<span style=\"font-family: verdana, geneva;font-size: medium\"><strong>Books<\/strong><\/span>\n<\/p>\n<p>\n\t<span data-mce-mark=\"1\" style=\"font-family: verdana, geneva;font-size: small\"><strong><em>Hungarian<\/em><br>Tenger: elbesz\u00e9l\u00e9sek<\/strong>. Eszt eredetib\u00f6l forditotta Vir\u00e1nyi Elem\u00e9r.\u00a0<span data-mce-mark=\"1\" style=\"font-family: verdana, geneva;font-size: small\">Gyoma: Kner Izidor Kiad\u00e1sa, 1933, 192 pp. [Contents:\u00a0<span data-mce-mark=\"1\" style=\"font-family: verdana, geneva;font-size: small\">Tenger. V\u00f6r\u00f6s parip\u00e1k. \u00d6 kiralyi fels\u00e9ge. Peetrus Kuppelvaar. (\u2018Meri\u2019, \u2018Punased hobused\u2019, \u2018Tema Kuninglik K\u00f5rgus\u2019, \u2018Peetrus Kuppelvaar\u2019.)]<\/span><\/span><\/span><\/p>\n<p><strong><em>Latvian<\/em><\/strong><br>Augusts Gailits, <strong>P\u0113d\u0113jais romantikis: novelu izlase<\/strong>. Ar autora atlauju no igaunu valodas tulkojis L. \u0160varcs. [New York]: Gr\u0101matu Draugs, 1954, 238 pp. [\u2019Viimne romantik\u2019. Contents: \u2019Debesmitnu jaunsaimnieks\u2019, \u2019Vilkacis\u2019, \u2019Lacars\u2019, \u2019Peteris Kupelvars\u2019, \u2019Baraba\u2019, \u2019Varonis ar partneri\u2019, \u2019Pedejais romantikis\u2019.]<\/p>\n<p><strong><em>Russian<\/em><\/strong><br><strong>\u0422\u043e\u043e\u043c\u0430\u0441 \u041d\u0438\u043f\u0435\u0440\u043d\u0430\u0430\u0434\u0438<\/strong><span>: \u0440\u043e\u043c\u0430\u043d \u0432 \u043d\u043e\u0432\u0435\u043b\u043b\u0430\u0445.\u00a0<\/span><strong>\u041e\u0431\u043e\u0440\u043e\u0442\u0435\u043d\u044c<\/strong><span>.\u00a0<\/span><strong>\u0413\u043d\u0443\u0441\u043d\u0435\u0439\u0448\u0435\u0435 \u043f\u0440\u0435\u0441\u0442\u0443\u043f\u043b\u0435\u043d\u0438\u0435<\/strong><span>.\u00a0<\/span><strong>\u041a\u0440\u0430\u0441\u043d\u044b\u0435 \u043b\u043e\u0448\u0430\u0434\u0438<\/strong><span>.\u00a0<\/span><strong>\u041c\u043e\u0440\u0435<\/strong><span>. \u0418\u043b\u043b\u044e\u0441\u0442\u0440\u0430\u0446\u0438\u0438 \u0412. \u041a\u0430\u0440\u0440\u0443\u0441. \u041e\u0444\u043e\u0440\u043c\u043b\u0435\u043d\u0438\u0435 \u0410. \u0421\u044f\u0434\u0435. \u041e\u0431\u043b\u043e\u0436\u043a\u0430 \u042f. \u041a\u043b\u044b\u0448\u0435\u0439\u043a\u043e. \u0422\u0430\u043b\u043b\u0438\u043d\u043d: \u0410\u043b\u0435\u043a\u0441\u0430\u043d\u0434\u0440\u0430, 1993, 414 pp. [Translations of \u2019Toomas Nipernaadi\u2019. Also includes short stories \u2019Libahunt\u2019, \u2019Nurjatuim roim\u2019, \u2019Punased hobused\u2019, \u2019Meri\u2019.]<\/span><br>\u00a0\n<\/p>\n<p>\n\t<span data-mce-mark=\"1\" style=\"font-family: verdana, geneva;font-size: medium\"><strong>In compilations, anthologies, magazines<\/strong><\/span>\n<\/p>\n<p>\n\t<span style=\"font-family: verdana, geneva\"><strong><em>English<\/em><br>The Last Romantic<\/strong>. \u2013 An Introduction to Estonian Literature. Translated and edited by Hilary Bird. Bloomington, Ind.: Slavica, 2018, xv+486 pp. [\u2018Viimne romantik\u2019. See <\/span><strong><span style=\"font-family:Verdana,Geneva,sans-serif\"><a data-url=\"https:\/\/sisu.ut.ee\/ewod\/anthologies\/english\/bird\" href=\"https:\/\/sisu.ut.ee\/ewod\/anthologies\/english\/bird\" title=\"\">contents<\/a><\/span><\/strong><span style=\"font-family: verdana, geneva\"> of the anthology.]<br><strong>Maiden of the North<\/strong>. \u2013 Jan Kaus (ed), The Dedalus Book of Estonian Literature.\u00a0Translated by Eric Dickens.\u00a0Sawtry: Dedalus, 2011, 303 pp. [Translation of \u2018P\u00f5hjaneitsi\u2019. Contents of the anthology:\u00a0Upheavals in the Borderlands \/ Jan Kaus; Maiden of the North \/ August Gailit; Flash Photography \/ Karl August Hindrey; Bread \/ Eduard Vilde; On Lake Peipsi \/ Juhan Liiv; Bird Cherry Petals \/ Friedebert Tuglas; Grandfather\u2019s Death \/ Anton Hansen Tammsaare; Night of Souls \/ Karl Ristikivi; Eight Japanese Ladies \/ Arvo Valton; Uncle \/ Jaan Kross; An Empty Beach \/ Mati Unt; The Collector \/ Rein Saluri; The Rococo Lady \/ Maimu Berg; Chance Encounter \/ Eeva Park; Stomach Ache \/ Peeter Sauter; Nuuma Aljla \/ Madis K\u00f5iv; Aspendal the Rainmaker \/ Mehis Heinsaar.]<\/span>\n<\/p>\n<p>\n\t<span style=\"font-family: verdana, geneva\"><strong><em>German<\/em><br>Das harte Meer<\/strong>. \u2013 Abend-Ausgabe der Vossischen Zeitung, 29. III \u2013 2. IV 1933. [\u2018Meri\u2019.]<br><strong>Petrus Kuppelwaar findet die richtige Frau<\/strong>. Eine Bauerngeschichte aus Estland. \u00dcbersetzung: I.M. Trotzky (recte: Arthur Behrsing). \u2013 Uhu, no 7, 1932, pp 91-103. [\u2018Peetrus Kuppelvaar\u2019.]<\/span>\n<\/p>\n<p>\n\t<span data-mce-mark=\"1\" style=\"font-family: verdana, geneva\"><strong><em>Hungarian<\/em><br>V\u00f6r\u00f6s parip\u00e1k<\/strong>. \u2013 \u00c9szaki v\u00e1rt\u00e1n: \u00e9szt rokonaink irodalma. Szerkesztette [\u00e9s a bevezet\u00e9st \u00edrta] K\u00e9pes G\u00e9za; ill. F\u00e1y Dezs\u0151. Budapest: 1944, 129 pp. [\u2019Punased hobused\u2019. See <strong><a href=\"https:\/\/sisu.ut.ee\/ewod\/anthologies\/hungarian\/eszaki\">contents<\/a><\/strong> of the anthology.]<\/span>\n<\/p>\n<p>\n\t<span data-mce-mark=\"1\" style=\"font-family: verdana, geneva\"><strong><em>Latvian<\/em><\/strong><br>Augusts Gail\u012bts, <strong>Augusta Gail\u012b\u0161a n\u0101ve<\/strong>.\u00a0\u2013 Livia Viitol (ed), Igau\u0146u zelta noveles. Foreword by Livia Viitol. Translated by Maima\u00a0Gr\u012bnberga,\u00a0Tam\u0101ra Vilsone, D\u017euljeta Plakidis, R\u016bta Karma, K\u0101rlis M\u0101lbergs, Anna Vel\u0113da \u017d\u012bgure.\u00a0Rig\u0101: Lauku Avize, 2009, 319 pp. [Translation of \u2018August Gailiti surm\u2019. Contents of the anthology:\u00a0Eduards Vilde, Rudais mulks;\u00a0Ernsts Petersons-Sergava, Oheliku t\u0113vo\u010da ziemsv\u0113tku noredz\u0113jums;\u00a0Fr\u012bdeberts Tuglass, Popitis un Huh\u016b;\u00a0Augusts Gail\u012bts, Augusta Gail\u012b\u0161a n\u0101ve;\u00a0P\u0113ts Vallaks, Grozu pin\u0113ja S\u012bma laime;\u00a0Antons Hanzens Tamms\u0101re, Svar\u012bg\u0101 diena;\u00a0Karls Ristikivi, Kristus ar stikla ac\u012bm;\u00a0Karls Rumors, J\u0101nis Bulle;\u00a0Arvo Valtons, V\u012brs ar za\u013co mugursomu;\u00a0Mati Unts, Kranih!;\u00a0Mari S\u0101ta, Elza Hermane;\u00a0J\u0101ks Jeer\u012bts, Mr. Diksits;\u00a0Mihkels Muts, Pusdienas pie Vulfiem;\u00a0T\u014dmass Vints, Tik negaid\u012bt\u0101 un ne\u0113rt\u0101 n\u0101ve;\u00a0\u0112va Parka, Ce\u013cojums;\u00a0Asta Peldm\u0113, V\u012bnes meit\u0113ns;\u00a0Matss Tr\u0101ts, Res nostra;\u00a0T\u012bts Aleksejevs, Tartu miers;\u00a0Reins Peders, Blaubarts;\u00a0Maimu Berga, Aizmirstie cilv\u0113ki;\u00a0Mehiss Heins\u0101rs, Ce\u013cot\u0101jlaime.]<\/span>\n<\/p>\n<p>\n\t<span data-mce-mark=\"1\" style=\"font-family: verdana, geneva\"><span data-mce-mark=\"1\" style=\"font-family: verdana, geneva\"><strong><em>Russian<\/em><\/strong><br>\u0410\u0443\u0433\u0443\u0441\u0442 \u0413\u0430\u0439\u043b\u0438\u0442\u044c,\u00a0<strong>\u041e\u0431\u043e\u0440\u043e\u0442\u0435\u043d\u044c;\u00a0<\/strong><\/span><span data-mce-mark=\"1\" style=\"font-family: verdana, geneva\"><strong>\u0413\u043d\u0443\u0441\u043d\u0435\u0439\u0448\u0435\u0435 \u043f\u0440\u0435\u0441\u0442\u0443\u043f\u043b\u0435\u043d\u0438\u0435;\u00a0<\/strong><\/span><span data-mce-mark=\"1\" style=\"font-family: verdana, geneva\"><strong>\u041c\u043e\u0440\u0435<\/strong>.\u00a0<span data-mce-mark=\"1\" style=\"font-family: verdana, geneva\">\u2013\u00a0\u041f\u0440\u043e\u0438\u0437\u0432\u0435\u0434\u0435\u043d\u0438\u044f \u044d\u0441\u0442\u043e\u043d\u0441\u043a\u043e\u0439 \u043b\u0438\u0442\u0435\u0440\u0430\u0442\u0443\u0440\u044b. 1<\/span><span data-mce-mark=\"1\" style=\"font-family: verdana, geneva\">, \u041a\u043b\u0430\u0441\u0441\u0438\u043a\u0430: [\u0443\u0447\u0435\u0431\u043d\u0430\u044f \u0445\u0440\u0435\u0441\u0442\u043e\u043c\u0430\u0442\u0438\u044f]. C\u043e\u0441\u0442\u0430\u0432\u0438\u0442\u0435\u043b\u044c \u0420\u043e\u043c\u0430\u043d \u041a\u0430\u043b\u043b\u0430\u0441; [\u043b\u0438\u0442\u0435\u0440\u0430\u0442\u0443\u043d\u044b\u0439 \u0440\u0435\u0434\u0430\u043a\u0442\u043e\u0440 \u0410\u043b\u043b\u0430 \u041a\u0430\u043b\u043b\u0430\u0441]. \u0412\u0438\u043b\u044c\u044f\u043d\u0434\u0438: Sarapuu, 1998, 312 pp.\u00a0<\/span><span data-mce-mark=\"1\" style=\"font-family: verdana, geneva\">[\u2018Libahunt\u2019, \u2018Nurjatum roim\u2019, \u2018Meri\u2019. See\u00a0<\/span><strong><a href=\"https:\/\/sisu.ut.ee\/ewod\/anthologies\/romankallas\">contents<\/a>\u00a0<\/strong><span data-mce-mark=\"1\" style=\"font-family: verdana, geneva\">of the anthology<\/span><span data-mce-mark=\"1\" style=\"font-family: verdana, geneva\">.]<\/span><\/span><\/span>\n<\/p>\n<p>\n\t<span data-mce-mark=\"1\" style=\"font-family: verdana, geneva\"><em><strong>Serbo-Croatian<\/strong><\/em><br><strong><strong>Lovac na bisere<\/strong><\/strong>. \u2013 1000 najljep\u0161ih novela, sv. 85-87: 1000 svjetskih pisaca. Ed. Ljubo Wiesner. Prev. Josip Velebit. Zagreb: Slovo, 1936, 201 pp. [Anthology series of short stories. Translation of \u2019P\u00e4rlip\u00fc\u00fcdja\u2019.]<br><strong>Lovac na bisere<\/strong>. \u2013 Na kraju swieta. Zagreb: Izdanje Hrvatskog izdavala\u010dkog bibliografskog zavoda, 1944, 160 pp. [\u2019P\u00e4rlip\u00fc\u00fcdja\u2019. Includes translation of F. Tuglas \u2019Maailma l\u00f5pus\u2019.]<\/span>\n<\/p>\n<p>\n\t<span data-mce-mark=\"1\" style=\"font-family: verdana, geneva\"><em><strong>Swedish<\/strong><\/em><br><strong>K\u00e4rlek<\/strong>. \u2013 Estland ber\u00e4ttar. Noveller. Urvalet och redigeringen V. Uibopuu, A. Oras, E. V. Saks. \u00d6vers\u00e4ttningarna M. Janson, G. Milk-Parrot, E. Rein. F\u00f6rord A. Oras. Stockholm: V\u00e4lis-Eesti [Lovisa: \u00d6stra Nylands Tidnings &amp; Tryckeri], 1946, 189 pp. [Anthology of short stories. Contents: Aino Kallas \u2019Bernhard Riives\u2019; August Gailit \u2019K\u00e4rlek\u2019; Karl Ast-Rumor \u2019Byxorna\u2019; Albert Kivikas \u2019Den f\u00f6rtrampades lycka\u2019; August M\u00e4lk \u2019Havets h\u00e5vor\u2019; Pedro Krusten \u2019Livb\u00e4ltet\u2019; Edgar V. Saks \u2019En sm\u00e5konung\u2019; Valev Uibopuu \u2019Vid floden\u2019; Karl Ristikivi \u2019Kristus med \u00f6gon av glas\u2019.]<\/span><\/p>\n","protected":false},"excerpt":{"rendered":"<p>Books HungarianTenger: elbesz\u00e9l\u00e9sek. Eszt eredetib\u00f6l forditotta Vir\u00e1nyi Elem\u00e9r.\u00a0Gyoma: Kner Izidor Kiad\u00e1sa, 1933, 192 pp. [Contents:\u00a0Tenger. V\u00f6r\u00f6s parip\u00e1k. \u00d6 kiralyi fels\u00e9ge. Peetrus Kuppelvaar. (\u2018Meri\u2019, \u2018Punased hobused\u2019, \u2018Tema Kuninglik K\u00f5rgus\u2019, \u2018Peetrus Kuppelvaar\u2019.)] LatvianAugusts Gailits, P\u0113d\u0113jais romantikis: novelu izlase. Ar autora atlauju no &#8230;<\/p>\n","protected":false},"author":43,"featured_media":0,"parent":1911,"menu_order":0,"comment_status":"closed","ping_status":"closed","template":"","meta":{"_acf_changed":false,"inline_featured_image":false,"footnotes":""},"class_list":["post-1918","page","type-page","status-publish","hentry"],"acf":[],"_links":{"self":[{"href":"https:\/\/sisu.ut.ee\/ewod\/wp-json\/wp\/v2\/pages\/1918","targetHints":{"allow":["GET"]}}],"collection":[{"href":"https:\/\/sisu.ut.ee\/ewod\/wp-json\/wp\/v2\/pages"}],"about":[{"href":"https:\/\/sisu.ut.ee\/ewod\/wp-json\/wp\/v2\/types\/page"}],"author":[{"embeddable":true,"href":"https:\/\/sisu.ut.ee\/ewod\/wp-json\/wp\/v2\/users\/43"}],"replies":[{"embeddable":true,"href":"https:\/\/sisu.ut.ee\/ewod\/wp-json\/wp\/v2\/comments?post=1918"}],"version-history":[{"count":1,"href":"https:\/\/sisu.ut.ee\/ewod\/wp-json\/wp\/v2\/pages\/1918\/revisions"}],"predecessor-version":[{"id":3159,"href":"https:\/\/sisu.ut.ee\/ewod\/wp-json\/wp\/v2\/pages\/1918\/revisions\/3159"}],"up":[{"embeddable":true,"href":"https:\/\/sisu.ut.ee\/ewod\/wp-json\/wp\/v2\/pages\/1911"}],"wp:attachment":[{"href":"https:\/\/sisu.ut.ee\/ewod\/wp-json\/wp\/v2\/media?parent=1918"}],"curies":[{"name":"wp","href":"https:\/\/api.w.org\/{rel}","templated":true}]}}