{"id":1911,"date":"2024-04-03T23:42:09","date_gmt":"2024-04-03T20:42:09","guid":{"rendered":"https:\/\/sisu.ut.ee\/ewod\/augustgailit\/"},"modified":"2025-10-13T16:44:15","modified_gmt":"2025-10-13T13:44:15","slug":"augustgailit","status":"publish","type":"page","link":"https:\/\/sisu.ut.ee\/ewod\/g\/augustgailit\/","title":{"rendered":"August Gailit"},"content":{"rendered":"<p><span style=\"font-family: verdana, geneva;\"><span style=\"font-size: medium;\"><strong><a href=\"https:\/\/sisu.ut.ee\/ewod\/g\/augustgailit\/novels\">Novels<\/a><\/strong>\u00a0<a href=\"https:\/\/sisu.ut.ee\/wp-content\/uploads\/sites\/108\/b-181-240_august_gailit.jpg\" target=\"_self\" rel=\"noopener\"><img decoding=\"async\" style=\"float: right; width: 200px; height: 317px;\" title=\"Photo: J. &amp; P. Parikas (Tallinn)\" src=\"https:\/\/sisu.ut.ee\/wp-content\/uploads\/sites\/108\/b-181-240_august_gailit.jpg\" alt=\"August Gailit\"><\/a><\/span><\/span><\/p>\n\n\n\n<p><span style=\"font-family: verdana, geneva;\"><a href=\"https:\/\/sisu.ut.ee\/ewod\/g\/augustgailit\/prose\"><strong><span style=\"font-size: medium;\">Short stories\u00a0and novellas<\/span><\/strong><\/a><\/span><\/p>\n\n\n\n<p><span style=\"font-family: verdana, geneva;\"><a href=\"https:\/\/sisu.ut.ee\/ewod\/g\/augustgailit\/about\"><strong><span style=\"font-size: medium;\">About August Gailit<\/span><\/strong><\/a><\/span><\/p>\n\n\n\n<p><span style=\"font-size: 13px;\"><span style=\"color: #000000;\"><span style=\"font-family: verdana, geneva;\">August Gailit (9. I 1891 \/ 28. XII 1890 \u2013 5. XI 1960), an author of short stories and novels, who stands out as a unique author for his romantic creative nature, and who is chiefly known for his episodic novels <em>Toomas Nipernaadi<\/em> and <em>Ekke Moor<\/em>.<\/span><\/span><\/span><\/p>\n\n\n\n<p>He was born at Kuiksilla farm on the Sangaste estate, the son of a master builder of Latvian or Livonian origin. His mother was an Estonian from a Germanized family. From 1895 his childhood home was the Laatre estate in Tartumaa. From 1899 he attended the Latvian parish school in Valga and the county school; thereafter, from 1905 to 1907, the Tartu county school, but did not graduate. From 1907 to 1911 he completed his education with private lessons in Tartu. From 1911 to 1916 he worked as a journalist in Riga, and then as a war correspondent. He continued as a journalist in 1916-1917 on the <em>Tallinna Teataja<\/em> and in 1918 in Tartu in the editorial office of <em>Postimees<\/em>. He wrote art and literary criticism. In 1917 he was active in the Siuru literary movement. He took part on the War of Independence as an army official and as a war correspondent. From 1920 to 1922 he was press attache at the Estonian embassy in Riga. From 1922 to 1924 he lived in Germany, France and Italy. Thereafter he was a professional writer in Tartu. He married the actress Elvi Vaher-Nander. From 1932 to 1934 he was director of the Vanemuine Theatre; from 1934 to 1944 he was a writer in Tallinn. He fled with his family to Sweden in September 1944, and lived on the Ormesta estate near the city of \u00d6rebro. There he continued his literary activity until his death. He is buried in the Northern cemetery in \u00d6rebro, where a memorial stone has been erected.<\/p>\n\n\n\n<p>He made his debut in the press in 1909. The first work to appear as a book was the Symbolist tale <em>Kui p\u00e4ike l\u00e4heb looja<\/em> (\u2018When the Sun Sets\u2019, 1910). The witty satirical short stories of the Siuru period are gathered in the collection <em>Klounid ja faunid<\/em> (\u2018Clowns and Fauns, 1919). The earliest short stories appeared in the books <em>Saatana karussell<\/em> (\u2018Satan\u2019s Carousel\u2019, 1917), <em>R\u00e4ndavad r\u00fc\u00fctlid<\/em> (\u2018Wandering Knights\u2019, 1919) and <em>August Gailiti surm<\/em> (\u2018The Death of August Gailit\u2019, 1919). Characteristic of his neo-romantic short stories is a unique choice of subject matter, character description and vocabulary. He preferred to depict exaggerated images, galleries of exotic beings and scenes, with an abundance of destructive mental conditions, grotesque motifs, and caricatures. In dissecting the hidden aspects of human existence and confrontations in a hostile world of chaos, the stories are sometimes loaded with Expressionism-influenced aesthetic of ugliness and cynical sarcasm. In the last three collections to be published in his homeland, <em>Idioot<\/em> (\u2018The Idiot\u2019, 1924), <em>Vastu hommikut<\/em> (\u2018Toward Morning\u2019, 1926) and <em>Ristis\u00f5itjad<\/em> (\u2018Crusaders\u2019, 1927), the fantastical descriptions and playful variations of style have receded, while the basic affirmation of life continues to be romantic, full of drama, which is reflected by a deeper look into psychology of his characters. In addition to the earlier themes of fate and love he focuses on drastic conditions in the social and ideological sphere, but the starting premise is primarily humane, his basic attitude is pessimistic or even tragic. The satirical pieces lambasting the evils of cultural politics and social life are gathered in the collection <em>Aja grimassid<\/em> (\u2018Grimaces of Time\u2019, 1926).<\/p>\n\n\n\n<p><em>Muinasmaa<\/em> (\u2018Fairyland\u2019), a novel with impressionistic elements (written 1914, published 1918) reveals a parade of bohemian characters against a background of events in summer. In the novel <em>Purpurne surm<\/em> (\u2018Purple Death\u2019, 1924), degeneration and destruction depicted in Expressionist terms give an impression, in the manner of Spengler, of the decline of the West, attested by great wars and bloody revolutions, the culmination of which is a gradually approaching epidemic. His best-known work, the episodic novel <em>Toomas Nipernaadi<\/em> (1928), pictures a wandering bohemian writer, who, as a archetypal representative of the Romantic canon, embodies the collector of life experiences, the eternal seeker of love adventures, and the existential rebel against the inevitabilities of life. The other episodic novel <em>Isade maa<\/em> (\u2018Land of Fathers\u2019, 1935), set in the War of Independence, tells in a somewhat comical way of the struggle for freedom, romanticizing history. The maritime novel <em>Karge meri<\/em> (\u2018Rough Sea\u2019, 1938, winner of the Estonian president\u2019s literature prize in 1939), depicts coastal life on a small island, where living conditions are determined by traditional community ways of life and a subjection to the harsh elements of nature. The bildungsroman <em>Ekke Moor<\/em> (1941) tells in a humorous and lyrical way about the wanderings of a young man from a coastal village, in order to experience the different sides of reality and to seek himself and the open sources of life. The novel <em>Leegitsev s\u00fcda<\/em> (\u2018Flaming Heart\u2019, 1945) offers philosophical musings about life and art against a rural background. The novel <em>\u00dcle rahutu vee<\/em> (\u2018Over Restless Waters\u2019, 1951) depicts the route of refugees from their homeland in a small fishing-boat in the autumn of 1944. The three-part prose work <em>Kas m\u00e4letad, mu arm?<\/em> (\u2018Do You Remember, My Love?\u2019, I \u2013 1951, II \u2013 1955, III \u2013 1959) contains nostalgic memoirs of varying length and colourful subject matter, with palpable feelings of homesickness and exile.<\/p>\n\n\n\n<p>Gailit\u2019s work in general has provided the material for many plays and films. Tallinnfilm created film versions of <em>Karge meri<\/em> (1982, dir. Arvo Kruusement), and <em>Toomas Nipernaadi<\/em> (1983), dir Kaljo Kiisk).<\/p>\n\n\n\n<p><span style=\"font-size: 13px;\"><span style=\"color: #000000;\"><span style=\"font-family: verdana, geneva;\"><em>A. O. (Translated by C. M.)<\/em><\/span><\/span><\/span><\/p>\n\n\n\n<p><span style=\"font-size: 16px;\"><span style=\"color: #000000;\"><span style=\"font-family: verdana, geneva;\"><strong>Books in Estonian<\/strong><\/span><\/span><\/span><\/p>\n\n\n\n<p><strong><em>Short stories<\/em><\/strong><br><strong>Saatana karussell<\/strong>. Tallinn: Siuru, 1917, 123 lk. [2. tr\u00fckk: \u2018Saatana karussell: \u201cSiuru\u201d-aegsed novellid\u2019, Tallinn: Kunst, 2010, 340 lk.]<br><strong>R\u00e4ndavad r\u00fc\u00fctlid<\/strong>. Tartu: Odamees, 1919, 211 lk. [2. tr\u00fckk: \u2018Saatana karussell: \u201cSiuru\u201d-aegsed novellid\u2019, Tallinn: Kunst, 2010, 340 lk.]<br><strong>Klounid ja faunid<\/strong>. Tartu: Odamees, 1919, 153 lk. [2. tr\u00fckk: Tallinn: Varrak, 2011, 175 lk.]<br><strong>August Gailiti surm<\/strong>. Tartu: Odamees, 1919, 42 lk.<br><strong>Idioot<\/strong>. Tartu: Odamees, 1924, 88 lk. [2. tr\u00fckk: \u2018Saatana karussell: \u201cSiuru\u201d-aegsed novellid\u2019, Tallinn: Kunst, 2010, 340 lk.]<br><strong>Aja grimassid<\/strong>. Tartu: Loodus, 1926, 154 lk.<br><strong>Vastu hommikut<\/strong>. Tartu: Loodus, 1926, 269 lk.<br><strong>Ristis\u00f5itjad<\/strong>. Tartu: Loodus, 1927, 383 lk. [2. tr\u00fckk: Toronto: Orto, 1953, 239 lk.]<br><strong>Kogutud novellid. I k\u00f6ide<\/strong>. Tallinn: Kultuurkoondis, 1940, 298 lk.<br><strong>Kogutud novellid. II k\u00f6ide<\/strong>. Tallinn: Kultuurkoondis, 1940, 275 lk.<br><strong>Kogutud novellid. III k\u00f6ide<\/strong>. Tallinn: Eesti Kirjastus, 1942, 254 lk.<br><strong>Viimne romantik<\/strong>. Vadstena: Orto, 1949, 228 lk.<br><strong>Kas m\u00e4letad, mu arm?. I osa<\/strong>. Lund: Eesti Kirjanike Kooperatiiv, 1951, 271 lk. [2. tr\u00fckk: \u2018Kas m\u00e4letad, mu arm?\u2019, I-III, Tartu: Ilmamaa, 1997, 630 lk.]<br><strong>Kas m\u00e4letad, mu arm?. III osa<\/strong>. Lund: Eesti Kirjanike Kooperatiiv, 1959, 266 lk. [2. tr\u00fckk: \u2018Kas m\u00e4letad, mu arm?\u2019, I-III, Tartu: Ilmamaa, 1997, 630 lk.]<br><strong>P\u00f5hjaneitsi<\/strong>. Koostanud ja j\u00e4rels\u00f5na: Heino Puhvel. Tallinn: Eesti Raamat, 1991, 232 lk. [Sari \u2018Eesti novellivara\u2019.]<\/p>\n\n\n\n<p><strong><em>Novels<\/em><\/strong><br><strong>Kui p\u00e4ike l\u00e4heb looja<\/strong>. P\u00e4rnu: Sakala; Meie Kodumaa, 1910, 198 lk.<br><strong>Muinasmaa<\/strong>. Tartu: Noor-Eesti, 1918, 228 lk. [J\u00e4rgnevad tr\u00fckid: Tallinn: Varrak, 1920, 167 lk; Lund: Eesti Kirjanike Kooperatiiv, 1965, 267 lk; Tallinn: T\u00e4nap\u00e4ev, 2002, 189 lk; 2022.]<br><strong>Purpurne surm<\/strong>. Tartu: Noor-Eesti, 1924, 230 lk. [2. tr\u00fckk: Tallinn: T\u00e4nap\u00e4ev 2001, 220 lk.]<br><strong>Toomas Nipernaadi<\/strong>. Tartu: Loodus,1928, 430 lk. [J\u00e4rgnevad tr\u00fckid: Tartu: Noor-Eesti, 1935, 452 lk; Tallinn: Eesti Kirjastus, 1944, 445 lk; Vadstena: Orto, 1947, 396 lk; Tallinn: Eesti Raamat, 1967, 360 lk; Tallinn: Avita, 1996, 320 lk; Tallinn: Varrak, 2001, 477 lk; Tallinn: Eesti P\u00e4evaleht, 2006, 253 lk; Tallinn: Hea Lugu, 2014, 260 lk; 2023.]<br><strong>Isade maa<\/strong>. Tartu: Noor-Eesti, 1935, 407 lk. [J\u00e4rgnevad tr\u00fckid: Vadstena: Orto, 1946, 407 lk; Tallinn: Eesti Raamat, 1967, 357 lk; Tartu: Ilmamaa: 1996, 270 lk; Tallinn: Eesti P\u00e4evaleht, 2009, 318 lk; 2025.]<br><strong>Karge meri<\/strong>. Tartu: Noor-Eesti, 1938, 327 lk. [J\u00e4rgnevad tr\u00fckid: Tallinn: Koskel, 1944, 251 lk; Vadstena: Orto, 1949, 207 lk; Tallinn: Eesti Raamat 1883, 192 lk.]<br><strong>Ekke Moor<\/strong>. Tallinn: Eesti Kirjastus, 1941, 290 lk. [J\u00e4rgnevad tr\u00fckid: Tallinn: Eesti Kirjastus, 1942, 289 lk; Lund: Eesti Kirjanike Kooperatiiv, 1960, 324 lk; Tallinn: Eesti Raamat, 1990, 221 lk; Tallinn: Pegasus, 2007, 291 lk; Tallinn: Hea Lugu, 2015, 269 lk; 2024]<br><strong>Leegitsev s\u00fcda<\/strong>. Vadstena: Orto, 1945, 310 lk. [J\u00e4rgnevad tr\u00fckkid: Lund: Eesti Kirjanike Kooperatiiv, 1956, 311 lk; Tallinn: Eesti Raamat, 1990, 230 lk; 2024]<br><strong>\u00dcle rahutu vee<\/strong>. G\u00f6teborg: Orto, 1951, 375 lk. [J\u00e4rgnevad tr\u00fckid: Tartu: Ilmamaa, 1998, 303 lk; Tallinn: Eesti P\u00e4evaleht, 2009, 255 lk.]<br><strong>Kas m\u00e4letad, mu arm?. II osa: Proua Ene Leevi pihtimus<\/strong>. Lund: Eesti Kirjanike Kooperatiiv, 1955, 286 lk. [2. tr\u00fckk: \u2018Kas m\u00e4letad, mu arm?\u2019, I-III, Tartu: Ilmamaa, 1997, 630 lk.]<\/p>\n\n\n\n<p><em><strong>Poems<\/strong><\/em><br><strong>P\u00fchaj\u00e4rv<\/strong>. Suine kiri Felix Ormussonile. Biograafiline f\u00f6ljeton v\u00e4rssides. Tartu: Ilmamaa, 2018, 32 lk.<\/p>\n\n\n\n<p><em><strong>Essays and articles<\/strong><\/em><br><strong>Siis tuli s\u00f5da<\/strong>. Koostaja Hando Runnel. Tartu: Ilmamaa, 2019, 536 lk. [Sari \u2018Eesti m\u00f5ttelugu\u2019.]<\/p>\n\n\n\n<p><strong><em>Correspondence<\/em><\/strong><br><strong>August Gailiti kirjad Friedebert Tuglasele ajavahemikust 1917-1926<\/strong>. Sissejuhatus ja kommentaarid: Margus Kasterpalu. Tartu: Eesti Kirjandusmuuseum, Virgela, 1996, 93 lk.<br>August Gailit,<strong>\u00a0Kirjad Eesti Kirjanike Kooperatiivile<\/strong>. Koostanud Janika\u00a0Kronberg. Tartu: Eesti Kirjandusmuuseum, 1999, 147 lk.<br>Ella Ilbak, August Gailit,\u00a0<strong>Kirjad 1952-1961<\/strong>. Koostanud Piret\u00a0Noorhani. Tallinn: T\u00e4nap\u00e4ev, 2009, 137 lk.<\/p>\n\n\n\n<p><em><strong>About August Gailit<\/strong><\/em><br>Bernard Kangro, Valev Uibopuu, <strong>August Gailit 1891\u20131960<\/strong>. Lund: Eesti Kirjanike Kooperatiiv, 1961, 157 lk.<br>Jaanus Vaiksoo, <strong>Gailit ja Nipernaadi<\/strong>. Tallinn: Koolibri, 1995, 96 lk.<br>Hando Runnel (koostaja), <strong>Lugusid Mr. Ge\u2019st, August Gailitist<\/strong>. \u2013 Tartu: Ilmamaa, 2020, 380 lk.<br>Aivar Kull, <strong>August Gailit: lahtiste allikate poole<\/strong>. Tartu: Ilmamaa, 2022, 399 lk.<\/p>\n\n\n\n<p><\/p>\n","protected":false},"excerpt":{"rendered":"<p>Novels\u00a0 Short stories\u00a0and novellas About August Gailit August Gailit (9. I 1891 \/ 28. XII 1890 \u2013 5. XI 1960), an author of short stories and novels, who stands out as a unique author for his romantic creative nature, and &#8230;<\/p>\n","protected":false},"author":43,"featured_media":0,"parent":589,"menu_order":0,"comment_status":"closed","ping_status":"closed","template":"","meta":{"_acf_changed":false,"inline_featured_image":false,"footnotes":""},"class_list":["post-1911","page","type-page","status-publish","hentry"],"acf":[],"_links":{"self":[{"href":"https:\/\/sisu.ut.ee\/ewod\/wp-json\/wp\/v2\/pages\/1911","targetHints":{"allow":["GET"]}}],"collection":[{"href":"https:\/\/sisu.ut.ee\/ewod\/wp-json\/wp\/v2\/pages"}],"about":[{"href":"https:\/\/sisu.ut.ee\/ewod\/wp-json\/wp\/v2\/types\/page"}],"author":[{"embeddable":true,"href":"https:\/\/sisu.ut.ee\/ewod\/wp-json\/wp\/v2\/users\/43"}],"replies":[{"embeddable":true,"href":"https:\/\/sisu.ut.ee\/ewod\/wp-json\/wp\/v2\/comments?post=1911"}],"version-history":[{"count":3,"href":"https:\/\/sisu.ut.ee\/ewod\/wp-json\/wp\/v2\/pages\/1911\/revisions"}],"predecessor-version":[{"id":7644,"href":"https:\/\/sisu.ut.ee\/ewod\/wp-json\/wp\/v2\/pages\/1911\/revisions\/7644"}],"up":[{"embeddable":true,"href":"https:\/\/sisu.ut.ee\/ewod\/wp-json\/wp\/v2\/pages\/589"}],"wp:attachment":[{"href":"https:\/\/sisu.ut.ee\/ewod\/wp-json\/wp\/v2\/media?parent=1911"}],"curies":[{"name":"wp","href":"https:\/\/api.w.org\/{rel}","templated":true}]}}