{"id":1903,"date":"2024-04-03T23:42:08","date_gmt":"2024-04-03T20:42:08","guid":{"rendered":"https:\/\/sisu.ut.ee\/ewod\/buk\/"},"modified":"2024-04-04T00:05:57","modified_gmt":"2024-04-03T21:05:57","slug":"buk","status":"publish","type":"page","link":"https:\/\/sisu.ut.ee\/ewod\/b\/buk\/","title":{"rendered":"Villem Buk"},"content":{"rendered":"<p>\n\t<a href=\"https:\/\/sisu.ut.ee\/ewod\/b\/buk\/poems\"><strong><span style=\"font-family: verdana, geneva;font-size: medium\">Poems<\/span><\/strong><\/a><span style=\"font-family: verdana, geneva;font-size: medium\"><a href=\"https:\/\/sisu.ut.ee\/wp-content\/uploads\/sites\/108\/villem_buk_j_riet.jpg\" target=\"_self\" rel=\"noopener\"><img decoding=\"async\" alt=\"Villem Buk\" src=\"https:\/\/sisu.ut.ee\/wp-content\/uploads\/sites\/108\/villem_buk_j_riet.jpg\" style=\"float: right;width: 400px;height: 291px\" title=\"Photo: J. Riet\"><\/a><\/span><\/p>\n<p>\u00a0\n<\/p>\n<p>\n\t<span style=\"color:#000000\"><span style=\"font-size:13px\"><span style=\"font-family:Verdana,Geneva,sans-serif\">Villem Buk (up to 1917 Buck, 25 III 1879 \u2013 1941) was a prose writer, poet and columnist.<\/span><\/span><\/span>\n<\/p>\n<p>\n\t<span style=\"color:#000000\"><span style=\"font-size:13px\"><span style=\"font-family:Verdana,Geneva,sans-serif\">Buk was born in Kambja parish, Tartu County as the son of a smith. He attended Kambja village school and Maaritsa parish school, later continued his studies constantly by self-education. Buk acquired the qualifications of a teacher and worked thereafter as a schoolteacher at Kambja, Luunja and P\u00f5lva. When working at P\u00f5lva, he acquainted himself with Marxist literature.<br>\u00a0<br>In 1907, Villem Buk was detained for political activities and was imprisoned for six months, after which he was forbidden to live in the Baltic governorates, the capital of the Tsarist Russian Empire and centres of governorates. He was banished to Petseri (Russian Pechory) where he acquainted himself with the life of local Estonians and Setos (Orthodox south-eastern Estonians with a distinct culture and dialect), writing about them the book <em>Petseri eestlased<\/em> (\u2018Estonians of Petseri\u2019). One of his first stories, <em>Enne rukkil\u00f5ikust<\/em> (\u2018Before Harvesting of Rye\u2019) dates from the same time.<\/span><\/span><\/span>\n<\/p>\n<p>\n\t<span style=\"color:#000000\"><span style=\"font-size:13px\"><span style=\"font-family:Verdana,Geneva,sans-serif\">In 1910, when his banishment ended, Villem Buk moved to Viljandi and started working for the <em>Malev<\/em> newspaper, which was published there. During his Viljandi period, Buk wrote the stories <em>Kraav<\/em> (\u2018Ditch\u2019) and <em>Jumala rahvas<\/em> (\u2018God\u00b4s People\u2019) and the prison diary <em>Kivine raamat<\/em> (\u2018Stony Book\u2019).<\/span><\/span><\/span>\n<\/p>\n<p>\n\t<span style=\"color:#000000\"><span style=\"font-size:13px\"><span style=\"font-family:Verdana,Geneva,sans-serif\">In 1911, Villem Buk moved to Narva where he contributed to the newspaper Tallinna Teataja in 1912\u20131914 and organised the publication and editing of the Narva newspaper <em>Kiir<\/em>. After <em>Kiir<\/em> was closed down, Buk moved to Tallinn and worked as health insurance secretary at Franz Krull\u2019s factory and continued his political activities. He was arrested and banished to Irkutsk governorate. After the February Revolution in 1917, Villem Buk returned to Tallinn where he started working at the editorial office of the re-established <em>Kiir<\/em> newspaper. In the autumn of the same year, he moved to Vohnja parish and became schoolteacher at Palametsa school.<\/span><\/span><\/span>\n<\/p>\n<p>\n\t<span style=\"color:#000000\"><span style=\"font-size:13px\"><span style=\"font-family:Verdana,Geneva,sans-serif\">In 1918, Villem Buk evacuated to Petrograd where he worked for the Estonian newspaper Edasi. He remained in Russia, participated in the Civil War and, thereafter, worked as a teacher in several towns of Russia. Villem Buk participated in the work of the Estonian Proletarian Writers\u2019 Association and the Estonian publisher <em>K\u00fclvaja<\/em> in Leningrad. In 1941, Villem Buk came to Tartu. When the German occupation forces approached Estonia at the beginning of World War II, Villem Buk did not evacuate together with Soviet activists. To leave Estonia, he tried to cross Lake Peipsi in a boat but went missing.<\/span><\/span><\/span>\n<\/p>\n<p>\n\t<span style=\"color:#000000\"><span style=\"font-size:13px\"><span style=\"font-family:Verdana,Geneva,sans-serif\">In Buk\u2019s creation, particularly in his essays and articles, Marxist tendentiousness prevails. His poetry collection <em>Sula<\/em> (\u2018Thaw\u2019) contains propagandist verses glorifying the communist coup. Critics have found artistic values primarily Buk realist prose depicting village paupers.<\/span><\/span><\/span>\n<\/p>\n<p>\n\t<em><span style=\"color:#000000\"><span style=\"font-size:13px\"><span style=\"font-family:Verdana,Geneva,sans-serif\">L. P. (Translated by I. A.)<\/span><\/span><\/span><\/em><\/p>\n<p>\u00a0\n<\/p>\n<p>\n\t<strong><span style=\"font-size:16px\"><span style=\"color:#000000\"><span style=\"font-family:Verdana,Geneva,sans-serif\">Books in Estonian<\/span><\/span><\/span><\/strong>\n<\/p>\n<p>\n\t<span style=\"color:#000000\"><span style=\"font-size:13px\"><span style=\"font-family:Verdana,Geneva,sans-serif\"><strong><em>Stories<\/em><\/strong><br><strong>\u201eJuku\u201c elulugu<\/strong>. Tallinn: M\u00f5te, 1909. 14 lk.<br><strong>Kolm suurt muret<\/strong> [jutustused]. Tartu: J. Reevits, 1909. 48 lk.<br><strong>Jumala rahvas<\/strong>. Tartu: F. D. Liblik ja Ko, 1911. 32 lk.<br><strong>Kiwine raamat: W\u00e4ljaw\u00f5tted vangi p\u00e4ewaraamatust<\/strong>. Tallinn: Teadus, 1912. 38 lk.<br><strong>Miina<\/strong>. Narva: Rahva S\u00f5na, 1913. 160 lk.<br><strong>Kahekesi<\/strong>. Peterburi: Eesti t\u00f6\u00f6rahva kommuuna kultuura ja hariduse valitsus, 1919. 15 lk.<\/span><\/span><\/span>\n<\/p>\n<p>\n\t<span style=\"color:#000000\"><span style=\"font-size:13px\"><span style=\"font-family:Verdana,Geneva,sans-serif\"><strong><em>Poems<\/em><\/strong><br><strong>Sula: kogutud sulesaadused ajaj\u00e4rgust 1905\u2013 1926<\/strong>. Leningrad: K\u00fclvaja, 1926. 72 lk.<\/span><\/span><\/span>\n<\/p>\n<p>\n\t<span style=\"color:#000000\"><span style=\"font-size:13px\"><span style=\"font-family:Verdana,Geneva,sans-serif\"><strong><em>Long poem<\/em><\/strong><br><strong>Lina<\/strong>. Narva: K\u00f5ne, 1913. 14 lk.<\/span><\/span><\/span>\n<\/p>\n<p>\n\t<span style=\"color:#000000\"><span style=\"font-size:13px\"><span style=\"font-family:Verdana,Geneva,sans-serif\"><strong><em>Plays<\/em><\/strong><br><strong>Koduk\u00e4ija<\/strong>: n\u00e4idend kolmes pildis. Leningrad: K\u00fclvaja, 1925. 30 lk.<\/span><\/span><\/span>\n<\/p>\n<p>\n\t<span style=\"color:#000000\"><span style=\"font-size:13px\"><span style=\"font-family:Verdana,Geneva,sans-serif\"><strong><em>Essays and articles<\/em><\/strong><br><strong>Petseri eestlased<\/strong>. Tartu: Postimees, 1909. 79 lk.<br><strong>Rahwas ja maa<\/strong>. Tartu: J. Reevits, 1909. 140 lk.<br><strong>T\u00f6\u00f6rahwa ajakirjanduse \u00fclevaade: 1905\u20131917<\/strong> (W\u00f5rdlused Eesti kirjanduse ajaloost). Tartu: Ed. Bergmann, 1917. 30 lk.<\/span><\/span><\/span>\n<\/p>\n<p>\n\t\u00a0<\/p>\n","protected":false},"excerpt":{"rendered":"<p>Poems \u00a0 Villem Buk (up to 1917 Buck, 25 III 1879 \u2013 1941) was a prose writer, poet and columnist. Buk was born in Kambja parish, Tartu County as the son of a smith. He attended Kambja village school and &#8230;<\/p>\n","protected":false},"author":43,"featured_media":0,"parent":530,"menu_order":0,"comment_status":"closed","ping_status":"closed","template":"","meta":{"_acf_changed":false,"inline_featured_image":false,"footnotes":""},"class_list":["post-1903","page","type-page","status-publish","hentry"],"acf":[],"_links":{"self":[{"href":"https:\/\/sisu.ut.ee\/ewod\/wp-json\/wp\/v2\/pages\/1903","targetHints":{"allow":["GET"]}}],"collection":[{"href":"https:\/\/sisu.ut.ee\/ewod\/wp-json\/wp\/v2\/pages"}],"about":[{"href":"https:\/\/sisu.ut.ee\/ewod\/wp-json\/wp\/v2\/types\/page"}],"author":[{"embeddable":true,"href":"https:\/\/sisu.ut.ee\/ewod\/wp-json\/wp\/v2\/users\/43"}],"replies":[{"embeddable":true,"href":"https:\/\/sisu.ut.ee\/ewod\/wp-json\/wp\/v2\/comments?post=1903"}],"version-history":[{"count":1,"href":"https:\/\/sisu.ut.ee\/ewod\/wp-json\/wp\/v2\/pages\/1903\/revisions"}],"predecessor-version":[{"id":3179,"href":"https:\/\/sisu.ut.ee\/ewod\/wp-json\/wp\/v2\/pages\/1903\/revisions\/3179"}],"up":[{"embeddable":true,"href":"https:\/\/sisu.ut.ee\/ewod\/wp-json\/wp\/v2\/pages\/530"}],"wp:attachment":[{"href":"https:\/\/sisu.ut.ee\/ewod\/wp-json\/wp\/v2\/media?parent=1903"}],"curies":[{"name":"wp","href":"https:\/\/api.w.org\/{rel}","templated":true}]}}