{"id":1894,"date":"2024-04-03T23:42:07","date_gmt":"2024-04-03T20:42:07","guid":{"rendered":"https:\/\/sisu.ut.ee\/ewod\/plays-et-55\/"},"modified":"2024-04-04T00:05:58","modified_gmt":"2024-04-03T21:05:58","slug":"plays","status":"publish","type":"page","link":"https:\/\/sisu.ut.ee\/ewod\/l\/liives\/plays\/","title":{"rendered":"Ardi Liives &#8211; plays"},"content":{"rendered":"<p>\n\t<span style=\"font-family:Verdana,Geneva,sans-serif\"><span style=\"font-size: medium\"><strong>Books<\/strong><\/span><\/span>\n<\/p>\n<p>\n\t<span style=\"font-family:Verdana,Geneva,sans-serif\"><strong><em>German<\/em><\/strong><br><strong>Der graue Hut<\/strong>. \u00dcbersetzung: Helga Viira. Berlin: Henschel, 1973. 87 pp. [\u2018Kallimast kallim\u2019.]<\/span>\n<\/p>\n<p>\n\t<span style=\"font-family:Verdana,Geneva,sans-serif\"><strong><em>Hungarian<\/em><\/strong><br><strong>Az eml\u00e9km\u00fc avagy a humor nem tr\u00e9fa: groteszk j\u00e1t\u00e9k h\u00e1rom felvon\u00e1sban<\/strong>. Ford\u00edtotta: Mar\u00e1z L\u00e1szl\u00f3. Budapest: N\u00e9pm\u00fcvel\u00e9si Propaganda Iroda, 1978. [\u2019Monolisk, ehk, Suhtugem k\u00fcsimusse t\u00f5siselt: grotesk 3. vaatuses\u2019.]<\/span><br>\u00a0\n<\/p>\n<p>\n\t\u00a0\n<\/p>\n<p>\n\t<span style=\"font-family:Verdana,Geneva,sans-serif\"><span style=\"font-size: medium\"><strong>In anthologies and magazines<\/strong><\/span><\/span>\n<\/p>\n<p>\n\t\u00a0\n<\/p>\n<p>\n\t<span style=\"font-family:Verdana,Geneva,sans-serif\"><strong><em>Hungarian<\/em><\/strong><br><strong>Infarktus<\/strong>. \u2013\u00a0Vacsora \u00f6t szem\u00e9lyre: mai \u00e9szt dr\u00e1m\u00e1k. Ford\u00edtotta Bereczki G\u00e1bor [et al], v\u00e1l. \u00e9s az ut\u00f3sz\u00f3t \u00edrta Feh\u00e9rv\u00e1ri Gy\u0151z\u0151. [Budapest]: Eur\u00f3pa, [1976], 404 pp. [\u2018Infarkt\u2019. Anthology of contemporary Estonian plays. Contents: Juhan Smuul, Kihnui J\u00f6nn, a zugkapit\u00e1ny (\u2018Kihnu J\u00f5nn\u2019,\u00a0Bereczki G\u00e1bor ford\u00edt\u00e1sa); Villem Gross, Pici p\u00f6tty\u00f6s pillang\u00f3k (\u2018V\u00e4ikesed kirjud liblikad\u2019; F\u00f6lde\u00e1k Iv\u00e1n ford\u00edt\u00e1sa); Raimond Kaugver, A vonatok reggel indulnak (\u2018Rong v\u00e4ljub hommikul\u2019, Mar\u00e1z L\u00e1zl\u00f3 ford\u00edt\u00e1sa); Ardi Liives, Infarktus (\u2018Infarkt\u2019, Mar\u00e1z L\u00e1zl\u00f3 ford\u00edt\u00e1sa); Enn Vetemaa, Vacsora \u00f6t szem\u00e9lyre (\u2018\u00d5htus\u00f6\u00f6k viiele\u2019).]<\/span>\n<\/p>\n<p>\n\t\u00a0<\/p>\n","protected":false},"excerpt":{"rendered":"<p>Books GermanDer graue Hut. \u00dcbersetzung: Helga Viira. Berlin: Henschel, 1973. 87 pp. [\u2018Kallimast kallim\u2019.] HungarianAz eml\u00e9km\u00fc avagy a humor nem tr\u00e9fa: groteszk j\u00e1t\u00e9k h\u00e1rom felvon\u00e1sban. Ford\u00edtotta: Mar\u00e1z L\u00e1szl\u00f3. Budapest: N\u00e9pm\u00fcvel\u00e9si Propaganda Iroda, 1978. [\u2019Monolisk, ehk, Suhtugem k\u00fcsimusse t\u00f5siselt: grotesk 3. &#8230;<\/p>\n","protected":false},"author":43,"featured_media":0,"parent":1886,"menu_order":0,"comment_status":"closed","ping_status":"closed","template":"","meta":{"_acf_changed":false,"inline_featured_image":false,"footnotes":""},"class_list":["post-1894","page","type-page","status-publish","hentry"],"acf":[],"_links":{"self":[{"href":"https:\/\/sisu.ut.ee\/ewod\/wp-json\/wp\/v2\/pages\/1894","targetHints":{"allow":["GET"]}}],"collection":[{"href":"https:\/\/sisu.ut.ee\/ewod\/wp-json\/wp\/v2\/pages"}],"about":[{"href":"https:\/\/sisu.ut.ee\/ewod\/wp-json\/wp\/v2\/types\/page"}],"author":[{"embeddable":true,"href":"https:\/\/sisu.ut.ee\/ewod\/wp-json\/wp\/v2\/users\/43"}],"replies":[{"embeddable":true,"href":"https:\/\/sisu.ut.ee\/ewod\/wp-json\/wp\/v2\/comments?post=1894"}],"version-history":[{"count":1,"href":"https:\/\/sisu.ut.ee\/ewod\/wp-json\/wp\/v2\/pages\/1894\/revisions"}],"predecessor-version":[{"id":3187,"href":"https:\/\/sisu.ut.ee\/ewod\/wp-json\/wp\/v2\/pages\/1894\/revisions\/3187"}],"up":[{"embeddable":true,"href":"https:\/\/sisu.ut.ee\/ewod\/wp-json\/wp\/v2\/pages\/1886"}],"wp:attachment":[{"href":"https:\/\/sisu.ut.ee\/ewod\/wp-json\/wp\/v2\/media?parent=1894"}],"curies":[{"name":"wp","href":"https:\/\/api.w.org\/{rel}","templated":true}]}}