{"id":1880,"date":"2024-04-03T23:42:06","date_gmt":"2024-04-03T20:42:06","guid":{"rendered":"https:\/\/sisu.ut.ee\/ewod\/oliviasaar\/"},"modified":"2025-03-17T00:36:01","modified_gmt":"2025-03-16T22:36:01","slug":"oliviasaar","status":"publish","type":"page","link":"https:\/\/sisu.ut.ee\/ewod\/s\/oliviasaar\/","title":{"rendered":"Olivia Saar"},"content":{"rendered":"<p><span style=\"font-size: 16px;\"><span style=\"font-family: Verdana,Geneva,sans-serif;\"><a href=\"https:\/\/sisu.ut.ee\/ewod\/s\/oliviasaar\/poems\"><strong>Poems<\/strong><\/a> <a href=\"https:\/\/sisu.ut.ee\/wp-content\/uploads\/sites\/108\/o._saar_viktor_salmre.jpg\" target=\"_self\" rel=\"noopener\"><img decoding=\"async\" style=\"float: right; width: 200px; height: 312px;\" title=\"Photo: Viktor Salmre\" src=\"https:\/\/sisu.ut.ee\/wp-content\/uploads\/sites\/108\/o._saar_viktor_salmre.jpg\" alt=\"Olivia Saar\"><\/a><\/span><\/span><\/p>\n\n\n\n<p><span style=\"font-size: 16px;\"><span style=\"font-family: Verdana,Geneva,sans-serif;\"><a href=\"https:\/\/sisu.ut.ee\/ewod\/s\/oliviasaar\/stories\"><strong>Short stories<\/strong><\/a><\/span><\/span><\/p>\n\n\n\n<p>\u00a0<\/p>\n\n\n\n<p><span style=\"color: #000000;\"><span style=\"font-size: 13px;\"><span style=\"font-family: Verdana,Geneva,sans-serif;\"><span style=\"line-height: 108%;\"><span style=\"font-weight: normal;\">Olivia Saar <\/span>(until 1954 Olivia Valdmaa, 18 X 1931 \u2013 16 III 2025) was a children\u2019s author and poet.<\/span><\/span><\/span><\/span><\/p>\n\n\n\n<p><span style=\"color: #000000;\"><span style=\"font-size: 13px;\"><span style=\"font-family: Verdana,Geneva,sans-serif;\"><span style=\"line-height: 108%;\">Olivia Saar was born in Narva. Her childhood home was at M\u00e4etaguse in Virumaa county, where her parents were farmers. Saar attended M\u00e4etaguse primary school and Rakvere Pedagogical School, graduated in 1952 from Tallinn Teachers\u2019 Institute and in 1959 from the Tallinn Pedagogical Institute, specialising in Estonian language and literature. <\/span><\/span><\/span><\/span><\/p>\n\n\n\n<p><span style=\"color: #000000;\"><span style=\"font-size: 13px;\"><span style=\"font-family: Verdana,Geneva,sans-serif;\"><span style=\"line-height: 108%;\">From 1952 to 1955 Saar worked in the editorial office of the children\u2019s newspaper <i>S\u00e4de<\/i>, and from 1955 to 1987 on the children\u2019s magazine <i>Pioneer<\/i>. From 1992 to 2006 she worked in the registry of the Tallinn children\u2019s hospital. From 2006 to 2011, working as senior consultant on children\u2019s literature for TEA publishers, Saar initiated several successful series of children\u2019s books, and compiled and edited several collections. Since 1982 until her death she belonged to the Estonian Writers\u2019 Union. Olivia Saar was married to the writer Juhan Saar (1929 \u2013 2007).<\/span><\/span><\/span><\/span><\/p>\n\n\n\n<p><span style=\"color: #000000;\"><span style=\"font-size: 13px;\"><span style=\"font-family: Verdana,Geneva,sans-serif;\"><span style=\"line-height: 108%;\">Olivia Saar began her poetry career with rhythmic, joyful-sounding verses about children and animals. By her own acknowledgement, she became a children\u2019s author thanks to her work with children\u2019s periodicals. Her first poetry collection was <i>Tere, tere tedret\u00e4hnid <\/i>(\u2018Hello, Hello, Freckles\u2019, 1966). Since then she published about thirty children\u2019s poetry collections. The lyrical tone and the depth increased over the years. Saar\u2019s poems are abundantly inspired by children and have simple rhyme and rhythm schemes. She won recognition for her lively poems about nature and the home.<\/span><\/span><\/span><\/span><\/p>\n\n\n\n<p><span style=\"color: #000000;\"><span style=\"font-size: 13px;\"><span style=\"font-family: Verdana,Geneva,sans-serif;\"><span style=\"line-height: 108%;\">The best known and loved of Olivia Saar\u2019s prose books for children is the humorous collection of allegorical stories <i>L\u00f5vi L\u00f5rr ja j\u00e4nes Jass <\/i>(\u2018L\u00f5rr the Lion and Jass the Hare\u2019, 1972), of which there have been several expanded reprints and a television production. In 1981 Olivia Saar produced a collection of lyrical short pieces of reminiscence, <i>M\u00e4ngitud m\u00e4ngud <\/i>(\u2018The Games That Were Played\u2019), and in 1993 a compilation of children\u2019s stories and poems, <i>Maasikamaiad <\/i>(\u2018Crazy About Strawberries\u2019). <\/span><\/span><\/span><\/span><\/p>\n\n\n\n<p><span style=\"color: #000000;\"><span style=\"font-size: 13px;\"><span style=\"font-family: Verdana,Geneva,sans-serif;\"><span style=\"line-height: 108%;\">Saar produced two books of memoirs for adults, <i>Humalapuu <\/i>(\u2018The Hop Tree\u2019, 2005) and <i>Kanarbikukartus <\/i>(\u2018Fear of Heather\u2019, 2010) as well as a collection of aphorisms in verse and prose, <i>Hetked endas <\/i>(\u2018Moments to Oneself\u2019, 2016).<\/span><\/span><\/span><\/span><\/p>\n\n\n\n<p><span style=\"color: #000000;\"><span style=\"font-size: 13px;\"><span style=\"font-family: Verdana,Geneva,sans-serif;\"><span style=\"line-height: 108%;\">In 1988 a selection of Olivia Saar\u2019s poetry, <i>Tuulelillede tuba <\/i>(\u2018A Room of Wind-flowers\u2019), was awarded the Karl Eduard S\u00f6\u00f6t prize for children\u2019s poetry. In 2017 she was awarded the Order of the White Star, class V.<i> <\/i><\/span><\/span><\/span><\/span><\/p>\n\n\n\n<p><span style=\"color: #000000;\"><em><span style=\"font-size: 13px;\"><span style=\"font-family: Verdana,Geneva,sans-serif;\"><span style=\"line-height: 108%;\">L. P. (Translated by C. M.)<\/span><\/span><\/span><\/em><\/span><\/p>\n\n\n\n<p><span style=\"color: #000000;\"><strong><span style=\"font-size: 16px;\"><span style=\"font-family: Verdana,Geneva,sans-serif;\"><span style=\"line-height: 108%;\">Books in Estonian<\/span><\/span><\/span><\/strong><\/span><\/p>\n\n\n\n<p><span style=\"color: #000000;\"><span style=\"font-size: 13px;\"><span style=\"font-family: Verdana,Geneva,sans-serif;\"><span style=\"line-height: 115%;\"><em><b>Poems<\/b><\/em><br><strong>Tere, tere, tedret\u00e4hnid<\/strong>. Tallinn: Eesti Raamat, 1966. 47 lk.<br><strong>Kure sukad<\/strong>. Tallinn: Eesti Raamat, 1968. 35 lk.<br><strong>Pesukaru pesup\u00e4ev<\/strong>. Tallinn: Eesti Raamat, 1969. 32 lk.<br><strong>Suveajal metsarajal<\/strong>. Tallinn: Eesti Raamat, 1970. 24 lk.<br><strong>Varsakabjad<\/strong>. Tallinn: Eesti Raamat, 1970. 20 lk.<br><strong>P\u00e4ike jookseb kaasa<\/strong>. Tallinn: Eesti Raamat, 1971. 32 lk.<br><strong>Mis v\u00e4rvi on kodu<\/strong>. Tallinn: Eesti Raamat, 1975. 37 lk.<br><strong>Pisikesed pildid<\/strong>. Tallinn: Eesti Raamat, 1979. 37 lk.<br><strong>Laulvad liivad<\/strong>. Tallinn: Eesti Raamat, 1985. 49 lk.<br><strong>Naerulohkudega maailm<\/strong>. Tallinn: Eesti Raamat, 1986. 31 lk.<br><strong>Tuulelillede tuba<\/strong>: valikkogu. Tallinn: Eesti Raamat, 1988. 93 lk.<br><strong>Peegeldused<\/strong>. Tallinn: Eesti Raamat, 1989. 96 lk.<br><strong>N\u00f6\u00f6bilugejad<\/strong>. Tallinn: K\u00e4rp, 1991. 44 lk.<br><strong>Kui kuivab kaev<\/strong>. Tallinn: Gramma, 1994. 30 lk.<br><strong>Igal puul on elujooned<\/strong>. Tallinn: Ilo, 2001. 31 lk.<br><strong>Kuldne kuljus loogapuul<\/strong>: valikkogu. Tallinn: TEA Kirjastus, 2007. 41 lk.<br><strong>Vihmavarjude vikerkaar<\/strong>: valikkogu. Tallinn: TEA Kirjastus, 2007. 59 lk.<br><strong>Karuselli karussell<\/strong>. Tallinn: Tammerraamat, 2013. 43 lk.<br><strong>T\u00e4pi Triinu<\/strong>. Tallinn: Koolibri, 2013. 30 lk.<br><strong>Pika suka p\u00e4kapikk<\/strong>: j\u00f5ulu- ja talveluuletusi. Tallinn: Koolibri, 2015. 46 lk.<br><strong>P\u00e4ike s\u00fcles<\/strong>: luulet lastele 1966\u20132012. Tallinn: Tammerraamat, 2016. 203 lk.<br><strong>T\u00e4hed on taevatuled<\/strong>. Tallinn: Tammerraamat, 2019. 24 lk.<br><strong>P\u00e4\u00e4suke ja p\u00e4ike<\/strong>. Saue: P\u00e4ike ja Pilv, 2020. 32 lk.<\/span><\/span><\/span><\/span><\/p>\n\n\n\n<p><span style=\"color: #000000;\"><span style=\"font-size: 13px;\"><span style=\"font-family: Verdana,Geneva,sans-serif;\"><span style=\"line-height: 115%;\"><em><b>Children\u2019s stories<\/b><\/em><br><strong>L\u00f5vi L\u00f5rr ja j\u00e4nes Jass<\/strong>. Tallinn: Eesti Raamat, 1972. 31 lk.<br><strong>M\u00e4ngitud m\u00e4ngud<\/strong>. Tallinn: Eesti Raamat, 1981. 32 lk.<br><strong>Maasikamaiad<\/strong>. Luuletused ja jutud. Tallinn: Oktoober, 1993. 30 lk.<br><strong>Klaasikillum\u00e4ng<\/strong>. L\u00fchijutud ja luuletused. Tallinn: Ilo, 2001. 55 lk.<br><strong>L\u00f5vi L\u00f5rr ja J\u00e4nes Jass: vanad ja uued lood<\/strong>. Tallinn: TEA Kirjastus, 2008. 47 lk.<br><strong>L\u00f5vi L\u00f5rr ja J\u00e4nes Jass seiklevad j\u00e4lle<\/strong>. Tallinn: TEA Kirjastus, 2011. 55 lk.<br><strong>Robi<\/strong>. Tallinn: TEA Kirjastus, 2012. 35 lk.<br><strong>Hiirepoiss Krips ja rotipoiss Kraps<\/strong>. Tallinn: TEA Kirjastus, 2013. 32 lk.<br><strong>L\u00f5vi L\u00f5rri ja J\u00e4nes Jassi seiklused: k\u00f5ik vanad ja uued lood<\/strong>. Tallinn: TEA Kirjastus, 2013. 92 lk.<br><strong>Hilpharakas. T\u00e4nased muinaslood<\/strong>. Tallinn: Koolibri, 2014. 26 lk.<br><strong>Edev nina<\/strong>. Luuletused ja jutud. Tartu: Petrone Print, 2016. 96 lk.<br><strong>Kippu ega k\u00f5ppu<\/strong>. Tallinn: Pegasus, 2017. 30 lk.<\/span><\/span><\/span><\/span><\/p>\n\n\n\n<p><span style=\"color: #000000;\"><span style=\"font-size: 13px;\"><span style=\"font-family: Verdana,Geneva,sans-serif;\"><span style=\"line-height: 115%;\"><em><b>Short prose<\/b><\/em><br><strong>Hetked endas<\/strong>. M\u00f5ttem\u00f5lgutusi ilmast, inimestest, iseendast aastatel 1990\u20132015. Tallinn: Ajakirjade Kirjastus, 2016. 167 lk.<\/span><\/span><\/span><\/span><\/p>\n\n\n\n<p><em><b>Memoirs<\/b><\/em><br><strong>Humalapuu<\/strong>. Tallinn: Canopus, 2005. 176 lk.<\/p>\n","protected":false},"excerpt":{"rendered":"<p>Poems Short stories \u00a0 Olivia Saar (until 1954 Olivia Valdmaa, 18 X 1931 \u2013 16 III 2025) was a children\u2019s author and poet. Olivia Saar was born in Narva. Her childhood home was at M\u00e4etaguse in Virumaa county, where her &#8230;<\/p>\n","protected":false},"author":43,"featured_media":0,"parent":697,"menu_order":0,"comment_status":"closed","ping_status":"closed","template":"","meta":{"_acf_changed":false,"inline_featured_image":false,"footnotes":""},"class_list":["post-1880","page","type-page","status-publish","hentry"],"acf":[],"_links":{"self":[{"href":"https:\/\/sisu.ut.ee\/ewod\/wp-json\/wp\/v2\/pages\/1880","targetHints":{"allow":["GET"]}}],"collection":[{"href":"https:\/\/sisu.ut.ee\/ewod\/wp-json\/wp\/v2\/pages"}],"about":[{"href":"https:\/\/sisu.ut.ee\/ewod\/wp-json\/wp\/v2\/types\/page"}],"author":[{"embeddable":true,"href":"https:\/\/sisu.ut.ee\/ewod\/wp-json\/wp\/v2\/users\/43"}],"replies":[{"embeddable":true,"href":"https:\/\/sisu.ut.ee\/ewod\/wp-json\/wp\/v2\/comments?post=1880"}],"version-history":[{"count":2,"href":"https:\/\/sisu.ut.ee\/ewod\/wp-json\/wp\/v2\/pages\/1880\/revisions"}],"predecessor-version":[{"id":6765,"href":"https:\/\/sisu.ut.ee\/ewod\/wp-json\/wp\/v2\/pages\/1880\/revisions\/6765"}],"up":[{"embeddable":true,"href":"https:\/\/sisu.ut.ee\/ewod\/wp-json\/wp\/v2\/pages\/697"}],"wp:attachment":[{"href":"https:\/\/sisu.ut.ee\/ewod\/wp-json\/wp\/v2\/media?parent=1880"}],"curies":[{"name":"wp","href":"https:\/\/api.w.org\/{rel}","templated":true}]}}