{"id":1878,"date":"2024-04-03T23:42:05","date_gmt":"2024-04-03T20:42:05","guid":{"rendered":"https:\/\/sisu.ut.ee\/ewod\/novels-et-100\/"},"modified":"2024-04-04T00:06:02","modified_gmt":"2024-04-03T21:06:02","slug":"novels","status":"publish","type":"page","link":"https:\/\/sisu.ut.ee\/ewod\/l\/levi\/novels\/","title":{"rendered":"Ahto Levi &#8211; novels"},"content":{"rendered":"<p><span style=\"font-size: medium\"><strong><span style=\"font-family: verdana, geneva\">Books<\/span><\/strong><\/span><\/p>\n<p><strong><em><span style=\"font-family: verdana, geneva\">Hungarian<\/span><\/em><\/strong><br><span style=\"font-family: verdana, geneva\">Achto Levi, <strong>Sz\u00fcrke Farkas napl\u00f3ja<\/strong>. Ford\u00edtotta: Szoboszlai Margit. Budapest: Eur\u00f3pa, 1970, 272 pp. [\u2018Halli Hundi p\u00e4evik\u2019.]<\/span><\/p>\n","protected":false},"excerpt":{"rendered":"<p>Books HungarianAchto Levi, Sz\u00fcrke Farkas napl\u00f3ja. Ford\u00edtotta: Szoboszlai Margit. Budapest: Eur\u00f3pa, 1970, 272 pp. [\u2018Halli Hundi p\u00e4evik\u2019.]<\/p>\n","protected":false},"author":43,"featured_media":0,"parent":1872,"menu_order":0,"comment_status":"closed","ping_status":"closed","template":"","meta":{"_acf_changed":false,"inline_featured_image":false,"footnotes":""},"class_list":["post-1878","page","type-page","status-publish","hentry"],"acf":[],"_links":{"self":[{"href":"https:\/\/sisu.ut.ee\/ewod\/wp-json\/wp\/v2\/pages\/1878","targetHints":{"allow":["GET"]}}],"collection":[{"href":"https:\/\/sisu.ut.ee\/ewod\/wp-json\/wp\/v2\/pages"}],"about":[{"href":"https:\/\/sisu.ut.ee\/ewod\/wp-json\/wp\/v2\/types\/page"}],"author":[{"embeddable":true,"href":"https:\/\/sisu.ut.ee\/ewod\/wp-json\/wp\/v2\/users\/43"}],"replies":[{"embeddable":true,"href":"https:\/\/sisu.ut.ee\/ewod\/wp-json\/wp\/v2\/comments?post=1878"}],"version-history":[{"count":1,"href":"https:\/\/sisu.ut.ee\/ewod\/wp-json\/wp\/v2\/pages\/1878\/revisions"}],"predecessor-version":[{"id":3208,"href":"https:\/\/sisu.ut.ee\/ewod\/wp-json\/wp\/v2\/pages\/1878\/revisions\/3208"}],"up":[{"embeddable":true,"href":"https:\/\/sisu.ut.ee\/ewod\/wp-json\/wp\/v2\/pages\/1872"}],"wp:attachment":[{"href":"https:\/\/sisu.ut.ee\/ewod\/wp-json\/wp\/v2\/media?parent=1878"}],"curies":[{"name":"wp","href":"https:\/\/api.w.org\/{rel}","templated":true}]}}