{"id":1857,"date":"2024-04-03T23:42:03","date_gmt":"2024-04-03T20:42:03","guid":{"rendered":"https:\/\/sisu.ut.ee\/ewod\/about-et-245\/"},"modified":"2024-04-04T00:06:04","modified_gmt":"2024-04-03T21:06:04","slug":"about","status":"publish","type":"page","link":"https:\/\/sisu.ut.ee\/ewod\/a\/aareleid\/about\/","title":{"rendered":"Kai Aareleid &#8211; about"},"content":{"rendered":"<p><span style=\"font-family: verdana, geneva\" data-mce-mark=\"1\"><strong><\/strong><\/span><\/p>\n<p><span style=\"font-family: verdana, geneva;font-size: medium\" data-mce-mark=\"1\"><strong>Reviews<\/strong><\/span><\/p>\n<p><span style=\"font-family: verdana, geneva\" data-mce-mark=\"1\"><strong><\/strong><\/span><\/p>\n<p><span style=\"font-family: verdana, geneva\" data-mce-mark=\"1\"><strong><em>English<\/em><\/strong><\/span><br><span style=\"font-family: verdana, geneva\" data-mce-mark=\"1\">Scott Manley Hadley, <a href=\"https:\/\/minorliteratures.com\/2018\/09\/25\/burning-cities-by-kai-aareleid-trans-adam-cullen-scott-manley-hadley\/?fbclid=IwAR3hLR499Ha4Bi29hOHmX0phkQM0TDtUS-bHtTPGze-TH5hiHGieoeRG4yo\" target=\"_blank\" rel=\"noopener\"><strong>Burning Cities by Kai Aareleid<\/strong><\/a>. \u2013 Minor Literatures, 25. IX 2018. [About \u2018Linnade p\u00f5letamine\u2019.]<\/span><br><span style=\"font-family: verdana, geneva\" data-mce-mark=\"1\">Peeter Helme,\u00a0<strong>Memories and history \u2013 friends or enemies?.<\/strong>\u00a0\u2013 <a href=\"https:\/\/estinst.ee\/wp-content\/uploads\/2017\/03\/598_ELM_2016_43_www_150.pdf\" target=\"_blank\" rel=\"noopener\">Estonian Literary Magazine, no 43, 2016<\/a>, pp 24-29.<br><span style=\"font-family: verdana, geneva\" data-mce-mark=\"1\">Peeter Helme,\u00a0<\/span><strong><a href=\"http:\/\/estlit.ee\/elis\/?cmd=writer&amp;id=83711&amp;txt=99840\" target=\"_blank\" rel=\"noopener\">Memories and history \u2013 friends or enemies?<\/a>.<\/strong><span style=\"font-family: verdana, geneva\" data-mce-mark=\"1\">\u00a0\u2013 Estonian Literature Centre.<br>Rutt Hinrikus, <strong>Kai Aareleid, Vene veri (Russian Blood)<\/strong>. \u2013 <a href=\"https:\/\/estinst.ee\/wp-content\/uploads\/2017\/03\/381_2012_elm_spring.pdf\" target=\"_blank\" rel=\"noopener\">Estonian Literary Magazine, no 34, 2012<\/a>, p 45.<br>Rutt Hinrikus, <a href=\"http:\/\/estlit.ee\/elis\/?cmd=writer&amp;id=83711&amp;txt=86349\" target=\"_blank\" rel=\"noopener\"><strong>Kai Aareleid, Vene veri (Russian Blood)<\/strong><\/a>. \u2013 Estonian Literature Centre.<br>Elle-Mari Talivee, <strong>Russian Blood<\/strong>. \u2013 <a href=\"http:\/\/www.estlit.ee\/centre\/uploads\/catalogues\/kataloog-2012.pdf\" target=\"_blank\" rel=\"noopener\">10 Books from Estonia, no 4, 2012<\/a>, p 6.<br><\/span>Elle-Mari Talivee, <a href=\"http:\/\/estlit.ee\/elis\/?cmd=writer&amp;id=83711&amp;txt=69637\" target=\"_blank\" rel=\"noopener\"><strong>Russian Blood (Vene veri)<\/strong><\/a>. \u2013 Estonian Literature Centre.<br>Elle-Mari Talivee, <a href=\"http:\/\/estlit.ee\/elis\/?cmd=writer&amp;id=83711&amp;txt=70548\" target=\"_blank\" rel=\"noopener\"><strong>Burning Cities<\/strong><\/a>. \u2013 Estonian Literature Centre.<br><\/span><\/p>\n<p><strong><em><span style=\"font-family: verdana, geneva\" data-mce-mark=\"1\">Finnish<\/span><\/em><\/strong><br><span style=\"font-family: verdana, geneva\" data-mce-mark=\"1\"><a href=\"https:\/\/www.ts.fi\/kulttuuri\/kirjat\/arviot\/4420352\/Kirjaarvio+Kai+Aareleidin+Korttitalo+on+riipaisevan+kaunis+ja+koskettava+tarina+tytosta+joka+yrittaa+luoda+yhteyden+poissaolevaan+isaan\" target=\"_blank\" rel=\"noopener\"><strong>Kirja-arvio: Kai Aareleidin Korttitalo on riipaisevan kaunis ja koskettava tarina tyt\u00f6st\u00e4, joka yritt\u00e4\u00e4 luoda yhteyden poissaolevaan is\u00e4\u00e4n<\/strong><\/a>. \u2013 Turun Sanomat, 18. XII 2018. [About \u2018Linnade p\u00f5letamine\u2019.]<\/span><br><span style=\"font-family: verdana, geneva\" data-mce-mark=\"1\">Ville H\u00e4nninen, <strong>[Review of \u2018Linnade p\u00f5letamine\u2019]<\/strong>. \u2013 Parnasso, no 5, 2018, s 64.<\/span><br><span style=\"font-family: verdana, geneva\" data-mce-mark=\"1\">Hanna Samola, <a href=\"https:\/\/www.tuglas.fi\/linnade-p%C3%B5letamine\" target=\"_blank\" rel=\"noopener\"><strong>Kai Aareleid, Linnade p\u00f5letamine<\/strong><\/a>. \u2013 Elo (Tuglas-Seura), no 2, 2017.<\/span><\/p>\n<p><span style=\"font-family: verdana, geneva\" data-mce-mark=\"1\"><strong><em>Latvian<\/em><\/strong><\/span><br><span style=\"font-family: verdana, geneva\" data-mce-mark=\"1\">Arnis Koro\u0161evskis, <a href=\"https:\/\/www.delfi.lv\/kultura\/news\/books\/senas-lietas-kas-aizsit-elpu-romana-pilsetu-dedzinasana-recenzija.d?id=49149939\" target=\"_blank\" rel=\"noopener\"><strong>Senas lietas, kas aizsit elpu. Rom\u0101na \u2018Pils\u0113tu dedzin\u0101\u0161ana\u2019 recenzija<\/strong><\/a>. \u2013 Delfi, 18. VIII 2017. [About \u2018Linnade p\u00f5letamine\u2019.]<\/span><br><span style=\"font-family: verdana, geneva\" data-mce-mark=\"1\">Ieva Melgalve, <a href=\"http:\/\/www.punctummagazine.lv\/2017\/07\/25\/pilseta-pelnos\/\" target=\"_blank\" rel=\"noopener\"><strong>Pils\u0113ta pelnos<\/strong><\/a>. \u2013 Punctum, 25. VII 2017. [About \u2018Linnade p\u00f5letamine\u2019.]<\/span><br><span style=\"font-family: verdana, geneva\" data-mce-mark=\"1\">Inga \u017dolude, <strong>[Review of \u2018Linnade p\u00f5letamine\u2019]<\/strong>. \u2013\u00a0 Kult\u016brz\u012bmes (Latvijas Av\u012bze), 18. VII 2017.<\/span><br><span style=\"font-family: verdana, geneva\" data-mce-mark=\"1\">B\u0101rbala Simsone, <a href=\"https:\/\/www.diena.lv\/raksts\/kd\/recenzijas\/gramatas-_pilsetu-dedzinasana_-recenzija.-teksts-ar-tuksumzimem-14176452\" target=\"_blank\" rel=\"noopener\"><strong>Gr\u0101matas Pils\u0113tu dedzin\u0101\u0161ana recenzija. Teksts ar tuk\u0161umz\u012bm\u0113m<\/strong><\/a>. \u2013 Diena, 17. VII 2017. [About \u2018Linnade p\u00f5letamine\u2019.]<\/span><\/p>\n<p><\/p>\n<p><span style=\"font-family: verdana, geneva\" data-mce-mark=\"1\"><strong><\/strong><\/span><\/p>\n<p><span style=\"font-family: verdana, geneva;font-size: medium\" data-mce-mark=\"1\"><strong>Interviews<\/strong><\/span><\/p>\n<p><span style=\"font-family: verdana, geneva\" data-mce-mark=\"1\"><strong><em>English<\/em><br><\/strong>Veronika Kivisilla, Kai Aareleid,<strong> Noticing both the major and minor. An interview. Part 1<\/strong>. \u2013 <a href=\"https:\/\/estinst.ee\/wp-content\/uploads\/2017\/03\/598_ELM_2016_43_www_150.pdf\" target=\"_blank\" rel=\"noopener\">Estonian Literary Magazine, no 43, 2016<\/a>, pp 2-9.<br><span>Veronika Kivisilla, Kai Aareleid,<\/span><strong>\u00a0<a href=\"http:\/\/estlit.ee\/elis\/?cmd=writer&amp;id=83711&amp;txt=69547\" target=\"_blank\" rel=\"noopener\">Noticing both the major and minor. An interview. Part 1<\/a><\/strong><span>. \u2013 Estonian Literature Centre.<\/span><br><\/span><\/p>\n<p><span style=\"font-family: verdana, geneva\"><strong><em>Finnish<\/em><\/strong><br><a href=\"https:\/\/www.kainuunsanomat.fi\/kainuun-sanomat\/kulttuuri\/viron-uusi-kirjailijatahti-on-melkein-meikalaisia\/\" target=\"_blank\" rel=\"noopener\"><strong>Viron uusi kirjailijat\u00e4hti on melkein meik\u00e4l\u00e4isi\u00e4<\/strong><\/a>. \u2013 Kainuun Sanomat, 2. X 2018. [The interview for the publications of the L\u00e4nnen Media, published also in the newspapers Satakunnan Kansa (30. IX 2018) and Aamulehti.]<br><\/span><\/p>\n","protected":false},"excerpt":{"rendered":"<p>Reviews EnglishScott Manley Hadley, Burning Cities by Kai Aareleid. \u2013 Minor Literatures, 25. IX 2018. [About \u2018Linnade p\u00f5letamine\u2019.]Peeter Helme,\u00a0Memories and history \u2013 friends or enemies?.\u00a0\u2013 Estonian Literary Magazine, no 43, 2016, pp 24-29.Peeter Helme,\u00a0Memories and history \u2013 friends or enemies?.\u00a0\u2013 &#8230;<\/p>\n","protected":false},"author":43,"featured_media":0,"parent":961,"menu_order":0,"comment_status":"closed","ping_status":"closed","template":"","meta":{"_acf_changed":false,"inline_featured_image":false,"footnotes":""},"class_list":["post-1857","page","type-page","status-publish","hentry"],"acf":[],"_links":{"self":[{"href":"https:\/\/sisu.ut.ee\/ewod\/wp-json\/wp\/v2\/pages\/1857","targetHints":{"allow":["GET"]}}],"collection":[{"href":"https:\/\/sisu.ut.ee\/ewod\/wp-json\/wp\/v2\/pages"}],"about":[{"href":"https:\/\/sisu.ut.ee\/ewod\/wp-json\/wp\/v2\/types\/page"}],"author":[{"embeddable":true,"href":"https:\/\/sisu.ut.ee\/ewod\/wp-json\/wp\/v2\/users\/43"}],"replies":[{"embeddable":true,"href":"https:\/\/sisu.ut.ee\/ewod\/wp-json\/wp\/v2\/comments?post=1857"}],"version-history":[{"count":1,"href":"https:\/\/sisu.ut.ee\/ewod\/wp-json\/wp\/v2\/pages\/1857\/revisions"}],"predecessor-version":[{"id":3221,"href":"https:\/\/sisu.ut.ee\/ewod\/wp-json\/wp\/v2\/pages\/1857\/revisions\/3221"}],"up":[{"embeddable":true,"href":"https:\/\/sisu.ut.ee\/ewod\/wp-json\/wp\/v2\/pages\/961"}],"wp:attachment":[{"href":"https:\/\/sisu.ut.ee\/ewod\/wp-json\/wp\/v2\/media?parent=1857"}],"curies":[{"name":"wp","href":"https:\/\/api.w.org\/{rel}","templated":true}]}}