{"id":1851,"date":"2024-04-03T23:42:02","date_gmt":"2024-04-03T20:42:02","guid":{"rendered":"https:\/\/sisu.ut.ee\/ewod\/leberecht\/"},"modified":"2024-04-04T00:06:07","modified_gmt":"2024-04-03T21:06:07","slug":"leberecht","status":"publish","type":"page","link":"https:\/\/sisu.ut.ee\/ewod\/l\/leberecht\/","title":{"rendered":"Hans Leberecht"},"content":{"rendered":"<p>\n\t<span style=\"font-family: verdana, geneva\"><span style=\"font-size: medium\"><strong><a href=\"https:\/\/sisu.ut.ee\/ewod\/l\/leberecht\/novels\">Novels and novellas<\/a><\/strong>\u00a0<a href=\"https:\/\/sisu.ut.ee\/wp-content\/uploads\/sites\/108\/b-131-108_hans_leberecht_yevgeny_ryapasov.jpg\" target=\"_self\" rel=\"noopener\"><img decoding=\"async\" alt=\"Hans Leberecht\" src=\"https:\/\/sisu.ut.ee\/wp-content\/uploads\/sites\/108\/b-131-108_hans_leberecht_yevgeny_ryapasov.jpg\" style=\"float: right;width: 200px;height: 304px\" title=\"Photo: Yevgeny Ryapasov\"><\/a><\/span><\/span>\n<\/p>\n<p>\n\t<a href=\"https:\/\/sisu.ut.ee\/ewod\/l\/leberecht\/stories\"><span style=\"font-family: verdana, geneva\"><strong><span style=\"font-size: medium\">Short stories<\/span><\/strong><\/span><\/a>\n<\/p>\n<p>\n\t<a href=\"https:\/\/sisu.ut.ee\/ewod\/l\/leberecht\/nonfiction\"><span style=\"font-family: verdana, geneva\"><strong><span style=\"font-size: medium\">Non-fiction<\/span><\/strong><\/span><\/a><br>\u00a0\n<\/p>\n<p><span style=\"font-family: verdana, geneva;font-size: small\">Hans Leberecht (1. XII \/ 18. XI 1910 \u2013 10. XI 1960) was an Estonian author who diligently followed the guidelines of the Communist Party of the Soviet Union and socialist realism in his works. Although he wrote in Russian, political forces shaped him into an indicator of the direction of Estonian literature in the Stalin era on the basis of his novel <em>Valgus Koordis<\/em> (\u2018Light in Koordi\u2019) and established him as an author.<\/span><\/p>\n<p>Hans Leberecht was born in St. Petersburg into an Estonian working-class family. He spent his childhood at his grandmother\u2019s home in the village of Koordi in J\u00e4rvamaa county. After leaving secondary school Leberecht went to work in an electrical machinery works in Leningrad, where he also took part in literary activities. In 1934 he attended the first Soviet writers\u2019 congress, where the principles of socialist realism were elucidated. His first stories started to appear in journals in the thirties. One of them \u2013 <em>Igavene v\u00e4rv<\/em> (\u2018Eternal Colour\u2019) \u2013 won second prize in an all-Union story competition. In 1935 Leberecht went to study at the Maxim Gorky Literature Institute, from which he was expelled a couple of years later because of persecution of his father. Until the war Leberecht worked as a picture restorer. In the Second World War he mainly served in the Estonian Rifle Corps and wrote dispatches from the front for the divisional paper. In 1944 he joined the Communist Party. After the war Leberecht settled in Tallinn, where he wrote sketches as a special correspondent for the newspaper <em>Sovetskaya Estoniya<\/em>. Following the recognition he received for <em>Valgus Koordis<\/em> he became a freelance author.<\/p>\n<p>The novel <em>Valgus Koordis<\/em>, which first appeared in the Leningrad newspaper <em>Zvezda<\/em> in 1948, is one of the earliest works to deal with the subject of the establishment of the kolkhoz, or collective farm, in the Estonian SSR. The story was also hurriedly translated into Estonian in 1949. The appearance of the novel was accompanied by a scandal: the manuscript was at first ignored in a novel competition, but because it was said to have made an impression on Stalin himself, it was decided to create a new jury to declare it the winner. This was followed by Stalin\u2019s\u00a0 prize (class III), a rapturous reception, and translation into 23 languages. The story was the basis of the first Estonian colour feature film (1951) and an opera (1955).<\/p>\n<p>Leberecht\u2019s other works, too, are largely based on the conflict between support of Soviet power as new and positive, and opposition to Soviet power as old and negative. In his story <em>Teel<\/em> (\u2018On the Road\u2019, 1951), the confrontation develops against the background of swamp drainage, which, as a part of the reshaping of nature, was a favoured aspect of the programme of socialist realism. With the novel <em>Kaptenid<\/em> (\u2018The Captains\u2019, 1955, in Estonian 1956) the conflict is set in an industrial environment, at a gas works. A film, <em>Andruse \u00f5nn<\/em> (\u2018Andrus\u2019 Luck\u2019, 1955) was based on the novel. In the novel <em>S\u00f5durid l\u00e4hevad koju<\/em> (\u2018The Soldiers Go Home\u2019) Leberecht deals with the confrontation between the new and the old in the context of the Second World War, concentrating on a depiction of the Estonian Rifle Corps. The conflict is developed from the assertion that the war shaped and affirmed Estonians\u2019 revulsion at Fascism and their belief in Communism and Soviet power. In the story <em>\u00dches majas<\/em> (\u2018In One House\u2019, 1957, in Estonian 1958) two kolkhoz managers confront one another \u2013 a positive and reform-minded one and an egotist who is hungry for power. On the basis of the story a film, <em>\u00dche katuse all<\/em> (\u2018Under One Roof\u2019), was made in 1962. The novel <em>Vassarite palee<\/em> (\u2018The Vassars\u2019 Palace\u2019, 1960) tells the story of one Estonian family in St. Petersburg during the First World War and the revolutions that followed it. The largely autobiographical novel is considered artistically the most noteworthy of Leberecht\u2019s works because of its convincing and generalizing depiction of the conditions. The short stories Leberecht wrote in the fifties are compiled in the collection <em>Pronkss\u00f5rmus<\/em> (\u2018The Bronze Ring\u2019, 1961).<\/p>\n<p><em>I. S. (Translated by C. M.)<\/em><\/p>\n<p><strong><span style=\"font-size: medium\">Books in Russian<\/span><\/strong>\n<\/p>\n<p>\n\t<span style=\"font-family: verdana, geneva\"><strong><em>Novels and novellas<\/em><\/strong><br><span style=\"font-family: verdana, geneva;font-size: small\">\u0413\u0430\u043d\u0441 \u041b\u0435\u0431\u0435\u0440\u0435\u0445\u0442, <strong>\u0421\u0432\u0435\u0442 \u0432 \u041a\u043e\u043e\u0440\u0434\u0438: \u043f\u043e\u0432\u0435\u0441\u0442\u044c<\/strong>. P\u0438\u0441\u0443\u043d\u043a\u0438: \u0412. \u041a\u0443\u0434\u0440\u043e\u0432. \u041b\u0435\u043d\u0438\u043d\u0433\u0440\u0430\u0434: \u0421\u043e\u0432\u0435\u0442\u0441\u043a\u0438\u0439 \u043f\u0438\u0441\u0430\u0442\u0435\u043b\u044c, 1949, 207 pp. [Next eds: \u0420\u0438\u0433\u0430: \u041b\u0430\u0442\u0433\u043e\u0441\u0438\u0437\u0434\u0430\u0442, 1949, 207 pp; \u041b\u0435\u043d\u0438\u043d\u0433\u0440\u0430\u0434: \u0421\u043e\u0432\u0435\u0442\u0441\u043a\u0438\u0439 \u043f\u0438\u0441\u0430\u0442\u0435\u043b\u044c, 1949, 216 pp; \u041c\u043e\u0441\u043a\u0432\u0430: \u0413\u043e\u0441\u043b\u0438\u0442\u0438\u0437\u0434\u0430\u0442, 1949, 190 pp; \u041c\u043e\u0441\u043a\u0432\u0430: \u0413\u043e\u0441\u043b\u0438\u0442\u0438\u0437\u0434\u0430\u0442, 1950, 68 pp; \u2018\u041f\u043e\u0432\u0435\u0441\u0442\u0438\u2019 (\u2018\u0421\u0432\u0435\u0442 \u0432 \u041a\u043e\u043e\u0440\u0434\u0438\u2019, \u2018\u0412 \u0434\u043e\u0440\u043e\u0433\u0435\u2019, \u041c\u043e\u0441\u043a\u0432\u0430: \u0413\u043e\u0441\u043b\u0438\u0442\u0438\u0437\u0434\u0430\u0442, 1953, 336 pp.]<\/span><br><span style=\"font-family: verdana, geneva;font-size: small\">\u0413\u0430\u043d\u0441 \u0424\u0440\u0438\u0434\u0440\u0438\u0445\u043e\u0432\u0438\u0447 \u041b\u0435\u0431\u0435\u0440\u0435\u0445\u0442, <strong>\u0412 \u0434\u043e\u0440\u043e\u0433\u0435: \u043f\u043e\u0432\u0435\u0441\u0442\u044c<\/strong>. \u0422\u0430\u043b\u043b\u0438\u043d: \u042d\u0441\u0442\u0433\u043e\u0441\u0438\u0437\u0434\u0430\u0442, 1951, 180 pp. [Next eds: \u041b\u0435\u043d\u0438\u043d\u0433\u0440\u0430\u0434: \u0421\u043e\u0432\u0435\u0442\u0441\u043a\u0438\u0439 \u043f\u0438\u0441\u0430\u0442\u0435\u043b\u044c, 1951, 168 pp; \u2018\u041f\u043e\u0432\u0435\u0441\u0442\u0438\u2019 (\u2018\u0421\u0432\u0435\u0442 \u0432 \u041a\u043e\u043e\u0440\u0434\u0438\u2019, \u2018\u0412 \u0434\u043e\u0440\u043e\u0433\u0435\u2019), \u041c\u043e\u0441\u043a\u0432\u0430: \u0413\u043e\u0441\u043b\u0438\u0442\u0438\u0437\u0434\u0430\u0442, 1953, 336 pp.]<\/span><br><span style=\"font-family: verdana, geneva;font-size: small\">\u0413\u0430\u043d\u0441 \u041b\u0435\u0431\u0435\u0440\u0435\u0445\u0442, <strong>\u041a\u0430\u043f\u0438\u0442\u0430\u043d\u044b: \u0440\u043e\u043c\u0430\u043d<\/strong>. \u041b\u0435\u043d\u0438\u043d\u0433\u0440\u0430\u0434: \u0421\u043e\u0432\u0435\u0442\u0441\u043a\u0438\u0439 \u043f\u0438\u0441\u0430\u0442\u0435\u043b\u044c, 1955, 228 pp. [Nexts ed: \u0422\u0430\u043b\u043b\u0438\u043d\u043d: \u042d\u0441\u0442\u043e\u043d\u0441\u043a\u043e\u0435 \u0433\u043e\u0441\u0443\u0434\u0430\u0440\u0441\u0442\u0432\u0435\u043d\u043d\u043e\u0435 \u0438\u0437\u0434\u0430\u0442\u0435\u043b\u044c\u0441\u0442\u0432\u043e, 1956, 228 pp.]<br><span style=\"font-family: verdana, geneva;font-size: small\">\u0413\u0430\u043d\u0441 \u041b\u0435\u0431\u0435\u0440\u0435\u0445\u0442, <strong>\u0421\u043e\u043b\u0434\u0430\u0442\u044b \u0438\u0434\u0443\u0442 \u0434\u043e\u043c\u043e\u0439<\/strong>. \u041e\u0431\u043b\u043e\u0436\u043a\u0430: \u041f. \u0420\u044d\u044d\u0432\u044d\u044d\u0440. \u041b\u0435\u043d\u0438\u043d\u0433\u0440\u0430\u0434: \u0421\u043e\u0432\u0435\u0442\u0441\u043a\u0438\u0439 \u043f\u0438\u0441\u0430\u0442\u0435\u043b\u044c, 1957, 436 pp. [Next eds: \u0422\u0430\u043b\u043b\u0438\u043d: \u042d\u0441\u0442\u0433\u043e\u0441\u0438\u0437\u0434\u0430\u0442, 1959, 439 pp; \u041c\u043e\u0441\u043a\u0432\u0430: \u0413\u043e\u0441\u043b\u0438\u0442\u0438\u0437\u0434\u0430\u0442, 1960, 422 pp; \u0422\u0430\u043b\u043b\u0438\u043d: \u042d\u044d\u0441\u0442\u0438 \u0440\u0430\u0430\u043c\u0430\u0442, 1969, 440 pp.]<br><span style=\"font-family: verdana, geneva;font-size: small\">\u0413\u0430\u043d\u0441 \u041b\u0435\u0431\u0435\u0440\u0435\u0445\u0442, <strong>\u0414\u0432\u043e\u0440\u0446\u044b \u0412\u0430\u0441\u0441\u0430\u0440\u043e\u0432. \u0427\u0430\u0441\u0442\u044c 1-4: \u0440\u043e\u043c\u0430\u043d<\/strong>. \u041c\u043e\u0441\u043a\u0432\u0430: \u0413\u043e\u0441\u043b\u0438\u0442\u0438\u0437\u0434\u0430\u0442 (\u0420\u043e\u043c\u0430\u043d-\u0433\u0430\u0437\u0435\u0442\u0430), 1961, 125 pp. [Next eds: \u041b\u0435\u043d\u0438\u043d\u0433\u0440\u0430\u0434: \u0421\u043e\u0432\u0435\u0442\u0441\u043a\u0438\u0439 \u043f\u0438\u0441\u0430\u0442\u0435\u043b\u044c, 1961, 766 pp; \u0422\u0430\u043b\u043b\u0438\u043d\u043d: \u042d\u0441\u0442\u0433\u043e\u0441\u0438\u0437\u0434\u0430\u0442, 1964, 756 pp; \u041c\u043e\u0441\u043a\u0432\u0430: \u0425\u0443\u0434\u043e\u0436\u0435\u0441\u0442\u0432\u0435\u043d\u043d\u0430\u044f \u043b\u0438\u0442\u0435\u0440\u0430\u0442\u0443\u0440\u0430, 1965, 632 pp.]<br>\u0413\u0430\u043d\u0441 \u041b\u0435\u0431\u0435\u0440\u0435\u0445\u0442, \u0412 \u043e\u0434\u043d\u043e\u043c \u0434\u043e\u043c\u0435: \u043f\u043e\u0432\u0435\u0441\u0442\u044c. \u041b\u0435\u043d\u0438\u043d\u0433\u0440\u0430\u0434: \u0421\u043e\u0432\u0435\u0442\u0441\u043a\u0438\u0439 \u043f\u0438\u0441\u0430\u0442\u0435\u043b\u044c, 1958, 290 pp.<br><span style=\"font-family: verdana, geneva;font-size: small\">\u0413\u0430\u043d\u0441 \u041b\u0435\u0431\u0435\u0440\u0435\u0445\u0442, <strong>\u0414\u0432\u043e\u0440\u0446\u044b \u0412\u0430\u0441\u0441\u0430\u0440\u043e\u0432. \u0427\u0430\u0441\u0442\u044c 5-6: \u0440\u043e\u043c\u0430\u043d<\/strong>. \u041c\u043e\u0441\u043a\u0432\u0430: \u0413\u043e\u0441\u043b\u0438\u0442\u0438\u0437\u0434\u0430\u0442 (\u0420\u043e\u043c\u0430\u043d-\u0433\u0430\u0437\u0435\u0442\u0430), 1961, 128 pp. [Next eds: \u041b\u0435\u043d\u0438\u043d\u0433\u0440\u0430\u0434: \u0421\u043e\u0432\u0435\u0442\u0441\u043a\u0438\u0439 \u043f\u0438\u0441\u0430\u0442\u0435\u043b\u044c, 1961, 766 pp; \u0422\u0430\u043b\u043b\u0438\u043d\u043d: \u042d\u0441\u0442\u0433\u043e\u0441\u0438\u0437\u0434\u0430\u0442, 1964, 756 pp; \u041c\u043e\u0441\u043a\u0432\u0430: \u0425\u0443\u0434\u043e\u0436\u0435\u0441\u0442\u0432\u0435\u043d\u043d\u0430\u044f \u043b\u0438\u0442\u0435\u0440\u0430\u0442\u0443\u0440\u0430, 1965, 632 pp.]<\/span><\/span><\/span><\/span><br>\u0413\u0430\u043d\u0441 \u041b\u0435\u0431\u0435\u0440\u0435\u0445\u0442, <strong>\u0414\u0432\u043e\u0440\u0446\u044b \u0412\u0430\u0441\u0441\u0430\u0440\u043e\u0432. \u041e\u043a\u043e\u043d\u0447\u0430\u043d\u0438\u0435<\/strong>. \u041c\u043e\u0441\u043a\u0432\u0430: \u0413\u043e\u0441\u043b\u0438\u0442\u0438\u0437\u0434\u0430\u0442 (\u0420\u043e\u043c\u0430\u043d-\u0433\u0430\u0437\u0435\u0442\u0430), 1961, 128 pp. [Next eds: \u041b\u0435\u043d\u0438\u043d\u0433\u0440\u0430\u0434: \u0421\u043e\u0432\u0435\u0442\u0441\u043a\u0438\u0439 \u043f\u0438\u0441\u0430\u0442\u0435\u043b\u044c, 1961, 766 pp; \u0422\u0430\u043b\u043b\u0438\u043d\u043d: \u042d\u0441\u0442\u0433\u043e\u0441\u0438\u0437\u0434\u0430\u0442, 1964, 756 pp; \u041c\u043e\u0441\u043a\u0432\u0430: \u0425\u0443\u0434\u043e\u0436\u0435\u0441\u0442\u0432\u0435\u043d\u043d\u0430\u044f \u043b\u0438\u0442\u0435\u0440\u0430\u0442\u0443\u0440\u0430, 1965, 632 pp.]<\/span><\/p>\n<p><strong><span style=\"font-size: medium\">Books in Estonian<\/span><\/strong>\n<\/p>\n<p>\n\t<span style=\"font-family: verdana, geneva;font-size: small\"><strong><em>Novels and novellas<\/em> <\/strong><br><strong>Valgus Koordis<\/strong>. Vene keelest t\u00f5lkinud Lembit Remmelgas. Tallinn: Ilukirjandus ja Kunst, 1949, 283 lk. [\u2018\u0421\u0432\u0435\u0442 \u0432 \u041a\u043e\u043e\u0440\u0434\u0438\u2019. 2. tr\u00fckk: 1949; 3. tr\u00fckk: 1953, 4. tr\u00fckk: 1963 (Teosed III).]<br><span style=\"font-family: verdana, geneva;font-size: small\"><strong>Teel<\/strong>. Vene keelest t\u00f5lkinud Johan Tamm. Tallinn: Eesti Riiklik Kirjastus, 1951, 176 lk. [\u2018\u0412 \u0434\u043e\u0440\u043e\u0433\u0435\u2019. 2. tr\u00fckk: 1954, 3. tr\u00fckk: 1963 (Teosed I).] <\/span><br><strong>Kaptenid<\/strong>. Tallinn: Eesti Raamat, 1956, 218 lk. Vene keelest t\u00f5lkinud Johan Tamm. [\u2018\u041a\u0430\u043f\u0438\u0442\u0430\u043d\u044b\u2019. 2. tr\u00fckk: 1964 (Teosed II).]<br><strong>S\u00f5durid l\u00e4hevad koju<\/strong>. Vene keelest t\u00f5lkinud Johan Tamm. Tallinn: Eesti Riiklik Kirjastus 1957, 424 lk. [\u2018\u0421\u043e\u043b\u0434\u0430\u0442\u044b \u0438\u0434\u0443\u0442 \u0434\u043e\u043c\u043e\u0439\u2019. 2. tr\u00fckk: 1965 (Teosed IV).]<br><span style=\"font-family: verdana, geneva;font-size: small\"><strong>\u00dches majas<\/strong>. Vene keelest t\u00f5lkinud Johan Tamm. Tallinn: Eesti Riiklik Kirjastus, 1958, 282 lk. [\u2018\u0412 \u043e\u0434\u043d\u043e\u043c \u0434\u043e\u043c\u0435\u2019. 2. tr\u00fckk: 1959, 3. tr\u00fckk: 1964 (Teosed II).]\u00a0 <\/span><br><strong>Vassarite paleed<\/strong>. Vene keelest t\u00f5lkinud Asta Blumenfeld, J\u00fcri Piik ja Johan Tamm. Tallinn: Eesti Riiklik Kirjastus, 1960, 756 lk. [\u2018\u0414\u0432\u043e\u0440\u0446\u044b \u0412\u0430\u0441\u0441\u0430\u0440\u043e\u0432\u2019. 2. tr\u00fckk: 1967 (Teosed IV).]<br><span style=\"font-family: verdana, geneva;font-size: small\"><strong>Pronkss\u00f5rmus<\/strong>. Tallinn: Eesti Riiklik Kirjastus, 1961, 123 lk.<\/span><\/span><\/p>\n<p><strong><em>Collected Works<\/em><\/strong><br><strong>Teosed I: Valgus Koordis. Teel<\/strong>. Tallinn: Eesti Riiklik Kirjastus, 1963, 364 lk.<br><strong>Teosed II: Kaptenid. \u00dches majas<\/strong>. Tallinn: Eesti Riiklik Kirjastus, 1964, 452 lk.<br><strong>Teosed III: S\u00f5durid l\u00e4hevad koju<\/strong>. Tallinn: Eesti Raamat, 1965, 379 lk.<br><strong>Teosed IV: Vassarite paleed<\/strong>. Tallinn: Eesti Raamat, 1967, 744 lk.<br><strong>Teosed V: Jutustused. Publitsistika<\/strong>. Tallinn: Eesti Raamat, 1969, 216 lk.<\/p>\n","protected":false},"excerpt":{"rendered":"<p>Novels and novellas\u00a0 Short stories Non-fiction\u00a0 Hans Leberecht (1. XII \/ 18. XI 1910 \u2013 10. XI 1960) was an Estonian author who diligently followed the guidelines of the Communist Party of the Soviet Union and socialist realism in his &#8230;<\/p>\n","protected":false},"author":43,"featured_media":0,"parent":631,"menu_order":0,"comment_status":"closed","ping_status":"closed","template":"","meta":{"_acf_changed":false,"inline_featured_image":false,"footnotes":""},"class_list":["post-1851","page","type-page","status-publish","hentry"],"acf":[],"_links":{"self":[{"href":"https:\/\/sisu.ut.ee\/ewod\/wp-json\/wp\/v2\/pages\/1851","targetHints":{"allow":["GET"]}}],"collection":[{"href":"https:\/\/sisu.ut.ee\/ewod\/wp-json\/wp\/v2\/pages"}],"about":[{"href":"https:\/\/sisu.ut.ee\/ewod\/wp-json\/wp\/v2\/types\/page"}],"author":[{"embeddable":true,"href":"https:\/\/sisu.ut.ee\/ewod\/wp-json\/wp\/v2\/users\/43"}],"replies":[{"embeddable":true,"href":"https:\/\/sisu.ut.ee\/ewod\/wp-json\/wp\/v2\/comments?post=1851"}],"version-history":[{"count":1,"href":"https:\/\/sisu.ut.ee\/ewod\/wp-json\/wp\/v2\/pages\/1851\/revisions"}],"predecessor-version":[{"id":3235,"href":"https:\/\/sisu.ut.ee\/ewod\/wp-json\/wp\/v2\/pages\/1851\/revisions\/3235"}],"up":[{"embeddable":true,"href":"https:\/\/sisu.ut.ee\/ewod\/wp-json\/wp\/v2\/pages\/631"}],"wp:attachment":[{"href":"https:\/\/sisu.ut.ee\/ewod\/wp-json\/wp\/v2\/media?parent=1851"}],"curies":[{"name":"wp","href":"https:\/\/api.w.org\/{rel}","templated":true}]}}