{"id":1847,"date":"2024-04-03T23:42:02","date_gmt":"2024-04-03T20:42:02","guid":{"rendered":"https:\/\/sisu.ut.ee\/ewod\/vain\/"},"modified":"2024-04-04T00:06:06","modified_gmt":"2024-04-03T21:06:06","slug":"vain","status":"publish","type":"page","link":"https:\/\/sisu.ut.ee\/ewod\/v\/vain\/","title":{"rendered":"Markus V\u00e4in"},"content":{"rendered":"<p>\n\t<a href=\"https:\/\/sisu.ut.ee\/wp-content\/uploads\/sites\/108\/image_123650291.jpg\" target=\"_self\" rel=\"noopener\"><img decoding=\"async\" alt=\"Markus V\u00e4in\" src=\"https:\/\/sisu.ut.ee\/wp-content\/uploads\/sites\/108\/image_123650291.jpg\" style=\"float: right;width: 200px;height: 300px\"><\/a><\/p>\n<p><span style=\"font-size:13px\"><span style=\"font-family:Verdana,Geneva,sans-serif\"><span style=\"color:#000000\">Markus V\u00e4in (born 7 March 1999) is a prose writer.<\/span><\/span><\/span>\n<\/p>\n<p>\n\t<span style=\"font-size:13px\"><span style=\"font-family:Verdana,Geneva,sans-serif\"><span style=\"color:#000000\">V\u00e4in was born in Tallinn. He completed N\u00f5mme Gymnasium in Tallinn in 2018 and graduated from the University of Tartu with a BA in law in 2021. V\u00e4in is doing his master\u2019s studies in political science at Tallinn University. He is a member of the Estonian Writers\u2019 Union from 2022.<\/span><\/span><\/span>\n<\/p>\n<p>\n\t<span style=\"color:#000000\"><span style=\"font-size:13px\"><span style=\"font-family:Verdana,Geneva,sans-serif\">Markus V\u00e4in has published two bulky thriller novels. In 2018, V\u00e4in achieved the third place at the novel competition of T\u00e4nap\u00e4ev publishers with his manuscript <em>Illuminati<\/em>. In the novel, the prime minister\u2019s daughter discovers his father\u2019s secret, and the events develop at lightning speed. The author himself has commented <em>Illuminati<\/em>: \u201cI wrote this book during my high school years. For me, this story is like a parody of evil. The point is that conspiracy theories, like all sorts of myths, which dictatorships and political extremism base themselves on, must be recognized and ignored. For they are the root of all evil, corrupting minds and causing disasters. Almost all characters in this book are delusional, bigoted and arrogant, but at the same time remain ridiculous and comical. The story runs a bit like an action movie-inspired spoof.\u201d<\/span><\/span><\/span>\n<\/p>\n<p>\n\t<span style=\"font-size:13px\"><span style=\"font-family:Verdana,Geneva,sans-serif\"><span style=\"color:#000000\">The thriller <em>Loss<\/em> (\u2018Castle\u2019, 2021) is V\u00e4in\u2019s second novel. The protagonist is a young bank clerk who comes to visit the lord of the castle to manage his accounts and property, but a whirlpool of initially unexplainable events unravels. V\u00e4in\u2019s works reveal the author\u2019s broad erudition. In the novel <em>Loss<\/em>, influences of Kafka\u2019s novel <em>Das Schloss<\/em> and <\/span><a data-url=\"https:\/\/sisu.ut.ee\/ewod\/r\/ristikivi\" href=\"https:\/\/sisu.ut.ee\/ewod\/r\/ristikivi\" title=\"\">Karl Ristikivi<\/a><span style=\"color:#000000\">\u2019s novel <em>Hingede \u00f6\u00f6<\/em> (\u2018Night of Souls\u2019) can be found. The text also displays elements of magical realism.<\/span><\/span><\/span>\n<\/p>\n<p>\n\t<em><span style=\"font-size:13px\"><span style=\"font-family:Verdana,Geneva,sans-serif\"><span style=\"color:#000000\">L. P. (Translated by I. A.)<\/span><\/span><\/span><\/em><\/p>\n<p>\u00a0\n<\/p>\n<p>\n\t<strong><span style=\"font-size:16px\"><span style=\"font-family:Verdana,Geneva,sans-serif\"><span style=\"color:#000000\">Books in Estonian<\/span><\/span><\/span><\/strong>\n<\/p>\n<p>\n\t<strong><em><span style=\"font-size:13px\"><span style=\"font-family:Verdana,Geneva,sans-serif\"><span style=\"color:#000000\">Novels<\/span><\/span><\/span><\/em><\/strong><br><span style=\"font-size:13px\"><span style=\"font-family:Verdana,Geneva,sans-serif\"><span style=\"color:#000000\"><strong>Illuminati<\/strong>. Tallinn: T\u00e4nap\u00e4ev, 2019. 620 pp.<br><strong>Loss<\/strong>. Tallinn: Hea Lugu, 2021. 380 pp.<\/span><\/span><\/span><\/p>\n","protected":false},"excerpt":{"rendered":"<p>Markus V\u00e4in (born 7 March 1999) is a prose writer. V\u00e4in was born in Tallinn. He completed N\u00f5mme Gymnasium in Tallinn in 2018 and graduated from the University of Tartu with a BA in law in 2021. V\u00e4in is doing &#8230;<\/p>\n","protected":false},"author":43,"featured_media":0,"parent":733,"menu_order":0,"comment_status":"closed","ping_status":"closed","template":"","meta":{"_acf_changed":false,"inline_featured_image":false,"footnotes":""},"class_list":["post-1847","page","type-page","status-publish","hentry"],"acf":[],"_links":{"self":[{"href":"https:\/\/sisu.ut.ee\/ewod\/wp-json\/wp\/v2\/pages\/1847","targetHints":{"allow":["GET"]}}],"collection":[{"href":"https:\/\/sisu.ut.ee\/ewod\/wp-json\/wp\/v2\/pages"}],"about":[{"href":"https:\/\/sisu.ut.ee\/ewod\/wp-json\/wp\/v2\/types\/page"}],"author":[{"embeddable":true,"href":"https:\/\/sisu.ut.ee\/ewod\/wp-json\/wp\/v2\/users\/43"}],"replies":[{"embeddable":true,"href":"https:\/\/sisu.ut.ee\/ewod\/wp-json\/wp\/v2\/comments?post=1847"}],"version-history":[{"count":1,"href":"https:\/\/sisu.ut.ee\/ewod\/wp-json\/wp\/v2\/pages\/1847\/revisions"}],"predecessor-version":[{"id":3231,"href":"https:\/\/sisu.ut.ee\/ewod\/wp-json\/wp\/v2\/pages\/1847\/revisions\/3231"}],"up":[{"embeddable":true,"href":"https:\/\/sisu.ut.ee\/ewod\/wp-json\/wp\/v2\/pages\/733"}],"wp:attachment":[{"href":"https:\/\/sisu.ut.ee\/ewod\/wp-json\/wp\/v2\/media?parent=1847"}],"curies":[{"name":"wp","href":"https:\/\/api.w.org\/{rel}","templated":true}]}}