{"id":1843,"date":"2024-04-03T23:42:02","date_gmt":"2024-04-03T20:42:02","guid":{"rendered":"https:\/\/sisu.ut.ee\/ewod\/kronberg\/"},"modified":"2024-04-04T00:06:05","modified_gmt":"2024-04-03T21:06:05","slug":"kronberg","status":"publish","type":"page","link":"https:\/\/sisu.ut.ee\/ewod\/k\/kronberg\/","title":{"rendered":"Janika Kronberg"},"content":{"rendered":"<p>\n\t<a href=\"https:\/\/sisu.ut.ee\/wp-content\/uploads\/sites\/108\/janika_kronberg_alar_madisson.jpg\" target=\"_self\" rel=\"noopener\"><img decoding=\"async\" alt=\"Janika Kronberg\" src=\"https:\/\/sisu.ut.ee\/wp-content\/uploads\/sites\/108\/janika_kronberg_alar_madisson_vaike.jpg\" style=\"float: right;width: 200px;height: 303px\" title=\"Photo: Alar Madisson\"><\/a><\/p>\n<p>Janika Kronberg (born 24 November 1963) is a literary researcher and editor.\n<\/p>\n<p>\n\tKronberg was born and attended school in V\u00f5ru; from 1982\u20131989, he studied at the Faculty of Philology of Tartu State University, graduating from it in the speciality of Estonian literature. His master\u2019s thesis carried the title <em>Eesti Kirjanike Kooperatiiv 1950\u20131994<\/em> (\u2018The Estonian Writers\u2019 Cooperative 1950\u20131994\u2019, 2001). He has been head of the <a data-url=\"https:\/\/sisu.ut.ee\/ewod\/r\/ristikivi\" href=\"https:\/\/sisu.ut.ee\/ewod\/r\/ristikivi\" title=\"\">Karl Ristikivi<\/a> Museum in Tartu, a researcher at the University of Tartu and the Estonian Literary Museum, also director of the latter (2005-2015) and chief editor of the journal <em>Looming<\/em> (2016\u20132021). Kronberg is a member of the Estonian Writers\u2019 Union (chairman of its Tartu department from 1996\u20132005), a member of the student society Veljesto, the Estonian Literary Society, the Estonian Comparative Literature Association and Association for the Advancement of Baltic Studies, and chairman of Karl Ristikivi Society. For the book <em>R\u00e4nnud kuue reisijuhiga<\/em> (\u2018Journeys with Six Travel Guides\u2019, 2013), he received the <a data-url=\"https:\/\/sisu.ut.ee\/ewod\/k\/bernardkangro\" href=\"https:\/\/sisu.ut.ee\/ewod\/k\/bernardkangro\" title=\"\">Bernard Kangro<\/a> Literary Award and the travel book prize of the Go Travel travel agency in 2014. He was awarded the Order of the White Star, Class 4 in 2015.\n<\/p>\n<p>\n\tOne of Kronberg\u2019s main research areas has been Karl Ristikivi\u2019s creation. Kronberg was engaged in founding the Karl Ristikivi Museum and has published numerous articles and books about Ristikivi, for example, <em>H\u00e4sti valitud s\u00f5brad: artikleid Karl Ristikivist ja tema kirjanduslikust \u00fcmbrusest<\/em> (\u2018Well Selected Friends: Articles on Karl Ristikivi and His Literary Surroundings\u2019, 2016). In addition, he has been the compiler and editor of several collections, for example, the collection of Ristikivi\u2019s articles <em>Viimne vabadus<\/em> (\u2018The Last Liberty\u2019, 1996), which was published in the series Eesti m\u00f5ttelugu (\u2018History of Estonian Thought\u2019). In addition to Ristikivi, he has studied the creation of other emigre Estonian writers and published general treatments of emigre Estonian literature.\n<\/p>\n<p>\n\tObservations on history of literature are entwined with personal travel impressions in the book <em>R\u00e4nnud kuue reisijuhiga<\/em> (2013) where the author\u2019s spiritual travel companions are, for example, the writers <a data-url=\"https:\/\/sisu.ut.ee\/ewod\/t\/friedeberttuglas\" href=\"https:\/\/sisu.ut.ee\/ewod\/t\/friedeberttuglas\" title=\"\">Friedebert Tuglas<\/a>, <a data-url=\"https:\/\/sisu.ut.ee\/ewod\/v\/visnapuu\" href=\"https:\/\/sisu.ut.ee\/ewod\/v\/visnapuu\" title=\"\">Henrik Visnapuu<\/a> and <a data-url=\"https:\/\/sisu.ut.ee\/ewod\/r\/rumor\" href=\"https:\/\/sisu.ut.ee\/ewod\/r\/rumor\" title=\"\">Karl Ast-Rumor<\/a> whose creation he has also discussed in several articles.\n<\/p>\n<p>\n\t<em>A. K. (Translated by I. A.)<\/em>\n<\/p>\n<p><strong><span style=\"font-size:16px\">Books in Estonian<\/span><\/strong>\n<\/p>\n<p>\n\t<strong><em>Travelogues<\/em><\/strong><br><strong>R\u00e4nnud kuue teejuhiga<\/strong>. Tallinn: Go Group, 2013, 247 lk\n<\/p>\n<p>\n\t<strong><em>Prose<\/em><\/strong><br><strong>Seitse<\/strong>: valdkondadevahelised jutud. Tartu: Ilmamaa, 2019, 143 lk\n<\/p>\n<p>\n\t<strong><em>Literary studies<\/em><\/strong><br><strong>Tiibhobu m\u00e4rgi all: Eesti Kirjanike Kooperatiiv 1950-1994<\/strong>. Tallinn: Underi ja Tuglase Kirjanduskeskus, 2002, 287 lk<br><strong>H\u00e4sti valitud s\u00f5brad: artikleid Karl Ristikivist ja tema kirjanduslikust \u00fcmbrusest<\/strong>. Tartu: Eesti Kirjandusmuuseumi Teaduskirjastus, Karl Ristikivi Selts, 2016, 233 lk<\/p>\n","protected":false},"excerpt":{"rendered":"<p>Janika Kronberg (born 24 November 1963) is a literary researcher and editor. Kronberg was born and attended school in V\u00f5ru; from 1982\u20131989, he studied at the Faculty of Philology of Tartu State University, graduating from it in the speciality of &#8230;<\/p>\n","protected":false},"author":43,"featured_media":0,"parent":498,"menu_order":0,"comment_status":"closed","ping_status":"closed","template":"","meta":{"_acf_changed":false,"inline_featured_image":false,"footnotes":""},"class_list":["post-1843","page","type-page","status-publish","hentry"],"acf":[],"_links":{"self":[{"href":"https:\/\/sisu.ut.ee\/ewod\/wp-json\/wp\/v2\/pages\/1843","targetHints":{"allow":["GET"]}}],"collection":[{"href":"https:\/\/sisu.ut.ee\/ewod\/wp-json\/wp\/v2\/pages"}],"about":[{"href":"https:\/\/sisu.ut.ee\/ewod\/wp-json\/wp\/v2\/types\/page"}],"author":[{"embeddable":true,"href":"https:\/\/sisu.ut.ee\/ewod\/wp-json\/wp\/v2\/users\/43"}],"replies":[{"embeddable":true,"href":"https:\/\/sisu.ut.ee\/ewod\/wp-json\/wp\/v2\/comments?post=1843"}],"version-history":[{"count":1,"href":"https:\/\/sisu.ut.ee\/ewod\/wp-json\/wp\/v2\/pages\/1843\/revisions"}],"predecessor-version":[{"id":3227,"href":"https:\/\/sisu.ut.ee\/ewod\/wp-json\/wp\/v2\/pages\/1843\/revisions\/3227"}],"up":[{"embeddable":true,"href":"https:\/\/sisu.ut.ee\/ewod\/wp-json\/wp\/v2\/pages\/498"}],"wp:attachment":[{"href":"https:\/\/sisu.ut.ee\/ewod\/wp-json\/wp\/v2\/media?parent=1843"}],"curies":[{"name":"wp","href":"https:\/\/api.w.org\/{rel}","templated":true}]}}