{"id":1826,"date":"2024-04-03T23:42:00","date_gmt":"2024-04-03T20:42:00","guid":{"rendered":"https:\/\/sisu.ut.ee\/ewod\/semper\/"},"modified":"2025-05-05T15:30:05","modified_gmt":"2025-05-05T12:30:05","slug":"semper","status":"publish","type":"page","link":"https:\/\/sisu.ut.ee\/ewod\/s\/semper\/","title":{"rendered":"Johannes Semper"},"content":{"rendered":"<h4 class=\"wp-block-heading\"><a href=\"https:\/\/sisu.ut.ee\/ewod\/s\/semper\/poems\"><strong><span style=\"font-size: medium; font-family: verdana, geneva;\">Poems <\/span><\/strong><\/a><a href=\"https:\/\/sisu.ut.ee\/wp-content\/uploads\/sites\/108\/johannes_semper_parikas.jpg\" target=\"_self\" rel=\"noopener\"><img decoding=\"async\" style=\"float: right; width: 200px; height: 311px;\" title=\"Photo: J. &amp; P. Parikas\" src=\"https:\/\/sisu.ut.ee\/wp-content\/uploads\/sites\/108\/johannes_semper_parikas.jpg\" alt=\"Johannes Semper\"><\/a><\/h4>\n\n\n\n<h4 class=\"wp-block-heading\"><strong><span style=\"font-size: 16px;\"><span style=\"font-family: Verdana,Geneva,sans-serif;\"><a title=\"\" href=\"https:\/\/sisu.ut.ee\/ewod\/s\/semper\/novels\" data-url=\"https:\/\/sisu.ut.ee\/ewod\/s\/semper\/novels\">Novels<\/a><\/span><\/span><\/strong><\/h4>\n\n\n\n<h4 class=\"wp-block-heading\"><a href=\"https:\/\/sisu.ut.ee\/ewod\/s\/semper\/stories\"><strong><span style=\"font-size: medium; font-family: verdana, geneva;\">Short stories<\/span><\/strong><\/a><\/h4>\n\n\n\n<h4 class=\"wp-block-heading\"><a href=\"https:\/\/sisu.ut.ee\/ewod\/s\/semper\/about\"><strong><span style=\"font-size: medium; font-family: verdana, geneva;\">About Johannes Semper<\/span><\/strong><\/a><\/h4>\n\n\n\n<p>\u00a0<\/p>\n\n\n\n<p><span style=\"font-size: 13px;\"><span style=\"font-family: Verdana,Geneva,sans-serif;\">Johannes Semper (pseudonyms Asm, Naatanael, 22.\/10. III 1892 \u2013 21. II 1970) was a poet, prose writer, playwright, translator, and critic.<\/span><\/span><\/p>\n\n\n\n<p>He was born in Paistu parish, Viljandi county. He studied at Viljandi in Heine private progymnasium and graduated from P\u00e4rnu gymnasium. From 1910-1914, he studied Germanic and Romance philology at Saint Petersburg University and from 1915-1916, architecture at Riga Polytechnical University that had been evacuated to Moscow. He was drafted by the Russian military and graduated Moscow Military School as an ensign in 1917. In Estonia, he was an officer and active in politics as well. He was the vice chairman of the Estonian Military Main Committee and a member of the Estonian Socialist Revolutionary Party. He took part in the Estonian War of Independence as a reserve division artilleryman and in 1920, he was promoted to lieutenant on the order of major-general Laidoner. From 1919-1920, he was a member of the Constituent Assembly. After abandoning politics, he enrolled in the Friedrich Wilhelm University in Berlin (later named Humboldt University) where he studied ethnology, philosophy, and aesthetics from 1921-1925. From 1926-1927, he lived in Paris. He obtained his master\u2019s degree from the University of Tartu with the thesis \u2018The structure of Andre Gide\u2019s style\u2019 (1929). He was a member of the Estonian Writers\u2019 Union from 1922-1941. From 1928-1940, he worked as a professor of aesthetics and stylistics at the University of Tartu and was the editor of the magazine <em>Looming<\/em> from 1930-1940. He was the chairman of the Estonian PEN Club (1928-1940). After the occupation of Estonia in 1940, he was the minister of education in Johannes Vares\u2019 government and joined the Communist Party of the Soviet Union. He was the director of the Ministry of Arts of the Estonian Soviet Socialist Republic from 1941-1948. During the war between Germany and the Soviet Union, he resided in the latter, edited radio shows in Moscow and directed ESSR National Art Groups (which were created in 1942 in Yaroslavl to service the divisions and home front of the Red Army). He returned to Estonia in 1944. He was a deputy of the I, II, VI and VII convocations of the Supreme Soviets of the ESSR and a member of the Presidium of the Supreme Soviet of the ESSR from 1967-1970. He was a member of the Writers\u2019 Union from 1943-1950, its chairman from 1946-1950 and vice chairman from 1958-1966. In 1950, he was expelled from the Writers\u2019 Union and the CPSU on the grounds of being a bourgeois nationalist and cosmopolite. Both these memberships were restored, and he re-joined the Writers\u2019 Union in 1955. He received various awards both in independent Estonia and the ESSR, e.g. the Estonian Head of State Prize in 1935 for his novel <em>Armukadedus<\/em> (\u2018Jealousy\u2019, 1934) and in 1937 for his poetry collection <em>Tuuleratas<\/em> (\u2018Pinwheel\u2019, 1936). He received the Order of the White Star, V Class (1940) and was the Merited Writer of the ESSR in 1945. He was awarded the State Prize of the Soviet Estonia (1947), the Order of Lenin (1962) and was the People\u2019s Writer of the ESSR in 1964. He died in Tallinn and is buried at Metsakalmistu (Forest Cemetery).<\/p>\n\n\n\n<p>He debuted in 1910 with an overview of Estonian literature in the Latvian language magazine <em>Kahwi<\/em> and his first poems were published in Young Estonia\u2019s publications in 1911. He was a member of the literary grouping Siuru and was also active in the Tarapita grouping. His first collections <em>Pierrot<\/em> (1917) and <em>J\u00e4ljed liival<\/em> (\u2018Tracks in the Sand\u2019, 1920) include emotional and nature poetry. The collection <em>Maa ja mereveersed rytmid<\/em> (\u2018The Rhythms of the Land and Seaside\u2019, 1922) has undertones of expressionism. He was one of the introducers of German expressionists in journals. Semper\u2019s personal travel and big city experiences are found in poetry as well, e.g. in the collection <em>Viis meelt<\/em> (\u2018Five Senses\u2019, 1926). His intellectual works are greatly influenced by Western European culture with French and Russian symbolist influences in his earlier writings.<\/p>\n\n\n\n<p>His interest in psychoanalysis is expressed in the story collection <em>Ellinor<\/em> (1927) and his first novel <em>Armukadedus<\/em> (\u2018Jealousy\u2019, 1934) is deeply psychological as well. The novel <em>Kivi kivi peale<\/em> (\u2018Stone on Stone\u2019, 1939) focuses on social issues. Soviet ideology is present in his plays and the novel <em>Punased nelgid<\/em> (\u2018Red Carnations\u2019, 1955). He also wrote the lyrics to the ESSR official anthem.<\/p>\n\n\n\n<p>Semper has been characterized as an intellectual with a deep level of erudition, who played an important role in the development of Estonian aesthetic thought and in intermediating and interpreting foreign literature. He has translated from German, Russian, Italian, English, and French, e.g. <em>La Vita Nuova<\/em> by Dante, The Hunchback of Notre-Dame by V. Hugo, Germinal by E. Zola, The Red and The Black by Stendhal and <em>Dekameron<\/em> by G. Boccaccio. He published articles and essays on foreign literature and literary trends, e.g. the essay collection <em>Prantsuse vaim<\/em> (\u2018The French Spirit\u2019, 1934). In his essays, he wrote about literature, theater, music, and art. He was the first to use Freudian analysis methodology in Estonian literary research (\u2018The Analysis of the Folklore and Motifs of Kalevipoeg\u2019, 1924). His cultural experience and well-read nature are evident in his travel writing as well, e.g. <em>Risti-r\u00e4sti l\u00e4bi Euroopa<\/em> (\u2018Criss-Cross Through Europe\u2019, 1935).<\/p>\n\n\n\n<p><em><span style=\"font-size: 13px;\"><span style=\"font-family: Verdana,Geneva,sans-serif;\">A. K. (Translated by A. S.)<\/span><\/span><\/em><\/p>\n\n\n\n<p>\u00a0<\/p>\n\n\n\n<p><span style=\"font-size: 16px;\"><strong><span style=\"font-family: verdana, geneva;\">Books in Estonian<\/span><\/strong><\/span><\/p>\n\n\n\n<p><span style=\"font-size: 13px;\"><span style=\"font-family: Verdana,Geneva,sans-serif;\"><strong><em>Poems<\/em><\/strong><br><strong>Pierrot<\/strong>. Tallinn: Siuru, 1917, 78 lk. [2. tr\u00fckk: 1919.]<br><strong>J\u00e4ljed liival<\/strong>. Tartu: Odamees, 1919, 76 lk. [J\u00e4rgnevad tr\u00fckid: 1920, 1921.]<br><strong>Maa ja mereveersed rytmid: luuletused 1920-1921<\/strong>. Tartu: Tarapita, 1922, 79 lk.<br><strong>Viis meelt<\/strong>. Tartu: J. Semper, 1926, 126 lk.<br><strong>P\u00e4ike rentslis<\/strong>. Tartu: Eesti Kirjanikkude Liit, 1930, 85 lk.<br><strong>Tuuleratas<\/strong>. Tartu: Eesti Kirjanikkude Liit, 1936, 80 lk.<br><strong>Ei vaikida saa: luuletusi 1941-1943<\/strong>. Moskva: ENSV Riiklik Kirjastus, 1943, 63 lk.<br><strong>Valik luuletusi<\/strong>. Tallinn: Ilukirjandus ja Kunst, 1946, 290 lk.<br><strong>Kuidas elaksid?<\/strong>. Tallinn: Eesti Riiklik Kirjastus, 1958, 98 lk.<br><strong>Ei vaikida saa<\/strong>. Koostanud Endel S\u00f5gel. Tallinn: Eesti Raamat, 1970, 56 lk.<br><strong>Lehek\u00fclgi nagu lehti puult<\/strong>. L\u00f5petamata luuletustest valinud ja eess\u00f5na koostanud Paul Rummo. Tallinn: Eesti Raamat, 1972, 112 lk.<br><strong>Luuletused<\/strong>. Koostanud Ralf Parve. Tallinn: Eesti Raamat, 1975, 208 lk [Sari: \u2018V\u00e4ike luuleraamat\u2019.]\u00a0<br><strong>S\u00fcgise l\u00e4vel<\/strong>. Koostanud Ralf Parve. Tallinn: Eesti Raamat, 1976, 70 lk.<\/span><\/span><\/p>\n\n\n\n<p><span style=\"font-size: 13px;\"><span style=\"font-family: Verdana,Geneva,sans-serif;\"><strong><em>Novels<\/em><\/strong><br><strong>Armukadedus<\/strong>. Tartu: Noor-Eesti, 1934, 342 lk. [J\u00e4rgnevad tr\u00fckid: 1936, 1964.]<br><strong>Kivi kivi peale<\/strong>. Tartu: Noor-Eesti, 1939, 407 lk. [J\u00e4rgnevad tr\u00fckid: 1947, 1963, 1982.]<br><strong>Punased nelgid<\/strong>. Tallinn: Eesti Riiklik Kirjastus, 1955, 407 lk. [J\u00e4rgnevad tr\u00fckid: 1959, 1965.]<\/span><\/span><\/p>\n\n\n\n<p><span style=\"font-size: 13px;\"><span style=\"font-family: Verdana,Geneva,sans-serif;\"><strong><em>Short stories<\/em><\/strong><br><strong>Hiina kett<\/strong>. Tartu: Odamees, 1918, 124 lk. [2. tr\u00fckk: 1924.]<br><strong>Ellinor<\/strong>. Tartu: Loodus, 1927, 182 lk.<br><strong>Sillatalad<\/strong>. Tartu: Eesti Kirjanikkude Liit, 1927, 145 lk.<\/span><\/span><\/p>\n\n\n\n<p><span style=\"font-size: 13px;\"><span style=\"font-family: Verdana,Geneva,sans-serif;\"><strong><em>Plays<\/em><\/strong><br><strong>Aja k\u00e4sk<\/strong>. Tallinn: Ilukirjandus ja Kunst, 1946, 91 lk.<br><strong>Murrang<\/strong>. Tallinn: Ilukirjandus ja Kunst, 1949, 79 lk.<br><strong>N\u00e4idendid<\/strong>. Tallinn: Eesti Riiklik Kirjastus, 1961, 216 lk.<\/span><\/span><\/p>\n\n\n\n<p><span style=\"font-size: 13px;\"><span style=\"font-family: Verdana,Geneva,sans-serif;\"><strong><em>Monographs, articles and essays<\/em><\/strong><br><strong>N\u00e4okatted<\/strong>. Esseede kogu. Tartu: Odamees, 1919, 102 lk.<br><strong>Kalevipoja rahvaluulemotiivide anal\u00fc\u00fcs<\/strong>. Tartu: Noor-Eesti, 1924, 122 lk. [2. tr\u00fckk: 1997.]<br><strong>Meie kirjanduse teed<\/strong>. Kirjanduslikud arvustused. Tartu: Loodus, 1927, 194 lk.<br><strong>Andr\u00e9 Gide\u2019i stiili struktuur<\/strong>. Tartu: Akadeemiline Kirjandus\u00fching, 1929, 97 lk.<br><strong>Prantsuse vaim<\/strong>. Tartu: Noor-Eesti, 1934, 197 lk.<br><strong>Teater iseseisva kunstialana<\/strong>. Artikleid ja esseid. Koostanud Lilian Vellerand. Tallinn: Eesti Raamat, 1992, 203 lk.<\/span><\/span><\/p>\n\n\n\n<p><span style=\"font-size: 13px;\"><span style=\"font-family: Verdana,Geneva,sans-serif;\"><strong><em>Travelogues<\/em><\/strong><br><strong>Risti-r\u00e4sti l\u00e4bi Euroopa<\/strong>. Tartu: Noor-Eesti, 1935, 319 lk.<br><strong>L\u00f5una Risti all<\/strong>. Tartu: Eesti Kirjanikkude Liit, 1937, 259 lk.<br><strong>M\u00f6\u00f6da maid ja meresid<\/strong>. Reisim\u00e4rkmeid. Tallinn: Eesti Riiklik Kirjastus, 1958, 419 lk.<\/span><\/span><\/p>\n\n\n\n<p><span style=\"font-size: 13px;\"><span style=\"font-family: Verdana,Geneva,sans-serif;\"><strong><em>Memoirs, diaries, correspondence<\/em><\/strong><br><strong>Matk minevikku 1<\/strong>. Tallinn: Eesti Raamat, 1969, 319 lk.<br><strong>P\u00e4evaraamatud<\/strong>. Tartu: Ilmamaa, 2013, 421 lk.<\/span><\/span><br><strong>Euroopa esteedid ja elul\u00e4hedus: Semperi ja Barbaruse kirjavahetus 1911-1940. 1. kd. (1911-1929)<\/strong>. Koostanud Paul Rummo. Tartu: EKM Teaduskirjastus, 2020, 575 lk.<br><strong>Euroopa esteedid ja elul\u00e4hedus: Semperi ja Barbaruse kirjavahetus 1911-1940. 2. kd. (1930-1940)<\/strong>. Koostanud Paul Rummo. Tartu: EKM Teaduskirjastus, 2020, lk 581-1666.<\/p>\n\n\n\n<p><span style=\"font-size: 13px;\"><span style=\"font-family: Verdana,Geneva,sans-serif;\"><strong><em>Collected works<\/em><\/strong><br><strong>Teosed. 1. k\u00f6ide. Luuletused<\/strong>. Tallinn: Eesti Riiklik Kirjastus, 1962, 360 lk.<br><strong>Teosed. 2. k\u00f6ide. Kivi kivi peale<\/strong>. Tallinn: Eesti Riiklik Kirjastus, 1963, 320 lk.<br><strong>Teosed. 3. k\u00f6ide. Armukadedus<\/strong>. Romaan. <strong>\u00d5ed; Umbrohi<\/strong>. Novellid. Tallinn: Eesti Riiklik Kirjastus, 1964, 303 lk.<br><strong>Teosed. 4. k\u00f6ide. Punased nelgid<\/strong>. Tallinn: Eesti Raamat, 1965, 432 lk.<br><strong>Teosed. 5. k\u00f6ide. Reisikirjad<\/strong>. Tallinn: Eesti Raamat, 1966, 524 lk.<br><strong>Teosed. 6. k\u00f6ide. Novellid ja n\u00e4idendid<\/strong>. Tallinn: Eesti Raamat, 1967, 484 lk.<br><strong>Teosed. 7. k\u00f6ide. M\u00f5tter\u00e4nnakuid 1. Artikleid ja esseid<\/strong>. Tallinn: Eesti Raamat, 1969, 458 lk.<br><strong>Teosed. 8. k\u00f6ide. M\u00f5tter\u00e4nnakuid 2. Artikleid ja esseid<\/strong>. Tallinn: Eesti Raamat, 1971, 412 lk.<br><strong>Teosed. 9. k\u00f6ide. M\u00f5tter\u00e4nnakuid 3. Artikleid ja esseid<\/strong>. Tallinn: Eesti Raamat, 1977, 480 lk.<br><strong>Teosed. 10. k\u00f6ide. Luuler\u00e4nnakuid 1. Luulet\u00f5lkeid<\/strong>. Koostanud Nigol Andresen. Tallinn: Eesti Raamat, 1975, 336 lk.<br><strong>Teosed. 11. k\u00f6ide. Luuler\u00e4nnakuid 2. Luulet\u00f5lkeid<\/strong>. Koostanud Nigol Andresen. Tallinn: Eesti Raamat, 1976, 368 lk.<br><strong>Teosed. 12. k\u00f6ide. M\u00e4lestused<\/strong>. Koostanud ja j\u00e4rels\u00f5na Erna Siirak. Tallinn: Eesti Raamat, 1978, 491 lk.<\/span><\/span><\/p>\n\n\n\n<p><span style=\"font-size: 13px;\"><span style=\"font-family: Verdana,Geneva,sans-serif;\"><strong><em>About Johannes Semper<\/em><\/strong><br><\/span><\/span><strong>Johannes Semper elus ja kirjanduses<\/strong>. Kogumik. Koostanud Ilmar Sikem\u00e4e. Tallinn: Eesti Raamat, 1967, 431 lk.<br><span style=\"font-size: 13px;\"><span style=\"font-family: Verdana,Geneva,sans-serif;\">Erna Siirak, <strong>Johannes Semper. L\u00fchimonograafia<\/strong>. Tallinn: Eesti Raamat, 1969, 255 lk. [Sari \u2018Eesti kirjamehi\u2019.]<\/span><\/span><br>Merlin Kirikal, <strong>\u201eOlin lahti murdunud elule\u201c: modernse soo ja keha kujutamine Johannes Semperi teise maailmas\u00f5ja eelses loomingus<\/strong>. Tallinna \u00dclikool. Humanitaarteaduste dissertatsioonid 67. Tallinn: Tallinna \u00dclikool, 2021, 268 lk<br>Marit Karelson,<strong> Le temps d\u2019engagement dans les \u0153uvres d\u2019Andr\u00e9 Gide et de\u00a0Johannes\u00a0Semper: les univers fictionnels entre l\u2019\u00e9lan vital et la litt\u00e9rature engag\u00e9e<\/strong>. Tartu: Tartu University Press, 2023, 306 lk.<\/p>\n","protected":false},"excerpt":{"rendered":"<p>Poems Novels Short stories About Johannes Semper \u00a0 Johannes Semper (pseudonyms Asm, Naatanael, 22.\/10. III 1892 \u2013 21. II 1970) was a poet, prose writer, playwright, translator, and critic. He was born in Paistu parish, Viljandi county. He studied at &#8230;<\/p>\n","protected":false},"author":43,"featured_media":0,"parent":697,"menu_order":0,"comment_status":"closed","ping_status":"closed","template":"","meta":{"_acf_changed":false,"inline_featured_image":false,"footnotes":""},"class_list":["post-1826","page","type-page","status-publish","hentry"],"acf":[],"_links":{"self":[{"href":"https:\/\/sisu.ut.ee\/ewod\/wp-json\/wp\/v2\/pages\/1826","targetHints":{"allow":["GET"]}}],"collection":[{"href":"https:\/\/sisu.ut.ee\/ewod\/wp-json\/wp\/v2\/pages"}],"about":[{"href":"https:\/\/sisu.ut.ee\/ewod\/wp-json\/wp\/v2\/types\/page"}],"author":[{"embeddable":true,"href":"https:\/\/sisu.ut.ee\/ewod\/wp-json\/wp\/v2\/users\/43"}],"replies":[{"embeddable":true,"href":"https:\/\/sisu.ut.ee\/ewod\/wp-json\/wp\/v2\/comments?post=1826"}],"version-history":[{"count":4,"href":"https:\/\/sisu.ut.ee\/ewod\/wp-json\/wp\/v2\/pages\/1826\/revisions"}],"predecessor-version":[{"id":7170,"href":"https:\/\/sisu.ut.ee\/ewod\/wp-json\/wp\/v2\/pages\/1826\/revisions\/7170"}],"up":[{"embeddable":true,"href":"https:\/\/sisu.ut.ee\/ewod\/wp-json\/wp\/v2\/pages\/697"}],"wp:attachment":[{"href":"https:\/\/sisu.ut.ee\/ewod\/wp-json\/wp\/v2\/media?parent=1826"}],"curies":[{"name":"wp","href":"https:\/\/api.w.org\/{rel}","templated":true}]}}