{"id":1820,"date":"2024-04-03T23:41:59","date_gmt":"2024-04-03T20:41:59","guid":{"rendered":"https:\/\/sisu.ut.ee\/ewod\/tomusk\/"},"modified":"2024-04-04T00:06:11","modified_gmt":"2024-04-03T21:06:11","slug":"tomusk","status":"publish","type":"page","link":"https:\/\/sisu.ut.ee\/ewod\/t\/tomusk\/","title":{"rendered":"Ilmar Tomusk"},"content":{"rendered":"<p>\n\t<a href=\"https:\/\/sisu.ut.ee\/ewod\/t\/tomusk\/stories\"><strong><span style=\"font-family: verdana,geneva;font-size: medium\">Short stories<\/span><\/strong><\/a> <a href=\"https:\/\/sisu.ut.ee\/wp-content\/uploads\/sites\/108\/ilmar_tomusk_alar_madisson.jpg\" target=\"_self\" rel=\"noopener\"><img decoding=\"async\" alt=\"Ilmar Tomusk\" src=\"https:\/\/sisu.ut.ee\/wp-content\/uploads\/sites\/108\/ilmar_tomusk_vaike2_alar_madisson.jpg\" style=\"float: right;width: 300px;height: 210px\" title=\"Photo: Alar Madisson\"><\/a><br>\u00a0\n<\/p>\n<p class=\"western\" style=\"margin-bottom:0.11in\">\n<\/p><p><span style=\"line-height:105%\"><font face=\"Times New Roman, serif\"><font size=\"4\"><font style=\"14pt\"><span style=\"color:#000000\"><span style=\"font-size:13px\"><span style=\"font-family:Verdana,Geneva,sans-serif\">Ilmar Tomusk (born 28. VI 1964) is a civil servant and children\u2019s writer.<\/span><\/span><\/span><\/font><\/font><\/font><\/span>\n<\/p>\n<p class=\"western\" style=\"margin-bottom:0.11in\" lang=\"et-EE\">\n\t<span style=\"color:#000000\"><span style=\"font-size:13px\"><span style=\"font-family:Verdana,Geneva,sans-serif\"><span style=\"line-height:105%\"><font style=\"14pt\">Tomusk was born in Tallinn and from 1971-1982, he studied in Tallinn 32<\/font><sup><font style=\"14pt\">nd<\/font><\/sup><font style=\"14pt\"> Secondary School. After graduating from school, he began training to become a teacher of physical education but was drafted into the military and afterwards, switched majors. He graduated from the Tallinn Pedagogical Institute in 1989 as a teacher of Estonian language and literature. He was appointed to work at Kadrina Secondary School. Since 5 October 1995, he has been the director general of the Language Inspectorate. In 2002, he received his PhD in public administration. He has published articles on language and politics and compiled Finnish language textbooks. Tomusk is a member of the Estonian Writers\u2019 Union since 2017.<\/font><\/span><\/span><\/span><\/span>\n<\/p>\n<p class=\"western\" style=\"margin-bottom:0.11in\" lang=\"et-EE\">\n\t<span style=\"color:#000000\"><span style=\"font-size:13px\"><span style=\"font-family:Verdana,Geneva,sans-serif\"><span style=\"line-height:105%\"><font style=\"14pt\">In 2007, he published the children\u2019s book <i>Tere, Volli! <\/i>(\u2018Hello Volli!\u2019), which quickly became popular and started the Volli stories series. The book <i>Volli vanad vigurid <\/i>(\u2018Volli\u2019s Old Tricks\u2019) received the Literature Endowment Annual Award in 2011.<\/font><\/span><\/span><\/span><\/span>\n<\/p>\n<p class=\"western\" style=\"margin-bottom:0.11in\" lang=\"et-EE\">\n\t<span style=\"color:#000000\"><span style=\"font-size:13px\"><span style=\"font-family:Verdana,Geneva,sans-serif\"><span style=\"line-height:105%\"><font style=\"14pt\">In 15 years, Tomusk has published about forty children\u2019s books and has quickly become one of the most loved and widely read Estonian children\u2019s authors.<\/font><\/span><\/span><\/span><\/span>\n<\/p>\n<p class=\"western\" style=\"margin-bottom:0.11in\">\n\t<span style=\"color:#000000\"><span style=\"font-size:13px\"><span style=\"font-family:Verdana,Geneva,sans-serif\"><span style=\"line-height:105%\"><font style=\"14pt\">His books have been translated to Russian, Ukrainian, and English.<\/font><\/span><\/span><\/span><\/span>\n<\/p>\n<p class=\"western\" style=\"margin-bottom:0.11in\">\n\t<span style=\"color:#000000\"><span style=\"font-size:13px\"><span style=\"font-family:Verdana,Geneva,sans-serif\"><span style=\"line-height:105%\"><font style=\"14pt\">In 2004, he was awarded the Order of the White Star, V Class.<\/font><\/span><\/span><\/span><\/span>\n<\/p>\n<p class=\"western\" style=\"margin-bottom:0.11in\" lang=\"et-EE\">\n\t<em><span style=\"color:#000000\"><span style=\"font-size:13px\"><span style=\"font-family:Verdana,Geneva,sans-serif\"><span style=\"line-height:105%\"><font style=\"14pt\">L. P. (Translated by A. A.)<\/font><\/span><\/span><\/span><\/span><\/em>\n<\/p>\n<p class=\"western\" style=\"margin-bottom:0.11in\" lang=\"et-EE\">\n<\/p><p><strong><span style=\"font-size:16px\"><span style=\"color:#000000\"><span style=\"font-family:Verdana,Geneva,sans-serif\">Books in Estonian<\/span><\/span><\/span><\/strong>\n<\/p>\n<p class=\"western\" style=\"margin-bottom:0.11in\" lang=\"et-EE\">\n\t<span style=\"color:#000000\"><span style=\"font-size:13px\"><span style=\"font-family:Verdana,Geneva,sans-serif\"><span style=\"line-height:105%\"><font style=\"14pt\"><strong><em>Children\u2019s books<\/em><\/strong><br><strong>Tere, Volli!<\/strong>. Tallinn: T\u00e4nap\u00e4ev, 2007. 124 lk.<br><strong>Vend Johannes<\/strong>. Tallinn: T\u00e4nap\u00e4ev, 2009. 182 lk.<br><strong>L\u00f5puaktus<\/strong>. Tallinn: Tammerraamat, 2010. 119 lk.<br><strong>P\u00f6\u00f6rane puhkus Parakatkus<\/strong>. Tallinn: Tammerraamat, 2010. 159 lk.<br><strong>Inglid kuuendas B-s<\/strong>. Tallinn: Tammerraamat, 2011. 118 lk.<br><strong>Volli vanad vigurid<\/strong>. Tallinn: T\u00e4nap\u00e4ev, 2011. 138 lk.<br><strong>Kolmanda A kriminalistid<\/strong>. Tallinn: Tammerraamat, 2012. 93 lk.<br><strong>Kriminaalne koolipapa. Viienda A kriminalistid<\/strong>. Tallinn: Tammerraamat, 2013. 132 lk.<br><strong>Kriminaalsed viineripirukad. Neljanda A kriminalistid<\/strong>. Tallinn: Tammerraamat, 2013. 115 lk.<br><strong>Mauno saladuslik kadumine<\/strong>. V\u00e4ga kriminaalne lugu. Tallinn: Tammerraamat, 2013. 76 lk.<br><strong>Volli kasvab suureks<\/strong>. Tallinn: T\u00e4nap\u00e4ev, 2013. 162 lk.<br><strong>Kriminaalne suvevaheaeg. Kuuenda A kriminalistid<\/strong>. Tallinn: Tammerraamat, 2014. 118 lk.<br><strong>Kriminaalsed automatkajad<\/strong>. Meistriklass. Tallinn: Tammerraamat, 2014. 142 lk.<br><strong>Nuustik<\/strong>. Tallinn: Tammerraamat, 2014. 135 lk.<br><strong>Volli l\u00e4heb t\u00f6\u00f6le<\/strong>. Tallinn: T\u00e4nap\u00e4ev, 2014. 147 lk.<br><strong>Digip\u00f6\u00f6rane kool<\/strong>. Tallinn: Tammerraamat, 2015. 172 lk.<br><strong>Kriminaalne pangapresident. Kriminalistid on tagasi<\/strong>. Tallinn: Tammerraamat, 2015. 129 lk.<br><strong>Rasmuse vuntsid<\/strong>. Tallinn: Tammerraamat, 2015. 69 lk.<br><strong>Algaja ajar\u00e4nduri seiklused<\/strong>. Tallinn: Tammerraamat, 2016. 224 lk.<br><strong>Amanda patsid<\/strong>. Tallinn: Tammerraamat, 2016. 70 lk.<br><strong>Isamoodi unejutud<\/strong>. Tallinn: Tammerraamat, 2017. 101 lk.<br><strong>Seiklused paralleelmaailmas<\/strong>. Tallinn: Tammerraamat, 2017. 224 lk.<br><strong>Triinu tomat<\/strong>. Tallinn: Tammerraamat, 2017. 70 lk.<br><strong>Hundi s\u00f5brad<\/strong>. Tallinn: Tammerraamat, 2018. 26 lk.<br><strong>K\u00f5ik emad on head<\/strong>. Tallinn: Elford Press, 2018. 64 lk.<br><strong>P\u00e4iksemetsa vanadekodu kriminalistid. Kribu ja Krabu tegutsevad j\u00e4lle<\/strong>. Tallinn: Tammerraamat, 2018. 120 lk.<br><strong>Universumi saladused<\/strong>. Tallinn: Tammerraamat, 2018. 211 lk.<br><strong>K\u00f5rvalised isikud<\/strong>. Tallinn: Tammerraamat, 2019. 87 lk.<br><strong>Porgandipirukas<\/strong>. Tallinn: Tammerraamat, 2019. 38 lk.<br><strong>Tulnukate r\u00fcnnak<\/strong>. Tallinn: Tammerraamat, 2019. 223 lk.<br><strong>V\u00e4ike Vunts<\/strong>. Tallinn: Tammerraamat, 2019. 26 lk.<br><strong>Footoni seiklused<\/strong>. Tallinn: Tammerraamat, 2020. 80 lk.<br><strong>Kes tahab saada kummituseks?<\/strong> Tallinn: Tammerraamat, 2020. 105 lk.<br><strong>K\u00f5ik isad teevad pannkooke<\/strong>. Tallinn: Elford Press, 2020. 63 lk.<br><strong>Linnutee s\u00fcdames<\/strong>. Tallinn: Tammerraamat, 2020. 235 lk.<br><strong>Vapper siil<\/strong>. Tallinn: Tammerraamat, 2020. 26 lk.<br><strong>Matemaatiline s\u00f5ber: ajukiip<\/strong>. Tallinn: Tammerraamat, 2021. 78 lk.<\/font><\/span><\/span><\/span><\/span>\n<\/p>\n<p class=\"western\" style=\"margin-bottom:0.11in\" lang=\"et-EE\">\n\t<span style=\"color:#000000\"><span style=\"font-size:13px\"><span style=\"font-family:Verdana,Geneva,sans-serif\"><span style=\"line-height:105%\"><font style=\"14pt\"><strong><em>Miscellaneous<\/em><\/strong><br><strong>Soome keel: \u00f5pik keskkoolile<\/strong>. Tallinn: Koolibri, 1994. 288 lk.<br><strong>Keel ja poliitika. Artiklid ja ettekanded 1996\u20132003<\/strong>. Tallinn: Eesti Keele Sihtasutus, 2004. 187 lk.<br><strong>Keel ja poliitika II. Artiklid ja ettekanded 2003\u20132009<\/strong>. Tallinn: Eesti Keele Sihtasutus, 2009. 271 lk.<br><strong>Kuue kuuga tankistiks. M\u00e4lestusi N\u00f5ukogude merejalav\u00e4est 1982\u20131984<\/strong>. Tallinn: Tammerraamat, 2013. 199 lk.<br>Sergei Kraana, <strong>Juriidiliselt on k\u00f5ik korrektne<\/strong>.<strong> <\/strong><\/font><\/span><\/span><\/span><\/span><span style=\"font-size:13px\"><span style=\"font-family:Verdana,Geneva,sans-serif\">Koostanud, t\u00f5lkinud ja toimetanud J\u00fcrgen Topsik<\/span><\/span><span style=\"color:#000000\"><span style=\"font-size:13px\"><span style=\"font-family:Verdana,Geneva,sans-serif\"><span style=\"line-height:105%\"><font style=\"14pt\">. Tallinn: T\u00e4nap\u00e4ev, 2013. 380 lk.<\/font><br>Voldemar Tomusk, Ilmar Tomusk, <font style=\"14pt\"><strong>Kiisaelmar. Kangelaseepos<\/strong>. Tallinn: I. Tomusk, 2015. 73 lk.<br><strong>Keel ja poliitika III. Artiklid ja ettekanded 2009\u20132017<\/strong>. Tallinn: Eesti Keele Sihtasutus, 2017. 223 lk.<\/font><\/span><\/span><\/span><\/span><\/p>\n","protected":false},"excerpt":{"rendered":"<p>Short stories \u00a0 Ilmar Tomusk (born 28. VI 1964) is a civil servant and children\u2019s writer. Tomusk was born in Tallinn and from 1971-1982, he studied in Tallinn 32nd Secondary School. After graduating from school, he began training to become &#8230;<\/p>\n","protected":false},"author":43,"featured_media":0,"parent":709,"menu_order":0,"comment_status":"closed","ping_status":"closed","template":"","meta":{"_acf_changed":false,"inline_featured_image":false,"footnotes":""},"class_list":["post-1820","page","type-page","status-publish","hentry"],"acf":[],"_links":{"self":[{"href":"https:\/\/sisu.ut.ee\/ewod\/wp-json\/wp\/v2\/pages\/1820","targetHints":{"allow":["GET"]}}],"collection":[{"href":"https:\/\/sisu.ut.ee\/ewod\/wp-json\/wp\/v2\/pages"}],"about":[{"href":"https:\/\/sisu.ut.ee\/ewod\/wp-json\/wp\/v2\/types\/page"}],"author":[{"embeddable":true,"href":"https:\/\/sisu.ut.ee\/ewod\/wp-json\/wp\/v2\/users\/43"}],"replies":[{"embeddable":true,"href":"https:\/\/sisu.ut.ee\/ewod\/wp-json\/wp\/v2\/comments?post=1820"}],"version-history":[{"count":1,"href":"https:\/\/sisu.ut.ee\/ewod\/wp-json\/wp\/v2\/pages\/1820\/revisions"}],"predecessor-version":[{"id":3263,"href":"https:\/\/sisu.ut.ee\/ewod\/wp-json\/wp\/v2\/pages\/1820\/revisions\/3263"}],"up":[{"embeddable":true,"href":"https:\/\/sisu.ut.ee\/ewod\/wp-json\/wp\/v2\/pages\/709"}],"wp:attachment":[{"href":"https:\/\/sisu.ut.ee\/ewod\/wp-json\/wp\/v2\/media?parent=1820"}],"curies":[{"name":"wp","href":"https:\/\/api.w.org\/{rel}","templated":true}]}}