{"id":1816,"date":"2024-04-03T23:41:59","date_gmt":"2024-04-03T20:41:59","guid":{"rendered":"https:\/\/sisu.ut.ee\/ewod\/novels-et-97\/"},"modified":"2024-04-04T00:06:11","modified_gmt":"2024-04-03T21:06:11","slug":"novels","status":"publish","type":"page","link":"https:\/\/sisu.ut.ee\/ewod\/k\/kiviruut\/novels\/","title":{"rendered":"Kersti Kivir\u00fc\u00fct &#8211; novels"},"content":{"rendered":"<p><span style=\"font-size: medium\"><strong><span style=\"font-family: verdana, geneva\">Books<\/span><\/strong><\/span><\/p>\n<p><strong><em><span style=\"font-family: verdana, geneva\">Hungarian<\/span><\/em><\/strong><br><span style=\"font-family: verdana, geneva\"><strong>Okkultist\u00e1k klubja<\/strong>. Ford\u00edtotta: R\u00e1cz N\u00f3ra.\u00a0Budapest: Metropolis Media, 2012, 205 pp. [Translation of \u2018Okultismiklubi\u2019.]<\/span><\/p>\n","protected":false},"excerpt":{"rendered":"<p>Books HungarianOkkultist\u00e1k klubja. Ford\u00edtotta: R\u00e1cz N\u00f3ra.\u00a0Budapest: Metropolis Media, 2012, 205 pp. [Translation of \u2018Okultismiklubi\u2019.]<\/p>\n","protected":false},"author":43,"featured_media":0,"parent":1806,"menu_order":0,"comment_status":"closed","ping_status":"closed","template":"","meta":{"_acf_changed":false,"inline_featured_image":false,"footnotes":""},"class_list":["post-1816","page","type-page","status-publish","hentry"],"acf":[],"_links":{"self":[{"href":"https:\/\/sisu.ut.ee\/ewod\/wp-json\/wp\/v2\/pages\/1816","targetHints":{"allow":["GET"]}}],"collection":[{"href":"https:\/\/sisu.ut.ee\/ewod\/wp-json\/wp\/v2\/pages"}],"about":[{"href":"https:\/\/sisu.ut.ee\/ewod\/wp-json\/wp\/v2\/types\/page"}],"author":[{"embeddable":true,"href":"https:\/\/sisu.ut.ee\/ewod\/wp-json\/wp\/v2\/users\/43"}],"replies":[{"embeddable":true,"href":"https:\/\/sisu.ut.ee\/ewod\/wp-json\/wp\/v2\/comments?post=1816"}],"version-history":[{"count":1,"href":"https:\/\/sisu.ut.ee\/ewod\/wp-json\/wp\/v2\/pages\/1816\/revisions"}],"predecessor-version":[{"id":3259,"href":"https:\/\/sisu.ut.ee\/ewod\/wp-json\/wp\/v2\/pages\/1816\/revisions\/3259"}],"up":[{"embeddable":true,"href":"https:\/\/sisu.ut.ee\/ewod\/wp-json\/wp\/v2\/pages\/1806"}],"wp:attachment":[{"href":"https:\/\/sisu.ut.ee\/ewod\/wp-json\/wp\/v2\/media?parent=1816"}],"curies":[{"name":"wp","href":"https:\/\/api.w.org\/{rel}","templated":true}]}}