{"id":1812,"date":"2024-04-03T23:41:58","date_gmt":"2024-04-03T20:41:58","guid":{"rendered":"https:\/\/sisu.ut.ee\/ewod\/tinnuri\/"},"modified":"2024-04-04T00:06:13","modified_gmt":"2024-04-03T21:06:13","slug":"tinnuri","status":"publish","type":"page","link":"https:\/\/sisu.ut.ee\/ewod\/t\/tinnuri\/","title":{"rendered":"Urve Tinnuri"},"content":{"rendered":"<p>\n\t<br><span style=\"color:#000000\"><span style=\"font-size:13px\"><span style=\"font-family:Verdana,Geneva,sans-serif\">Urve Tinnuri (born 1953) is a poet, novelist, children\u2019s writer and journalist.<\/span><\/span><\/span>\n<\/p>\n<p>\n\t<span style=\"color:#000000\"><span style=\"font-size:13px\"><span style=\"font-family:Verdana,Geneva,sans-serif\">Tinnuri was born at Viru-Jaagupi. She attended Viru-Jaagupi primary school, later Tartu Johannes Semper Secondary School No 8, which specialised in literature. She has studied Estonian philology at the University of Tartu. She is a member of the Estonian Writers\u2019 Union from 2019.<\/span><\/span><\/span>\n<\/p>\n<p>\n\t<span style=\"color:#000000\"><span style=\"font-size:13px\"><span style=\"font-family:Verdana,Geneva,sans-serif\">Tinnuri published her first verses in the school yearbook. Her first poetry collection <em>V\u00e4raval<\/em> (\u2018At the Gate\u2019) came out in 2001. Urve Tinnuri became particularly fruitful in the second decade of the 21st century. In addition to poetry collections, she has published numerous books for children, also novels. Tinnuri\u2019s novels are centred on female characters in the stage of formation. In most novels, the author describes problems in the life of Estonian women in the decades after World War II.<\/span><\/span><\/span>\n<\/p>\n<p>\n\t<span style=\"color:#000000\"><span style=\"font-size:13px\"><span style=\"font-family:Verdana,Geneva,sans-serif\">Urve Tinnuri has been an active writer of opinion articles for the newspaper <em>Viru Teataja<\/em>; her articles have also been published in the newspaper <em>Vooremaa<\/em> and the magazines <em>Eesti Naine<\/em>, <em>Elukiri<\/em> and <em>Tervis Pluss<\/em>.<\/span><\/span><\/span>\n<\/p>\n<p>\n\t<span style=\"color:#000000\"><span style=\"font-size:13px\"><span style=\"font-family:Verdana,Geneva,sans-serif\">In 2013, Urve Tinnuri\u2019s book for children, <em>Laisk n\u00f5udepesumasin<\/em> (\u2018Lazy Dishwashing Machine\u2019) received the Karl Eduard S\u00f6\u00f6t Prize for children\u2019s poetry.<\/span><\/span><\/span>\n<\/p>\n<p>\n\t<em><span style=\"color:#000000\"><span style=\"font-size:13px\"><span style=\"font-family:Verdana,Geneva,sans-serif\">L. P. (Translated by I. A.)<\/span><\/span><\/span><\/em><\/p>\n<p>\u00a0\n<\/p>\n<p>\n\t<strong><span style=\"font-size:16px\"><span style=\"color:#000000\"><span style=\"font-family:Verdana,Geneva,sans-serif\">Books in Estonian<\/span><\/span><\/span><\/strong>\n<\/p>\n<p>\n\t<span style=\"color:#000000\"><span style=\"font-size:13px\"><span style=\"font-family:Verdana,Geneva,sans-serif\"><strong><em>Poetry<\/em><\/strong><br><strong>V\u00e4raval<\/strong>. Tallinn: U. Tinnuri, 2001. 55 lk.<br><strong>Eksinud ingel<\/strong>. Vinni (L\u00e4\u00e4ne-Virumaa): U. Tinnuri, 2002. 69 lk.<br><strong>Varjust v\u00f5etud<\/strong>. Vinni (L\u00e4\u00e4ne-Virumaa): U. Tinnuri, 2003. 66 lk.<br><strong>S\u00fcda kui Jumal<\/strong>. Habaja: Kentaur, 2005. 80 lk.<br><strong>\u00dchel ja teisel pool<\/strong>. Habaja: Kentaur, 2007. 80 lk.<br><strong>Valge lillepood<\/strong>. P\u00e4ide: U. Tinnuri, 2010. 96 lk.<br><strong>Mu pihk on puu<\/strong>: luulevalimik aastaist 2000\u20132015. Tallinn: Canopus, 2016. 168 lk.<br><strong>L\u00e4bi halli mere<\/strong>: v\u00e4ike sonetivalimik. Tallinn: Canopus, 2021. 39 lk.<\/span><\/span><\/span>\n<\/p>\n<p>\n\t<span style=\"color:#000000\"><span style=\"font-size:13px\"><span style=\"font-family:Verdana,Geneva,sans-serif\"><strong><em>Novels<\/em><\/strong><br><strong>Kaks \u00f6\u00f6d mahaj\u00e4etud majas<\/strong>. Tallinn: Canopus, 2016. 135 lk.<br><strong>Kui p\u00f5ld oleks j\u00e4rv<\/strong>. Tallinn: Canopus, 2017. 154 lk.<br><strong>Kahe eemalolija villa<\/strong>. Tallinn: Canopus, 2018. 144 lk.<br><strong>\u00d5ed<\/strong>. Tallinn: Canopus, 2019. 144 lk.<br><strong>Minevik algab homme<\/strong>. Tallinn: Canopus, 2020. 144 lk.<br><strong>Rabasaar<\/strong>. Tallinn: Canopus, 2020. 148 lk.<br><strong>Leonora<\/strong>. Tallinn: Canopus, 2021. 157 lk.<\/span><\/span><\/span>\n<\/p>\n<p>\n\t<span style=\"color:#000000\"><span style=\"font-size:13px\"><span style=\"font-family:Verdana,Geneva,sans-serif\"><strong><em>Children\u2019s books<\/em><\/strong><br><strong>Julge merer\u00f6\u00f6vli muinasjutt<\/strong>. Tallinn: TEA Kirjastus, 2012. 18 lk.<br><strong>Kolm p\u00e4kapikku<\/strong>. Tallinn: TEA Kirjastus, 2013. 30 lk.<br><strong>Laisk n\u00f5udepesumasin<\/strong>. Tallinn: TEA Kirjastus, 2013. 20 lk.<br><strong>Draakon T\u00f5nn ja vares Vilma<\/strong>. Tallinn: TEA Kirjastus, 2014. 20 lk.<br><strong>Pahupidi k\u00fcla<\/strong>. Tallinn: TEA Kirjastus, 2014. 20 lk.<br><strong>P\u00e4kapikk J\u00e4sper<\/strong>. Tallinn: TEA Kirjastus, 2014. 18 lk.<br><strong>Koprapoiss Kaur l\u00e4heb kooli<\/strong>. Tallinn: TEA Kirjastus, 2015. 20 lk.<br><strong>Lumekuninganna m\u00e4rkas lehes\u2026<\/strong> Tallinn: TEA Kirjastus, 2015. 23 lk.<br><strong>Sipelgas Reet<\/strong> [lustakas v\u00e4rsslugu]. Tallinn: TEA Kirjastus, 2015. 21 lk.<br><strong>Vanaisa v\u00f5luhaamer<\/strong>. Tallinn: Canopus, 2015. 126 lk.<br><strong>Seitse seppa<\/strong>. Tallinn: TEA Kirjastus, 2016. 24 lk.<br><strong>Vahva r\u00e4tsep, jalad ristis\u2026<\/strong> Tallinn: TEA Kirjastus, 2016. 22 lk.<br><strong>Une viis n\u00e4gu<\/strong>. Tallinn: Canopus, 2017. 80 lk.<br><strong>Teine lisaaeg<\/strong>. Tallinn: Canopus, 2018. 86 lk.<br><strong>Hamster J\u00f5mmu nutikas<\/strong>. P\u00e4rnu: Hea Tegu, 2019. 34 lk.<br><strong>Oh seda pesamuna k\u00fcll<\/strong>. P\u00e4rnu: Hea Tegu, 2019. 31 lk.<br><strong>Ainuke laps<\/strong>. P\u00e4rnu: Hea Tegu, 2020. 27 lk.<br><strong>Halli v\u00e4rvipliiatsi seiklused<\/strong>. P\u00e4rnu: Hea Tegu, 2020. 52 lk.<br><strong>Neliteist nagisevat trepiastet<\/strong>. Tallinn: Canopus, 2022. 132 lk.<br><strong>S\u00f5brad Kukerpalli k\u00fclast<\/strong>. P\u00e4rnu: Hea Tegu, 2022. 26 lk.<br><strong>Tuvi hakkas talunikuks<\/strong>. P\u00e4rnu: Hea Tegu, 2022. 48 lk.<\/span><\/span><\/span>\n<\/p>\n<p>\n\t<span style=\"color:#000000\"><span style=\"font-size:13px\"><span style=\"font-family:Verdana,Geneva,sans-serif\"><strong><em>Biographies<\/em><\/strong><br><strong>Toomas Anni: tavatult tavaline<\/strong>. Tallinn: Fookus Meedia, 2010. 110 lk.<\/span><\/span><\/span><\/p>\n","protected":false},"excerpt":{"rendered":"<p>Urve Tinnuri (born 1953) is a poet, novelist, children\u2019s writer and journalist. Tinnuri was born at Viru-Jaagupi. She attended Viru-Jaagupi primary school, later Tartu Johannes Semper Secondary School No 8, which specialised in literature. She has studied Estonian philology at &#8230;<\/p>\n","protected":false},"author":43,"featured_media":0,"parent":709,"menu_order":0,"comment_status":"closed","ping_status":"closed","template":"","meta":{"_acf_changed":false,"inline_featured_image":false,"footnotes":""},"class_list":["post-1812","page","type-page","status-publish","hentry"],"acf":[],"_links":{"self":[{"href":"https:\/\/sisu.ut.ee\/ewod\/wp-json\/wp\/v2\/pages\/1812","targetHints":{"allow":["GET"]}}],"collection":[{"href":"https:\/\/sisu.ut.ee\/ewod\/wp-json\/wp\/v2\/pages"}],"about":[{"href":"https:\/\/sisu.ut.ee\/ewod\/wp-json\/wp\/v2\/types\/page"}],"author":[{"embeddable":true,"href":"https:\/\/sisu.ut.ee\/ewod\/wp-json\/wp\/v2\/users\/43"}],"replies":[{"embeddable":true,"href":"https:\/\/sisu.ut.ee\/ewod\/wp-json\/wp\/v2\/comments?post=1812"}],"version-history":[{"count":1,"href":"https:\/\/sisu.ut.ee\/ewod\/wp-json\/wp\/v2\/pages\/1812\/revisions"}],"predecessor-version":[{"id":3272,"href":"https:\/\/sisu.ut.ee\/ewod\/wp-json\/wp\/v2\/pages\/1812\/revisions\/3272"}],"up":[{"embeddable":true,"href":"https:\/\/sisu.ut.ee\/ewod\/wp-json\/wp\/v2\/pages\/709"}],"wp:attachment":[{"href":"https:\/\/sisu.ut.ee\/ewod\/wp-json\/wp\/v2\/media?parent=1812"}],"curies":[{"name":"wp","href":"https:\/\/api.w.org\/{rel}","templated":true}]}}