{"id":1806,"date":"2024-04-03T23:41:58","date_gmt":"2024-04-03T20:41:58","guid":{"rendered":"https:\/\/sisu.ut.ee\/ewod\/kiviruut\/"},"modified":"2024-04-04T00:06:12","modified_gmt":"2024-04-03T21:06:12","slug":"kiviruut","status":"publish","type":"page","link":"https:\/\/sisu.ut.ee\/ewod\/k\/kiviruut\/","title":{"rendered":"Kersti Kivir\u00fc\u00fct"},"content":{"rendered":"<p>\n\t<a href=\"https:\/\/sisu.ut.ee\/ewod\/k\/kiviruut\/novels\"><strong><span style=\"font-size: medium;font-family: verdana, geneva\">Novels<\/span><\/strong><\/a>\n<\/p>\n<p>\n\t\u00a0\n<\/p>\n<p style=\"margin-bottom:0.11in\">\n\t<span style=\"color:#000000\"><span style=\"font-size:13px\"><span style=\"font-family:Verdana,Geneva,sans-serif\"><span style=\"line-height:108%\"><span style=\"font-weight:normal\">Kersti Kivir\u00fc\u00fct <\/span>(b. 28. V 1975) is a schoolteacher, education official and writer, who has gained recognition mainly as the author of horror novels aimed at young people.<\/span><\/span><\/span><\/span>\n<\/p>\n<p style=\"margin-bottom:0.11in\">\n\t<span style=\"color:#000000\"><span style=\"font-size:13px\"><span style=\"font-family:Verdana,Geneva,sans-serif\"><span style=\"line-height:108%\">Kivir\u00fc\u00fct was born in Tartu. She acquired her secondary education in the literature class at secondary School number 8 in Tartu. In 2008 she graduated from the Faculty of History at the University of Tartu with a degree in modern history, and in 2013 she defended her master\u2019s degree in the teaching of history and social studies. She has contributed to the field of education and pedagogy as an official, working as a teacher at Kuuste school, as a youth worker with Tartu County Government, as an education expert and the Ministry of Education and Science and the Education and Youth Board of Estonia. Apart from that she has served in the Home Daughters and Young Eagles organisations in the Tartu brigade of the Estonian Defence League.<\/span><\/span><\/span><\/span>\n<\/p>\n<p style=\"margin-bottom:0.11in\">\n\t<span style=\"color:#000000\"><span style=\"font-size:13px\"><span style=\"font-family:Verdana,Geneva,sans-serif\"><span style=\"line-height:108%\">As a prose writer, Kivir\u00fc\u00fct has mainly cultivated the ethno-horror genre, drawing her material from folklore and local heritage. Into the ordinary imagery she brings mysterious beings and paranormal visions, thus depicting the hazy boundary between this world and the next. Since 2009 she has been publishing horror stories in the web journals <i>Algernon <\/i>and <i>Reaktor<\/i>;<i> <\/i>her earlier short stories have appeared in the anthology <i>Kaku kabel ja teisi tondijutte <\/i>(\u2018The Owl\u2019s Chapel and Other Phantom Tales\u2019, 2011). Some of her works have been translated into Hungarian and Azeri.<\/span><\/span><\/span><\/span>\n<\/p>\n<p style=\"margin-bottom:0.11in\">\n\t<span style=\"color:#000000\"><span style=\"font-size:13px\"><span style=\"font-family:Verdana,Geneva,sans-serif\"><span style=\"line-height:108%\">In the young-adult novel <i>Okultismiklubi <\/i>(\u2018The Club of the Occult\u2019, 2009), with its cinematic subject-matter and lively expressiveness, a history teacher and his eighth-grade pupils in the hamlet of Vana-Kuuste are witnesses to a paranormal happening, the causes of which they are keen to set about investigating. In getting to know the heritage of their home area they confront the ancient history of a manor-house as well as primeval folk beliefs which in turn lead them to the secrets of some occult teachings. The paranormal adventures of the Q Club continue on the track of supernatural events in the next part of the thriller, <i>Okultismiklubi 2 <\/i>(\u2018The Club of the Occult 2\u2019, 2011). The events in the horror novel <i>V\u00e4rav <\/i>(\u2018The Gate\u2019, 2018) take place in the village of Meerapalu on the shores of Lake Peipsi, where zombie-like creatures appear through the ancient gate at nightfall. The key to the mystery, known to locals but terrifying to strangers, is hidden in the events of ancient history dating back to the Livonian War period.<\/span><\/span><\/span><\/span>\n<\/p>\n<p style=\"margin-bottom:0.11in\">\n\t<span style=\"color:#000000\"><span style=\"font-size:13px\"><span style=\"font-family:Verdana,Geneva,sans-serif\"><span style=\"line-height:108%\">The action in the historical novel, with aspects of crime, <i>M\u00e4ng m\u00f5isa peale <\/i>(\u2018The Game Over the Estate\u2019, 2007) is set in 19<sup>th<\/sup>-century Tartu, but also indirectly in the conditions of manorial and village life, in which the main protagonist, an Irishman claiming to be a count, is famed for solving delicate problems. Young protagonists resolve a mysterious case in the thriller <i>Tuulte linn <\/i>(\u2018Town of Winds\u2019, 2018), in which a rich array of events, crossing different epochs and human destinies, is played out mainly on the territory of present-day Azerbaijan, although there are thrilling parallels with the ancient Scandinavian myth of Odin.<\/span><\/span><\/span><\/span>\n<\/p>\n<p style=\"margin-bottom:0.11in\">\n\t<span style=\"color:#000000\"><span style=\"font-size:13px\"><span style=\"font-family:Verdana,Geneva,sans-serif\"><span style=\"line-height:108%\">The satirical thriller <i>Deemonitaltsutajad <\/i>(\u2018The Demon-tamers\u2019, 2019) deals in an original way with the conflict of values arising from the Estonian administrative reforms, which is cleared up in the opposition between the members of a sect with extreme views which has seized power at a local level and some young free-thinkers. Serious problems of school life are dealt with in the novel <i>Mina, Raimo. 5. Klass <\/i>(\u2018I, Raimo, 5<sup>th<\/sup> Grade\u2019, 2021) which reflects the anxiety and maladjustment of anti-social children, which they express through swearing, disobedience and challenging behaviour.<\/span><\/span><\/span><\/span>\n<\/p>\n<p style=\"margin-bottom:0.11in\">\n\t<span style=\"color:#000000\"><span style=\"font-size:13px\"><span style=\"font-family:Verdana,Geneva,sans-serif\"><span style=\"line-height:108%\"><i>A. O. (Translated by C. M.)<\/i><\/span><\/span><\/span><\/span>\n<\/p>\n<p style=\"margin-bottom:0.11in\">\n<\/p><p><span style=\"color:#000000\"><span style=\"font-size:16px\"><span style=\"font-family:Verdana,Geneva,sans-serif\"><span style=\"line-height:108%\"><b>Books in Estonian<\/b><\/span><\/span><\/span><\/span>\n<\/p>\n<p style=\"margin-top:0.08in;margin-bottom:0.08in\">\n\t<span style=\"color:#000000\"><span style=\"font-size:13px\"><span style=\"font-family:Verdana,Geneva,sans-serif\"><span style=\"line-height:100%\"><i><b>Novels<\/b><\/i><br><b>Okultismiklubi<\/b>. Tallinn: T\u00e4nap\u00e4ev, 2009, 167 lk.<br><b>Okultismiklubi 2<\/b>. Inglitel puudub huumorimeel. Tallinn: T\u00e4nap\u00e4ev, 2011, 158 lk.<br><b>M\u00e4ng m\u00f5isa peale<\/b>. Tallinn: T\u00e4nap\u00e4ev, 2017, 160 lk.<br><b>Tuulte linn<\/b>. Tallinn: Pilgrim, 2018, 158 lk.<br><b>V\u00e4rav<\/b>. Tartu: Fantaasia, 2018, 125 lk.<br><b>Deemonitaltsutajad<\/b>. Tallinn: T\u00e4nap\u00e4ev, 2019, 220 lk.<br><b>Mina, Raimo. 5. klass<\/b>. Tallinn: T\u00e4nap\u00e4ev, 2021, 119 lk.<\/span><\/span><\/span><\/span>\n<\/p>\n<p style=\"margin-top:0.08in;margin-bottom:0.08in\">\n\t<span style=\"color:#000000\"><span style=\"font-size:13px\"><span style=\"font-family:Verdana,Geneva,sans-serif\"><span style=\"line-height:100%\"><i><b>Collections<\/b><\/i><br><b>Kaku kabel ja teisi tondijutte<\/b>. Tallinn: Canopus, 2011, 102 lk.<\/span><\/span><\/span><\/span>\n<\/p>\n<p>\n\t\u00a0<\/p>\n","protected":false},"excerpt":{"rendered":"<p>Novels \u00a0 Kersti Kivir\u00fc\u00fct (b. 28. V 1975) is a schoolteacher, education official and writer, who has gained recognition mainly as the author of horror novels aimed at young people. Kivir\u00fc\u00fct was born in Tartu. She acquired her secondary education &#8230;<\/p>\n","protected":false},"author":43,"featured_media":0,"parent":498,"menu_order":0,"comment_status":"closed","ping_status":"closed","template":"","meta":{"_acf_changed":false,"inline_featured_image":false,"footnotes":""},"class_list":["post-1806","page","type-page","status-publish","hentry"],"acf":[],"_links":{"self":[{"href":"https:\/\/sisu.ut.ee\/ewod\/wp-json\/wp\/v2\/pages\/1806","targetHints":{"allow":["GET"]}}],"collection":[{"href":"https:\/\/sisu.ut.ee\/ewod\/wp-json\/wp\/v2\/pages"}],"about":[{"href":"https:\/\/sisu.ut.ee\/ewod\/wp-json\/wp\/v2\/types\/page"}],"author":[{"embeddable":true,"href":"https:\/\/sisu.ut.ee\/ewod\/wp-json\/wp\/v2\/users\/43"}],"replies":[{"embeddable":true,"href":"https:\/\/sisu.ut.ee\/ewod\/wp-json\/wp\/v2\/comments?post=1806"}],"version-history":[{"count":1,"href":"https:\/\/sisu.ut.ee\/ewod\/wp-json\/wp\/v2\/pages\/1806\/revisions"}],"predecessor-version":[{"id":3266,"href":"https:\/\/sisu.ut.ee\/ewod\/wp-json\/wp\/v2\/pages\/1806\/revisions\/3266"}],"up":[{"embeddable":true,"href":"https:\/\/sisu.ut.ee\/ewod\/wp-json\/wp\/v2\/pages\/498"}],"wp:attachment":[{"href":"https:\/\/sisu.ut.ee\/ewod\/wp-json\/wp\/v2\/media?parent=1806"}],"curies":[{"name":"wp","href":"https:\/\/api.w.org\/{rel}","templated":true}]}}