{"id":1804,"date":"2024-04-03T23:41:57","date_gmt":"2024-04-03T20:41:57","guid":{"rendered":"https:\/\/sisu.ut.ee\/ewod\/about-et-236\/"},"modified":"2024-04-04T00:06:15","modified_gmt":"2024-04-03T21:06:15","slug":"about","status":"publish","type":"page","link":"https:\/\/sisu.ut.ee\/ewod\/k\/madiskoiv\/about\/","title":{"rendered":"Madis K\u00f5iv &#8211; about"},"content":{"rendered":"<div class=\"field field-name-body field-type-text-with-summary field-label-hidden view-mode-full\">\n<div class=\"field-items\">\n<div class=\"field-item even\">\n<p>\n\t\t\t\t<span style=\"font-family: verdana, geneva;font-size: medium\"><strong>Articles<\/strong><\/span>\n\t\t\t<\/p>\n<p>\n\t\t\t\t<span style=\"font-size: small;font-family: verdana, geneva\"><span style=\"font-size: small;font-family: verdana, geneva\"><em><strong>English<\/strong><\/em><br><span style=\"font-size: small;font-family: verdana, geneva\">Aare Pilv,\u00a0<a href=\"http:\/\/elm.estinst.ee\/issue\/19\/madis-koiv-writer-and-ideal-reader\/\"><strong>Madis K\u00f5iv \u2013 Writer for and Ideal Reader<\/strong><\/a>. \u2013 Estonian Literary Magazine, no 19, 2004.<br>Luule Epner,\u00a0<\/span><strong><a href=\"http:\/\/elm.estinst.ee\/issue\/9\/madis-koiv-s-visionary-theatre\/\">Madis K\u00f5iv-s visionary theatre<\/a><\/strong><span style=\"font-size: small;font-family: verdana, geneva\">. \u2013 Estonian Literary Magazine, no 9, 1999.<\/span><br>Luule Epner, <strong>Text and Stage: Theatricalism in Modern Estonian Drama<\/strong>. \u2013 Interlitteraria, vol 1, 1996, pp 26-40. [About the plays \u2018P\u00f5ud ja vihm P\u00f5lva kihelkonnan neljat\u00f5istk\u00fcmnendama aasta suv\u00f5l\u2019 (\u2018Rain and drought in P\u00f5lva parish on the summer of \u201914\u2019) and \u2018Tagasitulek isa juurde\u2019 (\u2018Return to father\u2019)]<\/span><\/span>\n\t\t\t<\/p>\n<p>\n\t\t\t\t<span style=\"font-size: small;font-family: verdana, geneva\"><span style=\"font-size: small;font-family: verdana, geneva\"><strong><em>German<\/em><\/strong><\/span><\/span><br><span style=\"font-size: small;font-family: verdana, geneva\"><span style=\"font-size: small;font-family: verdana, geneva\"><strong>Die ewige Angst der M\u00e4nner\u2026 Estnische B\u00fchnenkunst zeigt Menschen in ihren Widerspr\u00fcchen<\/strong>. \u2013 Hamburger Morgenpost, 8.9.1993.<\/span><\/span><br><span style=\"font-size: small;font-family: verdana, geneva\"><span style=\"font-size: small;font-family: verdana, geneva\">Priit Pedajas, <strong>Madis K\u00f5iv, \u201cHeimkehr zum Vater\u201d. Ein kleiner Kommentar zum Verst\u00e4ndnis<\/strong>. \u2013 KursNordNordOst. Das Baltikum. 16. September \u2013 2. Oktober. Hammoniale \u201993. Festival der Frauen. Hamburg 1993, pp 40-41.<\/span><\/span>\n\t\t\t<\/p>\n<p>\n\t\t\t\t<span style=\"font-size: small;font-family: verdana, geneva\"><span style=\"font-size: small;font-family: verdana, geneva\"><strong><em>Russian<\/em><\/strong><br>\u0411\u043e\u0440\u0438\u0441 \u0422\u0443\u0445, <strong>\u041c\u0430\u0434\u0438\u0441 \u041a\u044b\u0439\u0432. \u0414\u0440\u0430\u043c\u0430 \u043e\u0434\u0438\u043d\u043e\u043a\u043e\u0433\u043e \u0438\u043d\u0442\u0435\u043b\u043b\u0435\u043a\u0442\u0430, \u0438\u043b\u0438 \u041a\u044b\u0439\u0432 \u043f\u0440\u043e\u0442\u0438\u0432 \u0423\u043b\u044c\u044f\u043d\u043e\u0432\u0430<\/strong>. \u2013 \u0411\u043e\u0440\u0438\u0441 \u0422\u0443\u0445, \u0413\u043e\u0440\u044f\u0447\u0430\u044f \u0434\u0435\u0441\u044f\u0442\u043a\u0430 \u044d\u0441\u0442\u043e\u043d\u0441\u043a\u0438\u0445 \u043f\u0438\u0441\u0430\u0442\u0435\u043b\u0435\u0439: \u044d\u0441\u0442\u043e\u043d\u0441\u043a\u0430\u044f \u043b\u0438\u0442\u0435\u0440\u0430\u0442\u0443\u0440\u0430 \u0432\u0442\u043e\u0440\u043e\u0439 \u043f\u043e\u043b\u043e\u0432\u0438\u043d\u044b XX \u2013 \u043d\u0430\u0447\u0430\u043b\u0430 XXI \u0432\u0435\u043a\u0430: \u044d\u0441\u0441\u0435. \u0422\u0430\u043b\u043b\u0438\u043d\u043d: \u041a\u041f\u0414, 2004, pp 192-214. [See <strong><a href=\"https:\/\/sisu.ut.ee\/ewod\/general\/booksinrussian\/desjatka\">contents<\/a><\/strong> of the monograph.]<\/span><\/span><br>\u00a0\n\t\t\t<\/p>\n<p>\n\t\t\t\t<span style=\"font-family: verdana, geneva;font-size: medium\"><strong>Reviews<\/strong><\/span>\n\t\t\t<\/p>\n<p>\n\t\t\t\t<span style=\"font-family: verdana, geneva\"><strong><em>English<\/em><\/strong><\/span><br><span style=\"font-family: verdana, geneva\">Aare Pilv, Berk Vaher, <a href=\"http:\/\/elm.estinst.ee\/issue\/20\/short-outlines-books-estonian-authors\/\"><strong>Short Outlines of Books by Estonian Authors<\/strong><\/a>. \u2013 Estonian Literary Magazine, no 20, 2005. [About the novel \u2018P\u00e4ev\u2019 (\u2018Day\u2019).]<\/span><br><span style=\"font-family: verdana, geneva\">Ilmar Mikiver,\u00a0<cite style=\"line-height: 1.6em\"><strong>Faehlmann: Keskp\u00e4ev; \u00d5htuselgus<\/strong><\/cite><strong style=\"line-height: 1.6em\">\u00a0by Vaino Vahing, Madis K\u00f5iv<\/strong>. \u2013 World Literature Today, vol 59, no 4, 1985, pp 627-628.<\/span>\n\t\t\t<\/p>\n<p>\n\t\t\t\t\u00a0\n\t\t\t<\/p>\n<\/div>\n<\/div>\n<\/div>\n","protected":false},"excerpt":{"rendered":"<p>Articles EnglishAare Pilv,\u00a0Madis K\u00f5iv \u2013 Writer for and Ideal Reader. \u2013 Estonian Literary Magazine, no 19, 2004.Luule Epner,\u00a0Madis K\u00f5iv-s visionary theatre. \u2013 Estonian Literary Magazine, no 9, 1999.Luule Epner, Text and Stage: Theatricalism in Modern Estonian Drama. \u2013 Interlitteraria, vol &#8230;<\/p>\n","protected":false},"author":43,"featured_media":0,"parent":1899,"menu_order":0,"comment_status":"closed","ping_status":"closed","template":"","meta":{"_acf_changed":false,"inline_featured_image":false,"footnotes":""},"class_list":["post-1804","page","type-page","status-publish","hentry"],"acf":[],"_links":{"self":[{"href":"https:\/\/sisu.ut.ee\/ewod\/wp-json\/wp\/v2\/pages\/1804","targetHints":{"allow":["GET"]}}],"collection":[{"href":"https:\/\/sisu.ut.ee\/ewod\/wp-json\/wp\/v2\/pages"}],"about":[{"href":"https:\/\/sisu.ut.ee\/ewod\/wp-json\/wp\/v2\/types\/page"}],"author":[{"embeddable":true,"href":"https:\/\/sisu.ut.ee\/ewod\/wp-json\/wp\/v2\/users\/43"}],"replies":[{"embeddable":true,"href":"https:\/\/sisu.ut.ee\/ewod\/wp-json\/wp\/v2\/comments?post=1804"}],"version-history":[{"count":1,"href":"https:\/\/sisu.ut.ee\/ewod\/wp-json\/wp\/v2\/pages\/1804\/revisions"}],"predecessor-version":[{"id":3283,"href":"https:\/\/sisu.ut.ee\/ewod\/wp-json\/wp\/v2\/pages\/1804\/revisions\/3283"}],"up":[{"embeddable":true,"href":"https:\/\/sisu.ut.ee\/ewod\/wp-json\/wp\/v2\/pages\/1899"}],"wp:attachment":[{"href":"https:\/\/sisu.ut.ee\/ewod\/wp-json\/wp\/v2\/media?parent=1804"}],"curies":[{"name":"wp","href":"https:\/\/api.w.org\/{rel}","templated":true}]}}