{"id":1801,"date":"2024-04-03T23:41:57","date_gmt":"2024-04-03T20:41:57","guid":{"rendered":"https:\/\/sisu.ut.ee\/ewod\/sillaste\/"},"modified":"2024-09-10T20:05:03","modified_gmt":"2024-09-10T17:05:03","slug":"sillaste","status":"publish","type":"page","link":"https:\/\/sisu.ut.ee\/ewod\/s\/sillaste\/","title":{"rendered":"Kertu Sillaste"},"content":{"rendered":"<h5 class=\"wp-block-heading\"><br><a href=\"https:\/\/sisu.ut.ee\/ewod\/s\/sillaste\/stories\"><strong><span style=\"font-size: medium; font-family: verdana,geneva;\">Children\u2019s stories<\/span><\/strong><\/a><\/h5>\n\n\n\n<p><br>Kertu Sillaste (born 24 October 1973) is an artist and children\u2019s writer.<\/p>\n\n\n\n<p>She was born and attended school in Tallinn and studied textile design at the Estonian Academy of Arts and tapestry at the Duperr\u00e9 School of Applied Arts (\u00c9cole Sup\u00e9rieure des Arts Appliqu\u00e9s Duperr\u00e9) in Paris. In the master\u2019s studies at Tallinn University, Sillaste acquired the qualifications of an art teacher. She has worked as an artist at Tallinn Central Library, since 2014 she has been the head of the art chamber of the Estonian Children\u2019s Literature Centre. Sillaste is the secretary of the Estonian department of the International Board on Books for Young People (IBBY).<\/p>\n\n\n\n<p>Sillaste has received numerous awards as both a book illustrator and author. For example, in 2011, <em>Pannkoogiraamat<\/em> (\u2018It\u2019s Pancake Time\u2019, 2012), a cookbook for young children won the third prize at the children\u2019s book competition P\u00f5lvepikuraamat (The Knee-High Book Competition). In 2015, the first place in the same competition was awarded to her for <em>Iga\u00fcks teeb isemoodi kunsti<\/em> (\u2018Everyone Makes Art Their Own Way\u2019, 2016), which takes a look at the world of art like <em>Mina olen kunstnik<\/em> (\u2018I Am an Artist\u2019, 2018) and <em>Mina olen illustraator<\/em> (\u2018I Am an Illustrator\u2019, 2024). In 2015, Sillaste\u2019s book about a brave hare, <em>Ei ole nii!<\/em> (\u2018No, It Isn\u2019t So\u2019) received a diploma of the Five Best-Designed Estonian Children\u2019s Books and a special award from the Estonian Graphic Designers Association, the Raisin of the Year Award, and the title Hea lasteraamat (Good Children\u2019s Book). It also received the White Ravens Award in 2016. In 2022, <em>K\u00f5ige ilusam seelik<\/em> (\u2018The Prettiest Skirt\u2019, 2019) received the IBBY award; in 2019, it was also awarded a certificate of merit of the 25 Best-Designed Estonian Books.<\/p>\n\n\n\n<p>The wordless book <em>Appi!<\/em> (\u2018Help!\u2019, 2021) conveys a story about helping and noticing the need for help, offering the freedom to interpret the story based on the images.<\/p>\n\n\n\n<p><em>A. K. (Translated by I. A.)<\/em><\/p>\n\n\n\n<h5 class=\"wp-block-heading\"><br><strong>Books in Estonian<\/strong><\/h5>\n\n\n\n<p><strong><em>Books for children<\/em><\/strong><br><strong>Lapsed, s\u00f6\u00f6ma! Maitsvat toitu laiast ilmast<\/strong>. Tallinn: Ajakirjade Kirjastus, 2008, 78 lk<br><strong>Pannkoogiraamat<\/strong>. Tallinn: P\u00e4ike ja Pilv, 2012, 26 lk<br><strong>Ei ole nii!<\/strong> Tallinn: P\u00e4ike ja Pilv, 2015, 47 lk<br><strong>Iga\u00fcks teeb isemoodi kunsti<\/strong>. Tallinn: P\u00e4ike ja Pilv, 2016, 35 lk<br><strong>Mina olen kunstnik<\/strong>. Tallinn: Koolibri, 2018, 31 lk<br><strong>K\u00f5ige ilusam seelik<\/strong>. Tallinn: Koolibri, 2019, 24 lk<br><strong>Loomakesed l\u00e4ksid linna<\/strong>. Tallinn: Hea Lugu, 2019, 36 lk<br><strong>Appi!<\/strong> Help! Tallinn: Koolibri, 2021, 28 lk<br><strong>Pisikeses majas<\/strong>. Tallinn: P\u00e4ike ja Pilv, 2022, 32 lk<br><strong>V\u00e4ike p\u00e4kapikuraamat<\/strong>. Tallinn: Koolibri, 2023, 33 lk<br><strong>Mina olen illustraator<\/strong>. Tallinn: Koolibri, 2024, 31 lk<\/p>\n","protected":false},"excerpt":{"rendered":"<p>Children\u2019s stories Kertu Sillaste (born 24 October 1973) is an artist and children\u2019s writer. She was born and attended school in Tallinn and studied textile design at the Estonian Academy of Arts and tapestry at the Duperr\u00e9 School of Applied &#8230;<\/p>\n","protected":false},"author":43,"featured_media":0,"parent":697,"menu_order":0,"comment_status":"closed","ping_status":"closed","template":"","meta":{"_acf_changed":false,"inline_featured_image":false,"footnotes":""},"class_list":["post-1801","page","type-page","status-publish","hentry"],"acf":[],"_links":{"self":[{"href":"https:\/\/sisu.ut.ee\/ewod\/wp-json\/wp\/v2\/pages\/1801","targetHints":{"allow":["GET"]}}],"collection":[{"href":"https:\/\/sisu.ut.ee\/ewod\/wp-json\/wp\/v2\/pages"}],"about":[{"href":"https:\/\/sisu.ut.ee\/ewod\/wp-json\/wp\/v2\/types\/page"}],"author":[{"embeddable":true,"href":"https:\/\/sisu.ut.ee\/ewod\/wp-json\/wp\/v2\/users\/43"}],"replies":[{"embeddable":true,"href":"https:\/\/sisu.ut.ee\/ewod\/wp-json\/wp\/v2\/comments?post=1801"}],"version-history":[{"count":2,"href":"https:\/\/sisu.ut.ee\/ewod\/wp-json\/wp\/v2\/pages\/1801\/revisions"}],"predecessor-version":[{"id":5433,"href":"https:\/\/sisu.ut.ee\/ewod\/wp-json\/wp\/v2\/pages\/1801\/revisions\/5433"}],"up":[{"embeddable":true,"href":"https:\/\/sisu.ut.ee\/ewod\/wp-json\/wp\/v2\/pages\/697"}],"wp:attachment":[{"href":"https:\/\/sisu.ut.ee\/ewod\/wp-json\/wp\/v2\/media?parent=1801"}],"curies":[{"name":"wp","href":"https:\/\/api.w.org\/{rel}","templated":true}]}}