{"id":180,"date":"2024-04-03T23:39:28","date_gmt":"2024-04-03T20:39:28","guid":{"rendered":"https:\/\/sisu.ut.ee\/ewod\/estonia2006\/"},"modified":"2024-04-04T00:10:46","modified_gmt":"2024-04-03T21:10:46","slug":"estonia2006","status":"publish","type":"page","link":"https:\/\/sisu.ut.ee\/ewod\/anthologies\/german\/estonia2006\/","title":{"rendered":"Estonia 2006. Jahrbuch estnischer Literatur"},"content":{"rendered":"<p><strong><span style=\"font-family: verdana, geneva\">Estonia 2006. Jahrbuch estnischer Literatur. Herausgegeben von Irja Gr\u00f6nholm. Bremen: Hempen Verlag 2006, 286 pp.<\/span><\/strong><\/p>\n<p><strong><span style=\"font-family: verdana, geneva\">Contents:\u00a0<\/span><\/strong><\/p>\n<p><span style=\"font-family: verdana, geneva\"><em>Excerpts of novels<\/em>:<\/span><br><span style=\"font-family: verdana, geneva\">Jaan Kross, <strong>Wikmans Z\u00f6glinge<\/strong>. [\u2018Wikmani poisid\u2019.]<\/span><br><span style=\"font-family: verdana, geneva\">Mihkel Mutt, <strong>Softeis und Kadaver<\/strong>. [\u2018Pingviin ja raisakass\u2019.]<\/span><br><span style=\"font-family: verdana, geneva\">Mari Saat, <strong>Engel sehe ich tanzen im Wind<\/strong>. [\u2018Sinik\u00f5rguste tuultes\u2019.]<\/span><br><span style=\"font-family: verdana, geneva\">T\u00f5nu \u00d5nnepalu, <strong>Der Preis<\/strong>. [\u2018Hind\u2019.]<\/span><\/p>\n<p><span style=\"font-family: verdana, geneva\" data-mce-mark=\"1\"><em>Short stories<\/em>:<\/span><br><span style=\"font-family: verdana, geneva\" data-mce-mark=\"1\">Maimu Berg, <strong>Baltic Dream<\/strong>. [\u2018Baltic Dream\u2019.]<\/span><br><span style=\"font-family: verdana, geneva\" data-mce-mark=\"1\">Jaak J\u00f5er\u00fc\u00fct, <strong>Sieben Monate und sieben Tage<\/strong>. [\u2018Seitse kuud ja seitse p\u00e4eva\u2019.]<\/span><br><span style=\"font-family: verdana, geneva\" data-mce-mark=\"1\">Andrus Kivir\u00e4hk, <strong>Die Europareise<\/strong>. [\u2018Retk l\u00e4bi Euroopa\u2019.]<\/span><br><span style=\"font-family: verdana, geneva\" data-mce-mark=\"1\">Eeva Park, <strong>Absolut meisterhaft<\/strong>. [\u2018Absoluutne meister\u2019.]<br><\/span><span style=\"font-family: verdana, geneva\" data-mce-mark=\"1\">Ervin \u00d5unapuu, <strong>Der Sprung<\/strong>. [\u2018H\u00fcpe\u2019.]<\/span><\/p>\n<p><span style=\"font-family: verdana, geneva\" data-mce-mark=\"1\"><em>Essays<\/em>:<br><span>Viivi Luik, <strong>Diebstahl mit Variationen<\/strong>. [\u2018Varastamisviisidest\u2019.]<br><\/span><span>Viivi Luik,\u00a0<strong>Grabrede auf ein Schulhaus<\/strong>. [\u2018K\u00f5ne koolimaja haual\u2019.]<\/span><br><\/span><\/p>\n<p><span style=\"font-family: verdana, geneva\" data-mce-mark=\"1\"><em>Poems by<\/em>: <\/span><br><span style=\"font-family: verdana, geneva\" data-mce-mark=\"1\">Kristiina Ehin, Jaan Kaplinski, Doris Kareva, Hasso Krull, Asko K\u00fcnnap, Ene Mihkelson, J\u00fcrgen Rooste, Elo Viiding<\/span><\/p>\n","protected":false},"excerpt":{"rendered":"<p>Estonia 2006. Jahrbuch estnischer Literatur. Herausgegeben von Irja Gr\u00f6nholm. Bremen: Hempen Verlag 2006, 286 pp. Contents:\u00a0 Excerpts of novels:Jaan Kross, Wikmans Z\u00f6glinge. [\u2018Wikmani poisid\u2019.]Mihkel Mutt, Softeis und Kadaver. [\u2018Pingviin ja raisakass\u2019.]Mari Saat, Engel sehe ich tanzen im Wind. [\u2018Sinik\u00f5rguste tuultes\u2019.]T\u00f5nu &#8230;<\/p>\n","protected":false},"author":43,"featured_media":0,"parent":1734,"menu_order":0,"comment_status":"closed","ping_status":"closed","template":"","meta":{"_acf_changed":false,"inline_featured_image":false,"footnotes":""},"class_list":["post-180","page","type-page","status-publish","hentry"],"acf":[],"_links":{"self":[{"href":"https:\/\/sisu.ut.ee\/ewod\/wp-json\/wp\/v2\/pages\/180","targetHints":{"allow":["GET"]}}],"collection":[{"href":"https:\/\/sisu.ut.ee\/ewod\/wp-json\/wp\/v2\/pages"}],"about":[{"href":"https:\/\/sisu.ut.ee\/ewod\/wp-json\/wp\/v2\/types\/page"}],"author":[{"embeddable":true,"href":"https:\/\/sisu.ut.ee\/ewod\/wp-json\/wp\/v2\/users\/43"}],"replies":[{"embeddable":true,"href":"https:\/\/sisu.ut.ee\/ewod\/wp-json\/wp\/v2\/comments?post=180"}],"version-history":[{"count":1,"href":"https:\/\/sisu.ut.ee\/ewod\/wp-json\/wp\/v2\/pages\/180\/revisions"}],"predecessor-version":[{"id":4891,"href":"https:\/\/sisu.ut.ee\/ewod\/wp-json\/wp\/v2\/pages\/180\/revisions\/4891"}],"up":[{"embeddable":true,"href":"https:\/\/sisu.ut.ee\/ewod\/wp-json\/wp\/v2\/pages\/1734"}],"wp:attachment":[{"href":"https:\/\/sisu.ut.ee\/ewod\/wp-json\/wp\/v2\/media?parent=180"}],"curies":[{"name":"wp","href":"https:\/\/api.w.org\/{rel}","templated":true}]}}