{"id":1799,"date":"2024-04-03T23:41:57","date_gmt":"2024-04-03T20:41:57","guid":{"rendered":"https:\/\/sisu.ut.ee\/ewod\/annus\/"},"modified":"2024-04-04T00:06:14","modified_gmt":"2024-04-03T21:06:14","slug":"annus","status":"publish","type":"page","link":"https:\/\/sisu.ut.ee\/ewod\/a\/annus\/","title":{"rendered":"Epp Annus"},"content":{"rendered":"<p>\n\t<a href=\"https:\/\/sisu.ut.ee\/ewod\/a\/annus\/about\"><span style=\"font-family: verdana, geneva\"><strong><span style=\"font-size: medium\">About\u00a0Epp Annus<\/span><\/strong><\/span><\/a><span style=\"font-family: verdana, geneva\"><strong><span style=\"font-size: medium\"> <\/span><\/strong><span style=\"font-size: medium\"><a href=\"https:\/\/sisu.ut.ee\/wp-content\/uploads\/sites\/108\/epp_vaike.jpg\" target=\"_self\" rel=\"noopener\"><img decoding=\"async\" alt=\"Epp Annus\" src=\"https:\/\/sisu.ut.ee\/wp-content\/uploads\/sites\/108\/epp_vaike.jpg\" style=\"float: right;width: 200px;height: 303px\" title=\"Photo: Kr\u00f5\u00f5t Tarkmeel\"><\/a><\/span><\/span>\n<\/p>\n<p>\n\t\u00a0\n<\/p>\n<p><span style=\"color:#000000\"><span style=\"font-size:13px\"><span style=\"font-family:Verdana,Geneva,sans-serif\">Epp Annus (born 30 August 1969) is a researcher of literature and culture and prose writer.<\/span><\/span><\/span>\n<\/p>\n<p>\n\t<span style=\"color:#000000\"><span style=\"font-size:13px\"><span style=\"font-family:Verdana,Geneva,sans-serif\">Annus was born and attended school in Tallinn and studied Estonian literature at the University of Tartu. Her master\u2019s thesis bore the title <em>Vaatepunkt <\/em><\/span><\/span><\/span><span style=\"font-size:13px\"><span style=\"font-family:Verdana,Geneva,sans-serif\"><em><a data-url=\"https:\/\/sisu.ut.ee\/ewod\/w\/astawillmann\" href=\"https:\/\/sisu.ut.ee\/ewod\/w\/astawillmann\" title=\"\">Asta Willmanni<\/a><\/em><\/span><\/span><span style=\"color:#000000\"><span style=\"font-size:13px\"><span style=\"font-family:Verdana,Geneva,sans-serif\"><em> romaanis \u201ePeot\u00e4is tuhka, teine mulda\u201c<\/em> (\u2018Point of View in Asta Willmann\u2019s Novel One Handful of Ash, the Other of Dirt\u2019, 1993). Her doctoral thesis <em>Kuidas kirjutada aega<\/em> (\u2018How to Tell Time\u2019) was also published as a monograph (2002). Annus has upgraded her education at several universities abroad, worked at Under and Tuglas Literature Centre, Research Group of Contemporary Estonian Culture, the universities of Tartu and Tallinn, the Estonian Literary Museum and as a guest researcher at the University of Strathclyde in Glasgow and the University of Helsinki. She also teaches regularly at Ohio State University, in the USA. She is a member of the Estonian Writers\u2019 Union (from 1999), the International Association of Philosophy and Literature, the Association for the Advancement of the Baltic Studies, the Estonian Literary Society and several research boards.<\/span><\/span><\/span>\n<\/p>\n<p>\n\t<span style=\"color:#000000\"><span style=\"font-size:13px\"><span style=\"font-family:Verdana,Geneva,sans-serif\">Epp Annus has been active in Estonian literature since the 1990s with reviews and articles. She has dealt with the problems of viewpoint and narrative mainly in <\/span><\/span><\/span><span style=\"font-size:13px\"><span style=\"font-family:Verdana,Geneva,sans-serif\"><a data-url=\"https:\/\/sisu.ut.ee\/ewod\/t\/tammsaare\" href=\"https:\/\/sisu.ut.ee\/ewod\/t\/tammsaare\" title=\"\">A. H. Tammsaare<\/a><\/span><\/span><span style=\"color:#000000\"><span style=\"font-size:13px\"><span style=\"font-family:Verdana,Geneva,sans-serif\">\u2019s and <\/span><\/span><\/span><span style=\"font-size:13px\"><span style=\"font-family:Verdana,Geneva,sans-serif\"><a data-url=\"https:\/\/sisu.ut.ee\/ewod\/k\/bernardkangro\" href=\"https:\/\/sisu.ut.ee\/ewod\/k\/bernardkangro\" title=\"\">Bernard Kangro<\/a><\/span><\/span><span style=\"color:#000000\"><span style=\"font-size:13px\"><span style=\"font-family:Verdana,Geneva,sans-serif\">\u2019s works, observed the issues related to time, see, e.g., <em>Kuidas kirjutada aega<\/em> (\u2018How to Tell Time\u2019, 2002). In recent years, her research has concentrated on connections between culture, politics and everyday life mostly in the last years of the Soviet rule, see, e.g., <em>Sotskolonialism Eesti NSV-s: v\u00f5im, kultuur, argielu<\/em> (\u2018Soviet Colonialism in the Estonian SSR: power, culture, everyday life\u2019, 2019). In 2000, Annus received the annual award of the journal <em>Keel ja Kirjandus<\/em> for the article <em>Postmodernism kui hilissotsialismi kultuuriloogika<\/em> (\u2018Postmodernism as the Cultural Logic of Late Socialism\u2019), in 2012 the annual award of the Journal of Baltic Studies for the article The Problem of Soviet Colonialism in the Baltics. She has participated in compiling several textbooks for secondary schools and collections. Annus is one of the authors of <em>Eesti kirjanduslugu<\/em> (\u2018History of Estonian Literature\u2019, 2001) and the editor of the bulky compendium on the most essential 20th-century philosophers, <em>20. sajandi m\u00f5ttevoolud<\/em> (\u2018Movements of Thought in the 20th Century\u2019, 2009).<\/span><\/span><\/span>\n<\/p>\n<p>\n\t<span style=\"color:#000000\"><span style=\"font-size:13px\"><span style=\"font-family:Verdana,Geneva,sans-serif\">In the 2000s, Annus began to publish books meant mainly for small children. Her philosophical-poetical debut novel for adults, <em>Sina, Matilda<\/em> (\u2018You, Matilda\u2019), which was inspired by the story of the Beauty and the Beast, appeared in 2007. In 2021, Annus published the utopian novel <em>Tere, Aleksander<\/em> (\u2018Hello, Alexander\u2019).<\/span><\/span><\/span>\n<\/p>\n<p>\n\t<em><span style=\"color:#000000\"><span style=\"font-size:13px\"><span style=\"font-family:Verdana,Geneva,sans-serif\">A. K. (Translated by I. A.)<\/span><\/span><\/span><\/em><\/p>\n<p>\u00a0\n<\/p>\n<p>\n\t<strong><span style=\"font-size:16px\"><span style=\"color:#000000\"><span style=\"font-family:Verdana,Geneva,sans-serif\">Books in Estonian<\/span><\/span><\/span><\/strong>\n<\/p>\n<p>\n\t<span style=\"color:#000000\"><span style=\"font-size:13px\"><span style=\"font-family:Verdana,Geneva,sans-serif\"><strong><em>Novels<\/em><\/strong><br><strong>Sina, Matilda<\/strong>. Tallinn: Tuum, 2007, 158 lk<br><strong>Tere, Aleksander<\/strong>: lugu tulemata j\u00e4\u00e4nud tulevikust. Tallinn: EKSA, 2021, 232 lk<\/span><\/span><\/span>\n<\/p>\n<p>\n\t<span style=\"color:#000000\"><span style=\"font-size:13px\"><span style=\"font-family:Verdana,Geneva,sans-serif\"><strong><em>Books for children<\/em><\/strong><br><strong>Jaak ja lumi<\/strong>: luuletus. Tallinn: P\u00e4ike ja Pilv, 2005, 20 lk<br><strong>Jaak l\u00e4heb poodi<\/strong>: l\u00fchijutt. Tallinn: P\u00e4ike ja Pilv, 2005, 20 lk<br><strong>Mari p\u00e4ev<\/strong>. Tallinn: P\u00e4ike ja Pilv, 2005, 10 lk<br><strong>Oravaraamat<\/strong>: l\u00fchijutt. Tallinn: P\u00e4ike ja Pilv, 2005, 24 lk<br><strong>Unelaul kahel h\u00e4\u00e4lel<\/strong>. Tallinn: P\u00e4ike ja Pilv, 2005, 14 lk<br><strong>Oskar l\u00e4heb \u00f5ue<\/strong>. Tallinn: P\u00e4ike ja Pilv, 2006, 10 lk<br><strong>Elavad t\u00e4hed<\/strong>. Tallinn: P\u00e4ike ja Pilv, 2009, 42 lk [juurdetr\u00fckk 2010]<br><strong>Oravalapsed talvises metsas<\/strong>. Tallinn: P\u00e4ike ja Pilv, 2011, 26 lk<br><strong>Oravalapsed vanas majas<\/strong>. Tallinn: P\u00e4ike ja Pilv, 2011, 26 lk<br><strong>Auto ja p\u00f5der<\/strong>. Tallinn: P\u00e4ike ja Pilv, 2013, 28 lk<br><strong>Uku ja kaelkirjak<\/strong>. Tallinn: P\u00e4ike ja Pilv, 2013, 28 lk<br><strong>Uku, kaelkirjak ja elevant<\/strong>. Tallinn: P\u00e4ike ja Pilv, 2015, 22 lk<\/span><\/span><\/span>\n<\/p>\n<p>\n\t<span style=\"color:#000000\"><span style=\"font-size:13px\"><span style=\"font-family:Verdana,Geneva,sans-serif\"><strong><em>Literary research<\/em><\/strong><br>Epp Annus, Rein Undusk, <strong>Klassika ja narratiivsus: Tammsaarest Kangroni<\/strong>. Tallinn: Underi ja Tuglase Kirjanduskeskus, 1997, 126 lk<br><strong>Kuidas kirjutada aega<\/strong>. Tallinn: Underi ja Tuglase Kirjanduskeskus, 2002, 363 lk<br><strong>Sotskolonialism Eesti NSV-s: v\u00f5im, kultuur, argielu<\/strong>. Tallinn, Tartu: Tartu \u00dclikooli Kirjastus, 2019, 424 lk<\/span><\/span><\/span>\n<\/p>\n<p>\n\t\u00a0<\/p>\n","protected":false},"excerpt":{"rendered":"<p>About\u00a0Epp Annus \u00a0 Epp Annus (born 30 August 1969) is a researcher of literature and culture and prose writer. Annus was born and attended school in Tallinn and studied Estonian literature at the University of Tartu. Her master\u2019s thesis bore &#8230;<\/p>\n","protected":false},"author":43,"featured_media":0,"parent":485,"menu_order":0,"comment_status":"closed","ping_status":"closed","template":"","meta":{"_acf_changed":false,"inline_featured_image":false,"footnotes":""},"class_list":["post-1799","page","type-page","status-publish","hentry"],"acf":[],"_links":{"self":[{"href":"https:\/\/sisu.ut.ee\/ewod\/wp-json\/wp\/v2\/pages\/1799","targetHints":{"allow":["GET"]}}],"collection":[{"href":"https:\/\/sisu.ut.ee\/ewod\/wp-json\/wp\/v2\/pages"}],"about":[{"href":"https:\/\/sisu.ut.ee\/ewod\/wp-json\/wp\/v2\/types\/page"}],"author":[{"embeddable":true,"href":"https:\/\/sisu.ut.ee\/ewod\/wp-json\/wp\/v2\/users\/43"}],"replies":[{"embeddable":true,"href":"https:\/\/sisu.ut.ee\/ewod\/wp-json\/wp\/v2\/comments?post=1799"}],"version-history":[{"count":1,"href":"https:\/\/sisu.ut.ee\/ewod\/wp-json\/wp\/v2\/pages\/1799\/revisions"}],"predecessor-version":[{"id":3278,"href":"https:\/\/sisu.ut.ee\/ewod\/wp-json\/wp\/v2\/pages\/1799\/revisions\/3278"}],"up":[{"embeddable":true,"href":"https:\/\/sisu.ut.ee\/ewod\/wp-json\/wp\/v2\/pages\/485"}],"wp:attachment":[{"href":"https:\/\/sisu.ut.ee\/ewod\/wp-json\/wp\/v2\/media?parent=1799"}],"curies":[{"name":"wp","href":"https:\/\/api.w.org\/{rel}","templated":true}]}}