{"id":1797,"date":"2024-04-03T23:41:57","date_gmt":"2024-04-03T20:41:57","guid":{"rendered":"https:\/\/sisu.ut.ee\/ewod\/novels-et-96\/"},"modified":"2024-04-04T00:06:14","modified_gmt":"2024-04-03T21:06:14","slug":"novels","status":"publish","type":"page","link":"https:\/\/sisu.ut.ee\/ewod\/k\/bernardkangro\/novels\/","title":{"rendered":"Bernard Kangro &#8211; novels"},"content":{"rendered":"<p>\n\t<span style=\"font-size: medium\"><strong><span style=\"font-family: verdana, geneva\">Books<\/span><\/strong><\/span>\n<\/p>\n<p>\n\t<em><strong><span style=\"font-family: verdana, geneva\">Latvian<\/span><\/strong><\/em><br><span style=\"font-family: verdana, geneva\"><strong>Zilie varti<\/strong>.\u00a0Translated by Zane Zemdega. Minneapolis: Tilta Apgads, 1958, 296 pp.\u00a0<span>[\u2018Sinine v\u00e4rav\u2019.]<\/span><\/span>\n<\/p>\n<p>\n\t<br><strong><span style=\"font-size:16px\"><span style=\"font-family: verdana, geneva\">In anthologies and magazines<\/span><\/span><\/strong>\n<\/p>\n<p>\n\t<span style=\"font-family: verdana, geneva\"><span><strong><em>English<\/em><\/strong><br><strong>Hunger; The Frozen Fountains<\/strong> (extract). \u2013 An Introduction to Estonian Literature. Translated and edited by Hilary Bird. Bloomington, Ind.: Slavica, 2018, xv+486 pp. [\u2018N\u00e4lg\u2019, a poem; \u2018J\u00e4\u00e4l\u00e4tted\u2019, a novel. See <\/span><\/span><strong><span style=\"font-family:Verdana,Geneva,sans-serif\"><a data-url=\"https:\/\/sisu.ut.ee\/ewod\/anthologies\/english\/bird\" href=\"https:\/\/sisu.ut.ee\/ewod\/anthologies\/english\/bird\" title=\"\">contents<\/a><\/span><\/strong><span style=\"font-family: verdana, geneva\"><span> of the anthology.]<\/span><\/span><\/p>\n","protected":false},"excerpt":{"rendered":"<p>Books LatvianZilie varti.\u00a0Translated by Zane Zemdega. Minneapolis: Tilta Apgads, 1958, 296 pp.\u00a0[\u2018Sinine v\u00e4rav\u2019.] In anthologies and magazines EnglishHunger; The Frozen Fountains (extract). \u2013 An Introduction to Estonian Literature. Translated and edited by Hilary Bird. Bloomington, Ind.: Slavica, 2018, xv+486 pp. &#8230;<\/p>\n","protected":false},"author":43,"featured_media":0,"parent":1611,"menu_order":0,"comment_status":"closed","ping_status":"closed","template":"","meta":{"_acf_changed":false,"inline_featured_image":false,"footnotes":""},"class_list":["post-1797","page","type-page","status-publish","hentry"],"acf":[],"_links":{"self":[{"href":"https:\/\/sisu.ut.ee\/ewod\/wp-json\/wp\/v2\/pages\/1797","targetHints":{"allow":["GET"]}}],"collection":[{"href":"https:\/\/sisu.ut.ee\/ewod\/wp-json\/wp\/v2\/pages"}],"about":[{"href":"https:\/\/sisu.ut.ee\/ewod\/wp-json\/wp\/v2\/types\/page"}],"author":[{"embeddable":true,"href":"https:\/\/sisu.ut.ee\/ewod\/wp-json\/wp\/v2\/users\/43"}],"replies":[{"embeddable":true,"href":"https:\/\/sisu.ut.ee\/ewod\/wp-json\/wp\/v2\/comments?post=1797"}],"version-history":[{"count":1,"href":"https:\/\/sisu.ut.ee\/ewod\/wp-json\/wp\/v2\/pages\/1797\/revisions"}],"predecessor-version":[{"id":3276,"href":"https:\/\/sisu.ut.ee\/ewod\/wp-json\/wp\/v2\/pages\/1797\/revisions\/3276"}],"up":[{"embeddable":true,"href":"https:\/\/sisu.ut.ee\/ewod\/wp-json\/wp\/v2\/pages\/1611"}],"wp:attachment":[{"href":"https:\/\/sisu.ut.ee\/ewod\/wp-json\/wp\/v2\/media?parent=1797"}],"curies":[{"name":"wp","href":"https:\/\/api.w.org\/{rel}","templated":true}]}}