{"id":1796,"date":"2024-04-03T23:41:57","date_gmt":"2024-04-03T20:41:57","guid":{"rendered":"https:\/\/sisu.ut.ee\/ewod\/plays-et-53\/"},"modified":"2024-04-04T00:06:13","modified_gmt":"2024-04-03T21:06:13","slug":"plays","status":"publish","type":"page","link":"https:\/\/sisu.ut.ee\/ewod\/k\/kivirahk\/plays\/","title":{"rendered":"Andrus Kivir\u00e4hk &#8211; plays"},"content":{"rendered":"<p><strong><span style=\"font-family: verdana, geneva;font-size: medium\" data-mce-mark=\"1\">Books<\/span><\/strong><\/p>\n<p><strong><em><span style=\"font-family: verdana, geneva\" data-mce-mark=\"1\">Bulgarian<br><\/span><\/em><span style=\"font-family: verdana, geneva\" data-mce-mark=\"1\">\u0421\u0438\u043d\u0438\u044f\u0442 \u0432\u0430\u0433\u043e\u043d: \u043f\u0438\u0435\u0441\u0438<\/span><\/strong><span style=\"font-family: verdana, geneva\" data-mce-mark=\"1\">. <span data-mce-mark=\"1\">\u041f<\/span>\u0435\u0440\u0435\u0432\u043e\u0434 \u043e\u0442 \u0435\u0441\u0442\u043e\u043d\u0441\u043a\u0438 \u0418\u0432\u0430\u0439\u043b\u043e \u0417\u043b\u0430\u0442\u043a\u043e\u0432. <span data-mce-mark=\"1\">\u0421\u043e\u0444\u0438\u044f: \u0415\u0440\u0433\u043e, 2015<\/span>, 128 pp. [Contents: \u2018<span data-mce-mark=\"1\">\u0421\u0438\u043d\u0438\u044f\u0442 \u0432\u0430\u0433\u043e\u043d\u2019 (<\/span>\u2018<span data-mce-mark=\"1\">Helesinine vagun\u2019); \u2018<span data-mce-mark=\"1\">\u041f\u043e\u0433\u0440\u0435\u0431\u0435\u043d\u0438\u0435 \u043f\u043e \u0435\u0441\u0442\u043e\u043d\u0441\u043a\u0438\u2019 (<\/span>\u2018Eesti matus\u2019).]<\/span><\/span><strong><em><span style=\"font-family: verdana, geneva\" data-mce-mark=\"1\"><br><\/span><\/em><\/strong><\/p>\n<p><strong><em><span style=\"font-family: verdana, geneva\" data-mce-mark=\"1\">German<br><\/span><\/em><\/strong><span style=\"font-family: verdana, geneva\" data-mce-mark=\"1\"><strong>Die Fibel<\/strong>. Aus dem Estnischen von Irja Gr\u00f6nholm. \u00d6sterreichischer B\u00fchnenverlag Kaiser &amp; Co, 2018, 24 pp.<\/span><span style=\"font-family: verdana, geneva\" data-mce-mark=\"1\"><\/span><\/p>\n<p><strong><em><span style=\"font-family: verdana, geneva\">Hungarian<\/span><\/em><\/strong><br><span style=\"font-family: verdana, geneva\"><strong style=\"line-height: 1.6em\">K\u00e9k vagon: sz\u00ednm\u00fc\u00a0k\u00e9t felvon\u00e1sban<\/strong>. Ford\u00edtotta Patat Bence,\u00a0szerkesztette \u00e9s az el\u00f5sz\u00f3t \u00edrta V. T\u00f3th L\u00e1szlo.\u00a0Pom\u00e1z: Kr\u00e1ter, 2005, 102 pp. [\u2018Helesinine vagun\u2019.]<\/span><\/p>\n<p><span style=\"font-family: verdana, geneva\"><strong><em>Russian<\/em><\/strong><br><span style=\"font-family: verdana, geneva\">\u0410\u043d\u0434\u0440\u0443\u0441 \u041a\u0438\u0432\u0438\u0440\u044f\u0445\u043a, <strong>\u041f\u043e\u043c\u0438\u043d\u043a\u0438 \u043f\u043e-\u044d\u0441\u0442\u043e\u043d\u0441\u043a\u0438;\u00a0<\/strong><span style=\"font-family: verdana, geneva\"><strong>\u0413\u043e\u043b\u0443\u0431\u043e\u0439 \u0432\u0430\u0433\u043e\u043d<\/strong>. \u2013\u00a0<\/span><\/span>\u041a\u043e\u0441\u0442\u0435\u0440 \u0421\u0430\u0432\u043e\u043d\u0430\u0440\u043e\u043b\u044b \u0438 \u0435\u0449\u0435 7 \u043d\u043e\u0432\u0435\u0439\u0448\u0438\u0445 \u044d\u0441\u0442\u043e\u043d\u0441\u043a\u0438\u0445 \u043f\u044c\u0435\u0441; \u0432 \u043f\u0435\u0440\u0435\u0432\u043e\u0434\u0435 [\u0438 \u043f\u0440\u0435\u0434\u0438\u0441\u043b\u043e\u0432\u0438\u0435] \u0411\u043e\u0440\u0438\u0441\u0430 \u0422\u0443\u0445\u0430. \u0422\u0430\u043b\u043b\u0438\u043d\u043d: Aleksandra, 2006, 588 pp. [\u2018<span style=\"font-family: verdana, geneva\">Eesti matus\u2019, \u2019Helesinine vagun\u2019.\u00a0<\/span>Contents of the anthology: \u041c\u0430\u0440\u0442 \u041a\u0438\u0432\u0430\u0441\u0442\u0438\u043a, \u2019\u041a\u043e\u0441\u0442\u0435\u0440 \u0421\u0430\u0432\u043e\u043d\u0430\u0440\u043e\u043b\u044b\u2019 (\u2019Savonarola tuleriit\u2019), \u2019\u0421\u043b\u0443\u0433\u0430\u2019 (\u2019Teener\u2019); \u0410\u043d\u0434\u0440\u0443\u0441 \u041a\u0438\u0432\u0438\u0440\u044f\u0445\u043a, \u2019\u041f\u043e\u043c\u0438\u043d\u043a\u0438 \u043f\u043e-\u044d\u0441\u0442\u043e\u043d\u0441\u043a\u0438\u2019 (\u2019Eesti matus\u2019), \u2019\u0413\u043e\u043b\u0443\u0431\u043e\u0439 \u0432\u0430\u0433\u043e\u043d\u2019 (\u2019Helesinine vagun\u2019); \u0423\u0440\u043c\u0430\u0441 \u041b\u0435\u043d\u043d\u0443\u043a, \u2019\u0411\u043e\u0431 \u0437\u043d\u0430\u0435\u0442\u2019 (\u2019Boob teab\u2019); \u042f\u0430\u043d \u0422\u044f\u0442\u0442\u0435, \u2019\u041f\u0435\u0440\u0435\u0441\u0435\u0447\u0435\u043d\u0438\u0435 \u0441 \u0433\u043b\u0430\u0432\u043d\u043e\u0439 \u0434\u043e\u0440\u043e\u0433\u0438, \u0438\u043b\u0438, \u0421\u043a\u0430\u0437\u043a\u0430 \u043e \u0437\u043e\u043b\u043e\u0442\u043e\u0439 \u0440\u044b\u0431\u043a\u0435\u2019 (\u2019Ristumine peateega, ehk, Muinasjutt kuldsest kalakesest\u2019), \u2019\u0411\u0435\u0437\u0443\u043c\u0435\u0446\u2019 (\u2019Meeletu\u2019); \u041c\u0430\u0434\u0438\u0441 \u041a\u044b\u0439\u0432, \u2019Filis nihili (\u041f\u043e\u0441\u043b\u0435\u0434\u043d\u0438\u0439 \u043d\u0438\u0433\u0438\u043b\u0438\u0441\u0442)\u2019.]<br><\/span><\/p>\n","protected":false},"excerpt":{"rendered":"<p>Books Bulgarian\u0421\u0438\u043d\u0438\u044f\u0442 \u0432\u0430\u0433\u043e\u043d: \u043f\u0438\u0435\u0441\u0438. \u041f\u0435\u0440\u0435\u0432\u043e\u0434 \u043e\u0442 \u0435\u0441\u0442\u043e\u043d\u0441\u043a\u0438 \u0418\u0432\u0430\u0439\u043b\u043e \u0417\u043b\u0430\u0442\u043a\u043e\u0432. \u0421\u043e\u0444\u0438\u044f: \u0415\u0440\u0433\u043e, 2015, 128 pp. [Contents: \u2018\u0421\u0438\u043d\u0438\u044f\u0442 \u0432\u0430\u0433\u043e\u043d\u2019 (\u2018Helesinine vagun\u2019); \u2018\u041f\u043e\u0433\u0440\u0435\u0431\u0435\u043d\u0438\u0435 \u043f\u043e \u0435\u0441\u0442\u043e\u043d\u0441\u043a\u0438\u2019 (\u2018Eesti matus\u2019).] GermanDie Fibel. Aus dem Estnischen von Irja Gr\u00f6nholm. \u00d6sterreichischer B\u00fchnenverlag Kaiser &amp; Co, 2018, 24 pp. &#8230;<\/p>\n","protected":false},"author":43,"featured_media":0,"parent":2169,"menu_order":0,"comment_status":"closed","ping_status":"closed","template":"","meta":{"_acf_changed":false,"inline_featured_image":false,"footnotes":""},"class_list":["post-1796","page","type-page","status-publish","hentry"],"acf":[],"_links":{"self":[{"href":"https:\/\/sisu.ut.ee\/ewod\/wp-json\/wp\/v2\/pages\/1796","targetHints":{"allow":["GET"]}}],"collection":[{"href":"https:\/\/sisu.ut.ee\/ewod\/wp-json\/wp\/v2\/pages"}],"about":[{"href":"https:\/\/sisu.ut.ee\/ewod\/wp-json\/wp\/v2\/types\/page"}],"author":[{"embeddable":true,"href":"https:\/\/sisu.ut.ee\/ewod\/wp-json\/wp\/v2\/users\/43"}],"replies":[{"embeddable":true,"href":"https:\/\/sisu.ut.ee\/ewod\/wp-json\/wp\/v2\/comments?post=1796"}],"version-history":[{"count":1,"href":"https:\/\/sisu.ut.ee\/ewod\/wp-json\/wp\/v2\/pages\/1796\/revisions"}],"predecessor-version":[{"id":3275,"href":"https:\/\/sisu.ut.ee\/ewod\/wp-json\/wp\/v2\/pages\/1796\/revisions\/3275"}],"up":[{"embeddable":true,"href":"https:\/\/sisu.ut.ee\/ewod\/wp-json\/wp\/v2\/pages\/2169"}],"wp:attachment":[{"href":"https:\/\/sisu.ut.ee\/ewod\/wp-json\/wp\/v2\/media?parent=1796"}],"curies":[{"name":"wp","href":"https:\/\/api.w.org\/{rel}","templated":true}]}}