{"id":1791,"date":"2024-04-03T23:41:56","date_gmt":"2024-04-03T20:41:56","guid":{"rendered":"https:\/\/sisu.ut.ee\/ewod\/stories-et-201\/"},"modified":"2024-04-04T00:06:16","modified_gmt":"2024-04-03T21:06:16","slug":"stories","status":"publish","type":"page","link":"https:\/\/sisu.ut.ee\/ewod\/p\/puvi\/stories\/","title":{"rendered":"Erik P\u00fcvi &#8211; short stories"},"content":{"rendered":"<p><strong><span style=\"font-family: verdana, geneva;font-size: medium\">In anthologies and magazines<\/span><\/strong><\/p>\n<p><em><strong><span style=\"font-family: verdana, geneva\">German<br><\/span><\/strong><\/em><span style=\"font-family: verdana, geneva\"><strong>Diamantensucher und andere estnische Humoresken<\/strong>. Herausgegeben von Harri Lehiste. Tallinn: Perioodika, 1980, 70 pp. [Includes humorous stories by Priit Aimla, Ruth Hint, Teet Kallas, Enn Karu, Kalju Kass, \u00dclo Kiiler, Wladislaw Korshez, Harri Lehiste, Kaido Liiva, Ann Must, Erik P\u00fcvi, Raivo Raigna, T\u00f5nn Sarv, Toivo Tootsen].<\/span><em><strong><span style=\"font-family: verdana, geneva\"><br><\/span><\/strong><\/em><\/p>\n<p><em><strong><span style=\"font-family: verdana, geneva\">Russian<\/span><\/strong><\/em><br><span style=\"font-family: verdana, geneva\">\u042d\u0440\u0438\u043a \u041f\u044e\u0432\u0438, <strong>\u0412\u043e\u0441\u043a\u0440\u0435\u0441\u0435\u043d\u044c\u0435. \u041f\u0435\u0440\u0432\u044b\u0435 \u0441\u043b\u0435\u0437\u044b<\/strong>. \u2013 \u0412\u043e \u0438\u043c\u044f \u0434\u0440\u0443\u0436\u0431\u044b: A\u043d\u0442\u043e\u043b\u043e\u0433\u0438\u044f \u0441\u043e\u0432\u0440\u0435\u043c\u0435\u043d\u043d\u043e\u0439 \u0434\u0435\u0442\u0441\u043a\u043e\u0439 \u043f\u0440\u043e\u0437\u044b. \u0422\u043e\u043c 1-2. \u0421\u043e\u0441\u0442\u0430\u0432\u0438\u0442\u0435\u043b\u044c \u0410. \u042f\u0430\u043a\u0441\u043e\u043e. \u0422\u0430\u043b\u043b\u0438\u043d\u043d: \u042d\u044d\u0441\u0442\u0438 \u0440\u0430\u0430\u043c\u0430\u0442, 1975, 402+424 pp. [\u2019P\u00fchap\u00e4ev\u2019, \u2019Esimene nutt\u2019. See <strong><a href=\"https:\/\/sisu.ut.ee\/ewod\/anthologies\/detskajaproza\">contents<\/a><\/strong> of the anthology.]<\/span><\/p>\n","protected":false},"excerpt":{"rendered":"<p>In anthologies and magazines GermanDiamantensucher und andere estnische Humoresken. Herausgegeben von Harri Lehiste. Tallinn: Perioodika, 1980, 70 pp. [Includes humorous stories by Priit Aimla, Ruth Hint, Teet Kallas, Enn Karu, Kalju Kass, \u00dclo Kiiler, Wladislaw Korshez, Harri Lehiste, Kaido Liiva, &#8230;<\/p>\n","protected":false},"author":43,"featured_media":0,"parent":1783,"menu_order":0,"comment_status":"closed","ping_status":"closed","template":"","meta":{"_acf_changed":false,"inline_featured_image":false,"footnotes":""},"class_list":["post-1791","page","type-page","status-publish","hentry"],"acf":[],"_links":{"self":[{"href":"https:\/\/sisu.ut.ee\/ewod\/wp-json\/wp\/v2\/pages\/1791","targetHints":{"allow":["GET"]}}],"collection":[{"href":"https:\/\/sisu.ut.ee\/ewod\/wp-json\/wp\/v2\/pages"}],"about":[{"href":"https:\/\/sisu.ut.ee\/ewod\/wp-json\/wp\/v2\/types\/page"}],"author":[{"embeddable":true,"href":"https:\/\/sisu.ut.ee\/ewod\/wp-json\/wp\/v2\/users\/43"}],"replies":[{"embeddable":true,"href":"https:\/\/sisu.ut.ee\/ewod\/wp-json\/wp\/v2\/comments?post=1791"}],"version-history":[{"count":1,"href":"https:\/\/sisu.ut.ee\/ewod\/wp-json\/wp\/v2\/pages\/1791\/revisions"}],"predecessor-version":[{"id":3291,"href":"https:\/\/sisu.ut.ee\/ewod\/wp-json\/wp\/v2\/pages\/1791\/revisions\/3291"}],"up":[{"embeddable":true,"href":"https:\/\/sisu.ut.ee\/ewod\/wp-json\/wp\/v2\/pages\/1783"}],"wp:attachment":[{"href":"https:\/\/sisu.ut.ee\/ewod\/wp-json\/wp\/v2\/media?parent=1791"}],"curies":[{"name":"wp","href":"https:\/\/api.w.org\/{rel}","templated":true}]}}