{"id":1781,"date":"2024-04-03T23:41:55","date_gmt":"2024-04-03T20:41:55","guid":{"rendered":"https:\/\/sisu.ut.ee\/ewod\/puu\/"},"modified":"2024-04-04T00:06:17","modified_gmt":"2024-04-03T21:06:17","slug":"puu","status":"publish","type":"page","link":"https:\/\/sisu.ut.ee\/ewod\/p\/puu\/","title":{"rendered":"Aarne Puu"},"content":{"rendered":"<p>\n\t<a href=\"https:\/\/sisu.ut.ee\/ewod\/p\/puu\/poems\"><strong><span style=\"font-family: verdana, geneva;font-size: medium\">Poems<\/span><\/strong><\/a><strong><span style=\"font-family: verdana, geneva;font-size: medium\"> <\/span><\/strong><span style=\"font-family: verdana, geneva;font-size: medium\"><a href=\"https:\/\/sisu.ut.ee\/wp-content\/uploads\/sites\/108\/a._puu_kalju_suur.jpg\" target=\"_self\" rel=\"noopener\"><img decoding=\"async\" alt=\"Aarne Puu\" src=\"https:\/\/sisu.ut.ee\/wp-content\/uploads\/sites\/108\/a._puu_kalju_suur.jpg\" style=\"float: right;width: 200px;height: 269px\" title=\"Photo: Kalju Suur\"><\/a><\/span>\n<\/p>\n<p>\u00a0\n<\/p>\n<p style=\"margin-bottom:0.11in\">\n\t<span style=\"color:#000000\"><span style=\"font-size:13px\"><span style=\"font-family:Verdana,Geneva,sans-serif\"><span style=\"line-height:108%\"><span style=\"font-weight:normal\">Aarne Puu <\/span>(b. 30. XII 1948) is an Estonian poet and translator, resident in Poland.<\/span><\/span><\/span><\/span>\n<\/p>\n<p style=\"margin-bottom:0.11in\">\n\t<span style=\"color:#000000\"><span style=\"font-size:13px\"><span style=\"font-family:Verdana,Geneva,sans-serif\"><span style=\"line-height:108%\">Aarne Puu was born in Tallinn. He graduated from J\u00f5hvi secondary school in 1967. Puu studied Russian philology from 1971 to 1973 at the Tartu State University. As a brilliant student he went on to study in Poland, at the Jagiellonian University in Cracow. Puu graduated from there in 1979, specialising in Polish language and literature. After graduation he became a freelance translator in Poland.<\/span><\/span><\/span><\/span>\n<\/p>\n<p style=\"margin-bottom:0.11in\">\n\t<span style=\"color:#000000\"><span style=\"font-size:13px\"><span style=\"font-family:Verdana,Geneva,sans-serif\"><span style=\"line-height:108%\">Puu lives in Cracow, and since 1996 he has been lecturer in Estonian at the Jagiellonian University. He is a member of the Estonian Writers\u2019 Union (since 1990) and the Polish Poets\u2019 Association. He writes poetry in Estonian, Polish and Russian. Puu\u2019s poetry is characterised by a laconic style. The poet observes a person\u2019s relationship with the surrounding world; existential motifs are predominant. In 1989 Puu won the A. Bursa Prize for the best poetry debut of the year for his collection <i>Jezioro mojej pami\u0119ci <\/i>(\u2018Lake of My Memories\u2019). <\/span><\/span><\/span><\/span>\n<\/p>\n<p style=\"margin-bottom:0.11in\">\n\t<span style=\"color:#000000\"><span style=\"font-size:13px\"><span style=\"font-family:Verdana,Geneva,sans-serif\"><span style=\"line-height:108%\">Puu has translated works by F. Tuglas, P.-E. Rummo, J. Kaplinski, M. Unt, A. Valton, V. Vahing, H. M\u00e4nd and other Estonian writers into Polish. He has rendered into Estonian the works of several Polish authors, among them the science-fiction novels <i>Solaris <\/i>and <i>Eden <\/i>by S. Lem and the short story collection \u2018The Last Wish\u2019 (<i>Ostatnie \u017cyczenie<\/i>) by A. Sapkowski.<\/span><\/span><\/span><\/span>\n<\/p>\n<p style=\"margin-bottom:0.11in\">\n\t<span style=\"color:#000000\"><span style=\"font-size:13px\"><span style=\"font-family:Verdana,Geneva,sans-serif\"><span style=\"line-height:108%\">Puu has taken part in international poetry festivals in Poland, Slovenia, Germany, Greece, Lithuania, Hungary, Romania, Macedonia and Tunisia.<\/span><\/span><\/span><\/span>\n<\/p>\n<p style=\"margin-bottom:0.11in\">\n\t<span style=\"color:#000000\"><span style=\"font-size:13px\"><span style=\"font-family:Verdana,Geneva,sans-serif\"><span style=\"line-height:108%\">He has been awarded the Order of the White Star, Class V.<\/span><\/span><\/span><\/span>\n<\/p>\n<p style=\"margin-bottom:0.11in\">\n\t<span style=\"color:#000000\"><span style=\"font-size:13px\"><span style=\"font-family:Verdana,Geneva,sans-serif\"><span style=\"line-height:108%\"><i>L. P. (Translated by C. M.)<\/i><\/span><\/span><\/span><\/span>\n<\/p>\n<p style=\"margin-bottom:0.11in\">\n<\/p><p><span style=\"color:#000000\"><span style=\"font-size:16px\"><span style=\"font-family:Verdana,Geneva,sans-serif\"><span style=\"line-height:108%\"><b>Poetry collections<\/b><\/span><\/span><\/span><\/span><\/p>\n<p><span style=\"font-size:13px\"><span style=\"font-family:Verdana,Geneva,sans-serif\"><span style=\"line-height:108%\"><em><b>Poems in Estonian<\/b><\/em><br><strong>Ring on nii pikk<\/strong>. Eesti Raamat, Tallinn, 1990. 86 lk.<br><strong>Kaksikalge<\/strong>. Krak\u00f3w: Oficyna Konfraterni Poet\u00f3w, 1997. 91 lk.<br><strong>Sajandi v\u00e4simus<\/strong>. Luulet 1975\u20132000. Tallinn: Eesti Keele Sihtasutus, 2002. 169 lk.<br><strong>Paberist maailm \/ Pap\u00edrvil\u00e1g<\/strong>. Szombathely: Berzsenyi Daniel Tanarkepz\u00f6 F\u00f6iskola, 2003. 47 lk.<br><strong>Ma elan ruumis<\/strong>. Luulet 1985\u20132020. Tallinn: Tiritamm, 2020. 178 lk.<\/span><\/span><\/span>\n<\/p>\n<p style=\"margin-bottom:0.11in\">\n\t<span style=\"color:#000000\"><span style=\"font-size:13px\"><span style=\"font-family:Verdana,Geneva,sans-serif\"><span style=\"line-height:108%\"><em><b>Poems in Polish<\/b><\/em><br><strong>Jezioro mojej pami\u0119ci<\/strong>. Krak\u00f3w: Wydawnictwo Literackie, 1989. 60 lk.<br><strong>Godziny otwarcia<\/strong>. Krak\u00f3w: Krakowski Klub Artystyczno-Literacki, 1996. 56 lk.<br><strong>Inny wyb\u00f3r<\/strong>. Wiersze z lat 1978\u20131998. Krak\u00f3w: Oficyna Konfraterni Poetow, 1998. 91 lk.<br><strong>Kr\u0119gi pami\u0119ci<\/strong>. Wiersze i przek\u0142ady. Krak\u00f3w: Towarzystwa S\u0142owak\u00f3w w Polsce, 2007. 162 lk.<\/span><\/span><\/span><\/span>\n<\/p>\n<p style=\"margin-bottom:0.11in\">\n\t<span style=\"color:#000000\"><span style=\"font-size:13px\"><span style=\"font-family:Verdana,Geneva,sans-serif\"><span style=\"line-height:108%\"><em><b>Poems in Polish and Estonian<\/b><\/em><br><strong>Po tej stronie \/ Siinpool<\/strong>. Krak\u00f3w: Oficyna Konfraterni Poet\u00f3w, 1996. 79 lk.<br><strong>Prosz\u0119 pos\u0142uchaj \/ Kuula palun<\/strong>. \u0141\u00f3d\u017a: Wydawnictwo Astra, 2010. 139 lk.<\/span><\/span><\/span><\/span>\n<\/p>\n<p style=\"margin-bottom:0.11in\">\n\t<span style=\"color:#000000\"><span style=\"font-size:13px\"><span style=\"font-family:Verdana,Geneva,sans-serif\"><span style=\"line-height:108%\"><em><b>Poems in Russian<\/b><\/em><br><strong>\u0421\u0442\u0438\u0440\u0430\u044e\u0442\u0441\u044f \u0433\u0440\u0430\u043d\u0438<\/strong>. Krak\u00f3w: Oficyna Konfraterni Poet\u00f3w, 1999. 64 lk.<\/span><\/span><\/span><\/span><\/p>\n","protected":false},"excerpt":{"rendered":"<p>Poems \u00a0 Aarne Puu (b. 30. XII 1948) is an Estonian poet and translator, resident in Poland. Aarne Puu was born in Tallinn. He graduated from J\u00f5hvi secondary school in 1967. Puu studied Russian philology from 1971 to 1973 at &#8230;<\/p>\n","protected":false},"author":43,"featured_media":0,"parent":675,"menu_order":0,"comment_status":"closed","ping_status":"closed","template":"","meta":{"_acf_changed":false,"inline_featured_image":false,"footnotes":""},"class_list":["post-1781","page","type-page","status-publish","hentry"],"acf":[],"_links":{"self":[{"href":"https:\/\/sisu.ut.ee\/ewod\/wp-json\/wp\/v2\/pages\/1781","targetHints":{"allow":["GET"]}}],"collection":[{"href":"https:\/\/sisu.ut.ee\/ewod\/wp-json\/wp\/v2\/pages"}],"about":[{"href":"https:\/\/sisu.ut.ee\/ewod\/wp-json\/wp\/v2\/types\/page"}],"author":[{"embeddable":true,"href":"https:\/\/sisu.ut.ee\/ewod\/wp-json\/wp\/v2\/users\/43"}],"replies":[{"embeddable":true,"href":"https:\/\/sisu.ut.ee\/ewod\/wp-json\/wp\/v2\/comments?post=1781"}],"version-history":[{"count":1,"href":"https:\/\/sisu.ut.ee\/ewod\/wp-json\/wp\/v2\/pages\/1781\/revisions"}],"predecessor-version":[{"id":3296,"href":"https:\/\/sisu.ut.ee\/ewod\/wp-json\/wp\/v2\/pages\/1781\/revisions\/3296"}],"up":[{"embeddable":true,"href":"https:\/\/sisu.ut.ee\/ewod\/wp-json\/wp\/v2\/pages\/675"}],"wp:attachment":[{"href":"https:\/\/sisu.ut.ee\/ewod\/wp-json\/wp\/v2\/media?parent=1781"}],"curies":[{"name":"wp","href":"https:\/\/api.w.org\/{rel}","templated":true}]}}