{"id":1779,"date":"2024-04-03T23:41:55","date_gmt":"2024-04-03T20:41:55","guid":{"rendered":"https:\/\/sisu.ut.ee\/ewod\/about-et-231\/"},"modified":"2025-03-04T12:43:01","modified_gmt":"2025-03-04T10:43:01","slug":"about","status":"publish","type":"page","link":"https:\/\/sisu.ut.ee\/ewod\/j\/joeruut\/about\/","title":{"rendered":"Jaak J\u00f5er\u00fc\u00fct &#8211; about"},"content":{"rendered":"<div class=\"field field-name-body field-type-text-with-summary field-label-hidden view-mode-full\">\n<div class=\"field-items\">\n<div class=\"field-item even\">\n<p><span style=\"font-size: medium;font-family: verdana,geneva\"><strong>Articles<\/strong><\/span><\/p>\n<p><span style=\"font-size: medium;font-family: verdana,geneva\"><strong><em><span style=\"font-size: small\">English<\/span><br><\/em><\/strong><span style=\"font-size: small\">Rein Veidemann, <strong>Journey towards yourself.<\/strong> \u2013 Estonian Literary Magazine, no 33, 2011.<br><\/span><strong><br><\/strong><\/span><\/p>\n<p><span style=\"font-size: medium;font-family: verdana,geneva\"><strong>Reviews<\/strong><\/span><\/p>\n<p><span style=\"font-family: verdana,geneva\"><strong><em>English<\/em><\/strong><\/span><br><span style=\"font-family: verdana,geneva\"><span style=\"font-family: verdana,geneva\"><span style=\"font-family: verdana,geneva\">Rutt Hinrikus, Janika Kronberg<\/span>,\u00a0<\/span><a href=\"http:\/\/elm.estinst.ee\/issue\/22\/short-outlines-books-estonian-authors\/\"><strong>Short Outlines of Books by Estonian Authors<\/strong><\/a><span style=\"font-family: verdana,geneva\">. \u2013 Estonian Literary Magazine, no 22, 2006. [About the short story collection \u2018S\u00f5ber. Valik novelle 1979-2005\u2019 (\u2018A Friend. Selected Short Stories 1979-2005\u2019).]<\/span><br>Aare Pilv, Berk Vaher, <a href=\"http:\/\/elm.estinst.ee\/issue\/20\/short-outlines-books-estonian-authors\/\"><strong>Short Outlines of Books by Estonian Authors<\/strong><\/a>. \u2013 Estonian Literary Magazine, no 20, 2005. [About the poetry collection \u2018Uus raamat\u2019 (\u2018New Book\u2019).]<br>George Kurman,\u00a0<strong><cite>Teateid surmast<\/cite><\/strong><span style=\"font-family: verdana,geneva\"><strong>\u00a0by Jaak J\u00f5er\u00fc\u00fct<\/strong>. \u2013 World Literature Today, v<span style=\"font-family: verdana,geneva\">ol 62, no 3, 1988, p 488.<\/span><\/span><br>George Kurman,\u00a0<strong><cite>Meeste tantsud<\/cite><\/strong><span style=\"font-family: verdana,geneva\"><strong>\u00a0by Jaak J\u00f5er\u00fc\u00fct<\/strong>. \u2013 World Literature Today, v<span style=\"font-family: verdana,geneva\">ol 59, no 2, 1985, p 295.<\/span><\/span><\/span><\/p>\n<p><span style=\"font-family: verdana,geneva\"><span style=\"font-family: verdana,geneva\"><span style=\"font-family: verdana,geneva\"><br><strong><span style=\"font-size: medium\">Interviews<\/span><\/strong><\/span><\/span><\/span><\/p>\n<p><span style=\"font-family: verdana,geneva\"><span style=\"font-family: verdana,geneva\"><span style=\"font-family: verdana,geneva\"><strong><em>German<\/em><\/strong><br><strong>Esten in der Ewigen Stadt. Ein Gespr\u00e4ch mit Viivi Luik und Jaak J\u00f5er\u00fc\u00fct<\/strong>. \u2013 Estonia, no 1, 2002, pp 62-69.<\/span><\/span><\/span><\/p>\n<\/div>\n<\/div>\n<\/div>\n","protected":false},"excerpt":{"rendered":"<p>Articles EnglishRein Veidemann, Journey towards yourself. \u2013 Estonian Literary Magazine, no 33, 2011. Reviews EnglishRutt Hinrikus, Janika Kronberg,\u00a0Short Outlines of Books by Estonian Authors. \u2013 Estonian Literary Magazine, no 22, 2006. [About the short story collection \u2018S\u00f5ber. Valik novelle 1979-2005\u2019 &#8230;<\/p>\n","protected":false},"author":43,"featured_media":0,"parent":542,"menu_order":0,"comment_status":"closed","ping_status":"closed","template":"","meta":{"_acf_changed":false,"inline_featured_image":false,"footnotes":""},"class_list":["post-1779","page","type-page","status-publish","hentry"],"acf":[],"_links":{"self":[{"href":"https:\/\/sisu.ut.ee\/ewod\/wp-json\/wp\/v2\/pages\/1779","targetHints":{"allow":["GET"]}}],"collection":[{"href":"https:\/\/sisu.ut.ee\/ewod\/wp-json\/wp\/v2\/pages"}],"about":[{"href":"https:\/\/sisu.ut.ee\/ewod\/wp-json\/wp\/v2\/types\/page"}],"author":[{"embeddable":true,"href":"https:\/\/sisu.ut.ee\/ewod\/wp-json\/wp\/v2\/users\/43"}],"replies":[{"embeddable":true,"href":"https:\/\/sisu.ut.ee\/ewod\/wp-json\/wp\/v2\/comments?post=1779"}],"version-history":[{"count":2,"href":"https:\/\/sisu.ut.ee\/ewod\/wp-json\/wp\/v2\/pages\/1779\/revisions"}],"predecessor-version":[{"id":6571,"href":"https:\/\/sisu.ut.ee\/ewod\/wp-json\/wp\/v2\/pages\/1779\/revisions\/6571"}],"up":[{"embeddable":true,"href":"https:\/\/sisu.ut.ee\/ewod\/wp-json\/wp\/v2\/pages\/542"}],"wp:attachment":[{"href":"https:\/\/sisu.ut.ee\/ewod\/wp-json\/wp\/v2\/media?parent=1779"}],"curies":[{"name":"wp","href":"https:\/\/api.w.org\/{rel}","templated":true}]}}