{"id":1773,"date":"2024-04-03T23:41:54","date_gmt":"2024-04-03T20:41:54","guid":{"rendered":"https:\/\/sisu.ut.ee\/ewod\/poems-et-250\/"},"modified":"2024-04-04T00:06:19","modified_gmt":"2024-04-03T21:06:19","slug":"poems","status":"publish","type":"page","link":"https:\/\/sisu.ut.ee\/ewod\/t\/tarand\/poems\/","title":{"rendered":"Helmut Tarand &#8211; poems"},"content":{"rendered":"<p><span style=\"font-size: medium;font-family: verdana, geneva\"><strong><strong>In anthologies and magazines<\/strong><\/strong><\/span><\/p>\n<p><span style=\"font-family: verdana, geneva\"><strong><em>Hungarian<\/em><\/strong><\/span><br><span style=\"font-family: verdana, geneva\"><strong>Harangok halk kondul\u00e1sa = Kellade hellus: huszadik sz\u00e1zadi \u00e9szt l\u00edra. II<\/strong>. V\u00e1logatta, szerkesztette, az el\u0151- \u00e9s ut\u00f3sz\u00f3t \u00edrta, valamint az \u00e9letrajzi jegyzeteket k\u00e9sz\u00edtette Bereczki G\u00e1born\u00e9 Mai Kiisk.\u00a0Szombathely: [Berzsenyi Daniel Tanarkepz\u00f6 F\u00f6iskola], 2000, 303 pp. [Text in Hungarian and Estonian. Poems by\u00a0Ellen Niit,\u00a0Jaan Kross,\u00a0Ivar Ivask,\u00a0Vladimir Beekman,\u00a0Ilona Laaman,\u00a0Arvo Valton,\u00a0Hando Runnel,\u00a0Annus R\u00e4v\u00e4l\u00e4 (= Helmut Tarand),\u00a0Andres Ehin,\u00a0Jaan Kaplinski,\u00a0Paul-Eerik Rummo,\u00a0Ene Mihkelson,\u00a0Viivi Luik,\u00a0Aarne Puu,\u00a0Juhan Viiding \/ J\u00fcri \u00dcdi,\u00a0Indrek Hirv,\u00a0Doris Kareva,\u00a0T\u00f5nu \u00d5nnepalu \/ Emil Tode,\u00a0Hasso Krull,\u00a0Karl Martin Sinij\u00e4rv.]<\/span><\/p>\n","protected":false},"excerpt":{"rendered":"<p>In anthologies and magazines HungarianHarangok halk kondul\u00e1sa = Kellade hellus: huszadik sz\u00e1zadi \u00e9szt l\u00edra. II. V\u00e1logatta, szerkesztette, az el\u0151- \u00e9s ut\u00f3sz\u00f3t \u00edrta, valamint az \u00e9letrajzi jegyzeteket k\u00e9sz\u00edtette Bereczki G\u00e1born\u00e9 Mai Kiisk.\u00a0Szombathely: [Berzsenyi Daniel Tanarkepz\u00f6 F\u00f6iskola], 2000, 303 pp. [Text in &#8230;<\/p>\n","protected":false},"author":43,"featured_media":0,"parent":1689,"menu_order":0,"comment_status":"closed","ping_status":"closed","template":"","meta":{"_acf_changed":false,"inline_featured_image":false,"footnotes":""},"class_list":["post-1773","page","type-page","status-publish","hentry"],"acf":[],"_links":{"self":[{"href":"https:\/\/sisu.ut.ee\/ewod\/wp-json\/wp\/v2\/pages\/1773","targetHints":{"allow":["GET"]}}],"collection":[{"href":"https:\/\/sisu.ut.ee\/ewod\/wp-json\/wp\/v2\/pages"}],"about":[{"href":"https:\/\/sisu.ut.ee\/ewod\/wp-json\/wp\/v2\/types\/page"}],"author":[{"embeddable":true,"href":"https:\/\/sisu.ut.ee\/ewod\/wp-json\/wp\/v2\/users\/43"}],"replies":[{"embeddable":true,"href":"https:\/\/sisu.ut.ee\/ewod\/wp-json\/wp\/v2\/comments?post=1773"}],"version-history":[{"count":1,"href":"https:\/\/sisu.ut.ee\/ewod\/wp-json\/wp\/v2\/pages\/1773\/revisions"}],"predecessor-version":[{"id":3307,"href":"https:\/\/sisu.ut.ee\/ewod\/wp-json\/wp\/v2\/pages\/1773\/revisions\/3307"}],"up":[{"embeddable":true,"href":"https:\/\/sisu.ut.ee\/ewod\/wp-json\/wp\/v2\/pages\/1689"}],"wp:attachment":[{"href":"https:\/\/sisu.ut.ee\/ewod\/wp-json\/wp\/v2\/media?parent=1773"}],"curies":[{"name":"wp","href":"https:\/\/api.w.org\/{rel}","templated":true}]}}