{"id":1770,"date":"2024-04-03T23:41:54","date_gmt":"2024-04-03T20:41:54","guid":{"rendered":"https:\/\/sisu.ut.ee\/ewod\/viin\/"},"modified":"2024-04-04T00:06:18","modified_gmt":"2024-04-03T21:06:18","slug":"viin","status":"publish","type":"page","link":"https:\/\/sisu.ut.ee\/ewod\/v\/viin\/","title":{"rendered":"Kristina Viin"},"content":{"rendered":"<p class=\"western\" style=\"margin-top:0.08in;margin-bottom:0.08in\" lang=\"et-EE\">\n\t<span style=\"color:#000000\"><span style=\"font-size:13px\"><span style=\"font-family:Verdana,Geneva,sans-serif\"><span style=\"background:#ffffff\"><span style=\"line-height:100%\"><font style=\"14pt\">Kristina Viin (born 22 XI 1985)<b> <\/b>is an artist, illustrator and poet. <\/font><\/span><\/span><\/span><\/span><\/span>\n<\/p>\n<p class=\"western\" style=\"margin-top:0.08in;margin-bottom:0.08in\" lang=\"et-EE\">\n\t<span style=\"color:#000000\"><span style=\"font-size:13px\"><span style=\"font-family:Verdana,Geneva,sans-serif\"><span style=\"background:#ffffff\"><span style=\"line-height:115%\"><font style=\"14pt\">Viin was born in V\u00f5ru. She completed V\u00f5ru Kreutzwald Gymnasium in 2004 and entered Tartu Art College in the same year. She graduated from the Art College in 2010 specialising in sculpture. From 2015\u20132020, she studied theology at the University of Tartu. She is a member of the Estonian Writers\u2019 Union (from 2020) and the Estonian Academic Oriental Society. <\/font><\/span><\/span><\/span><\/span><\/span>\n<\/p>\n<p class=\"western\" style=\"margin-top:0.08in;margin-bottom:0.08in\" lang=\"et-EE\">\n\t<span style=\"color:#000000\"><span style=\"font-size:13px\"><span style=\"font-family:Verdana,Geneva,sans-serif\"><span style=\"background:#ffffff\"><span style=\"line-height:115%\"><font style=\"14pt\">She has published the poetry collections <i>N\u00f5tkel elevandisammul<\/i> (\u2018At the Graceful Pace of an Elephant\u2019, 2014) and <i>Isep\u00fc\u00fcdleja <\/i>(\u2018Self-striver\u2019, 2018). Viin\u2019s poems have been published in the journals <i>Looming<\/i>, <i>Vikerkaar<\/i>, <i>V\u00e4rske R\u00f5hk<\/i>, in the newspaper <i>M\u00fc\u00fcrileht<\/i> and in collections. She has written art reviews and articles.<\/font><\/span><\/span><\/span><\/span><\/span>\n<\/p>\n<p class=\"western\" style=\"margin-bottom:0.11in\" lang=\"et-EE\">\n\t<span style=\"color:#000000\"><span style=\"font-size:13px\"><span style=\"font-family:Verdana,Geneva,sans-serif\"><span style=\"line-height:105%\"><font style=\"14pt\">Viin\u2019s debut book <i>N\u00f5tkel elevandisammul<\/i> was illustrated by the author. The texts of the poetry collection are full of South-Estonian landscapes; the poems are expressive and visionary. Among other matters, they deal with the hardships and joys of being a woman and mother. The characteristic keywords of the second poetry collection, <i>Isep\u00fc\u00fcdleja<\/i>, are the university, books, art, Tartu, social peculiarities of the present age. <\/font><\/span><\/span><\/span><\/span>\n<\/p>\n<p class=\"western\" style=\"margin-top:0.08in;margin-bottom:0.08in\" lang=\"et-EE\">\n\t<span style=\"color:#000000\"><span style=\"font-size:13px\"><span style=\"font-family:Verdana,Geneva,sans-serif\"><span style=\"background:#ffffff\"><span style=\"line-height:115%\"><font style=\"14pt\">Viin is a member of<i> Delegatsioon K<\/i>, a grouping of women artists related to Tartu. She has illustrated poetry collections, children\u2019s books and other editions; her artwork has been displayed at exhibitions in Estonia and Finland. <\/font><\/span><\/span><\/span><\/span><\/span>\n<\/p>\n<p class=\"western\" style=\"margin-top:0.08in;margin-bottom:0.08in\" lang=\"en-GB\">\n\t<span style=\"color:#000000\"><span style=\"font-size:13px\"><span style=\"font-family:Verdana,Geneva,sans-serif\"><span style=\"background:#ffffff\"><span style=\"line-height:115%\"><font style=\"14pt\"><i>L. P. (Translated by I. A.)<\/i><\/font><\/span><\/span><\/span><\/span><\/span>\n<\/p>\n<p class=\"western\" style=\"margin-top:0.08in;margin-bottom:0.08in\" lang=\"en-GB\">\n<\/p><p><strong><span style=\"font-size:16px\"><span style=\"color:#000000\"><span style=\"font-family:Verdana,Geneva,sans-serif\"><span style=\"background:#ffffff\"><span style=\"line-height:115%\"><font style=\"14pt\">Books in Estonian<\/font><\/span><\/span><\/span><\/span><\/span><\/strong>\n<\/p>\n<p class=\"western\" style=\"margin-top:0.08in;margin-bottom:0.08in\" lang=\"et-EE\">\n\t<span style=\"color:#000000\"><span style=\"font-size:13px\"><span style=\"font-family:Verdana,Geneva,sans-serif\"><span style=\"background:#ffffff\"><span style=\"line-height:100%\"><font style=\"14pt\"><em><b>Poetry<\/b><\/em><br><strong>N\u00f5tkel elevandisammul<\/strong>: Raiste, Tartu, L\u00f5\u00f5dla, \u00c4hij\u00e4rve, Tsooru. Tartu: V\u00e4rske R\u00f5hk, 2014. 77 lk.<br><strong>Isep\u00fc\u00fcdleja<\/strong>: luuletusi \u00fchest perioodist. Tallinn: Tuum, 2018. 91 lk. <\/font><\/span><\/span><\/span><\/span><\/span><\/p>\n","protected":false},"excerpt":{"rendered":"<p>Kristina Viin (born 22 XI 1985) is an artist, illustrator and poet. Viin was born in V\u00f5ru. She completed V\u00f5ru Kreutzwald Gymnasium in 2004 and entered Tartu Art College in the same year. She graduated from the Art College in &#8230;<\/p>\n","protected":false},"author":43,"featured_media":0,"parent":733,"menu_order":0,"comment_status":"closed","ping_status":"closed","template":"","meta":{"_acf_changed":false,"inline_featured_image":false,"footnotes":""},"class_list":["post-1770","page","type-page","status-publish","hentry"],"acf":[],"_links":{"self":[{"href":"https:\/\/sisu.ut.ee\/ewod\/wp-json\/wp\/v2\/pages\/1770","targetHints":{"allow":["GET"]}}],"collection":[{"href":"https:\/\/sisu.ut.ee\/ewod\/wp-json\/wp\/v2\/pages"}],"about":[{"href":"https:\/\/sisu.ut.ee\/ewod\/wp-json\/wp\/v2\/types\/page"}],"author":[{"embeddable":true,"href":"https:\/\/sisu.ut.ee\/ewod\/wp-json\/wp\/v2\/users\/43"}],"replies":[{"embeddable":true,"href":"https:\/\/sisu.ut.ee\/ewod\/wp-json\/wp\/v2\/comments?post=1770"}],"version-history":[{"count":1,"href":"https:\/\/sisu.ut.ee\/ewod\/wp-json\/wp\/v2\/pages\/1770\/revisions"}],"predecessor-version":[{"id":3304,"href":"https:\/\/sisu.ut.ee\/ewod\/wp-json\/wp\/v2\/pages\/1770\/revisions\/3304"}],"up":[{"embeddable":true,"href":"https:\/\/sisu.ut.ee\/ewod\/wp-json\/wp\/v2\/pages\/733"}],"wp:attachment":[{"href":"https:\/\/sisu.ut.ee\/ewod\/wp-json\/wp\/v2\/media?parent=1770"}],"curies":[{"name":"wp","href":"https:\/\/api.w.org\/{rel}","templated":true}]}}