{"id":177,"date":"2024-04-03T23:39:27","date_gmt":"2024-04-03T20:39:27","guid":{"rendered":"https:\/\/sisu.ut.ee\/ewod\/poems-et-25\/"},"modified":"2024-04-04T00:10:50","modified_gmt":"2024-04-03T21:10:50","slug":"poems","status":"publish","type":"page","link":"https:\/\/sisu.ut.ee\/ewod\/r\/ridala\/poems\/","title":{"rendered":"Villem Ridala &#8211; poems"},"content":{"rendered":"<p><span style=\"font-family: verdana, geneva;font-size: medium\"><strong>In anthologies and magazines<\/strong><\/span><\/p>\n<p><span style=\"font-family: verdana, geneva;font-size: small\" data-mce-mark=\"1\"><strong><em><strong><em>English<br><\/em><\/strong><\/em><strong><strong>Estonian Anthology. Intimate stories of life, love, labor and war of the Estonian people<\/strong><\/strong><\/strong>. Compiled, translated and published by A. Pranspill. Translations by W. K. Matthews. Edited by Milton Millhauser. Milford [Connecticut], 1956, 320 pp. [Contents: F. R. Faehlmann; M. J. Eisen; F. R. Kreutzwald \u2019An introduction to Kalevipoeg\u2019; Juhan Liiv \u2019Men on lake Peipsi\u2019; H. Maelo \u2019Fatherless\u2019; A. Kitzberg \u2019Duke of Abia\u2019, \u2019At Puve farm\u2019; A. H. Tammsaare \u2019Truth and justice\u2019 [excerpt], \u2019Spry Kaarel and his young wife\u2019; A. M\u00e4lk \u2019My blind friend\u2019, \u2019At the sea side\u2019, \u2019Conversation with a child\u2019; A. Pranspill \u2019My first conflict with civilization\u2019, \u2019Manorial bath house\u2019; H. Raudsepp \u2019Long live revolution\u2019, \u2019Your country needs you\u2019 (excerpts from \u2019In the Parlor and in Jail\u2019); E. Vilde \u2019My coachman\u2019, \u2019Tailor\u2019s tricks\u2019, \u2019Factotum\u2019; A. Haava \u2019Master carpenter\u2019; E. Laidsaar \u2019Free love marriage\u2019; H. Raudsepp \u2019Lazybones\u2019 (excerpt from \u2019Vedelvorst\u2019); A. Gailit \u2019A trip to India\u2019; A. Kivikas \u2019The Chinaman\u2019, \u2019Innocent\u2019, \u2019The Latvian\u2019, \u2019The worker\u2019s tribunal\u2019; Anonymous \u2019The dictatorship of the proletariat\u2019; F. Tuglas \u2019Shadow man\u2019. Poems by M. Under, J. W. Jannsen, V. Ridala, G. Suits, L. Koidula, A. Haava, F. R. Kreutzwald, M. Veske, H. Visnapuu, A. Pranspill. Added collection of folklore songs, proverbs, riddles, fairy tales, an excerpt from the Treaty of Peace between Russia and Estonia, 1920.]<br><strong>Anthology of Modern Estonian Poetry<\/strong>. Compiled and translated by W. K. Matthews. Gainesville: University of Florida Press, 1953, 161 pp. [Poems by Juhan Liiv, A. Haava, H. Visnapuu, H. Adamson, M. Under, H. Talvik, B. Alver, U. Masing, J. L\u00f5o, H. Esko, K. Ahven, R. Kolk, R. Veer, P. Krusten, K. Ristikivi, K. Lepik, I. Gr\u00fcnthal, E. Enno, G. Suits, K. Merilaas, J. Oks, V. Ridala, A. Adson, J. S\u00fctiste, B. Kangro, A. Sang, A. Viirlaid.]<strong><em><strong><em><br><\/em><\/strong><\/em><\/strong><\/span><\/p>\n<p><span style=\"font-family: verdana, geneva;font-size: small\" data-mce-mark=\"1\"><strong><em><strong><em>Finnish<br><\/em><\/strong><\/em><\/strong><strong><strong>Tuhat laulujen vuotta: valikoima l\u00e4nsimaista lyriikkaa<\/strong><\/strong>. Toimittanut Aale Tynni. Suoment. Otto Mannihen, Aale Tynni. Porvoo-Helsinki: S\u00f6derstr\u00f6m\/WSOY, 1974, 1128 pp. [Anthology of world poetry. Poems by E. Enno, G. Suits, M. Under, V. Ridala. 1st ed. 1957, 3rd ed. 2004.]<strong><br>Eestin runotar: Virolaisen lyriikan antologia<\/strong>. Toimittanut\u00a0Elsa En\u00e4j\u00e4rvi-Haavio. Suom.\u00a0Saima Harmaja, Yrj\u00f6 Jylh\u00e4, Aino Kallas, Matti Kuusi, Otto Manninen, P. Mustap\u00e4\u00e4, Aale Tynni, Elina Vaara, Lauri Viljanen.\u00a0Porvoo; Helsinki: S\u00f6derstr\u00f6m, [1940], 235 pp. [Poems by\u00a0Valmar Adams, Artur Adson, August Alle,\u00a0Betti Alver, Ernst Enno, Villem Gr\u00fcnthal-Ridala, Anna Haava, Lydia Koidula, Jaan K\u00e4rner,\u00a0Juhan Liiv, Johannes Semper,\u00a0Gustav Suits, Juhan S\u00fctiste,\u00a0Heiti Talvik,\u00a0Marie Under, Johannes Vares-Barbarus, Henrik Visnapuu.]<br><strong><strong>Merentakaisia lauluja. Valikoima runok\u00e4\u00e4nn\u00f6ksi\u00e4 ja katsaus virolaiseen laulurunouteen<\/strong><\/strong>.<strong>\u00a0<\/strong>Suoment. Aino Kallas. Helsinki: Otava, 1911, 96 pp. [Poems by Juhan Liiv, G. Suits, V. Ridala.]<strong><em><strong><em><br><\/em><\/strong><\/em><\/strong><\/span><\/p>\n<p><span style=\"font-family: verdana, geneva;font-size: small\" data-mce-mark=\"1\"><span style=\"font-family: verdana, geneva\" data-mce-mark=\"1\"><strong><em>German<br><\/em><\/strong><strong>Die Schw\u00e4ne<\/strong>. \u00dcbersetzung: K.Th. Busch. \u2013 Sonette der V\u00f6lker. Hrsg. von Karl Theodor Busch. Heidelberg: Drei Br\u00fccken Verlag, 1954, p 331. [\u2018Luiged\u2019.]<strong><br>Fr\u00fchlingsstimmung; In der Morgend\u00e4mmerung<\/strong>. \u00dcbersetzung: Wilhelm Nerling. \u2013 Estnische Gedichte. \u00dcbers. von Wilhelm Nerling. Dorpat: H. Laakmann, 1925, pp 90-91. [\u2018Kevade tunne\u2019, \u2018Koites\u2019. Poems by A. Alver, J. Bergmann, M. J. Eisen, E. Enno, F. R. Faehlmann, A. Grenzstein, V. Ridala, A. Haava, K. A. Hermann, J. Hurt, P. Jakobson, J. V. Jannsen, R. Kamsen, L. Koidula, Fr. R. Kreutzwald, F. Kuhlbars, J. Kunder, M. K\u00f6rber, Jakob Liiv, Juhan Liiv, M. Lipp, G. E. Luiga, P. von Manteuffel, G. A. Oldekop, K. J. Peterson, M. Pukits, H. P\u00f6\u00f6gelmann, H. Raudsepp, C. M. Redlich, A. Reinvald, H. Rikand, J. Ph. v Roth, J. Speek, G. Suits, K. E. S\u00f6\u00f6t, J. Tamm, B. H. von Tiesenhausen, F. Tuglas, M. Veske, B. Weber, J. Weizenberg, E. L. W\u00f6hrmann.]<br><strong>Winterabend<\/strong>. \u00dcbersetzung: H. O. [= Ants Oras.] \u2013 Revaler Beobachter, no 206, 10. IX 1915. [\u2018Talvine \u00f5htu\u2019.]<br><strong>Winterabend; Auf der D\u00fcne; Graue Tage<\/strong>. \u00dcbersetzung: A. Kallas. \u2013 Estnische Kl\u00e4nge<span data-mce-mark=\"1\">. Auswahl estnischer Dichtungen von Axel Kallas. Buchschmuck von Kristjan Raud. Dorpat: Gl\u00fcck, 1911, pp 86-88. [\u2018Talvine \u00f5htu\u2019, \u2018Luitel\u2019, \u2018Hallid p\u00e4evad\u2019. Poems by E. Enno, V. Ridala, A. Haava, J. V. Jannsen, L. Koidula, F. Kuhlbars, Juhan Liiv, G. Suits, K. E. S\u00f6\u00f6t, J. \u0422\u0430mm, M. Veske.]<\/span><br><\/span><\/span><\/p>\n<p><span style=\"font-family: verdana, geneva;font-size: small\" data-mce-mark=\"1\"><span style=\"font-family: verdana, geneva\" data-mce-mark=\"1\"><strong><em>Hungarian<\/em><\/strong><\/span><br><span style=\"font-family: verdana, geneva\" data-mce-mark=\"1\"><strong>Harangok halk kondul\u00e1sa = Kellade hellus: huszadik sz\u00e1zadi \u00e9szt l\u00edra. I. <\/strong>V\u00e1logatta, szerkesztette, az el\u0151- \u00e9s ut\u00f3sz\u00f3t \u00edrta, valamint az \u00e9letrajzi jegyzeteket k\u00e9sz\u00edtette Bereczki G\u00e1born\u00e9 Mai Kiisk. Szombathely: [Berzsenyi Daniel Tanarkepz\u00f6 F\u00f6iskola], 2000, 303 pp. [Text in Hungarian and Estonian. Poems by Juhan Liiv, Ernst Enno, Gustav Suits, Villem Ridala, Marie Under, Henrik Visnapuu, Johannes Barbarus, Johannes Semper, Heiti Talvik, Betti Alver, Uku Masing, Bernard Kangro, Karl Ristikivi, Kersti Merilaas, Kalju Lepik, Debora Vaarandi, Juhan Smuul, Artur Alliksaar, Ain Kaalep, Aleksander Suuman.]<strong><br>\u00c9szt k\u00f6lt\u00f6k: huszadik sz\u00e1zadi \u00e9szt l\u00edra<\/strong>. V\u00e1logatta, az \u00e9letrajzi jegyzeteket k\u00e9sz\u00edtette \u00e9s a sz\u00f6veggondoz\u00e1st v\u00e9gezte Bereczki G\u00e1bor, Bereczkin\u00e9 Mai Kiisk, Feh\u00e9rvari Gy\u00f6z\u00f6.\u00a0Budapest: Eur\u00f3pa k\u00f6nyvkiad\u00f3, 1975, 651 pp. [Poems by\u00a0Gustav Suits,\u00a0Ernst Enno,\u00a0Villem Gr\u00fcnthal-Ridala,\u00a0Marie Under,\u00a0Henrik Visnapuu,\u00a0Jaan K\u00e4rner,\u00a0Johannes Barbarus,\u00a0Johannes Semper,\u00a0August Alle,\u00a0Valmar Adams,\u00a0Uku Masing,\u00a0Juhan S\u00fctiste,\u00a0Heiti Talvik,\u00a0Betti Alver,\u00a0August Sang,\u00a0Kersti Merilaas,\u00a0Bernard Kangro,\u00a0Arno Vihalemm,\u00a0Kalju Lepik,\u00a0Ivar Gr\u00fcnthal,\u00a0Felix Kotta,\u00a0Aira Kaal,\u00a0Paul Rummo,\u00a0Debora Vaarandi,\u00a0Ralf Parve,\u00a0Juhan Smuul,\u00a0Ellen Niit,\u00a0Vladimir Beekman,\u00a0Uno Laht,\u00a0Jaan Kross,\u00a0Ain Kaalep,\u00a0Mats Traat,\u00a0Linda Ruud,\u00a0Paul-Eerik Rummo,\u00a0Arvi Siig,\u00a0Enn Vetemaa,\u00a0Rudolf Rimmel,\u00a0Jaan Kaplinski,\u00a0Hando Runnel.]<br><span style=\"font-family: verdana, geneva\" data-mce-mark=\"1\"><strong>\u00c9szaki v\u00e1rt\u00e1n: \u00e9szt rokonaink irodalma<\/strong>. Szerkesztette [\u00e9s a bevezet\u00e9st \u00edrta] K\u00e9pes G\u00e9za; ill. F\u00e1y Dezs\u0151. Budapest: 1944, 129 pp. [See <strong><a href=\"https:\/\/sisu.ut.ee\/ewod\/anthologies\/hungarian\/eszaki\">contents<\/a><\/strong>.]<br><strong>Az \u00e9szt k\u00f6lt\u00e9szet viragai<\/strong><span style=\"font-family: verdana, geneva\" data-mce-mark=\"1\">.\u00a0Bemuttata a Szent Istvan Akad\u00e9mia III. osztalyanak 1939 okt\u00f3ber 13-i \u00fcl\u00e9s\u00e9n Irta \u00e9s a verseket forditotta Ban Aladar.\u00a0<\/span><span style=\"font-family: verdana, geneva\" data-mce-mark=\"1\">Budapest: 1940, 15 pp. [Contains 14 Estonian folk songs and poems by\u00a0Ernst Enno, Karl Eduard S\u00f6\u00f6t, Anna Haava, Gustav Suits, Marie Under, Villem Ridala and Henrik Visnapuu.]<br><strong>Ur\u00e1li dalok. Eredeti \u00e9s forditott k\u00f6ltem\u00e9nyek<\/strong>. Budapest: A Pet\u00f6fi T\u00e1rsas\u00e1g Kiad\u00e1sa, 1939, 103 pp. [Poems by J. V. Jannsen, Fr. R. Kreutzwald, L. Koidula, M. Lipp, A. Piirikivi, M. J. Eisen, K. E. S\u00f6\u00f6t, M. Under, G. Suits, A. Haava, V. Ridala, E. Enno, H. Visnapuu.]<\/span><\/span><br><\/span><\/span><\/p>\n<p><span style=\"font-family: verdana, geneva;font-size: small\" data-mce-mark=\"1\"><strong><em><strong><em>Italian<br><\/em><\/strong><\/em>Poeti Estoni<\/strong>.\u00a0A\u00a0cura di Margherita Guidacci, Vello Salo; introduzione storica di Karl Ristikivi.\u00a0Roma: Edizioni Abete, 1975, 210 pp.\u00a0[Poems by\u00a0Hendrik Adamson,\u00a0Artur Adson,\u00a0Betti Alver,\u00a0Ernst Enno,\u00a0Ivar Gr\u00fcnthal,\u00a0Villem Gr\u00fcnthal-Ridala,\u00a0Anna Haava,\u00a0Ain Kaalep,\u00a0Bernard Kangro,\u00a0Jaan Kaplinski,\u00a0Lydia Koidula,\u00a0Raimond Kolk,\u00a0Friedrich Reinhold Kreutzwald,\u00a0Jaan Kross,\u00a0Ilmar Laaban,\u00a0Kalju Lepik,\u00a0Juhan Liiv,\u00a0Viivi Luik,\u00a0Uku Masing,\u00a0Ellen Niit,\u00a0Kristjan Jaak Peterson,\u00a0Aleksis Rannit,\u00a0Paul-Eerik Rummo,\u00a0Hando Runnel,\u00a0August Sang,\u00a0Gustav Suits,\u00a0Karl Eduard S\u00f6\u00f6t,\u00a0Juhan S\u00fctiste,\u00a0Heiti Talvik,\u00a0Marie Under,\u00a0Johannes Vares-Barbarus,\u00a0Arno Vihalemm,\u00a0Henrik Visnapuu.]<br><strong>Poeti Estoni<\/strong><span data-mce-mark=\"1\">.\u00a0A\u00a0cura di Margherita Guidacci, Vello Salo.\u00a0Roma: Edizioni Abete, 1973, 174 pp.\u00a0[Poems by\u00a0Hendrik Adamson,\u00a0Artur Adson,\u00a0Betti Alver,\u00a0Ernst Enno,\u00a0Ivar Gr\u00fcnthal,\u00a0Villem Gr\u00fcnthal-Ridala,\u00a0Anna Haava,\u00a0Ain Kaalep,\u00a0Bernard Kangro,\u00a0Jaan Kaplinski,\u00a0Lydia Koidula,\u00a0Raimond Kolk,\u00a0Friedrich Reinhold Kreutzwald,\u00a0Jaan Kross,\u00a0Ilmar Laaban,\u00a0Kalju Lepik,\u00a0Juhan Liiv,\u00a0Viivi Luik,\u00a0Uku Masing,\u00a0Ellen Niit,\u00a0Kristjan Jaak Peterson,\u00a0Aleksis Rannit,\u00a0Paul-Eerik Rummo,\u00a0Hando Runnel,\u00a0August Sang,\u00a0Gustav Suits,\u00a0Karl Eduard S\u00f6\u00f6t,\u00a0Juhan S\u00fctiste,\u00a0Heiti Talvik,\u00a0Marie Under,\u00a0Johannes Vares-Barbarus,\u00a0Arno Vihalemm,\u00a0Henrik Visnapuu.]<br><\/span><strong>Due limpidi occhi. Infermit\u00e0<\/strong>. Trad. dall\u2019estone di Luigi Salvini. \u2013 Orfeo. Il tesoro della lirica universale. Sansoni, 1950, pp 1215-1216.<br><\/span><\/p>\n<p><span style=\"font-family: verdana, geneva\"><span style=\"font-size: small\"><strong><em>Russian<\/em><br><\/strong><strong>\u0410\u043d\u0442\u043e\u043b\u043e\u0433\u0438\u044f \u044d\u0441\u0442\u043e\u043d\u0441\u043a\u043e\u0439 \u043f\u043e\u044d\u0437\u0438\u0438<\/strong>. C\u043e\u0441\u0442\u0430\u0432\u0438\u0442\u0435\u043b\u044c \u0438 \u0440\u0435\u0434\u0430\u043a\u0442\u043e\u0440 \u042d\u043b\u044c\u0432\u0438\u0440\u0430 \u041c\u0438\u0445\u0430\u0439\u043b\u043e\u0432\u0430. A\u0432\u0442. \u0441\u0442. \u0418. \u0411\u0435\u043b\u043e\u0431\u0440\u043e\u0432\u0446\u0435\u0432\u0430 \u0438 \u0434\u0440.\u037e \u0431\u0438\u0431\u043b\u0438\u043e\u0433\u0440. \u041e. \u041a\u0438\u0432\u0438.\u00a0Kodumaa \u2013 \u0420\u043e\u0434\u043d\u043e\u0439 \u0434\u043e\u043c: \u0431\u0438\u0431\u043b\u0438\u043e\u0442\u0435\u043a\u0430 \u044d\u0441\u0442\u043e\u043d\u0441\u043a\u043e\u0439 \u043b\u0438\u0442\u0435\u0440\u0430\u0442\u0443\u0440\u044b.\u00a0\u0422\u0430\u043b\u043b\u0438\u043d\u043d: KPD Kirjastus, 1999. 739 pp. [Foreword \u2018\u0413\u043b\u0430\u0432\u043d\u044b\u0435 \u043d\u0430\u043f\u0440\u0430\u0432\u043b\u0435\u043d\u0438\u044f \u044d\u0441\u0442\u043e\u043d\u0441\u043a\u043e\u0439 \u043f\u043e\u044d\u0437\u0438\u0438\u2019 by Ain Kaalep. Poems by\u00a0Reiner Brockmann, K\u00e4su Hans, Kristian Jaak Peterson, Lydia Koidula, Ado Reinvald, Karl Eduard S\u00f6\u00f6t, Juhan Liiv, Anna Haava, Ernst Enno, Gustav Suits, Villem Gr\u00fcnthal-Ridala, Marie Under, Henrik Visnapuu, Johannes Vares-Barbarus, Johannes Semper, Valmar Adams, Juhan S\u00fctiste, Heiti Talvik, Betti Alver, Bernard Kangro, Uku Masing, August Sang, Kersti Merilaas, Debora Vaarandi, Ralf Parve, Minni Nurme, Juhan Smuul, Ilmar Laaban, Kalju Lepik, Jaan Kross, Ellen Niit, Ain Kaalep, Artur Alliksaar, Paul-Eerik Rummo, Mats Traat, Arvi Siig, Aleksander Suuman, Jaan Kaplinski, Andres Ehin, Hando Runnel, Toomas Liiv, Johnny B. Isotamm, Viivi Luik, Nikolai Baturin, Juhan Viiding, Ene Mihkelson, Doris Kareva, Mari Vallisoo, Ilona Laaman, Indrek Hirv, Hasso Krull.]<br><strong>\u0410\u043d\u0442\u043e\u043b\u043e\u0433\u0438\u044f \u044d\u0441\u0442\u043e\u043d\u0441\u043a\u043e\u0439 \u043f\u043e\u044d\u0437\u0438\u0438: 1637-1987 \u0433<\/strong>. \u0421\u043e\u0441\u0442\u0430\u0432\u0438\u0442\u0435\u043b\u044c \u041b. \u0420\u0443\u0443\u0434, \u042d. \u041c\u0438\u0445\u0430\u0439\u043b\u043e\u0432\u0430; \u043f\u0440\u0435\u0434\u0438\u0441\u043b\u043e\u0432\u0438\u0435 \u0410. \u041a\u0430\u0430\u043b\u0435\u043f\u0430. \u0422\u0430\u043b\u043b\u0438\u043d\u043d: \u042d\u044d\u0441\u0442\u0438 \u0420\u0430\u0430\u043c\u0430\u0442, 1990, 415 pp. [Poems by: Reiner Brockmann, Heinrich G\u00f6seken, Johann Gutslaff, Johann Sebastian Markard, Johann Kohsen, unknown author in 1697, K\u00e4su Hans, Carl Schulten, Carl Gustav von Staden, unknown author in 1779, Berend Heinrich von Tiesenhausen, Joachim Gottlieb Schwabe, Kristian Jaak Peterson, Lydia Koidula, Juhan Liiv, Gustav Suits, Villem Ridala, Marie Under, Henrik Visnapuu, Johannes Barbarus, Heiti Talvik, Betti Alver, August Sang, Kersti Merilaas, Mart Raud, Uku Masing, Juhan S\u00fctiste, Johannes Semper, Valmar Adams, Juhan Smuul, Debora Vaarandi, Ralf Parve, Aira Kaal, Minni Nurme, Uno Laht, Jaan Kross, Ellen Niit, Vladimir Beekman, Artur Alliksaar, Ain Kaalep, Paul Haavaoks, Aleksander Suuman, Arvi Siig, Mats Traat, Nikolai Baturin, Paul-Eerik Rummo, Jaan Kaplinski, Hando Runnel, Viivi Luik, Juhan Viiding, Ene Mihkelson, Doris Kareva, Mari Vallisoo.]<br>\u0421\u0432\u0435\u0442\u043b\u0430\u043d \u0421\u0435\u043c\u0435\u043d\u0435\u043d\u043a\u043e, <strong>\u0421\u0432\u0435\u0442 \u0432 \u0434\u0435\u043a\u0430\u0431\u0440\u0435: \u0441\u0442\u0438\u0445\u0438 \u0438 \u043f\u0435\u0440\u0435\u0432\u043e\u0434\u044b<\/strong>. \u0422\u0430\u043b\u043b\u0438\u043d: \u042d\u044d\u0441\u0442\u0438 \u0440\u0430\u0430\u043c\u0430\u0442, 1985, 302 pp. [Includes poems from folklore and by Gustav Suits, Villem Gr\u00fcnthal-Ridala, Marie Under, Valmar Adams, Heiti Talvik, Betti Alver, Kersti Merilaas, Minni Nurme, Debora Vaarandi, Artur Alliksaar, Ain Kaalep, Ellen Niit, Aleksander Suuman, Mats Traat, Enn Vetemaa, Arvi Siig, Andres Ehin, Kalle Kurg, Paul-Eerik Rummo, Hando Runnel, Jaan Kaplinski,Ly Seppel, Viivi Luik, Toomas Liiv, Joel Sang, Juhan Viiding.]<\/span><br><span style=\"font-size: small\"><strong><strong>\u041f\u043e\u044d\u0442\u044b \u042d\u0441\u0442\u043e\u043d\u0438\u0438<\/strong><\/strong>. \u0412\u0441\u0442\u0443\u043f\u0438\u0442\u0435\u043b\u044c\u043d\u0430\u044f \u0441\u0442\u0430\u0442\u044c\u044f \u0438 \u0431\u0438\u043e\u0433\u0440\u0430\u0444\u0438\u0447\u0435\u0441\u043a\u0438\u0435 \u0441\u043f\u0440\u0430\u0432\u043a\u0438: \u0421. \u0413. \u0418\u0441\u0430\u043a\u043e\u0432\u0430; \u0441\u043e\u0441\u0442. \u0438 \u043f\u0440\u0438\u043c\u0435\u0447\u0430\u043d\u0438\u044f \u041d. \u0413. \u0410\u043d\u0434\u0440\u0435\u0437\u0435\u043d\u0430 \u0438 \u0421. \u0413. \u0418\u0441\u0430\u043a\u043e\u0432\u0430; \u0440\u0435\u0434\u0430\u043a\u0446\u0438\u044f \u0441\u0442\u0438\u0445\u043e\u0442\u0432\u043e\u0440\u043d\u044b\u0445 \u043f\u0435\u0440\u0435\u0432\u043e\u0434\u043e\u0432 \u0412. \u0420\u043e\u0436\u0434\u0435\u0441\u0442\u0432\u0435\u043d\u0441\u043a\u043e\u0433\u043e.\u00a0\u041b\u0435\u043d\u0438\u043d\u0433\u0440\u0430\u0434: \u0421\u043e\u0432\u0435\u0442\u0441\u043a\u0438\u0439 \u043f\u0438\u0441\u0430\u0442\u0435\u043b\u044c, 1974, 662 pp. [Poems by Kristjan Jaak Peterson, Friedrich Robert Faehlmann, Friedrich Reinhold Kreutzwald, Lydia Koidula, Friedrich Kuhlbars, Mihkel Veske, Ado Reinvald, Jakob Tamm, Jakob Liiv, Karl Eduard S\u00f6\u00f6t, Anna Haava, Juhan Liiv, Hans P\u00f6\u00f6gelmann,\u00a0Juhan Lilienbach, Ernst Enno, Gustav Suits, Villem Ridala, Friedebert Tuglas, Johannes Barbarus, Henrik Visnapuu, August Alle, Jaan K\u00e4rner, Johannes Semper, Hendrik Adamson, Juhan S\u00fctiste, Heiti Talvik, August Sang, Juhan Smuul.]<br><strong>\u0410\u043d\u0442\u043e\u043b\u043e\u0433\u0438\u044f \u044d\u0441\u0442\u043e\u043d\u0441\u043a\u043e\u0439 \u043f\u043e\u044d\u0437\u0438\u0438: \u0432 \u0434\u0432\u0443\u0445 \u0442\u043e\u043c\u0430\u0445<\/strong>. \u0412\u0441\u0442\u0443\u043f\u0438\u0442\u0435\u043b\u044c\u043d\u0430\u044f \u0441\u0442\u0430\u0442\u044c\u044f \u042d. \u041d\u0438\u0440\u043a\u0430; \u0441\u043e\u0441\u0442\u0430\u0432\u0438\u0442\u0435\u043b\u0438 \u042d. \u041d\u0438\u0440\u043a \u0438 \u041f. \u0420\u0443\u043c\u043c\u043e. \u041b\u0435\u043d\u0438\u043d\u0433\u0440\u0430\u0434: \u0413\u043e\u0441\u043b\u0438\u0442\u0438\u0437\u0434\u0430\u0442, 1959, 424 + 450 pp. [Includes folk songs and poems by: Kristian Jaak Peterson, Friedrich Robert Faehlmann, Friedrich Reinhold Kreutzwald, Juhan Weizenberg, Lydia Koidula, Friedrich Kuhlbars, Carl Robert Jakobson, Mihkel Veske, Ado Reinvald, Juhan Kunder, Jaan Bergmann, Peeter Jakobson, Jakob Tamm, Jakob Liiv, Juhan Liiv, Anna Haava, Karl Eduard S\u00f6\u00f6t, Reinhold Kamsen, Ernst Enno, Villem Ridala, Marie Heiberg, Jaan L\u00f5o, Hans P\u00f6\u00f6gelmann, Juhan Lilienbach, Vassili M\u00f6lder, Villem Buk, Johannes Barbarus, August Alle, Jaan K\u00e4rner, Johannes Semper, Juhan S\u00fctiste, Erni Hiir, Mart Raud, Paul Viiding, Betti Alver, Kersti Merilaas, August Sang, Hugo Angervaks, Felix Kotta, Aira Kaal, Muia Veetamm, Paul Rummo, Debora Vaarandi, Juhan Smuul, Minni Nurme, Ralf Parve, Manivald Kesamaa, Uno Laht, Vladimir Beekman, Jaan Kross, Ilmi Kolla, Ellen Niit.]<br><strong>\u041f\u043e\u044d\u0442\u044b \u042d\u0441\u0442\u043e\u043d\u0438\u0438: \u0410\u043d\u0442\u043e\u043b\u043e\u0433\u0438\u044f \u0437\u0430 \u0441\u0442\u043e \u043b\u0435\u0442: (1803-1902)<\/strong><span>. \u041f\u0435\u0440\u0435\u0432\u043e\u0434 \u0418\u0433\u043e\u0440\u044f \u0421\u0435\u0432\u0435\u0440\u044f\u043d\u0438\u043d\u0430; [\u0418\u043b\u043b\u044e\u0441\u0442\u0440\u0430\u0446\u0438\u0438 \u0410. \u0413\u0440\u0438\u043d\u0435\u0432\u0430]. \u0422\u0430\u0440\u0442\u0443: \u0412\u0430\u0434\u0438\u043c \u0411\u0435\u0440\u0433\u043c\u0430\u043d, 1928, 182 pp. [Poems by \u0424\u0440\u0438\u0434\u0440\u0438\u0445 \u0420\u0435\u0439\u043d\u0445\u043e\u043b\u044c\u0434 \u041a\u0440\u0435\u0439\u0446\u0432\u0430\u043b\u044c\u0434, \u0424\u0440\u0438\u0434\u0440\u0438\u0445 \u041a\u0443\u043b\u044c\u0431\u0430\u0440\u0441, \u041c\u0438\u0445\u043a\u0435\u043b\u044c \u0412\u0435\u0441\u043a\u0435, \u041b\u0438\u0434\u0438\u044f \u041a\u043e\u0439\u0434\u0443\u043b\u0430, \u0410\u0434\u043e \u0420\u0435\u0439\u043d\u0432\u0430\u043b\u044c\u0434, \u0410\u0434\u043e \u0413\u0440\u0435\u043d\u0446\u0448\u0442\u0435\u0439\u043d, \u041a\u0430\u0440\u043b \u0410\u0432\u0433\u0443\u0441\u0442 \u0425\u0435\u0440\u043c\u0430\u043d\u043d, \u042e\u0445\u0430\u043d \u041a\u0443\u043d\u0434\u0435\u0440, \u041f\u0435\u044d\u0442\u0435\u0440 \u042f\u043a\u043e\u0431\u0441\u043e\u043d, \u041c\u0430\u0440\u0442\u0438\u043d \u041b\u0438\u043f\u043f, \u042f\u0430\u043d \u0411\u0435\u0440\u0433\u043c\u0430\u043d\u043d, \u041c\u0430\u0442\u0438\u0430\u0441 \u0419\u043e\u0445\u0430\u043d\u043d \u042d\u0439\u0437\u0435\u043d, \u042f\u043a\u043e\u0431 \u041b\u0438\u0439\u0432, \u042f\u043a\u043e\u0431 \u0422\u0430\u043c\u043c, \u041a\u0430\u0440\u043b \u042d\u0434\u0443\u0430\u0440\u0434 \u0421\u0435\u044d\u0442, \u042d\u0434\u0443\u0430\u0440\u0434 \u0412\u0435\u0440\u043c\u0430\u043d, \u042d\u043b\u0438\u0437\u0435 \u0410\u0443\u043d, \u042e\u0445\u0430\u043d \u041b\u0438\u0439\u0432, \u0410\u043d\u043d\u0430 \u0425\u0430\u0430\u0432\u0430, \u0413\u0435\u043e\u0440\u0433 \u042d\u0434\u0443\u0430\u0440\u0434 \u041b\u0443\u0439\u0433\u0430, \u0410\u043d\u0434\u0440\u0435\u0441 \u0410\u043b\u044c\u0432\u0435\u0440, \u042d\u0440\u043d\u0441\u0442 \u042d\u043d\u043d\u043e, \u0413\u0443\u0441\u0442\u0430\u0432 \u0421\u0443\u0439\u0442\u0441, \u041c\u0430\u0440\u0438\u0435 \u0423\u043d\u0434\u0435\u0440, \u0412\u0438\u043b\u043b\u0435\u043c \u0420\u0438\u0434\u0430\u043b\u0430, \u0424\u0440\u0438\u0434\u0435\u0431\u0435\u0440\u0442 \u0422\u0443\u0433\u043b\u0430\u0441, \u0419\u043e\u0445\u0430\u043d\u043d\u0435\u0441 \u0411\u0430\u0440\u0431\u0430\u0440\u0443\u0441, \u0419\u043e\u0445\u0430\u043d\u043d\u0435\u0441 \u0421\u0435\u043c\u043f\u0435\u0440, \u041c\u0430\u0440\u0438e \u0425\u0435\u0439\u0431\u0435\u0440\u0433, \u0410\u0432\u0433\u0443\u0441\u0442 \u0410\u043b\u043b\u0435, \u0425\u0435\u043d\u0440\u0438\u043a \u0412\u0438\u0441\u043d\u0430\u043f\u0443\u0443, \u0420\u0443\u0434\u043e\u043b\u044c\u0444 \u0420\u0435\u0439\u043c\u0430\u043d\u043d, \u0412\u0430\u043b\u044c\u043c\u0430\u0440 \u0410\u0434\u0430\u043c\u0441.]<\/span><\/span><br><\/span><\/p>\n","protected":false},"excerpt":{"rendered":"<p>In anthologies and magazines EnglishEstonian Anthology. Intimate stories of life, love, labor and war of the Estonian people. Compiled, translated and published by A. Pranspill. Translations by W. K. Matthews. Edited by Milton Millhauser. Milford [Connecticut], 1956, 320 pp. [Contents: &#8230;<\/p>\n","protected":false},"author":43,"featured_media":0,"parent":168,"menu_order":0,"comment_status":"closed","ping_status":"closed","template":"","meta":{"_acf_changed":false,"inline_featured_image":false,"footnotes":""},"class_list":["post-177","page","type-page","status-publish","hentry"],"acf":[],"_links":{"self":[{"href":"https:\/\/sisu.ut.ee\/ewod\/wp-json\/wp\/v2\/pages\/177","targetHints":{"allow":["GET"]}}],"collection":[{"href":"https:\/\/sisu.ut.ee\/ewod\/wp-json\/wp\/v2\/pages"}],"about":[{"href":"https:\/\/sisu.ut.ee\/ewod\/wp-json\/wp\/v2\/types\/page"}],"author":[{"embeddable":true,"href":"https:\/\/sisu.ut.ee\/ewod\/wp-json\/wp\/v2\/users\/43"}],"replies":[{"embeddable":true,"href":"https:\/\/sisu.ut.ee\/ewod\/wp-json\/wp\/v2\/comments?post=177"}],"version-history":[{"count":1,"href":"https:\/\/sisu.ut.ee\/ewod\/wp-json\/wp\/v2\/pages\/177\/revisions"}],"predecessor-version":[{"id":4913,"href":"https:\/\/sisu.ut.ee\/ewod\/wp-json\/wp\/v2\/pages\/177\/revisions\/4913"}],"up":[{"embeddable":true,"href":"https:\/\/sisu.ut.ee\/ewod\/wp-json\/wp\/v2\/pages\/168"}],"wp:attachment":[{"href":"https:\/\/sisu.ut.ee\/ewod\/wp-json\/wp\/v2\/media?parent=177"}],"curies":[{"name":"wp","href":"https:\/\/api.w.org\/{rel}","templated":true}]}}