{"id":1769,"date":"2024-04-03T23:41:54","date_gmt":"2024-04-03T20:41:54","guid":{"rendered":"https:\/\/sisu.ut.ee\/ewod\/jaanimagi\/"},"modified":"2024-04-04T00:06:18","modified_gmt":"2024-04-03T21:06:18","slug":"jaanimagi","status":"publish","type":"page","link":"https:\/\/sisu.ut.ee\/ewod\/j\/jaanimagi\/","title":{"rendered":"Urmo Jaanim\u00e4gi"},"content":{"rendered":"<p>\n\t<span style=\"color:#000000\"><span style=\"font-size:13px\"><span style=\"font-family:Verdana,Geneva,sans-serif\">Urmo Jaanim\u00e4gi (born 23 August 1970) is a psychologist and writer.<\/span><\/span><\/span>\n<\/p>\n<p>\n\t<span style=\"color:#000000\"><span style=\"font-size:13px\"><span style=\"font-family:Verdana,Geneva,sans-serif\">Jaanim\u00e4gi was born at Rakke in L\u00e4\u00e4ne-Virumaa County and completed Rakke secondary school. After military service, he lived in Tallinn and worked as a stagehand at the Estonian National Opera for seven years. From 1998, he has been residing in the USA. From 1998\u20132001, he studied at Charleston University in South-Carolina where he acquired a bachelor\u2019s degree in psychology. From 2002\u20132004, he was engaged in master\u2019s studies at Villanova University and from 2005\u20132010 in master\u2019s studies at the University at Buffalo.<\/span><\/span><\/span>\n<\/p>\n<p>\n\t<span style=\"color:#000000\"><span style=\"font-size:13px\"><span style=\"font-family:Verdana,Geneva,sans-serif\">He has a master\u2019s degree in both clinical and experimental psychology. He works at the University at Buffalo, doing research on dependences and related factors.<\/span><\/span><\/span>\n<\/p>\n<p>\n\t<span style=\"color:#000000\"><span style=\"font-size:13px\"><span style=\"font-family:Verdana,Geneva,sans-serif\">Jaanim\u00e4gi\u2019s first book, the collection of stories <em>Televisiooni m\u00f5ju<\/em> (\u2018The Influence of Television\u2019) appeared in Estonia in 2017. The story collection speaks about everyday affairs: childhood games, falling in love, home and parents, embarrassing but funny incidents. The indirect aim of the book is to create a link in readers between the distant and the near, the big and the small. The description of life and the setting alternates with social comments and psychological analysis; love gives way to the absurd, pain to liberating laughter. The stories in the book are so short that they can be classified as miniatures or jokes rather.<\/span><\/span><\/span>\n<\/p>\n<p>\n\t<span style=\"color:#000000\"><span style=\"font-size:13px\"><span style=\"font-family:Verdana,Geneva,sans-serif\">The second book <em>Kolimise laastav m\u00f5ju<\/em> (\u2018The Devastating Influence of Moving House\u2019) appeared in 2018. Jaanim\u00e4gi\u2019s second collection consists of short stories which nearly always concentrate on a curious or pathetically funny incident or apply a specific formal solution. Characters in the stories are few and they are sketchy; the stories often end with a twist. Through the characters who may or may not be different aspects of the author, the reader experiences the numbing routine of workaday life and the storms in it.<\/span><\/span><\/span>\n<\/p>\n<p>\n\t<span style=\"color:#000000\"><span style=\"font-size:13px\"><span style=\"font-family:Verdana,Geneva,sans-serif\">Jaanim\u00e4gi\u2019s short story <em>Ajaliku elu r\u00f5\u00f5mud<\/em> (\u2018The Pleasures of Temporal Life\u2019) was published in the collection <em>Eesti novell 2020<\/em> (\u2018Estonian Short Stories 2020\u2019).<\/span><\/span><\/span>\n<\/p>\n<p>\n\t<em><span style=\"color:#000000\"><span style=\"font-size:13px\"><span style=\"font-family:Verdana,Geneva,sans-serif\">L. P. (Translated by I. A.)<\/span><\/span><\/span><\/em>\n<\/p>\n<p><strong><span style=\"font-size:16px\"><span style=\"color:#000000\"><span style=\"font-family:Verdana,Geneva,sans-serif\">Books in Estonian<\/span><\/span><\/span><\/strong>\n<\/p>\n<p>\n\t<span style=\"color:#000000\"><span style=\"font-size:13px\"><span style=\"font-family:Verdana,Geneva,sans-serif\"><strong><em>Short prose<\/em><\/strong><br><strong>Televisiooni m\u00f5ju<\/strong>. P\u00e4rnu: Jumalikud Ilmutused, 2017. 159 lk.<br><strong>Kolimise laastav m\u00f5ju<\/strong>. Tallinn: EKSA, 2018. 221 lk.<\/span><\/span><\/span><\/p>\n","protected":false},"excerpt":{"rendered":"<p>Urmo Jaanim\u00e4gi (born 23 August 1970) is a psychologist and writer. Jaanim\u00e4gi was born at Rakke in L\u00e4\u00e4ne-Virumaa County and completed Rakke secondary school. After military service, he lived in Tallinn and worked as a stagehand at the Estonian National &#8230;<\/p>\n","protected":false},"author":43,"featured_media":0,"parent":620,"menu_order":0,"comment_status":"closed","ping_status":"closed","template":"","meta":{"_acf_changed":false,"inline_featured_image":false,"footnotes":""},"class_list":["post-1769","page","type-page","status-publish","hentry"],"acf":[],"_links":{"self":[{"href":"https:\/\/sisu.ut.ee\/ewod\/wp-json\/wp\/v2\/pages\/1769","targetHints":{"allow":["GET"]}}],"collection":[{"href":"https:\/\/sisu.ut.ee\/ewod\/wp-json\/wp\/v2\/pages"}],"about":[{"href":"https:\/\/sisu.ut.ee\/ewod\/wp-json\/wp\/v2\/types\/page"}],"author":[{"embeddable":true,"href":"https:\/\/sisu.ut.ee\/ewod\/wp-json\/wp\/v2\/users\/43"}],"replies":[{"embeddable":true,"href":"https:\/\/sisu.ut.ee\/ewod\/wp-json\/wp\/v2\/comments?post=1769"}],"version-history":[{"count":1,"href":"https:\/\/sisu.ut.ee\/ewod\/wp-json\/wp\/v2\/pages\/1769\/revisions"}],"predecessor-version":[{"id":3303,"href":"https:\/\/sisu.ut.ee\/ewod\/wp-json\/wp\/v2\/pages\/1769\/revisions\/3303"}],"up":[{"embeddable":true,"href":"https:\/\/sisu.ut.ee\/ewod\/wp-json\/wp\/v2\/pages\/620"}],"wp:attachment":[{"href":"https:\/\/sisu.ut.ee\/ewod\/wp-json\/wp\/v2\/media?parent=1769"}],"curies":[{"name":"wp","href":"https:\/\/api.w.org\/{rel}","templated":true}]}}