{"id":1759,"date":"2024-04-03T23:41:53","date_gmt":"2024-04-03T20:41:53","guid":{"rendered":"https:\/\/sisu.ut.ee\/ewod\/about-et-228\/"},"modified":"2024-04-04T00:06:19","modified_gmt":"2024-04-03T21:06:19","slug":"about","status":"publish","type":"page","link":"https:\/\/sisu.ut.ee\/ewod\/r\/ristikivi\/about\/","title":{"rendered":"Karl Ristikivi &#8211; about"},"content":{"rendered":"<p>\n\t<span style=\"font-family:Verdana,Geneva,sans-serif\"><span style=\"font-size: medium\"><strong>Articles<\/strong><\/span><\/span>\n<\/p>\n<p>\n\t<span style=\"font-family:Verdana,Geneva,sans-serif\"><span style=\"font-size: small\"><strong><em>Catalan<\/em><\/strong><br>Janika Kronberg,<strong> Karl Ristikivi, un europeu desconegut pels europeus<\/strong>. \u2013 Karl Ristikivi, Les dents del drac. Traducci\u00f3: Mirjam Johannes. Correcci\u00f3: Frederic Muniente. Keibu k\u00fcla: Eesti Maailmavaate Sihtasutus, 2018, pp 231-235.<\/span><\/span>\n<\/p>\n<p>\n\t<span style=\"font-family:Verdana,Geneva,sans-serif\"><span style=\"font-size: small\"><strong><em>Dutch<\/em><\/strong><br>Eric Dickens, <strong>[Article about Karl Ristikivi]<\/strong>. \u2013 Baltsvluchten, no 2, 1993.<\/span><\/span>\n<\/p>\n<p>\n\t<span style=\"font-family:Verdana,Geneva,sans-serif\"><span style=\"font-size: small\"><strong><em>English<\/em><\/strong><br>Rutt Hinrikus,\u00a0<strong>\u201cRooma p\u00e4evik\u201d as a Synthesis of Karl Ristikivi\u2019s European Novels<\/strong>. \u2013 Interlitteraria, vol 10, 2005, pp 314-324.<br>Janika Kronberg, <strong>One European that Europe Knows Nothing About<\/strong>. \u2013 Estonian Literary Magazine, no 6, 1998.\u00a0<br>Heli Mattisen,\u00a0<strong>Karl Ristikivi und sein Roman Der Freudengesang im Zwiegespr\u00e4ch mit Novalis\u2019 Heinrich von Ofterdingen<\/strong>. \u2013 Interlitteraria, vol 3, 1998, pp 157-164.<\/span><\/span>\n<\/p>\n<p>\n\t<span style=\"font-family:Verdana,Geneva,sans-serif\"><span style=\"font-size: small\"><strong><em>German<\/em><\/strong><br>Heli Mattisen, <strong>Karl Ristikivi und sein Roman Der Freudengesang im Zwiegespr\u00e4ch mit Novalis\u2019 Heinrich von Ofterdingen<\/strong>. \u2013 interlitteraria 3, 1998, pp 157-164.<br>Helena Muda, <strong>Onkel Karl. Ein Gespr\u00e4ch \u00fcber Karl Ristikivi<\/strong>. \u2013 Estonia, no 1, 1996, pp 38-46.<br>Eric Dickens, <strong>Karl Ristikivi und die Metaphysik des Scheiterns<\/strong>. \u2013 Estonia, no 2, 1995, pp 18-23.<br>Erik Thomson, <strong>Karl Ristikivi \u2020<\/strong>. \u2013 Mitteilungen aus baltischem Leben, no 3, 1977, pp 30-31.<\/span><\/span><\/p>\n<p><strong><em>Swedish<\/em><\/strong><br>Eric Dickens, <strong>[Article about Karl Ristikivi]<\/strong>. \u2013 Horisont, no 3, 1995.<br>\u00a0\n<\/p>\n<p>\n\t<span style=\"font-family:Verdana,Geneva,sans-serif\"><strong style=\"font-family: verdana, geneva;font-size: medium;line-height: 1.6em\">Reviews<\/strong><\/span>\n<\/p>\n<p>\n\t<span style=\"font-family:Verdana,Geneva,sans-serif\"><span style=\"font-size: medium\"><em><strong><span style=\"font-size: small\">English<\/span><\/strong><\/em><\/span><br><span style=\"font-size: small\">Elle-Mari Talivee,\u00a0<a href=\"http:\/\/www.estlit.ee\/centre\/uploads\/catalogues\/12_Estonian_Books_2013.pdf\" target=\"_blank\" rel=\"noopener\"><strong>The Abode of a Righteous Man \/ \u00d5ige mehe koda<\/strong><\/a>.\u00a0\u2013 12 Estonian Books to Translate. Tallinn:\u00a0Estonian Literature Centre, 2013, p 28. [About \u2018\u00d5ige mehe koda\u2019.]<br>Mall J\u00fcrma,\u00a0<strong><cite>Kaspar von Schmerzburgi Rooma p\u00e4evik<\/cite>\u00a0by Karl Ristikivi<\/strong>. \u2013 World Literature Today, vol 52, No 1, 1978, pp 148-149.<\/span><br><span style=\"font-size: small\">Mall J\u00fcrma, <strong><em>Inimese teekond<\/em> by Karl Ristikivi<\/strong>. \u2013 Books Abroad, vol 48, no 3, 1974, p 605.<\/span><br><span style=\"font-size: small\">Ilse Lehiste,\u00a0<strong><cite>Kahekordne m\u00e4ng<\/cite><\/strong><strong>\u00a0by Karl Ristikivi<\/strong>. \u2013 Books Abroad, vol 47, no 2 , 1973, pp 394-395.<\/span><br><span style=\"font-size: small\">George Kurman,\u00a0<strong><cite>Lohe hambad<\/cite><\/strong><strong>\u00a0by Karl Ristikivi<\/strong>. \u2013 Books Abroad, vol 46, no 1, 1972, pp 142-143.<\/span><br><span style=\"font-size: small\">Mall J\u00fcrma,\u00a0<strong><cite>\u00d5ilsad s\u00fcdamed ehk Kaks s\u00f5pra Firenzes<\/cite><\/strong><strong>\u00a0by Karl Ristikivi<\/strong>. \u2013 Books Abroad, vol 44, no 4, 1970, pp 693-694.<\/span><br><span style=\"font-size: small\">Mardi Valgem\u00e4e,\u00a0<strong><cite>N\u00f5iduse \u00f5pilane<\/cite><\/strong><strong>\u00a0by Karl Ristikivi<\/strong>. \u2013 Books Abroad, vol 42, no 1, 1968, p 159.<br>Linda Raun,\u00a0<strong><cite>Hingede \u00f6\u00f6<\/cite>\u00a0by Karl Ristikivi<\/strong>. \u2013 Books Abroad, vol 31, no 3, 1957, pp 322-323.<\/span><\/span>\n<\/p>\n<p>\n\t<span style=\"font-family:Verdana,Geneva,sans-serif\"><span style=\"font-size: medium\"><span style=\"font-size: small\"><strong><em>German<\/em><\/strong><\/span><br><span style=\"font-size: small\">Renata Blodow,\u00a0Cornelius Hasselblatt,\u00a0<strong>Karl Ristikivi: Tuli ja raud<\/strong>. \u2013 Kindlers Literatur Lexikon 3, bd 13.\u00a0Stuttgart, Weimar: Verlag\u00a0J.B. Metzler, 2009, pp\u00a0721f.<\/span><\/span><br>Renata Blodow, <strong>Tuli ja raud<\/strong>. \u2013 Kindlers Neues Literatur Lexikon. Herausgegeben von Walter Jens. Band 14. M\u00fcnchen: Kindler 1991, pp 173-174. [About \u2018Tuli ja raud\u2019.]<br>Renata Blodow, <strong>Rohtaed<\/strong>. \u2013 Kindlers Neues Literatur Lexikon. Herausgegeben von Walter Jens. Band 14. M\u00fcnchen: Kindler 1991, p 173. [About \u2018Rohtaed\u2019.]<br>Renata Blodow, <strong>Tuli ja raud (\u2018Feuer und Eisen\u2019)<\/strong>. \u2013 Kindlers Literatur Lexikon. Band 6. Z\u00fcrich: Kindler, 1971, pp 3192-3193. [About \u2018Tuli ja raud\u2019.]<br>Renata Blodow, <strong>Rohtaed (\u2018Der Garten\u2019)<\/strong>. \u2013 Kindlers Literatur Lexikon. Band 6. Z\u00fcrich: Kindler, 1971, pp 401-402. [About \u2018Rohtaed\u2019.]<\/span><br>\u00a0\n<\/p>\n<p>\n\t<span style=\"font-family:Verdana,Geneva,sans-serif\"><span style=\"font-size: medium\"><strong><span style=\"font-size: medium\">Interviews<\/span><\/strong><\/span><\/span>\n<\/p>\n<p>\n\t<span style=\"font-family:Verdana,Geneva,sans-serif\"><span style=\"font-size: medium\"><span style=\"font-size: small\"><strong><em>English<\/em><\/strong><\/span><br><span style=\"font-size: small\">Tiina Kirss, Janika Kronberg,\u00a0<a href=\"http:\/\/elm.estinst.ee\/issue\/29\/literary-classics-biographically-illuminated\/\"><strong>Literary classics, biographically illuminated<\/strong><\/a>. \u2013 Estonian Literary Magazine, no 29, 2009. [Interview with Janika Kronberg about Karl Ristikivi\u2019s diaries published\u00a0recently in Estonian (Tallinn: Varrak, 2008).]<\/span><\/span><\/span><\/p>\n","protected":false},"excerpt":{"rendered":"<p>Articles CatalanJanika Kronberg, Karl Ristikivi, un europeu desconegut pels europeus. \u2013 Karl Ristikivi, Les dents del drac. Traducci\u00f3: Mirjam Johannes. Correcci\u00f3: Frederic Muniente. Keibu k\u00fcla: Eesti Maailmavaate Sihtasutus, 2018, pp 231-235. DutchEric Dickens, [Article about Karl Ristikivi]. \u2013 Baltsvluchten, no &#8230;<\/p>\n","protected":false},"author":43,"featured_media":0,"parent":2004,"menu_order":0,"comment_status":"closed","ping_status":"closed","template":"","meta":{"_acf_changed":false,"inline_featured_image":false,"footnotes":""},"class_list":["post-1759","page","type-page","status-publish","hentry"],"acf":[],"_links":{"self":[{"href":"https:\/\/sisu.ut.ee\/ewod\/wp-json\/wp\/v2\/pages\/1759","targetHints":{"allow":["GET"]}}],"collection":[{"href":"https:\/\/sisu.ut.ee\/ewod\/wp-json\/wp\/v2\/pages"}],"about":[{"href":"https:\/\/sisu.ut.ee\/ewod\/wp-json\/wp\/v2\/types\/page"}],"author":[{"embeddable":true,"href":"https:\/\/sisu.ut.ee\/ewod\/wp-json\/wp\/v2\/users\/43"}],"replies":[{"embeddable":true,"href":"https:\/\/sisu.ut.ee\/ewod\/wp-json\/wp\/v2\/comments?post=1759"}],"version-history":[{"count":1,"href":"https:\/\/sisu.ut.ee\/ewod\/wp-json\/wp\/v2\/pages\/1759\/revisions"}],"predecessor-version":[{"id":3311,"href":"https:\/\/sisu.ut.ee\/ewod\/wp-json\/wp\/v2\/pages\/1759\/revisions\/3311"}],"up":[{"embeddable":true,"href":"https:\/\/sisu.ut.ee\/ewod\/wp-json\/wp\/v2\/pages\/2004"}],"wp:attachment":[{"href":"https:\/\/sisu.ut.ee\/ewod\/wp-json\/wp\/v2\/media?parent=1759"}],"curies":[{"name":"wp","href":"https:\/\/api.w.org\/{rel}","templated":true}]}}