{"id":1756,"date":"2024-04-03T23:41:52","date_gmt":"2024-04-03T20:41:52","guid":{"rendered":"https:\/\/sisu.ut.ee\/ewod\/children-et-14\/"},"modified":"2024-04-04T00:06:22","modified_gmt":"2024-04-03T21:06:22","slug":"children","status":"publish","type":"page","link":"https:\/\/sisu.ut.ee\/ewod\/v\/valter\/children\/","title":{"rendered":"Edgar Valter &#8211; children&#8217;s stories"},"content":{"rendered":"<p><span style=\"font-size: medium\"><strong><span style=\"font-family: verdana, geneva\">Books<\/span><\/strong><\/span><\/p>\n<p><strong><em><span style=\"font-family: verdana, geneva\">Lithuanian<\/span><\/em><\/strong><br><span style=\"font-family: verdana, geneva\"><strong>Puoki\u0173 istorijos<\/strong>. Iliustracijos autoriaus, i\u0161 estu kalbos vert\u0117 Viltar\u0117 Urbait\u0117. Vilnius: Nieko rimto, 2014, 175 pp. [\u2018Pokulood\u2019.]<\/span><\/p>\n<p><span style=\"font-family: verdana, geneva\"><strong><em>Russian<br><\/em><\/strong>\u042d\u0434\u0433\u0430\u0440 \u0412\u0430\u043b\u0442\u0435\u0440, <strong>\u041f\u043e\u043a\u0438: \u0441\u043a\u0430\u0437\u043e\u0447\u043d\u0430\u044f \u043f\u043e\u0432\u0435\u0441\u0442\u044c<\/strong>. \u0425\u0443\u0434\u043e\u0436\u043d\u0438\u043a \u042d\u0434\u0433\u0430\u0440 \u0412\u0430\u043b\u0442\u0435\u0440; \u043f\u0435\u0440\u0435\u0432\u043e\u0434 \u0441 \u044d\u0441\u0442\u043e\u043d\u0441\u043a\u043e\u0433\u043e \u0422\u0430\u0442\u044c\u044f\u043d\u044b \u0422\u0435\u043f\u043f\u0435. \u041c\u043e\u0441\u043a\u0432\u0430: \u0420\u041e\u0421\u041c\u042d\u041d, 2014, 139 pp. [\u2018Pokuraamat\u2019.]<strong><em><br><\/em><\/strong><\/span><\/p>\n<p><span style=\"font-family: verdana, geneva\"><strong><em>Udmurt<\/em><\/strong><br>\u042d\u0434\u0433\u0430\u0440 \u0412\u0430\u043b\u0442\u0435\u0440, <strong>\u041f\u043e\u043a\u044a\u0451\u0441 \u0441\u044f\u0440\u044b\u0441\u044c \u043b\u044b\u0434<strong>\u0437<\/strong>\u0435\u0442<\/strong>. \u0421\u0443\u0440\u0435\u0434\u044a\u0451\u0441\u044b\u0437 \u0430\u0432\u0442\u043e\u0440\u043b\u044d\u043d; \u044d\u0441\u0442\u043e\u043d \u043a\u044b\u043b\u044b\u0441\u044c \u0431\u0435\u0440\u044b\u043a\u0442\u0438\u0437\u044b: \u0418\u0440\u0438\u043d\u0430 \u041a\u0443\u043b\u0434\u043a\u0435\u043f\u043f \u043d\u043e \u0410\u043d\u0433\u0435\u043b\u0438\u043d\u0430 \u0420\u0435\u0448\u0435\u0442\u043d\u0438\u043a\u043e\u0432\u0430. \u0418\u0436\u0435\u0432\u0441\u043a: \u0423\u0434\u043c\u0443\u0440\u0442\u0438\u044f, 2010, 143 pp.\u00a0<span style=\"font-family: verdana, geneva\">[\u2018Pokuraamat\u2019.]<\/span><br>\u042d\u0434\u0433\u0430\u0440 \u0412\u0430\u043b\u0442\u0435\u0440, <strong>\u041f\u0443\u043a\u0435\u0439\u043b\u044d\u043d \u043c\u0430\u0434\u0451\u0441\u044a\u0451\u0441\u044b\u0437<\/strong>. \u0421\u0443\u0440\u0435\u0434\u044a\u0451\u0441\u044b\u0437 \u0430\u0432\u0442\u043e\u0440\u043b\u044d\u043d; \u044d\u0441\u0442\u043e\u043d \u043a\u044b\u043b\u044b\u0441\u044c \u0431\u0435\u0440\u044b\u043a\u0442\u0438\u0437\u044b: \u0418\u0440\u0438\u043d\u0430 \u041a\u0443\u043b\u0434\u043a\u0435\u043f\u043f \u043d\u043e \u0410\u043d\u0433\u0435\u043b\u0438\u043d\u0430 \u0420\u0435\u0448\u0435\u0442\u043d\u0438\u043a\u043e\u0432\u0430. \u0418\u0436\u0435\u0432\u0441\u043a: \u0423\u0434\u043c\u0443\u0440\u0442\u0438\u044f, 2010, 176 pp.\u00a0<span style=\"font-family: verdana, geneva\">[\u2018Pokulood\u2019.]<\/span><br><\/span><\/p>\n","protected":false},"excerpt":{"rendered":"<p>Books LithuanianPuoki\u0173 istorijos. Iliustracijos autoriaus, i\u0161 estu kalbos vert\u0117 Viltar\u0117 Urbait\u0117. Vilnius: Nieko rimto, 2014, 175 pp. [\u2018Pokulood\u2019.] Russian\u042d\u0434\u0433\u0430\u0440 \u0412\u0430\u043b\u0442\u0435\u0440, \u041f\u043e\u043a\u0438: \u0441\u043a\u0430\u0437\u043e\u0447\u043d\u0430\u044f \u043f\u043e\u0432\u0435\u0441\u0442\u044c. \u0425\u0443\u0434\u043e\u0436\u043d\u0438\u043a \u042d\u0434\u0433\u0430\u0440 \u0412\u0430\u043b\u0442\u0435\u0440; \u043f\u0435\u0440\u0435\u0432\u043e\u0434 \u0441 \u044d\u0441\u0442\u043e\u043d\u0441\u043a\u043e\u0433\u043e \u0422\u0430\u0442\u044c\u044f\u043d\u044b \u0422\u0435\u043f\u043f\u0435. \u041c\u043e\u0441\u043a\u0432\u0430: \u0420\u041e\u0421\u041c\u042d\u041d, 2014, 139 pp. [\u2018Pokuraamat\u2019.] Udmurt\u042d\u0434\u0433\u0430\u0440 \u0412\u0430\u043b\u0442\u0435\u0440, \u041f\u043e\u043a\u044a\u0451\u0441 &#8230;<\/p>\n","protected":false},"author":43,"featured_media":0,"parent":1750,"menu_order":0,"comment_status":"closed","ping_status":"closed","template":"","meta":{"_acf_changed":false,"inline_featured_image":false,"footnotes":""},"class_list":["post-1756","page","type-page","status-publish","hentry"],"acf":[],"_links":{"self":[{"href":"https:\/\/sisu.ut.ee\/ewod\/wp-json\/wp\/v2\/pages\/1756","targetHints":{"allow":["GET"]}}],"collection":[{"href":"https:\/\/sisu.ut.ee\/ewod\/wp-json\/wp\/v2\/pages"}],"about":[{"href":"https:\/\/sisu.ut.ee\/ewod\/wp-json\/wp\/v2\/types\/page"}],"author":[{"embeddable":true,"href":"https:\/\/sisu.ut.ee\/ewod\/wp-json\/wp\/v2\/users\/43"}],"replies":[{"embeddable":true,"href":"https:\/\/sisu.ut.ee\/ewod\/wp-json\/wp\/v2\/comments?post=1756"}],"version-history":[{"count":1,"href":"https:\/\/sisu.ut.ee\/ewod\/wp-json\/wp\/v2\/pages\/1756\/revisions"}],"predecessor-version":[{"id":3327,"href":"https:\/\/sisu.ut.ee\/ewod\/wp-json\/wp\/v2\/pages\/1756\/revisions\/3327"}],"up":[{"embeddable":true,"href":"https:\/\/sisu.ut.ee\/ewod\/wp-json\/wp\/v2\/pages\/1750"}],"wp:attachment":[{"href":"https:\/\/sisu.ut.ee\/ewod\/wp-json\/wp\/v2\/media?parent=1756"}],"curies":[{"name":"wp","href":"https:\/\/api.w.org\/{rel}","templated":true}]}}