{"id":1754,"date":"2024-04-03T23:41:52","date_gmt":"2024-04-03T20:41:52","guid":{"rendered":"https:\/\/sisu.ut.ee\/ewod\/plays-et-52\/"},"modified":"2024-04-04T00:06:22","modified_gmt":"2024-04-03T21:06:22","slug":"plays","status":"publish","type":"page","link":"https:\/\/sisu.ut.ee\/ewod\/j\/jakobson\/plays\/","title":{"rendered":"August Jakobson &#8211; plays"},"content":{"rendered":"<p><strong><span style=\"font-family: verdana, geneva;font-size: medium\">Books<\/span><\/strong><\/p>\n<p><strong><em><span style=\"font-family: verdana, geneva\">Hungarian<\/span><\/em><\/strong><br><span style=\"font-family: verdana, geneva\"><strong>K\u00e9t t\u00e1bor<\/strong>.\u00a0ford\u00edtotta J\u00f3zsef Szekeres.\u00a0Budapest : \u00daj Magyar K\u00f6nyvkiad\u00f3, 1951, 120 pp. [Translation of \u2018Kaks leeri\u2019.]<\/span><\/p>\n<p><span style=\"font-family: verdana, geneva;font-size: medium\"><br><strong>In anthologies and magazines<\/strong><\/span><\/p>\n<p><span style=\"font-family: verdana, geneva\"><strong><span style=\"font-family: verdana, geneva;font-size: medium\"><\/span><\/strong><\/span><\/p>\n<p><strong><em><span style=\"font-family: verdana, geneva\">German<br><\/span><\/em><\/strong><span style=\"font-family: verdana, geneva\"><strong>Der alte Eichbaum<\/strong>. \u00dcbersetzung: Ks. Jakowlewa. \u2013 Sowjetliteratur (Moskau), no 4, 1956, pp 3-62. [\u2018Vana tamm\u2019.]<\/span><span style=\"font-family: verdana, geneva\"><br><strong>Die Br\u00fcder Kondor (Kampf ohne Fronten)<\/strong>. \u00dcbersetzung: A. Rohde-Liebenau. \u2013 Neue Welt, vol 3, no 15, 1948, pp 98-120; no 16, pp 96-121; no 17, pp 102-122. [\u2018V\u00f5itlus rindejooneta\u2019.]<\/span><\/p>\n<p><span style=\"font-family: verdana, geneva\"><\/span><\/p>\n","protected":false},"excerpt":{"rendered":"<p>Books HungarianK\u00e9t t\u00e1bor.\u00a0ford\u00edtotta J\u00f3zsef Szekeres.\u00a0Budapest : \u00daj Magyar K\u00f6nyvkiad\u00f3, 1951, 120 pp. [Translation of \u2018Kaks leeri\u2019.] In anthologies and magazines GermanDer alte Eichbaum. \u00dcbersetzung: Ks. Jakowlewa. \u2013 Sowjetliteratur (Moskau), no 4, 1956, pp 3-62. [\u2018Vana tamm\u2019.]Die Br\u00fcder Kondor (Kampf ohne &#8230;<\/p>\n","protected":false},"author":43,"featured_media":0,"parent":1521,"menu_order":0,"comment_status":"closed","ping_status":"closed","template":"","meta":{"_acf_changed":false,"inline_featured_image":false,"footnotes":""},"class_list":["post-1754","page","type-page","status-publish","hentry"],"acf":[],"_links":{"self":[{"href":"https:\/\/sisu.ut.ee\/ewod\/wp-json\/wp\/v2\/pages\/1754","targetHints":{"allow":["GET"]}}],"collection":[{"href":"https:\/\/sisu.ut.ee\/ewod\/wp-json\/wp\/v2\/pages"}],"about":[{"href":"https:\/\/sisu.ut.ee\/ewod\/wp-json\/wp\/v2\/types\/page"}],"author":[{"embeddable":true,"href":"https:\/\/sisu.ut.ee\/ewod\/wp-json\/wp\/v2\/users\/43"}],"replies":[{"embeddable":true,"href":"https:\/\/sisu.ut.ee\/ewod\/wp-json\/wp\/v2\/comments?post=1754"}],"version-history":[{"count":1,"href":"https:\/\/sisu.ut.ee\/ewod\/wp-json\/wp\/v2\/pages\/1754\/revisions"}],"predecessor-version":[{"id":3325,"href":"https:\/\/sisu.ut.ee\/ewod\/wp-json\/wp\/v2\/pages\/1754\/revisions\/3325"}],"up":[{"embeddable":true,"href":"https:\/\/sisu.ut.ee\/ewod\/wp-json\/wp\/v2\/pages\/1521"}],"wp:attachment":[{"href":"https:\/\/sisu.ut.ee\/ewod\/wp-json\/wp\/v2\/media?parent=1754"}],"curies":[{"name":"wp","href":"https:\/\/api.w.org\/{rel}","templated":true}]}}