{"id":1752,"date":"2024-04-03T23:41:52","date_gmt":"2024-04-03T20:41:52","guid":{"rendered":"https:\/\/sisu.ut.ee\/ewod\/sommer\/"},"modified":"2024-04-04T00:06:21","modified_gmt":"2024-04-03T21:06:21","slug":"sommer","status":"publish","type":"page","link":"https:\/\/sisu.ut.ee\/ewod\/s\/sommer\/","title":{"rendered":"Lauri Sommer"},"content":{"rendered":"<p>\n\t<a href=\"https:\/\/sisu.ut.ee\/ewod\/s\/sommer\/poems\"><strong><span style=\"font-family: verdana,geneva;font-size: medium\">Poems<\/span><\/strong><\/a><strong><span style=\"font-family: verdana,geneva;font-size: medium\"> <\/span><\/strong><span style=\"font-family: verdana,geneva;font-size: medium\"><a href=\"https:\/\/sisu.ut.ee\/wp-content\/uploads\/sites\/108\/lauri_sommer_portree_alar_madisson.jpg\" target=\"_self\" rel=\"noopener\"><img decoding=\"async\" alt=\"Lauri Sommer\" class=\"\" src=\"https:\/\/sisu.ut.ee\/wp-content\/uploads\/sites\/108\/lauri_sommer_portree_alar_madisson.jpg\" style=\"float: right;width: 300px;height: 315px\" title=\"Photo: Alar Madisson\"><\/a><\/span>\n<\/p>\n<p>\n\t<strong><span style=\"font-family: verdana,geneva;font-size: medium\"><a href=\"https:\/\/sisu.ut.ee\/ewod\/s\/sommer\/nonfiction\"><strong><span style=\"font-family: verdana,geneva;font-size: medium\">Non-fiction<\/span><\/strong><\/a><\/span><\/strong>\n<\/p>\n<p>\n\t<a href=\"https:\/\/sisu.ut.ee\/ewod\/s\/sommer\/about\"><strong><span style=\"font-family: verdana,geneva;font-size: medium\">About Lauri Sommer<\/span><\/strong><\/a>\n<\/p>\n<p><span style=\"color:#000000\"><span style=\"font-size:13px\"><span style=\"font-family:Verdana,Geneva,sans-serif\">Lauri Sommer (up to 1991 Soomere, born 2 April 1973) is a poet, prose writer, literature researcher and musician.<\/span><\/span><\/span>\n<\/p>\n<p>\n\t<span style=\"color:#000000\"><span style=\"font-size:13px\"><span style=\"font-family:Verdana,Geneva,sans-serif\">Sommer was born and attended school in Viljandi. For one year, he studied librarianship at Viljandi Culture College. Sommer graduated from the University of Tartu in the speciality of literature and defended a MA thesis on <\/span><\/span><\/span><span style=\"font-size:13px\"><span style=\"font-family:Verdana,Geneva,sans-serif\"><a data-url=\"https:\/\/sisu.ut.ee\/ewod\/m\/ukumasing\" href=\"https:\/\/sisu.ut.ee\/ewod\/m\/ukumasing\" title=\"\">Uku Masing<\/a><\/span><\/span><span style=\"color:#000000\"><span style=\"font-size:13px\"><span style=\"font-family:Verdana,Geneva,sans-serif\"> there. He belongs to the literary grouping Erakkond and to the music groups Liinat\u015buraq, Kago and \u00dctsiots\u00f5. He is a member of the Estonian Writers\u2019 Union from 1999.<\/span><\/span><\/span>\n<\/p>\n<p>\n\t<span style=\"color:#000000\"><span style=\"font-size:13px\"><span style=\"font-family:Verdana,Geneva,sans-serif\">Sommer began to publish poems in the newspaper <em>Sakala<\/em> from 1990. His first poetry collection <em>Laurila<\/em> appeared in 1998. Its tone is set by the young man\u2019s introspective searches along with pictures of nature. The debut collection reveals textual and contentual closeness to Uku Masing whose style Sommer has developed further. Interest in nature, in the world of magic and incantations, in old local spirits and Oriental visions can also be noticed in the collection <em>N\u00f5idade \u00f5rnus<\/em> (\u2018Sorcerers\u2019 Tenderness\u2019, 2004), which received the <\/span><\/span><\/span><span style=\"font-size:13px\"><span style=\"font-family:Verdana,Geneva,sans-serif\"><a data-url=\"https:\/\/sisu.ut.ee\/ewod\/s\/suits\" href=\"https:\/\/sisu.ut.ee\/ewod\/s\/suits\" title=\"\">Gustav Suits<\/a><\/span><\/span><span style=\"color:#000000\"><span style=\"font-size:13px\"><span style=\"font-family:Verdana,Geneva,sans-serif\"> Poetry Prize in 2005. Language usage in Sommer\u2019s poetry is idiosyncratic as dialect and slang words, colloquial language and elevated style intertwine.<\/span><\/span><\/span>\n<\/p>\n<p>\n\t<span style=\"color:#000000\"><span style=\"font-size:13px\"><span style=\"font-family:Verdana,Geneva,sans-serif\">His first prose collection <em>Kolm yksiklast<\/em> (\u2018Three Loners\u2019, 2010) received the Literature Endowment Annual Award. It presents the stories of three persons essential for the author \u2013 Setu village healer Darja (Sommer\u2019s great-grandmother), musician Nick Drake and Uku Masing. They are all connected by the theme of loneliness. Different persons and stories of a certain place are connected in a book with an autobiographical undertone, <em>R\u00e4estu raamat<\/em> (\u2018The Book of R\u00e4estu\u2019, 2012), which is centred on Sommer\u2019s home village R\u00e4estu in V\u00f5ru County. Along with introspective journeys, the book includes documentary material and stories which are entwined into an idiosyncratic whole emphasising the meaningfulness of the geographical place and history. In 2012, the book received the Literature Endowment Annual Award and the <\/span><\/span><\/span><span style=\"font-size:13px\"><span style=\"font-family:Verdana,Geneva,sans-serif\"><a data-url=\"https:\/\/sisu.ut.ee\/ewod\/k\/bernardkangro\" href=\"https:\/\/sisu.ut.ee\/ewod\/k\/bernardkangro\" title=\"\">Bernard Kangro<\/a><\/span><\/span><span style=\"color:#000000\"><span style=\"font-size:13px\"><span style=\"font-family:Verdana,Geneva,sans-serif\"> Literary Prize. A counterpart to R\u00e4estu raamat is <em>Sealpool sood<\/em> (\u2018Beyond the Bog\u2019, 2014), which also deals with local history, concentrating on the surroundings of Viljandi, particularly on the village of J\u00e4mejala, and the author\u2019s paternal family. Different places in Tartu and the people related to them are spotlighted through introspective, dreamlike and personal occurrences in the book <em>Toome tuled<\/em> (\u2018Lights on Toome Hill\u2019, 2022) where Sommer intertwines them in his characteristic manner.<\/span><\/span><\/span>\n<\/p>\n<p>\n\t<span style=\"color:#000000\"><span style=\"font-size:13px\"><span style=\"font-family:Verdana,Geneva,sans-serif\">In addition to poetry and prose, Sommer has written about literature and music, translated (among others Richard Brautigan and Georg Trakl) and presented radio programmes.<\/span><\/span><\/span>\n<\/p>\n<p>\n\t<span style=\"color:#000000\"><span style=\"font-size:13px\"><span style=\"font-family:Verdana,Geneva,sans-serif\">Sommer has also twice received the Annual Award of the journal <em>Looming<\/em> (2001, 2007); the Literature Endowment article award for <em>Uku Masingu k\u00e4sikirja \u201eSaadik Megellani pilvest\u201c vaimne, ajalis-ruumiline ja elulooline taust<\/em> (\u2018Spiritual, Temporal, Spatial and Biographical Background to Uku Masing\u2019s Manuscript \u201cThe Envoy from Magellan\u2019s Cloud\u201d\u2019), which is based on his MA thesis; the <\/span><\/span><\/span><span style=\"font-size:13px\"><span style=\"font-family:Verdana,Geneva,sans-serif\"><a data-url=\"https:\/\/sisu.ut.ee\/ewod\/l\/juhanliiv\" href=\"https:\/\/sisu.ut.ee\/ewod\/l\/juhanliiv\" title=\"\">Juhan Liiv<\/a><\/span><\/span><span style=\"color:#000000\"><span style=\"font-size:13px\"><span style=\"font-family:Verdana,Geneva,sans-serif\"> Poetry Prize (2014), the <\/span><\/span><\/span><span style=\"font-size:13px\"><span style=\"font-family:Verdana,Geneva,sans-serif\"><a data-url=\"https:\/\/sisu.ut.ee\/ewod\/g\/augustgailit\" href=\"https:\/\/sisu.ut.ee\/ewod\/g\/augustgailit\" title=\"\">August Gailit<\/a><\/span><\/span><span style=\"color:#000000\"><span style=\"font-size:13px\"><span style=\"font-family:Verdana,Geneva,sans-serif\"> Short Story Prize for <em>P\u00e4rlipyydjad<\/em> (\u2018Pearl Divers\u2019) and the Order of the White Star, class V. Sommer received the writer\u2019s salary from 2021\u20132023.<\/span><\/span><\/span>\n<\/p>\n<p>\n\t<em><span style=\"color:#000000\"><span style=\"font-size:13px\"><span style=\"font-family:Verdana,Geneva,sans-serif\">A. K. (Translated by I. A.)<\/span><\/span><\/span><\/em>\n<\/p>\n<p><span style=\"color:#000000\"><strong><span style=\"font-size:16px\"><span style=\"font-family:Verdana,Geneva,sans-serif\">Books in Estonian<\/span><\/span><\/strong><\/span><\/p>\n<p><span style=\"font-size:13px\"><span style=\"font-family:Verdana,Geneva,sans-serif\"><strong><em>Poetry collections<\/em><\/strong><br><strong>Laurila<\/strong>: 1992-1997. Tartu: Erakkond, 1998, 83 lk<br><strong>Raagraamis poiss<\/strong>: luuletused ja t\u00f5lked: 1990-1992. Tartu: Eesti \u00dcli\u00f5pilaste Selts Veljesto, 2001, 96 lk<br><strong>N\u00f5idade \u00f5rnus<\/strong>: 1998-2003. S\u00e4nna: Tiivaalune, 2004, 86 lk<br><strong>K.L. ja N.<\/strong>: 2004-2007. R\u00e4estu: Tiivaalune, 2008, 83 lk<br><strong>Kunagi<\/strong>: 2008-2015. R\u00e4estu: Tiivaalune, 2015, 86 lk<br><strong>Kodu kaduvas<\/strong>. Viru: Tiivaalune, 2019, 34 lk<\/span><\/span>\n<\/p>\n<p>\n\t<span style=\"color:#000000\"><span style=\"font-size:13px\"><span style=\"font-family:Verdana,Geneva,sans-serif\"><strong><em>Short prose<\/em><\/strong><br><strong>Kolm yksiklast<\/strong>. Tallinn: Menu Kirjastus, 2010, 196 lk<br><strong>R\u00e4estu raamat<\/strong>. Tallinn: Menu Kirjastus, 2012, 272 lk [j\u00e4rgmised tr\u00fckid: 2013]<br><strong>Sealpool sood<\/strong>: 2006-2014. Tallinn: Menu Kirjastus, 2014, 270 lk<br><strong>Lugusid l\u00f5unast<\/strong>: 2012-2016. Tallinn: Menu Meedia, 2016, 197 lk<br><strong>L\u00f5putu soovid<\/strong>. Tallinn: Menu, 2020, 134 lk<br><strong>Toome tuled<\/strong>: 2015-2021. Tallinn: Menu, 2022, 314 lk<\/span><\/span><\/span><\/p>\n","protected":false},"excerpt":{"rendered":"<p>Poems Non-fiction About Lauri Sommer Lauri Sommer (up to 1991 Soomere, born 2 April 1973) is a poet, prose writer, literature researcher and musician. Sommer was born and attended school in Viljandi. For one year, he studied librarianship at Viljandi &#8230;<\/p>\n","protected":false},"author":43,"featured_media":0,"parent":697,"menu_order":0,"comment_status":"closed","ping_status":"closed","template":"","meta":{"_acf_changed":false,"inline_featured_image":false,"footnotes":""},"class_list":["post-1752","page","type-page","status-publish","hentry"],"acf":[],"_links":{"self":[{"href":"https:\/\/sisu.ut.ee\/ewod\/wp-json\/wp\/v2\/pages\/1752","targetHints":{"allow":["GET"]}}],"collection":[{"href":"https:\/\/sisu.ut.ee\/ewod\/wp-json\/wp\/v2\/pages"}],"about":[{"href":"https:\/\/sisu.ut.ee\/ewod\/wp-json\/wp\/v2\/types\/page"}],"author":[{"embeddable":true,"href":"https:\/\/sisu.ut.ee\/ewod\/wp-json\/wp\/v2\/users\/43"}],"replies":[{"embeddable":true,"href":"https:\/\/sisu.ut.ee\/ewod\/wp-json\/wp\/v2\/comments?post=1752"}],"version-history":[{"count":1,"href":"https:\/\/sisu.ut.ee\/ewod\/wp-json\/wp\/v2\/pages\/1752\/revisions"}],"predecessor-version":[{"id":3323,"href":"https:\/\/sisu.ut.ee\/ewod\/wp-json\/wp\/v2\/pages\/1752\/revisions\/3323"}],"up":[{"embeddable":true,"href":"https:\/\/sisu.ut.ee\/ewod\/wp-json\/wp\/v2\/pages\/697"}],"wp:attachment":[{"href":"https:\/\/sisu.ut.ee\/ewod\/wp-json\/wp\/v2\/media?parent=1752"}],"curies":[{"name":"wp","href":"https:\/\/api.w.org\/{rel}","templated":true}]}}