{"id":1747,"date":"2024-04-03T23:41:51","date_gmt":"2024-04-03T20:41:51","guid":{"rendered":"https:\/\/sisu.ut.ee\/ewod\/about-et-226\/"},"modified":"2024-04-04T00:06:24","modified_gmt":"2024-04-03T21:06:24","slug":"about","status":"publish","type":"page","link":"https:\/\/sisu.ut.ee\/ewod\/k\/kitzberg\/about\/","title":{"rendered":"August Kitzberg &#8211; about"},"content":{"rendered":"<p><span style=\"font-family: verdana, geneva\"><strong><span style=\"font-size: medium\">Articles<\/span><\/strong><\/span><\/p>\n<p><span style=\"font-family: verdana, geneva\"><strong><em>English<br><\/em><\/strong>Felix Oinas, <strong>Introduction to \u2018The Werewolf\u2019<\/strong>. \u2013 The Golden Steed: Seven Baltic Plays. Edited and introduction: Alfreds Straumanis. Prospect Heights (Ill.): Waveland Press, 1979, 383 pp. [Also includes Oskar Luts, \u2018The Spirit of Lake \u00dclemiste\u2019; \u2018The Will-O\u2019-The-Wisp\u2019 (\u2018\u00dclemiste vanake\u2019; \u2018Sootuluke\u2019); August Kitzberg, \u2018The Werewolf\u2019 (\u2018Libahunt\u2019); Felix Oinas, Introduction to \u2018The Spirit of Lake \u00dclemiste\u2019 and \u2018The Will-O\u2019-The-Wisp\u2019.]<strong><em><br><\/em><\/strong><\/span><\/p>\n<p><span style=\"font-family: verdana, geneva\"><strong><em><span data-mce-mark=\"1\">Hungarian<\/span><\/em><\/strong><\/span><br><span style=\"font-family: verdana, geneva\" data-mce-mark=\"1\">Mur\u00e1nyi Lajos, <strong>August Kitzberg: Ordasok<\/strong>. [Kitzberg, August m\u0171v\u00e9r\u0151l]. \u2013 Alf\u00f6ld, no 11, 1976, pp 48-51.<\/span><\/p>\n<p><\/p>\n<p><span style=\"font-family: verdana, geneva\"><strong><span style=\"font-size: medium\" data-mce-mark=\"1\">Reviews<\/span><\/strong><\/span><\/p>\n<p><span style=\"font-family: verdana, geneva\"><strong><em>German<\/em><\/strong><\/span><br><span style=\"font-family: verdana, geneva\">Cornelius Hasselblatt,\u00a0<strong>August Kitzberg: Libahunt<\/strong>. \u2013 Kindlers Literatur Lexikon 3, bd 9.\u00a0Stuttgart, Weimar: Verlag\u00a0J.B. Metzler, 2009, pp\u00a0117f.<br>Renata Blodow, <strong>Tuulte p\u00f6\u00f6rises<\/strong>. \u2013 Kindlers Neues Literatur Lexikon, Band 9. Herausgegeben von Walter Jens. M\u00fcnchen: Kindler, 1990, pp 439-440.<br>Renata Blodow, <strong>Tuulte p\u00f6\u00f6rises<\/strong>. \u2013 Kindlers Literatur Lexikon, Band 6. Z\u00fcrich: Kindler, 1971, p 3219.<br><\/span><\/p>\n","protected":false},"excerpt":{"rendered":"<p>Articles EnglishFelix Oinas, Introduction to \u2018The Werewolf\u2019. \u2013 The Golden Steed: Seven Baltic Plays. Edited and introduction: Alfreds Straumanis. Prospect Heights (Ill.): Waveland Press, 1979, 383 pp. [Also includes Oskar Luts, \u2018The Spirit of Lake \u00dclemiste\u2019; \u2018The Will-O\u2019-The-Wisp\u2019 (\u2018\u00dclemiste vanake\u2019; &#8230;<\/p>\n","protected":false},"author":43,"featured_media":0,"parent":1753,"menu_order":0,"comment_status":"closed","ping_status":"closed","template":"","meta":{"_acf_changed":false,"inline_featured_image":false,"footnotes":""},"class_list":["post-1747","page","type-page","status-publish","hentry"],"acf":[],"_links":{"self":[{"href":"https:\/\/sisu.ut.ee\/ewod\/wp-json\/wp\/v2\/pages\/1747","targetHints":{"allow":["GET"]}}],"collection":[{"href":"https:\/\/sisu.ut.ee\/ewod\/wp-json\/wp\/v2\/pages"}],"about":[{"href":"https:\/\/sisu.ut.ee\/ewod\/wp-json\/wp\/v2\/types\/page"}],"author":[{"embeddable":true,"href":"https:\/\/sisu.ut.ee\/ewod\/wp-json\/wp\/v2\/users\/43"}],"replies":[{"embeddable":true,"href":"https:\/\/sisu.ut.ee\/ewod\/wp-json\/wp\/v2\/comments?post=1747"}],"version-history":[{"count":1,"href":"https:\/\/sisu.ut.ee\/ewod\/wp-json\/wp\/v2\/pages\/1747\/revisions"}],"predecessor-version":[{"id":3337,"href":"https:\/\/sisu.ut.ee\/ewod\/wp-json\/wp\/v2\/pages\/1747\/revisions\/3337"}],"up":[{"embeddable":true,"href":"https:\/\/sisu.ut.ee\/ewod\/wp-json\/wp\/v2\/pages\/1753"}],"wp:attachment":[{"href":"https:\/\/sisu.ut.ee\/ewod\/wp-json\/wp\/v2\/media?parent=1747"}],"curies":[{"name":"wp","href":"https:\/\/api.w.org\/{rel}","templated":true}]}}