{"id":1741,"date":"2024-04-03T23:41:51","date_gmt":"2024-04-03T20:41:51","guid":{"rendered":"https:\/\/sisu.ut.ee\/ewod\/nonfiction-et-84\/"},"modified":"2024-04-04T00:06:23","modified_gmt":"2024-04-03T21:06:23","slug":"nonfiction","status":"publish","type":"page","link":"https:\/\/sisu.ut.ee\/ewod\/u\/undusk\/nonfiction\/","title":{"rendered":"Jaan Undusk &#8211; non-fiction"},"content":{"rendered":"<p>\n\t<span style=\"font-size: medium\"><strong><span style=\"font-family: verdana, geneva\">Books<\/span><\/strong><\/span>\n<\/p>\n<p>\n\t<span style=\"font-size: medium\"><span style=\"font-size: medium\"><strong><em><span style=\"font-size: small;font-family: verdana, geneva\">Latvian<\/span><\/em><\/strong><\/span><br><span style=\"font-size: medium\"><span style=\"font-size: small;font-family: verdana, geneva\">J\u0101ns Undusks, <strong>Ce\u013cojums, v\u0101rd\u0101 Sp\u0101nija. Neizdevu\u0161\u0101s piez\u012bmes<\/strong>. No igau\u0146u valodas tulkojusi Maima Gr\u012bnberga; liter\u0101rais redaktors Arturs Hansons; m\u0101ksliniece Anna Aizsilniece. R\u012bga: Neputns, 2019, 157 pp. [\u2018Teekond Hispaania. \u00dcks luhtunud reisikiri\u2019.]<br>J\u0101ns Undusks, <strong>Bo\u013c\u0161evisms un kult\u016bra<\/strong>. No igau\u0146u valodas tulkojusi Maima Gr\u012bnberga. R\u012bga: Neptuns, 2016, 166 pp.<\/span><\/span><\/span><br>\u00a0\n<\/p>\n<p>\n\t<span style=\"font-size: medium\"><strong><span style=\"font-family: verdana, geneva\">In anthologies, magazines<\/span><\/strong><\/span>\n<\/p>\n<p>\n\t<strong><em><span style=\"font-family: verdana, geneva\">Hungarian<\/span><\/em><\/strong><br><span style=\"font-family: verdana, geneva\"><strong><span>Mint fog al\u00e1 ker\u00fclt k\u00f6darab<\/span><\/strong>. \u2013\u00a0\u00c9jszakai \u00fcgyelet: modern \u00e9szt elbesz\u00e9l\u00e9sek. V\u00e1logatta: J\u00e1vorszky B\u00e9la; ford\u00edtotta: Feh\u00e9rv\u00e1ri Gy\u0151z\u0151, J\u00e1vorszky B\u00e9la.\u00a0[Budapest]: Nagyvil\u00e1g, 2006, 196 pp. [Translation of \u2018Nagu kivikild hamba all\u2019. Contents:\u00a0Mint fog al\u00e1 ker\u00fclt k\u00f6darab \/ Jaan Undusk. Hatty\u00fadal \/ Karl Ristikivi. A b\u00e1csi \/ Jaan Kross. Harminc \u00e9v. A sziklasziget \/ Arvo Valton. A j\u00e1t\u00e9k malom \/ Mats Traat. A hold, mint kihuny\u00f3 nap \/ Mati Unt. A rokok\u00f3 h\u00f6lgy \/ Maimu Berg. A Heszperid\u00e1k kertje. V\u00e9letlen \/ Eeva Park. Elsa Hermann \/ Mari Saat. A Hold. A kov\u00e1cs \/ Ervin \u00d5unapuu. \u00c9jszakai \u00fcgyeler. Az \u00e9v els\u00f6 \u00e9jszak\u00e1ja \/ Andrus Kivir\u00e4hk. Modern \u00e9szt irodalom \/ J\u00e1vorszky B\u00e9la.]<\/span><\/p>\n","protected":false},"excerpt":{"rendered":"<p>Books LatvianJ\u0101ns Undusks, Ce\u013cojums, v\u0101rd\u0101 Sp\u0101nija. Neizdevu\u0161\u0101s piez\u012bmes. No igau\u0146u valodas tulkojusi Maima Gr\u012bnberga; liter\u0101rais redaktors Arturs Hansons; m\u0101ksliniece Anna Aizsilniece. R\u012bga: Neputns, 2019, 157 pp. [\u2018Teekond Hispaania. \u00dcks luhtunud reisikiri\u2019.]J\u0101ns Undusks, Bo\u013c\u0161evisms un kult\u016bra. No igau\u0146u valodas tulkojusi Maima &#8230;<\/p>\n","protected":false},"author":43,"featured_media":0,"parent":175,"menu_order":0,"comment_status":"closed","ping_status":"closed","template":"","meta":{"_acf_changed":false,"inline_featured_image":false,"footnotes":""},"class_list":["post-1741","page","type-page","status-publish","hentry"],"acf":[],"_links":{"self":[{"href":"https:\/\/sisu.ut.ee\/ewod\/wp-json\/wp\/v2\/pages\/1741","targetHints":{"allow":["GET"]}}],"collection":[{"href":"https:\/\/sisu.ut.ee\/ewod\/wp-json\/wp\/v2\/pages"}],"about":[{"href":"https:\/\/sisu.ut.ee\/ewod\/wp-json\/wp\/v2\/types\/page"}],"author":[{"embeddable":true,"href":"https:\/\/sisu.ut.ee\/ewod\/wp-json\/wp\/v2\/users\/43"}],"replies":[{"embeddable":true,"href":"https:\/\/sisu.ut.ee\/ewod\/wp-json\/wp\/v2\/comments?post=1741"}],"version-history":[{"count":1,"href":"https:\/\/sisu.ut.ee\/ewod\/wp-json\/wp\/v2\/pages\/1741\/revisions"}],"predecessor-version":[{"id":3331,"href":"https:\/\/sisu.ut.ee\/ewod\/wp-json\/wp\/v2\/pages\/1741\/revisions\/3331"}],"up":[{"embeddable":true,"href":"https:\/\/sisu.ut.ee\/ewod\/wp-json\/wp\/v2\/pages\/175"}],"wp:attachment":[{"href":"https:\/\/sisu.ut.ee\/ewod\/wp-json\/wp\/v2\/media?parent=1741"}],"curies":[{"name":"wp","href":"https:\/\/api.w.org\/{rel}","templated":true}]}}