{"id":1730,"date":"2024-04-03T23:41:50","date_gmt":"2024-04-03T20:41:50","guid":{"rendered":"https:\/\/sisu.ut.ee\/ewod\/jurisson\/"},"modified":"2024-04-04T00:06:24","modified_gmt":"2024-04-03T21:06:24","slug":"jurisson","status":"publish","type":"page","link":"https:\/\/sisu.ut.ee\/ewod\/j\/jurisson\/","title":{"rendered":"Helvi J\u00fcrisson"},"content":{"rendered":"<p>\n\t<a href=\"https:\/\/sisu.ut.ee\/wp-content\/uploads\/sites\/108\/helvi_jurisson.jpg\" target=\"_self\" rel=\"noopener\"><img decoding=\"async\" alt=\"Helvi J\u00fcrisson\" src=\"https:\/\/sisu.ut.ee\/wp-content\/uploads\/sites\/108\/helvi_jurisson.jpg\" style=\"float: right;width: 210px;height: 299px\"><\/a><\/p>\n<p><span style=\"color:#000000\"><span style=\"font-size:13px\"><span style=\"font-family:Verdana,Geneva,sans-serif\">Helvi J\u00fcrisson (real name from 1953 Helvi Volkonskaja, from 1962 Helvi Soans, 5 X 1928 \u2013 16. IX 2023) was a poet, translator and children\u2019s writer.<\/span><\/span><\/span>\n<\/p>\n<p>\n\t<span style=\"color:#000000\"><span style=\"font-size:13px\"><span style=\"font-family:Verdana,Geneva,sans-serif\">J\u00fcrisson was born in Tallinn, spent her childhood in Kuressaare and completed secondary school in Tallinn in 1947. Thereafter, from 1947\u20131953, she studied medicine at the University of Tartu. She graduated specialising in pulmonology and worked from 1953\u20131954 at a tuberculosis hospital in Moscow. Thereafter, she worked at different Estonian hospitals until retirement in 1985. She was a member of the Estonian Writers\u2019 Union from 1972. She was the mother of the actor, musician and writer Peeter Volkonski (b. 1954) and the writer and journalist Kerttu Soans-Tammisto (b. 1961).<\/span><\/span><\/span>\n<\/p>\n<p>\n\t<span style=\"color:#000000\"><span style=\"font-size:13px\"><span style=\"font-family:Verdana,Geneva,sans-serif\">J\u00fcrisson made her debut in the journal <em>Looming<\/em> in 1956 and published her first poetry collection in 1961. She mostly wrote meditational poetry on love and nature, heartfelt verses and short prose for children, but she also repeatedly spoke out on social themes in her verses.\u00a0 Some bitterness can often be felt in her poetry; therefore, critics have noticed a similarity with Mats Traat\u2019s lyricism. As performed by Joel Steinfeldt from 1987, the song <em>M\u00e4gra maja<\/em> (\u2018Badger\u2019s House\u2019), created to the words of a poem by J\u00fcrisson, became famous all over Estonia. During the new national awakening in the Estonian SSR, it was perceived as an allegory which expressed opposition to Russification caused by massive immigration.<\/span><\/span><\/span>\n<\/p>\n<p>\n\t<span style=\"color:#000000\"><span style=\"font-size:13px\"><span style=\"font-family:Verdana,Geneva,sans-serif\">J\u00fcrisson\u2019s books for children and young adults have been translated into Bulgarian, Finnish, Lithuanian and Polish. Helvi J\u00fcrisson translated poetry from Bulgarian, French, Latvian, Romanian, Russian, Ukrainian and Belarusian into Estonian. In 2001, Helvi J\u00fcrisson was awarded the Order of the White Star of the Medal Class of the Republic of Estonia.<\/span><\/span><\/span>\n<\/p>\n<p>\n\t<em><span style=\"color:#000000\"><span style=\"font-size:13px\"><span style=\"font-family:Verdana,Geneva,sans-serif\">L. P. (Translated by I. A.)<\/span><\/span><\/span><\/em>\n<\/p>\n<p><strong><span style=\"font-size:16px\"><span style=\"color:#000000\"><span style=\"font-family:Verdana,Geneva,sans-serif\">Books in Estonian<\/span><\/span><\/span><\/strong>\n<\/p>\n<p>\n\t<span style=\"color:#000000\"><span style=\"font-size:13px\"><span style=\"font-family:Verdana,Geneva,sans-serif\"><strong><em>Poetry<\/em><\/strong><br><strong>M\u00e4gedes s\u00fcnnivad pilved<\/strong>. Tallinn: Eesti Riiklik Kirjastus, 1961. 100 lk.\u00a0\u00a0\u00a0\u00a0 \u00a0<br><strong>Puu silmapiiril<\/strong>: luuletusi 1960\u20131965. Tallinn: Eesti Raamat, 1966. 100 lk.<br><strong>Rohelised leed<\/strong>: luuletusi 1966\u20131970. Tallinn: Eesti Raamat, 1971. 80 lk.<br><strong>Inimh\u00e4\u00e4lele<\/strong>: luuletusi 1971\u20131975. Tallinn: Eesti Raamat, 1977. 64 lk.<br><strong>Ilmapuu varjus<\/strong>: luulet 1954\u20131982. Tallinn: Eesti Raamat, 1983. 232 lk.<br><strong>\u2026 ja pikkamisi roheldub maailm<\/strong>: luuletusi 1982\u20131987. Tallinn: Eesti Raamat, 1989. 85 lk.<br><strong>Sinine kivi<\/strong>. Tallinn: Varrak, 1998. 87 lk.<br><strong>Selle ilma k\u00f5lakojas<\/strong>: luuletusi 1998\u20132012. Tallinn: Varrak, 2013. 106 lk.<\/span><\/span><\/span>\n<\/p>\n<p>\n\t<span style=\"color:#000000\"><span style=\"font-size:13px\"><span style=\"font-family:Verdana,Geneva,sans-serif\"><strong><em>Poetry for children<\/em><\/strong><br><strong>P\u00e4ike v\u00f5ttis kiirtekannu<\/strong>. Tallinn: Eesti Riiklik Kirjastus, 1963. 30 lk.<br><strong>Nukuraamat<\/strong>. Tallinn: Kunst, 1967. 16 lk.<br><strong>R\u00e4hn r\u00e4tsepaks<\/strong>. Tallinn: Eesti Raamat, 1967. 18 lk. [V\u00e4rssjutustus.]<br><strong>Sputnikute n\u00e4\u00e4ri\u00f6\u00f6<\/strong>. Tallinn: Eesti Raamat, 1967. 24 lk. [V\u00e4rssjutustus koolieelikutele ja nooremale koolieale.]<br><strong>Tedret\u00e4hestik<\/strong>. Tallinn: Eesti Raamat, 1970. 17 lk.<br><strong>Kas sa tunned seda teed<\/strong>. Tallinn: Eesti Raamat, 1971. 44 lk.<br><strong>Ahvi trahvimine<\/strong>: luuletusi lastele. Tallinn: Valgus, 1976. 32 lk.<br><strong>Iga\u00fchel oma pesa<\/strong>: luuletusi lastele. Tallinn: Eesti Raamat, 1978. 64 lk.<br><strong>Loomalaulud<\/strong>. Tallinn: Eesti Raamat, 1987. 47 lk.<br><strong>M\u00e4gra maja<\/strong>. Tallinn: TEA Kirjastus, 2007. 61 lk.<br><strong>K\u00f5rv peos<\/strong>. Tallinn: TEA Kirjastus, 2010. 26 lk.<\/span><\/span><\/span>\n<\/p>\n<p>\n\t<span style=\"color:#000000\"><span style=\"font-size:13px\"><span style=\"font-family:Verdana,Geneva,sans-serif\"><strong><em>Children\u2019s stories<\/em><\/strong><br><strong>Putukajutud<\/strong>. Tallinn: Eesti Raamat, 1983. 49 lk.<br><strong>Peegliplika<\/strong>. Tallinn: Eesti Raamat, 1989. 92 lk.<br><strong>Mida t\u00e4hed r\u00e4\u00e4givad<\/strong>: lasteluuletused ja jutud. Valikkogu. Tallinn: Menu Meedia, 2018. 182 lk.<\/span><\/span><\/span><\/p>\n","protected":false},"excerpt":{"rendered":"<p>Helvi J\u00fcrisson (real name from 1953 Helvi Volkonskaja, from 1962 Helvi Soans, 5 X 1928 \u2013 16. IX 2023) was a poet, translator and children\u2019s writer. J\u00fcrisson was born in Tallinn, spent her childhood in Kuressaare and completed secondary school &#8230;<\/p>\n","protected":false},"author":43,"featured_media":0,"parent":620,"menu_order":0,"comment_status":"closed","ping_status":"closed","template":"","meta":{"_acf_changed":false,"inline_featured_image":false,"footnotes":""},"class_list":["post-1730","page","type-page","status-publish","hentry"],"acf":[],"_links":{"self":[{"href":"https:\/\/sisu.ut.ee\/ewod\/wp-json\/wp\/v2\/pages\/1730","targetHints":{"allow":["GET"]}}],"collection":[{"href":"https:\/\/sisu.ut.ee\/ewod\/wp-json\/wp\/v2\/pages"}],"about":[{"href":"https:\/\/sisu.ut.ee\/ewod\/wp-json\/wp\/v2\/types\/page"}],"author":[{"embeddable":true,"href":"https:\/\/sisu.ut.ee\/ewod\/wp-json\/wp\/v2\/users\/43"}],"replies":[{"embeddable":true,"href":"https:\/\/sisu.ut.ee\/ewod\/wp-json\/wp\/v2\/comments?post=1730"}],"version-history":[{"count":1,"href":"https:\/\/sisu.ut.ee\/ewod\/wp-json\/wp\/v2\/pages\/1730\/revisions"}],"predecessor-version":[{"id":3339,"href":"https:\/\/sisu.ut.ee\/ewod\/wp-json\/wp\/v2\/pages\/1730\/revisions\/3339"}],"up":[{"embeddable":true,"href":"https:\/\/sisu.ut.ee\/ewod\/wp-json\/wp\/v2\/pages\/620"}],"wp:attachment":[{"href":"https:\/\/sisu.ut.ee\/ewod\/wp-json\/wp\/v2\/media?parent=1730"}],"curies":[{"name":"wp","href":"https:\/\/api.w.org\/{rel}","templated":true}]}}