{"id":173,"date":"2024-04-03T23:39:27","date_gmt":"2024-04-03T20:39:27","guid":{"rendered":"https:\/\/sisu.ut.ee\/ewod\/nonfiction-et-10\/"},"modified":"2024-04-04T00:10:49","modified_gmt":"2024-04-03T21:10:49","slug":"nonfiction","status":"publish","type":"page","link":"https:\/\/sisu.ut.ee\/ewod\/p\/imbipaju\/nonfiction\/","title":{"rendered":"Imbi Paju &#8211; non-fiction"},"content":{"rendered":"<p>\n\t<span style=\"font-family:Verdana,Geneva,sans-serif\"><strong><span style=\"font-size:16px\">Books<\/span><\/strong><\/span>\n<\/p>\n<p>\n\t<span style=\"font-family:Verdana,Geneva,sans-serif\"><strong><em>English<\/em><\/strong><br><strong>Memories denied<\/strong>. Helsinki: Like, 2009. [\u2018T\u00f5rjutud m\u00e4lestused\u2019.]<\/span>\n<\/p>\n<p>\n\t<span style=\"font-family:Verdana,Geneva,sans-serif\"><strong><em>Finnish<\/em><\/strong><br><strong>Torjutut muistot<\/strong>. Vironkielisest\u00e4 k\u00e4sikirjoituksesta suomentanut Kaisu Lahikainen. Helsinki: Like, 2006, 315 pp. [\u2018T\u00f5rjutud m\u00e4lestused\u2019. 6th ed: 2010.]<\/span>\n<\/p>\n<p>\n\t<span style=\"font-family:Verdana,Geneva,sans-serif\"><strong><em>German<\/em><\/strong><br><strong>Estland! Wo bist Du?. Verdr\u00e4ngte Erinnerungen<\/strong>. \u00dcbersetzung: Irja Gr\u00f6nholm; Vorwort von Toomas Henrik Ilves, Edward Lucas. Berlin: Inspiration Un Limited, 2014, 389 pp. [\u2018T\u00f5rjutud m\u00e4lestused\u2019.]<\/span>\n<\/p>\n<p>\n\t<span style=\"font-family:Verdana,Geneva,sans-serif\"><strong><em>Russian<\/em><\/strong><br>\u0418\u043c\u0431\u0438 \u041f\u0430\u044e, <strong>\u041e\u0442\u0432\u0435\u0440\u0433\u043d\u0443\u0442\u044b\u0435 \u0432\u043e\u0441\u043f\u043e\u043c\u0438\u043d\u0430\u043d\u0438\u044f<\/strong>. \u041f\u0435\u0440\u0435\u0432\u043e\u0434 \u0441 \u044d\u0441\u0442\u043e\u043d\u0441\u043a\u043e\u0433\u043e \u0421\u0432\u0435\u0442\u043b\u0430\u043d\u044b \u041a\u0430\u0440\u043c; \u043f\u0440\u0435\u0434\u0438\u0441\u043b\u043e\u0432\u0438\u0435: \u0422\u043e\u043e\u043c\u0430\u0441 \u0425\u0435\u043d\u0434\u0440\u0438\u043a \u0418\u043b\u044c\u0432\u0435\u0441. Tallinn: Eesti Ents\u00fcklopeediakirjastus, 2010, 318 pp. [\u2018T\u00f5rjutud m\u00e4lestused\u2019. E-book: 2012.]<\/span>\n<\/p>\n<p>\n\t<span style=\"font-family:Verdana,Geneva,sans-serif\"><strong><em>Swedish<\/em><\/strong><br><strong>F\u00f6rtr\u00e4ngda minnen<\/strong>. \u00d6vers\u00e4ttning fr\u00e5n estniska: Heidi Granqvist. Stockholm: Atlantis, 2007, 343 pp. [\u2018T\u00f5rjutud m\u00e4lestused\u2019.]<\/span>\n<\/p>\n<p>\n\t\u00a0<\/p>\n","protected":false},"excerpt":{"rendered":"<p>Books EnglishMemories denied. Helsinki: Like, 2009. [\u2018T\u00f5rjutud m\u00e4lestused\u2019.] FinnishTorjutut muistot. Vironkielisest\u00e4 k\u00e4sikirjoituksesta suomentanut Kaisu Lahikainen. Helsinki: Like, 2006, 315 pp. [\u2018T\u00f5rjutud m\u00e4lestused\u2019. 6th ed: 2010.] GermanEstland! Wo bist Du?. Verdr\u00e4ngte Erinnerungen. \u00dcbersetzung: Irja Gr\u00f6nholm; Vorwort von Toomas Henrik Ilves, Edward &#8230;<\/p>\n","protected":false},"author":43,"featured_media":0,"parent":165,"menu_order":0,"comment_status":"closed","ping_status":"closed","template":"","meta":{"_acf_changed":false,"inline_featured_image":false,"footnotes":""},"class_list":["post-173","page","type-page","status-publish","hentry"],"acf":[],"_links":{"self":[{"href":"https:\/\/sisu.ut.ee\/ewod\/wp-json\/wp\/v2\/pages\/173","targetHints":{"allow":["GET"]}}],"collection":[{"href":"https:\/\/sisu.ut.ee\/ewod\/wp-json\/wp\/v2\/pages"}],"about":[{"href":"https:\/\/sisu.ut.ee\/ewod\/wp-json\/wp\/v2\/types\/page"}],"author":[{"embeddable":true,"href":"https:\/\/sisu.ut.ee\/ewod\/wp-json\/wp\/v2\/users\/43"}],"replies":[{"embeddable":true,"href":"https:\/\/sisu.ut.ee\/ewod\/wp-json\/wp\/v2\/comments?post=173"}],"version-history":[{"count":1,"href":"https:\/\/sisu.ut.ee\/ewod\/wp-json\/wp\/v2\/pages\/173\/revisions"}],"predecessor-version":[{"id":4909,"href":"https:\/\/sisu.ut.ee\/ewod\/wp-json\/wp\/v2\/pages\/173\/revisions\/4909"}],"up":[{"embeddable":true,"href":"https:\/\/sisu.ut.ee\/ewod\/wp-json\/wp\/v2\/pages\/165"}],"wp:attachment":[{"href":"https:\/\/sisu.ut.ee\/ewod\/wp-json\/wp\/v2\/media?parent=173"}],"curies":[{"name":"wp","href":"https:\/\/api.w.org\/{rel}","templated":true}]}}