{"id":1729,"date":"2024-04-03T23:41:49","date_gmt":"2024-04-03T20:41:49","guid":{"rendered":"https:\/\/sisu.ut.ee\/ewod\/ansomardi\/"},"modified":"2024-04-04T00:06:27","modified_gmt":"2024-04-03T21:06:27","slug":"ansomardi","status":"publish","type":"page","link":"https:\/\/sisu.ut.ee\/ewod\/a\/ansomardi\/","title":{"rendered":"Ansomardi"},"content":{"rendered":"<p>\n\t<span style=\"font-family:Verdana,Geneva,sans-serif\"><strong><span style=\"font-size:16px\"><a data-url=\"https:\/\/sisu.ut.ee\/ewod\/a\/ansomardi\/plays\" href=\"https:\/\/sisu.ut.ee\/ewod\/a\/ansomardi\/plays\" title=\"\">Plays <\/a><\/span><\/strong><span style=\"font-size:16px\"><a href=\"https:\/\/sisu.ut.ee\/wp-content\/uploads\/sites\/108\/ansomardi_parikad.jpg\" target=\"_self\" rel=\"noopener\"><img decoding=\"async\" alt=\"Ansomardi\" src=\"https:\/\/sisu.ut.ee\/wp-content\/uploads\/sites\/108\/ansomardi_parikad.jpg\" style=\"float: right;width: 200px;height: 268px\" title=\"Photo: J. &amp; P. Parikas\"><\/a><\/span><\/span>\n<\/p>\n<p>\u00a0\n<\/p>\n<p>\n\t<span style=\"font-family:Verdana,Geneva,sans-serif\">Ansomardi (Pe\u00e4ro August Pitka, 1866\u20131915) was an Estonian children\u2019s writer who established the classical tradition of Estonian children\u2019s literature in the early 20th century with his ghost stories based on folklore.<\/span>\n<\/p>\n<p>\n\t<span style=\"font-family:Verdana,Geneva,sans-serif\">He was born to a farmer\u2019s family in Jalgsemaa village, J\u00e4rva-Jaani parish, J\u00e4rva county. In 1887, he graduated Alexander Gymnasium in Tallinn. He voluntarily joined the Irkutsk regiment in Finland the same year. In 1891, he graduated the military school in Petsersburg. He remained in the military and gradually climbed the ranks. In the Russo-Japanese War, he was in the officers\u2019 reserve corps in Manchuria. His later service as an officer was mainly spent in Pskov. With his Russian wife, he relocated to V\u00e4ike-Maarja parish, Kiltsi village, where the majority of his literary works were written. He fought in World War I as a part of the Russian czarist army and was promoted to lieutenant colonel for his service in battle. He probably fell in battle in Poland, near the Narew river. His pen name Ansomardi was the name of his father\u2019s farm. His brother was Johan Pitka, a rear admiral made famous in the Estonian War of Independence.<\/span>\n<\/p>\n<p>\n\t<span style=\"font-family:Verdana,Geneva,sans-serif\">Writing under the pen name Ansomardi, he began contributing to newspapers in 1897. In the beginning of the 20th century, his story collection <em>Jalgsemaa Kitse-eide muinasjutud<\/em> (\u2018Fairytales from the Jalgsemaa Goat Lady\u2019, 1901) was published, in which the very old Goat Lady tells folktales and fairytales from his home village. His three long stories <em>Jalgsemaa j\u00e4rv<\/em> (\u2018Jalgsemaa Lake\u2019), <em>Surm suu \u00e4\u00e4res<\/em> (\u2018Death is Nigh\u2019) and <em>Tondi-T\u00f5nu<\/em> (\u2018T\u00f5nu of Ghosts\u2019) offer detailed nature descriptions, funny episodes and mystical happenings in a world where there are also witches, ghosts, fairies and magical servants (<em>kratt<\/em>). Ansomardi may be considered the founder of the ghost story genre and to have developed further the literary fairytale genre that is widespread in Estonian children\u2019s literature.<\/span>\n<\/p>\n<p>\n\t<span style=\"font-family:Verdana,Geneva,sans-serif\">His fairytale-like singspiel <em>Murueide t\u00fctar<\/em> (\u2018The Daughter of Mother Sward\u2019, 1900, music by M. H\u00e4rma) also gained wider recognition. He gathered his army memories and stories that were published at the beginning of the century into the collections <em>Elu-pudemed<\/em> (\u2018Crumbs of Life\u2019, 1909) and <em>S\u00f5ja p\u00e4ivilt<\/em> (\u2018From the Days of the War\u2019, 1910). The collection <em>Lastejutud<\/em> (\u2018Children\u2019s Stories\u2019, 1911) contains coherent, sincere, humorous and fantasy-filled children\u2019s stories. He published several plays as well, in addition to a physical exercise guide and a war dictionary. Most of his works were published in Estonian journals at the beginning of the 20th century, some of his writings remain as manuscripts.<\/span>\n<\/p>\n<p>\n\t<span style=\"font-family:Verdana,Geneva,sans-serif\"><em>A. O. (Translated by A. S.)<\/em><\/span><\/p>\n<p><strong><span style=\"font-size:16px\">Books in Estonian<\/span><\/strong>\n<\/p>\n<p>\n\t<span style=\"font-family:Verdana,Geneva,sans-serif\"><span style=\"font-size:13px\"><strong><em>Stories<\/em><\/strong><\/span><br><span style=\"font-size:13px\"><strong>Jalgsemaa Kitse-eide muinasjutud<\/strong>. Jurjev: Hermann, 1901, 71 lk. [2. tr\u00fckk: Tartu: Eesti Kirjanduse Selts, 1926, 83 lk.]<br><strong>Kaks s\u00fcndinud lugu<\/strong>. Tallinn: Eesti Postimees 1904, 64 lk.<br><strong>Poolik elu<\/strong>. Tallinn: Eesti Postimees, 1904, 64 lk.<br><strong>Elu-pudemed<\/strong>. Tartu: K.\u00a0S\u00f6\u00f6t, 1909, 189 lk.<br><strong>S\u00f5ja p\u00e4ivilt<\/strong>. Tartu: K.\u00a0S\u00f6\u00f6t, 1910, 136 lk.<br><strong>Lastejutud<\/strong>. Tartu: Postimees, 1911, 19 lk. [2. tr\u00fckk: Tartu: Postimees, 1925, 22 lk.]<br><strong>Jalgsemaa Kitse-eide muinasjutud ja teisi jutte<\/strong>. Tallinn: Eesti Raamat, 1979, 114 lk. [2. tr\u00fckk: Tallinn: Eesti Raamat, 2008, 125 lk.]<\/span><\/span>\n<\/p>\n<p>\n\t<span style=\"font-family:Verdana,Geneva,sans-serif\"><span style=\"font-size:13px\"><strong><em>N\u00e4idendid<\/em><\/strong><br><strong>Murieide t\u00fctar<\/strong>. Jurjev: Postimees, 1900, 67 lk. [2. tr\u00fckk: Jurjev: Hermann, 1905, 67 lk.]<br>Matsil unes, teistel ilmsi. Jurjev: Hermann, 1901, 30 lk.<\/span><\/span>\n<\/p>\n<p>\n\t<span style=\"font-family:Verdana,Geneva,sans-serif\"><span style=\"font-size:13px\"><strong><em>Muu looming<\/em><\/strong><br><strong>V\u00f5imlemise ehk G\u00fcmnastika \u00f5petus<\/strong>. Jurjev: Postimees, 1904, 87 lk.<br>S\u00f5jamehe s\u00f5nastik. Tallinn: G.\u00a0Pihlakas, 1914, 32 lk.<\/span><\/span><\/p>\n","protected":false},"excerpt":{"rendered":"<p>Plays \u00a0 Ansomardi (Pe\u00e4ro August Pitka, 1866\u20131915) was an Estonian children\u2019s writer who established the classical tradition of Estonian children\u2019s literature in the early 20th century with his ghost stories based on folklore. He was born to a farmer\u2019s family &#8230;<\/p>\n","protected":false},"author":43,"featured_media":0,"parent":485,"menu_order":0,"comment_status":"closed","ping_status":"closed","template":"","meta":{"_acf_changed":false,"inline_featured_image":false,"footnotes":""},"class_list":["post-1729","page","type-page","status-publish","hentry"],"acf":[],"_links":{"self":[{"href":"https:\/\/sisu.ut.ee\/ewod\/wp-json\/wp\/v2\/pages\/1729","targetHints":{"allow":["GET"]}}],"collection":[{"href":"https:\/\/sisu.ut.ee\/ewod\/wp-json\/wp\/v2\/pages"}],"about":[{"href":"https:\/\/sisu.ut.ee\/ewod\/wp-json\/wp\/v2\/types\/page"}],"author":[{"embeddable":true,"href":"https:\/\/sisu.ut.ee\/ewod\/wp-json\/wp\/v2\/users\/43"}],"replies":[{"embeddable":true,"href":"https:\/\/sisu.ut.ee\/ewod\/wp-json\/wp\/v2\/comments?post=1729"}],"version-history":[{"count":1,"href":"https:\/\/sisu.ut.ee\/ewod\/wp-json\/wp\/v2\/pages\/1729\/revisions"}],"predecessor-version":[{"id":3359,"href":"https:\/\/sisu.ut.ee\/ewod\/wp-json\/wp\/v2\/pages\/1729\/revisions\/3359"}],"up":[{"embeddable":true,"href":"https:\/\/sisu.ut.ee\/ewod\/wp-json\/wp\/v2\/pages\/485"}],"wp:attachment":[{"href":"https:\/\/sisu.ut.ee\/ewod\/wp-json\/wp\/v2\/media?parent=1729"}],"curies":[{"name":"wp","href":"https:\/\/api.w.org\/{rel}","templated":true}]}}